{"id":1358,"date":"2014-04-08T07:10:05","date_gmt":"2014-04-08T07:10:05","guid":{"rendered":"https:\/\/vedicpandits.org\/?page_id=1358"},"modified":"2024-06-09T20:19:07","modified_gmt":"2024-06-09T20:19:07","slug":"about-us","status":"publish","type":"page","link":"https:\/\/donation.vedicpandits.org\/es\/about-us\/","title":{"rendered":"SOBRE NOSOTROS"},"content":{"rendered":"<h4>EL FONDO FIDUCIARIO Y LA FUNDACI\u00d3N<\/h4>\n<p>Los fondos para el Grupo de los Pandits V\u00e9dicos Maharishi est\u00e1n organizados y administrados por el Fondo Fiduciario Brahmananda Saraswati Trust en Holanda, y la Fundaci\u00f3n Brahmananda Saraswati, en los EE.UU.<\/p>\n<p>La misi\u00f3n del Fondo y la Fundaci\u00f3n incluye la supervisi\u00f3n de un programa mundial de recaudaci\u00f3n de fondos, recibir las donaciones y la gesti\u00f3n de la inversi\u00f3n del fondo dotacional. Ambas organizaciones dirigen y controlan de forma conjunta todos los desembolsos a sus organizaciones asociadas en India para garantizar que se alcancen los objetivos del proyecto. El Fondo y la Fundaci\u00f3n son supervisados por un consejo de cient\u00edficos, educadores y l\u00edderes empresariales de todo el mundo.<\/p>\n<p>Estas organizaciones fueron creadas por Maharishi Mahesh Yogi y se les puso este nombre en honor del maestro de Maharishi, Guru Dev, Brahmananda Saraswati, uno de los l\u00edderes espirituales m\u00e1s venerados de India, quien fue Shankaracharya de Jyotir Math, India &#8211; el principal representante de la Tradici\u00f3n V\u00e9dica de conocimiento.<\/p>\n<div class=\"border-line\">&nbsp;<\/div>\n<div class=\"grid-holder grid-border-50\">\n<div class=\"grid grid-desktop-50 grid-mobile-100\"><div class=\"holder\"><h4>EL FONDO BRAHMANANDA SARASWATI<\/h4>\n<p>Creado en Holanda en 2.008 como una Organizaci\u00f3n sin \u00c1nimo de Lucro, el Fondo Brahmananda Saraswati (Stichting) tiene su enfoque en Europa y Oriente Medio, \u00c1frica y los pa\u00edses asi\u00e1ticos. Las donaciones son deducibles en varios pa\u00edses europeos \u2013 por favor consulte con su asesor fiscal.<\/p>\n<\/div><\/div>\n<div class=\"grid grid-desktop-50 grid-mobile-100\"><div class=\"holder\"><h4>LA FUNDACI\u00d3N BRAHMANANDA SARASWATI (EE.UU.)<\/h4>\n<p>Creada en los EE. UU. en 2.008, la Fundaci\u00f3n Brahmananda Saraswati es una Organizaci\u00f3n sin \u00c1nimo de Lucro acogida al ep\u00edgrafe 501(c) (3) de la Ley, y en EE. UU., sus Donaciones cuentan con una Deducci\u00f3n Fiscal en la Declaraci\u00f3n Anual de Impuestos para los contribuyentes de los Estados Unidos.<\/p>\n<\/div><\/div>\n<\/div>\n<div class=\"border-line\">&nbsp;<\/div>\n<strong>Presidente de la Fundaci\u00f3n  Brahmananda Saraswati<\/strong><\/p>\n<p><img loading=\"lazy\" decoding=\"async\" src=\"https:\/\/globalpeaceproject.net\/wp-content\/uploads\/2020\/08\/Dr._Tony_Nader4.png\" alt=\"\" width=\"125\" height=\"164\" class=\"alignleft size-full wp-image-359\" \/><\/p>\n<p><strong>Tony Nader, MD PhD MARR <\/strong><\/p>\n<p style=\"margin-bottom:20px;\">El Dr. Nader es un m\u00e9dico formado en el Instituto Tecnol\u00f3gico de Massachusetts (doctorado en neurociencia) y en la Universidad de Harvard, y un erudito v\u00e9dico mundialmente reconocido. Como sucesor de Maharishi Mahesh Yogi, el Dr. Nader dirige las organizaciones internacionales de Meditaci\u00f3n Trascendental\u00ae en m\u00e1s de 100 pa\u00edses. El Dr. Nader gu\u00eda el programa de Meditaci\u00f3n Trascendental y sus pr\u00e1cticas avanzadas para cumplir las m\u00e1s altas aspiraciones de la sociedad en todos los \u00e1mbitos de la vida nacional.<\/p>\n<div class=\"border-line\">&nbsp;<\/div>\n<p><strong> Presidente del Consejo de la Fundaci\u00f3n Brahmananda Saraswati<\/strong><\/p>\n<p><img loading=\"lazy\" decoding=\"async\" src=\"https:\/\/donation.vedicpandits.org\/wp-content\/uploads\/2020\/10\/DrMorris.jpg\" alt=\"\" width=\"125\" height=\"164\" class=\"alignleft size-full wp-image-359\" \/><\/p>\n<p><strong>Dr. Bevan Morris, D.S.C.I<\/strong><\/p>\n<p style=\"margin-bottom:0px;\">El Dr. Morris se gradu\u00f3 en la Universidad de Cambridge, Inglaterra. Fue la primera persona en el mundo en recibir el Doctorado de la Ciencia de la Inteligencia Creativa de Maharishi. Durante 36 a\u00f1os fue Presidente de la Maharishi University of Management en Fairfield, Iowa, EE.UU., y ahora es Presidente Em\u00e9rito, y Presidente Internacional de las Maharishi Universities of Management. El Dr. Morris es el mayor experto del mundo en la Educaci\u00f3n Basada en la Conciencia de Maharishi y ha presentado los programas de Maharishi en m\u00e1s de 120 pa\u00edses al p\u00fablico, y a l\u00edderes gubernamentales, educativos y empresariales.<\/p>\n<div class=\"border-line\">&nbsp;<\/div>\n<strong> Presidente del Consejo de Administraci\u00f3n del Brahmananda Saraswati Trust y Director General del Brahmananda Saraswati Foundation y el Brahmananda Saraswati Trust <\/strong><\/p>\n<p><img loading=\"lazy\" decoding=\"async\" src=\"https:\/\/donation.vedicpandits.org\/wp-content\/uploads\/2020\/10\/harris_kaplan_4.jpg\" alt=\"\" width=\"125\" height=\"164\" class=\"alignleft size-full wp-image-359\" \/><\/p>\n<p><strong>Dr. Harris Kaplan, D.S.C.I <\/strong><\/p>\n<p style=\"margin-bottom:0px;\">Tras retirarse en 1999 de una exitosa carrera como gestor de fondos de inversi\u00f3n, el Dr. Kaplan ha dedicado su tiempo al apoyo de los programas dirigidos por las organizaciones de Meditaci\u00f3n Trascendental en todo el mundo. Desde 2006, ha sido el administrador principal de los proyectos de la organizaci\u00f3n de Meditaci\u00f3n Trascendental en India, incluyendo la formaci\u00f3n y el apoyo de miles de Pandits V\u00e9dicos Maharishi. Ha sido el director general de la BSF desde su creaci\u00f3n y tambi\u00e9n forma parte de su Comit\u00e9 de Finanzas, ayudando a supervisar la Dotaci\u00f3n. <\/p>\n<div class=\"border-line\">&nbsp;<\/div>\n<p><strong>Comit\u00e9 Ejecutivo de BSF y BST<\/strong><\/p>\n<ul>\n<li>Dr. Bevan Morris &#8211; Educador<br \/>\n    Ciudad V\u00e9dica Maharishi, Iowa<\/p>\n<li>Harris Kaplan DSCI &#8211; Gestor de fondos de inversi\u00f3n jubilado<br \/>\n    Vlodrop, Pa\u00edses Bajos<\/p>\n<li>John Hagelin. Ph.D. \u2013 Doctor en F\u00edsica , Cu\u00e1ntica: Presidente de la Uni\u00f3n Global de Cient\u00edficos por la Paz;  Presidente de la Universidad Internacional Maharishi, Fairfield, IA, USA\n<li> Robert LoPinto &#8211; Empresario y administrador<br \/>\n     Rockville, MD, EE.UU.<\/p>\n<li>Steve Rubin \u2013 Empresario y administrador<br \/>\n    Sebastian, FL, USA\n<\/ul>\n<div class=\"border-line\">&nbsp;<\/div>\n<p><strong>Miembros del Consejo de Administraci\u00f3n de BSF<\/strong><br \/>\n<div class=\"grid-holder\">\n<div class=\"grid grid-desktop-50 grid-mobile-100\"><div class=\"holder\"><ul>\n<li>Jose Luis Alvares \u2013 Empresario<br \/>\n    Barcelona, Espa\u00f1a<\/p>\n<li>Antonio Bartolom\u00e9 \u2013 Businessman<br \/>\n    Banast\u00e1s, Huesca, Spain<\/p>\n<li>Dr. Leslie Brooks, M.A. \u2013 Administrator<br \/>\n    Lincoln, MA, USA<\/p>\n<li>Howard Martin Chandler, Ph.D. \u2013 Educador<br \/>\n    Boston, MA , USA<\/p>\n<li>Rafael David &#8211; Empresario<br \/>\nVero Beach, FL, USA<\/p>\n<\/div><\/div><div class=\"grid grid-desktop-50 grid-mobile-100\"><div class=\"holder\"><li>Dr. Arlene Kaplan \u2013 Administrador<br \/>\n    Vlodrop, Pa\u00edses Bajos<\/p>\n<li>Dr. Neil Paterson  &#8211; Administrador<br \/>\n    Salt Spring Island, Canad\u00e1<\/p>\n<li>Rainer Picha, M.D. \u2013 Cardi\u00f3logo e Investigador cient\u00edfico<br \/>\n    Viena, Austria<\/p>\n<li>Dr. Susie Swan  &#8211; Administradora y artista gr\u00e1fica<br \/>\n    Pa\u00edses Bajos y Ciudad del Cabo, Sud\u00e1frica<\/p>\n<li>Maureen Wynne, J.D. \u2013 Abogada<br \/>\n    Ciudad V\u00e9dica Maharishi, IA, USA\n<\/ul>\n<\/div><\/div>\n<\/div>\n<div class=\"border-line\">&nbsp;<\/div>\n<p id=\"investmentcommittee\">\n<p><strong>Comit\u00e9 de Finanzas de BSF y BST<\/strong><br \/>\n<div class=\"grid-holder\">\n<div class=\"grid grid-desktop-50 grid-mobile-100\"><div class=\"holder\"><ul>\n<li>Harris Kaplan, D.S.C.I<br \/>\nGestor de fondos de inversi\u00f3n jubilado<br \/>\nFundador y exdirector general de Eastgate Financial Services Ltd., EE.UU.<\/p>\n<li>Robert LoPinto<br \/>\nEmpresario jubilado<br \/>\nRockville, MD, USA<\/p>\n<li>Jeffrey S. Abramson<br \/>\nPromotor inmobiliario<br \/>\nSocio de Tower Companies, Estados Unidos<\/p>\n<li>Steve Rubin<br \/>\nEjecutivo de negocios retirado<br \/>\nExpresidente y director general de United Fuels International Inc, Estados Unidos<\/p>\n<\/ul>\n<\/div><\/div><div class=\"grid grid-desktop-50 grid-mobile-100\"><div class=\"holder\"><ul>\n<li>Eric Schwartz<br \/>\nInvestment Advisor<br \/>\nFounder and CEO, Cambridge Investment Research, USA<\/p>\n<li>Miguel Drben<br \/>\nEjecutivo de Finanzas Corporativas y Desarrollo de Negocios<br \/>\nDirector ejecutivo, Grenadier Management, LLC<\/p>\n<li>Ted Hirsch<br \/>\nEconomist and portfolio manager<br \/>\nVanderbilt Financial Group, New York, USA<\/p>\n<\/ul>\n<\/div><\/div>\n<\/div>\n","protected":false},"excerpt":{"rendered":"<p>EL FONDO FIDUCIARIO Y LA FUNDACI\u00d3N Los fondos para el Grupo de los Pandits V\u00e9dicos Maharishi est\u00e1n organizados y administrados por el Fondo Fiduciario Brahmananda Saraswati Trust en Holanda, y la Fundaci\u00f3n Brahmananda Saraswati, en los EE.UU. La misi\u00f3n del Fondo y la Fundaci\u00f3n incluye la supervisi\u00f3n de un programa mundial de recaudaci\u00f3n de fondos, [&hellip;]<\/p>\n","protected":false},"author":3,"featured_media":52982,"parent":0,"menu_order":0,"comment_status":"open","ping_status":"closed","template":"template-about.php","meta":{"om_disable_all_campaigns":false,"_monsterinsights_skip_tracking":false,"_monsterinsights_sitenote_active":false,"_monsterinsights_sitenote_note":"","_monsterinsights_sitenote_category":0,"footnotes":""},"class_list":["post-1358","page","type-page","status-publish","has-post-thumbnail","hentry"],"_links":{"self":[{"href":"https:\/\/donation.vedicpandits.org\/es\/wp-json\/wp\/v2\/pages\/1358","targetHints":{"allow":["GET"]}}],"collection":[{"href":"https:\/\/donation.vedicpandits.org\/es\/wp-json\/wp\/v2\/pages"}],"about":[{"href":"https:\/\/donation.vedicpandits.org\/es\/wp-json\/wp\/v2\/types\/page"}],"author":[{"embeddable":true,"href":"https:\/\/donation.vedicpandits.org\/es\/wp-json\/wp\/v2\/users\/3"}],"replies":[{"embeddable":true,"href":"https:\/\/donation.vedicpandits.org\/es\/wp-json\/wp\/v2\/comments?post=1358"}],"version-history":[{"count":8,"href":"https:\/\/donation.vedicpandits.org\/es\/wp-json\/wp\/v2\/pages\/1358\/revisions"}],"predecessor-version":[{"id":78016,"href":"https:\/\/donation.vedicpandits.org\/es\/wp-json\/wp\/v2\/pages\/1358\/revisions\/78016"}],"wp:featuredmedia":[{"embeddable":true,"href":"https:\/\/donation.vedicpandits.org\/es\/wp-json\/wp\/v2\/media\/52982"}],"wp:attachment":[{"href":"https:\/\/donation.vedicpandits.org\/es\/wp-json\/wp\/v2\/media?parent=1358"}],"curies":[{"name":"wp","href":"https:\/\/api.w.org\/{rel}","templated":true}]}}