{"id":1361,"date":"2014-04-08T07:10:10","date_gmt":"2014-04-08T07:10:10","guid":{"rendered":"https:\/\/vedicpandits.org\/?page_id=1361"},"modified":"2021-03-22T11:45:56","modified_gmt":"2021-03-22T11:45:56","slug":"contact","status":"publish","type":"page","link":"https:\/\/donation.vedicpandits.org\/es\/contact\/","title":{"rendered":"Contacto"},"content":{"rendered":"<h4>ESTAREMOS ENCANTADOS DE CONTACTAR CON USTEDES<\/h4>\n<p>Si desea contactar con su Embajador, por favor elija su pa\u00eds en el men\u00fa de abajo y haga clic en Enviar (Submit).<\/p>\n\t\t<div class=\"gform_wrapper\">\n\t\t\t<div class=\"form-countrys\">\n\t\t        <div class=\"gform_body\">\n\t\t            <ul id=\"gform_fields_2\" class=\"gform_fields top_label description_below\">\n\t\t            \t<li id=\"field_2_1\" class=\"gfield\">\n\t\t            \t\t<label class=\"gfield_label\" for=\"input_2_1\">Country<\/label>\n\t\t            \t\t<div class=\"ginput_container\">\n\t\t            \t\t\t<select id=\"ambassador-value\" class=\"medium gfield_select\">\n\t\t            \t\t\t\t\n\t\t            \t\t\t\t\t<option value=\"7517\">Algeria<\/option>\n\n\t\t            \t\t\t\t\n\t\t            \t\t\t\t\t<option value=\"728\">Argentina<\/option>\n\n\t\t            \t\t\t\t\n\t\t            \t\t\t\t\t<option value=\"849\">Armenia<\/option>\n\n\t\t            \t\t\t\t\n\t\t            \t\t\t\t\t<option value=\"729\">Australia<\/option>\n\n\t\t            \t\t\t\t\n\t\t            \t\t\t\t\t<option value=\"730\">Austria<\/option>\n\n\t\t            \t\t\t\t\n\t\t            \t\t\t\t\t<option value=\"731\">Austria GMDO<\/option>\n\n\t\t            \t\t\t\t\n\t\t            \t\t\t\t\t<option value=\"732\">Belgium<\/option>\n\n\t\t            \t\t\t\t\n\t\t            \t\t\t\t\t<option value=\"88292\">Bosnia and Herzegovina<\/option>\n\n\t\t            \t\t\t\t\n\t\t            \t\t\t\t\t<option value=\"850\">Botswana and Namibia<\/option>\n\n\t\t            \t\t\t\t\n\t\t            \t\t\t\t\t<option value=\"733\">Brazil<\/option>\n\n\t\t            \t\t\t\t\n\t\t            \t\t\t\t\t<option value=\"734\">Bulgaria<\/option>\n\n\t\t            \t\t\t\t\n\t\t            \t\t\t\t\t<option value=\"737\">Canada<\/option>\n\n\t\t            \t\t\t\t\n\t\t            \t\t\t\t\t<option value=\"7544\">Chile<\/option>\n\n\t\t            \t\t\t\t\n\t\t            \t\t\t\t\t<option value=\"842\">Colombia<\/option>\n\n\t\t            \t\t\t\t\n\t\t            \t\t\t\t\t<option value=\"851\">Costa Rica<\/option>\n\n\t\t            \t\t\t\t\n\t\t            \t\t\t\t\t<option value=\"746\">C\u00f4te d'Ivoire<\/option>\n\n\t\t            \t\t\t\t\n\t\t            \t\t\t\t\t<option value=\"21646\">Crimea<\/option>\n\n\t\t            \t\t\t\t\n\t\t            \t\t\t\t\t<option value=\"749\">Croatia<\/option>\n\n\t\t            \t\t\t\t\n\t\t            \t\t\t\t\t<option value=\"853\">Cuba<\/option>\n\n\t\t            \t\t\t\t\n\t\t            \t\t\t\t\t<option value=\"854\">Cyprus<\/option>\n\n\t\t            \t\t\t\t\n\t\t            \t\t\t\t\t<option value=\"750\">Czech Republic<\/option>\n\n\t\t            \t\t\t\t\n\t\t            \t\t\t\t\t<option value=\"855\">Denmark<\/option>\n\n\t\t            \t\t\t\t\n\t\t            \t\t\t\t\t<option value=\"752\">Egypt<\/option>\n\n\t\t            \t\t\t\t\n\t\t            \t\t\t\t\t<option value=\"856\">El Salvador<\/option>\n\n\t\t            \t\t\t\t\n\t\t            \t\t\t\t\t<option value=\"857\">Estonia<\/option>\n\n\t\t            \t\t\t\t\n\t\t            \t\t\t\t\t<option value=\"7519\">Fiji<\/option>\n\n\t\t            \t\t\t\t\n\t\t            \t\t\t\t\t<option value=\"753\">Finland<\/option>\n\n\t\t            \t\t\t\t\n\t\t            \t\t\t\t\t<option value=\"628\">France<\/option>\n\n\t\t            \t\t\t\t\n\t\t            \t\t\t\t\t<option value=\"754\">Germany<\/option>\n\n\t\t            \t\t\t\t\n\t\t            \t\t\t\t\t<option value=\"757\">Ghana<\/option>\n\n\t\t            \t\t\t\t\n\t\t            \t\t\t\t\t<option value=\"759\">Greece<\/option>\n\n\t\t            \t\t\t\t\n\t\t            \t\t\t\t\t<option value=\"761\">Guadeloupe<\/option>\n\n\t\t            \t\t\t\t\n\t\t            \t\t\t\t\t<option value=\"51560\">Haiti<\/option>\n\n\t\t            \t\t\t\t\n\t\t            \t\t\t\t\t<option value=\"763\">Hong Kong<\/option>\n\n\t\t            \t\t\t\t\n\t\t            \t\t\t\t\t<option value=\"765\">Hungary<\/option>\n\n\t\t            \t\t\t\t\n\t\t            \t\t\t\t\t<option value=\"766\">Iceland<\/option>\n\n\t\t            \t\t\t\t\n\t\t            \t\t\t\t\t<option value=\"767\">Indonesia<\/option>\n\n\t\t            \t\t\t\t\n\t\t            \t\t\t\t\t<option value=\"768\">Iran<\/option>\n\n\t\t            \t\t\t\t\n\t\t            \t\t\t\t\t<option value=\"769\">Ireland<\/option>\n\n\t\t            \t\t\t\t\n\t\t            \t\t\t\t\t<option value=\"770\">Israel<\/option>\n\n\t\t            \t\t\t\t\n\t\t            \t\t\t\t\t<option value=\"771\">Italy<\/option>\n\n\t\t            \t\t\t\t\n\t\t            \t\t\t\t\t<option value=\"772\">Japan<\/option>\n\n\t\t            \t\t\t\t\n\t\t            \t\t\t\t\t<option value=\"860\">Jersey Channel Island<\/option>\n\n\t\t            \t\t\t\t\n\t\t            \t\t\t\t\t<option value=\"773\">Kazakhstan<\/option>\n\n\t\t            \t\t\t\t\n\t\t            \t\t\t\t\t<option value=\"775\">Lebanon<\/option>\n\n\t\t            \t\t\t\t\n\t\t            \t\t\t\t\t<option value=\"776\">Lithuania<\/option>\n\n\t\t            \t\t\t\t\n\t\t            \t\t\t\t\t<option value=\"861\">Luxembourg<\/option>\n\n\t\t            \t\t\t\t\n\t\t            \t\t\t\t\t<option value=\"777\">Malaysia<\/option>\n\n\t\t            \t\t\t\t\n\t\t            \t\t\t\t\t<option value=\"862\">Martinique<\/option>\n\n\t\t            \t\t\t\t\n\t\t            \t\t\t\t\t<option value=\"781\">Mauritius\t<\/option>\n\n\t\t            \t\t\t\t\n\t\t            \t\t\t\t\t<option value=\"783\">Mexico<\/option>\n\n\t\t            \t\t\t\t\n\t\t            \t\t\t\t\t<option value=\"864\">Mongolia<\/option>\n\n\t\t            \t\t\t\t\n\t\t            \t\t\t\t\t<option value=\"90841\">Montenegro<\/option>\n\n\t\t            \t\t\t\t\n\t\t            \t\t\t\t\t<option value=\"865\">Mozambique<\/option>\n\n\t\t            \t\t\t\t\n\t\t            \t\t\t\t\t<option value=\"786\">Netherlands<\/option>\n\n\t\t            \t\t\t\t\n\t\t            \t\t\t\t\t<option value=\"790\">New Zealand\t\t<\/option>\n\n\t\t            \t\t\t\t\n\t\t            \t\t\t\t\t<option value=\"791\">Norway<\/option>\n\n\t\t            \t\t\t\t\n\t\t            \t\t\t\t\t<option value=\"828\">Other countries<\/option>\n\n\t\t            \t\t\t\t\n\t\t            \t\t\t\t\t<option value=\"866\">Paraguay<\/option>\n\n\t\t            \t\t\t\t\n\t\t            \t\t\t\t\t<option value=\"792\">Philippines<\/option>\n\n\t\t            \t\t\t\t\n\t\t            \t\t\t\t\t<option value=\"794\">Poland\t\t\t<\/option>\n\n\t\t            \t\t\t\t\n\t\t            \t\t\t\t\t<option value=\"795\">Portugal\t<\/option>\n\n\t\t            \t\t\t\t\n\t\t            \t\t\t\t\t<option value=\"11365\">Puerto Rico<\/option>\n\n\t\t            \t\t\t\t\n\t\t            \t\t\t\t\t<option value=\"797\">Reunion<\/option>\n\n\t\t            \t\t\t\t\n\t\t            \t\t\t\t\t<option value=\"798\">Romania\t<\/option>\n\n\t\t            \t\t\t\t\n\t\t            \t\t\t\t\t<option value=\"867\">Russia<\/option>\n\n\t\t            \t\t\t\t\n\t\t            \t\t\t\t\t<option value=\"51559\">Saint Lucia<\/option>\n\n\t\t            \t\t\t\t\n\t\t            \t\t\t\t\t<option value=\"799\">Serbia<\/option>\n\n\t\t            \t\t\t\t\n\t\t            \t\t\t\t\t<option value=\"800\">Singapore<\/option>\n\n\t\t            \t\t\t\t\n\t\t            \t\t\t\t\t<option value=\"870\">Slovenia<\/option>\n\n\t\t            \t\t\t\t\n\t\t            \t\t\t\t\t<option value=\"868\">South Africa<\/option>\n\n\t\t            \t\t\t\t\n\t\t            \t\t\t\t\t<option value=\"803\">South Korea\t\t<\/option>\n\n\t\t            \t\t\t\t\n\t\t            \t\t\t\t\t<option value=\"804\">Spain<\/option>\n\n\t\t            \t\t\t\t\n\t\t            \t\t\t\t\t<option value=\"805\">Sweden\t\t\t<\/option>\n\n\t\t            \t\t\t\t\n\t\t            \t\t\t\t\t<option value=\"807\">Switzerland<\/option>\n\n\t\t            \t\t\t\t\n\t\t            \t\t\t\t\t<option value=\"809\">Taiwan<\/option>\n\n\t\t            \t\t\t\t\n\t\t            \t\t\t\t\t<option value=\"811\">Thailand<\/option>\n\n\t\t            \t\t\t\t\n\t\t            \t\t\t\t\t<option value=\"812\">Trinidad and Tobago\t\t<\/option>\n\n\t\t            \t\t\t\t\n\t\t            \t\t\t\t\t<option value=\"813\">Turkey<\/option>\n\n\t\t            \t\t\t\t\n\t\t            \t\t\t\t\t<option value=\"814\">Ukraine\t<\/option>\n\n\t\t            \t\t\t\t\n\t\t            \t\t\t\t\t<option value=\"11405\">United Arab Emirates<\/option>\n\n\t\t            \t\t\t\t\n\t\t            \t\t\t\t\t<option value=\"815\">United Kingdom\t\t<\/option>\n\n\t\t            \t\t\t\t\n\t\t            \t\t\t\t\t<option value=\"818\">Uruguay\t<\/option>\n\n\t\t            \t\t\t\t\n\t\t            \t\t\t\t\t<option value=\"627\">USA<\/option>\n\n\t\t            \t\t\t\t\n\t\t            \t\t\t\t\t<option value=\"819\">Uzbekistan\t<\/option>\n\n\t\t            \t\t\t\t\n\t\t            \t\t\t\t\t<option value=\"11404\">Venezuela<\/option>\n\n\t\t            \t\t\t\t\n\t\t            \t\t\t\t\t<option value=\"820\">Vietnam<\/option>\n\n\t\t            \t\t\t\t\n\t\t            \t\t\t\t\t<option value=\"872\">Zambia<\/option>\n\n\t\t            \t\t\t\t\t\t            \t\t\t<\/select>\n\t\t            \t\t<\/div>\n\t\t            \t<\/li>\n\t\t            <\/ul>\n\t\t            <\/div>\n\t\t        <div class=\"gform_footer top_label\"> \n\t\t        \t<a href=\"https:\/\/donation.vedicpandits.org\/es\/contact\/\" class=\"button gform_button ambassadors-button\">> Submit<\/a>\n\t\t        <\/div>\n\t\t    <\/div>\n\t\t    <div class=\"cl\">&nbsp;<\/div>\n\t\t<\/div>\n\t\n<div class=\"border-line\">&nbsp;<\/div>\n<h4>ENLACES DE INTER\u00c9S PARA VISITAR<\/h4>\n<div class=\"grid-holder\">\n<div class=\"grid grid-desktop-50 grid-mobile-100\"><div class=\"holder\"><p>Donar online f\u00e1cilmente <a href=\"https:\/\/aro.vedicpandits.org\/es\/donate#\" rel=\"noopener\" target=\"_blank\">AQU\u00cd<\/a><br \/>\nYagyas especiales para cumplea\u00f1os y otras ocasiones <a href=\"https:\/\/donation.vedicpandits.org\/es\/yagya\/special-yagya\/\" rel=\"noopener\" target=\"_blank\">AQU\u00cd<\/a><br \/>\nNuestras bellas tarjetas electr\u00f3nicas gratuitas <a href=\"https:\/\/donation.vedicpandits.org\/es\/ecard\/\" rel=\"noopener\" target=\"_blank\">AQU\u00cd<\/a><br \/>\nOYD &#8211; Archivos del D\u00eda de Europa Invencible (ingl\u00e9s) <a href=\"https:\/\/donation.vedicpandits.org\/open-yagya-day\/#archive\" rel=\"noopener\" target=\"_blank\">AQU\u00cd<\/a><br \/>\nExperiencias de Yagyas Nacionales y Especiales <a href=\"https:\/\/donation.vedicpandits.org\/es\/yagya\/national-yagya\/\" rel=\"noopener\" target=\"_blank\">AQU\u00cd<\/a><br \/>\nWeb de Cursos Maharishi en India <a href=\"https:\/\/www.maharishiindiacourses.com\/es\/\" rel=\"noopener\" target=\"_blank\">AQU\u00cd<\/a><\/p>\n<\/div><\/div>\n<div class=\"grid grid-desktop-50 grid-mobile-100\"><div class=\"holder\"><p>Facebook: Maharishi Vedic Pandits (ingl\u00e9s) <a href=\"https:\/\/www.facebook.com\/VedicPandits\" rel=\"noopener\" target=\"_blank\">AQU\u00cd<\/a><br \/>\nFacebook: Pandits V\u00e9dicos Maharishi <a href=\"https:\/\/www.facebook.com\/panditsmaharishi\" rel=\"noopener\" target=\"_blank\">AQU\u00cd<\/a><br \/>\nFacebook: Iniciativa de Paz Global (ingl\u00e9s) <a href=\"https:\/\/www.facebook.com\/globalpeaceGPI\/\" rel=\"noopener\" target=\"_blank\">AQU\u00cd<\/a><br \/>\nYoutube: Maharishi Vedic Pandits (ingl\u00e9s) <a href=\"https:\/\/www.youtube.com\/channel\/UC3nzjBvjF6gT-AmeIX3ZpTA\" rel=\"noopener\" target=\"_blank\">AQU\u00cd<\/a><br \/>\nWeb del Maharishi Veda App (ingl\u00e9s) <a href=\"https:\/\/www.maharishivedaapp.com\" rel=\"noopener\" target=\"_blank\">AQU\u00cd<\/a><br \/>\nCursos de MERU en Vlodrop, Pa\u00edses Bajos (ingl\u00e9s) <a href=\"https:\/\/www.meru.international\/course-overview-2\/#co-tab%7C1\" rel=\"noopener\" target=\"_blank\">AQU\u00cd<\/a><\/p>\n<\/div><\/div>\n<\/div>\n<div class=\"border-line\">&nbsp;<\/div>\n<h4>Brahmananda Saraswati Trust<\/h4>\n<p>MERU, Station 24<br \/>\n6063NP Vlodrop,<br \/>\nThe Netherlands<br \/>\n<a href=\"mailto:contact@vedicpandits.org\">contact@vedicpandits.org<\/a><\/p>\n<h4>Brahmananda Saraswati Foundation<\/h4>\n<p>PO Box 2316<br \/>\nFairfield, Iowa 52556<br \/>\nUSA<br \/>\n+1 641 209 5022<br \/>\n<a href=\"mailto:support@bsf-international.org\">support@bsf-international.org<\/a><\/p>\n<p>Si usted no tiene un embajador en su pa\u00eds y le gustar\u00eda ser voluntario como nuestro representante por favor p\u00f3ngase en contacto con nosotros: contact@vedicpandits.org<\/p>\n","protected":false},"excerpt":{"rendered":"<p>ESTAREMOS ENCANTADOS DE CONTACTAR CON USTEDES Si desea contactar con su Embajador, por favor elija su pa\u00eds en el men\u00fa de abajo y haga clic en Enviar (Submit). ENLACES DE INTER\u00c9S PARA VISITAR Brahmananda Saraswati Trust MERU, Station 24 6063NP Vlodrop, The Netherlands contact@vedicpandits.org Brahmananda Saraswati Foundation PO Box 2316 Fairfield, Iowa 52556 USA +1 [&hellip;]<\/p>\n","protected":false},"author":3,"featured_media":160,"parent":0,"menu_order":0,"comment_status":"open","ping_status":"closed","template":"","meta":{"om_disable_all_campaigns":false,"_monsterinsights_skip_tracking":false,"_monsterinsights_sitenote_active":false,"_monsterinsights_sitenote_note":"","_monsterinsights_sitenote_category":0,"footnotes":""},"class_list":["post-1361","page","type-page","status-publish","has-post-thumbnail","hentry"],"_links":{"self":[{"href":"https:\/\/donation.vedicpandits.org\/es\/wp-json\/wp\/v2\/pages\/1361","targetHints":{"allow":["GET"]}}],"collection":[{"href":"https:\/\/donation.vedicpandits.org\/es\/wp-json\/wp\/v2\/pages"}],"about":[{"href":"https:\/\/donation.vedicpandits.org\/es\/wp-json\/wp\/v2\/types\/page"}],"author":[{"embeddable":true,"href":"https:\/\/donation.vedicpandits.org\/es\/wp-json\/wp\/v2\/users\/3"}],"replies":[{"embeddable":true,"href":"https:\/\/donation.vedicpandits.org\/es\/wp-json\/wp\/v2\/comments?post=1361"}],"version-history":[{"count":22,"href":"https:\/\/donation.vedicpandits.org\/es\/wp-json\/wp\/v2\/pages\/1361\/revisions"}],"predecessor-version":[{"id":51578,"href":"https:\/\/donation.vedicpandits.org\/es\/wp-json\/wp\/v2\/pages\/1361\/revisions\/51578"}],"wp:featuredmedia":[{"embeddable":true,"href":"https:\/\/donation.vedicpandits.org\/es\/wp-json\/wp\/v2\/media\/160"}],"wp:attachment":[{"href":"https:\/\/donation.vedicpandits.org\/es\/wp-json\/wp\/v2\/media?parent=1361"}],"curies":[{"name":"wp","href":"https:\/\/api.w.org\/{rel}","templated":true}]}}