{"id":1699,"date":"2014-04-08T07:02:34","date_gmt":"2014-04-08T07:02:34","guid":{"rendered":"https:\/\/vedicpandits.org\/?page_id=1699"},"modified":"2025-03-01T18:40:00","modified_gmt":"2025-03-01T18:40:00","slug":"home","status":"publish","type":"page","link":"https:\/\/donation.vedicpandits.org\/es\/","title":{"rendered":"Inicio"},"content":{"rendered":"<h4>TECNOLOGIAS V\u00c9DICAS DE LA CONCIENCIA PARA LA PAZ MUNDIAL<\/h4>\n<p>Un gran grupo de Pandits V\u00e9dicos Maharishi celebra concentraciones en India para crear una influencia de armon\u00eda para el mundo entero. Cuarenta a\u00f1os de investigaci\u00f3n cient\u00edfica han establecido que un grupo de 9.000 personas generar\u00eda un  poderoso efecto de mejora de la vida a escala global.<\/p>\n<p>Gracias a las aportaciones de generosos donantes de m\u00e1s de 90 pa\u00edses, el grupo ha aumentado en los \u00faltimos a\u00f1os a m\u00e1s de 2.000 Pandits en el campus del Brahmasthan (centro geogr\u00e1fico) de India. Nuestra meta es conseguir la financiaci\u00f3n anual para el grupo completo de 9.000 Pandits V\u00e9dicos, y entonces constituir un fondo dotacional que garantizar\u00e1 la existencia del grupo de forma permanente, creando paz mundial para siempre.<\/p>\n<p>La UNESCO ha descrito oficialmente a la recitaci\u00f3n v\u00e9dica como un patrimonio intangible de la humanidad.<\/p>\n<div style=\"width:200px; margin-top:50px; margin-left:10px;\"  class=\"align right\">\n\t<a href=\"https:\/\/donation.vedicpandits.org\/es\/?image_video=https%3A%2F%2Fwww.youtube.com%2Fwatch%3Fv%3DKkAkQVIZKsU%3Frel%3D0\" class=\"video-link \"><img decoding=\"async\" class=\"alignnone size-full wp-image-285\" src=\"https:\/\/donation.vedicpandits.org\/wp-content\/uploads\/2018\/03\/Tall-blue-globe-copy.jpeg\" alt=\"landscape format of blue globe with pandits\" width=\"200\" \/><\/a>\n\n\t<\/div>\n<h4 style=\"margin-top:25px;\">video<\/h4>\n<p>En solo catorce minutos podes aprender como la Meditaci\u00f3n Trascendental y sus t\u00e9cnicas avanzadas pueden efectivamente crear paz. Un video corto y animado explica simple y claramente, con animaciones y ejemplos, los pasos para lograr la paz mundial, incluyendo la investigaci\u00f3n cient\u00edfica al respecto.  Haga clic en la imagen para ver un v\u00eddeo introductorio de 14 minutos.<\/p>\n<p><!--\n\n<h4>TARJETAS ELECTR\u00d3NICAS<\/h4>\n\n\nTodas las tarjetas electr\u00f3nicas (vea abajo) est\u00e1n llenas de hermosas im\u00e1genes de los Pandits V\u00e9dicos Maharishi realizadas con audios, v\u00eddeos y presentaciones de diapositivas de las recitaciones. Esperamos que disfruten de estas tarjetas <a href=\"https:\/\/donation.vedicpandits.org\/ecard\/\">electr\u00f3nicas mejoradas y gratuitas<\/a> y las comparta con sus amigos.--><\/p>\n","protected":false},"excerpt":{"rendered":"<p>TECNOLOGIAS V\u00c9DICAS DE LA CONCIENCIA PARA LA PAZ MUNDIAL Un gran grupo de Pandits V\u00e9dicos Maharishi celebra concentraciones en India para crear una influencia de armon\u00eda para el mundo entero. Cuarenta a\u00f1os de investigaci\u00f3n cient\u00edfica han establecido que un grupo de 9.000 personas generar\u00eda un poderoso efecto de mejora de la vida a escala global. [&hellip;]<\/p>\n","protected":false},"author":3,"featured_media":0,"parent":0,"menu_order":0,"comment_status":"open","ping_status":"closed","template":"template-home.php","meta":{"om_disable_all_campaigns":false,"_monsterinsights_skip_tracking":false,"_monsterinsights_sitenote_active":false,"_monsterinsights_sitenote_note":"","_monsterinsights_sitenote_category":0,"footnotes":""},"class_list":["post-1699","page","type-page","status-publish","hentry"],"_links":{"self":[{"href":"https:\/\/donation.vedicpandits.org\/es\/wp-json\/wp\/v2\/pages\/1699","targetHints":{"allow":["GET"]}}],"collection":[{"href":"https:\/\/donation.vedicpandits.org\/es\/wp-json\/wp\/v2\/pages"}],"about":[{"href":"https:\/\/donation.vedicpandits.org\/es\/wp-json\/wp\/v2\/types\/page"}],"author":[{"embeddable":true,"href":"https:\/\/donation.vedicpandits.org\/es\/wp-json\/wp\/v2\/users\/3"}],"replies":[{"embeddable":true,"href":"https:\/\/donation.vedicpandits.org\/es\/wp-json\/wp\/v2\/comments?post=1699"}],"version-history":[{"count":38,"href":"https:\/\/donation.vedicpandits.org\/es\/wp-json\/wp\/v2\/pages\/1699\/revisions"}],"predecessor-version":[{"id":98130,"href":"https:\/\/donation.vedicpandits.org\/es\/wp-json\/wp\/v2\/pages\/1699\/revisions\/98130"}],"wp:attachment":[{"href":"https:\/\/donation.vedicpandits.org\/es\/wp-json\/wp\/v2\/media?parent=1699"}],"curies":[{"name":"wp","href":"https:\/\/api.w.org\/{rel}","templated":true}]}}