{"id":1705,"date":"2014-04-08T07:09:10","date_gmt":"2014-04-08T07:09:10","guid":{"rendered":"https:\/\/vedicpandits.org\/?page_id=1705"},"modified":"2015-05-02T09:20:05","modified_gmt":"2015-05-02T09:20:05","slug":"maharishi","status":"publish","type":"page","link":"https:\/\/donation.vedicpandits.org\/es\/maharishi\/","title":{"rendered":"Maharishi"},"content":{"rendered":"<h4>MAHARISHI MAHESH YOGI<\/h4>\n<p>Maharishi Mahesh Yogi es ampliamente reconocido como el m\u00e1s destacado estudioso v\u00e9dico del mundo de la era moderna, as\u00ed como el cient\u00edfico m\u00e1s importante de la conciencia. El t\u00e9rmino \u00abv\u00e9dico\u00bb se refiere a la tradici\u00f3n intemporal del conocimiento puro, completo, que ha sido establecido en India.<br \/>\nMaharishi es reconocido por la ense\u00f1anza del programa de Meditaci\u00f3n Trascendental (MT), la t\u00e9cnica m\u00e1s profundamente investigada y eficaz para el desarrollo personal (ver m\u00e1s abajo). Adem\u00e1s, restaur\u00f3 el conocimiento total y los programas pr\u00e1cticos de la Tradici\u00f3n V\u00e9dica de India en su pureza e integridad, para que cada persona en todo el mundo pueda vivir la plenitud de la vida v\u00e9dica \u2013 la vida en paz, prosperidad y buena salud.<br \/>\nMaharishi reaviv\u00f3 diversos aspectos olvidados o mal entendidos de la Ciencia V\u00e9dica y desarroll\u00f3 programas para llevar plenitud a los campos de la salud, educaci\u00f3n, defensa, administraci\u00f3n, arquitectura, as\u00ed como muchas otras \u00e1reas de la vida moderna.<\/p>\n<div class=\"border-line\">&nbsp;<\/div>\n<h4>UN ENFOQUE SISTEM\u00c1TICO PARA GANAR ILUMINACI\u00d3N<\/h4>\n<p>La meditaci\u00f3n y el camino hacia la iluminaci\u00f3n han sido malinterpretados durante siglos, incluso en India. Se les consideraba en gran medida relacionados con la religi\u00f3n o la filosof\u00eda, a menudo asociados con la renuncia. Maharishi sac\u00f3 a la luz la verdad v\u00e9dica de que la meditaci\u00f3n no se basa en el esfuerzo ni en la concentraci\u00f3n, sino que tiene lugar de manera espont\u00e1nea y natural dando el impulso correcto a la mente. Expuso un camino sistem\u00e1tico para el desarrollo de estados superiores de conciencia, en el que la unidad de la vida se convierte en una realidad viva de la vida diaria.<\/p>\n<p>Inspirados por Maharishi, los cient\u00edficos comenzaron a investigar los beneficios de la Meditaci\u00f3n Trascendental. Desde 1970, cuando se public\u00f3 la primera investigaci\u00f3n, m\u00e1s de 600 estudios cient\u00edficos realizados en m\u00e1s de 200 instituciones independientes de investigaci\u00f3n, en 35 pa\u00edses, han documentado los beneficios de la Meditaci\u00f3n Trascendental para la mente, el cuerpo y la sociedad en su conjunto. Muchos de estos estudios se han publicado en las principales revistas cient\u00edficas, m\u00e9dicas y profesionales.<\/p>\n<div class=\"border-line\">&nbsp;<\/div>\n<h4>UN ATAJO PARA LA PAZ MUNDIAL<\/h4>\n<p>A trav\u00e9s del desarrollo del programa avanzado de Sidhis-MT y en particular la pr\u00e1ctica en grupo del Vuelo Y\u00f3guico, Maharishi facilit\u00f3 al mundo una tecnolog\u00eda para crear una influencia pac\u00edfica coherente en la conciencia colectiva de cualquier naci\u00f3n. En este programa solo est\u00e1 implicado un peque\u00f1o porcentaje de la poblaci\u00f3n. Cuando se aplica a gran escala, la pr\u00e1ctica en grupo del Vuelo Y\u00f3guico ofrece el primer m\u00e9todo cient\u00edficamente validado para crear la paz mundial. Adem\u00e1s, la investigaci\u00f3n de campo ha demostrado que mejoran muchos otros aspectos de la vida, como el estado general de salud, el comportamiento social y la prosperidad.<\/p>\n<p>Para crear y mantener este poderoso efecto de forma permanente, Maharishi dise\u00f1\u00f3 la Iniciativa Global de Paz &#8211; un proyecto centrado en la creaci\u00f3n de un gran grupo de Pandits V\u00e9dicos especialmente preparados. Su pr\u00e1ctica diaria de la MT y el programa Sidhis-MT, as\u00ed como la realizaci\u00f3n de Yagyas V\u00e9dicas, propagar\u00e1 un efecto beneficioso profundo y cuantificable en el mundo. Con el fin de recaudar los fondos para mantener a este grupo de forma permanente, Maharishi fund\u00f3 el fondo fiduciario \u201cBrahmananda Saraswati Trust\u201d en 2008.<\/p>\n<div class=\"border-line\">&nbsp;<\/div>\n<h4 id=\"audios\">AUDIO<\/h4>\n<p>Maharishi habla sobre los Pandits V\u00e9dicos: (en ingl\u00e9s):<\/p>\n<p><em><a href=\"https:\/\/donation.vedicpandits.org\/es\/maharishi\/?audio_link=%2Fwp-content%2Fuploads%2F2015%2F03%2F01nTraining-Vedic-Pandits-to-Create-Harmony-in-Society-pushing-the-Devatas-buttons-May-18-051.mp3\" class=\"audio-link\">&gt; Training Vedic Pandits to create harmony in society. (Audio 21:02 min)<\/a>\n<p><b><\/b><a href=\"https:\/\/donation.vedicpandits.org\/es\/maharishi\/?audio_link=%2Fwp-content%2Fuploads%2F2015%2F03%2F04n-Specialty-of-the-Vedic-Pandits-March-16-053.mp3\" class=\"audio-link\">&gt; Specialty of Vedic Pandits. (Audio 7:18 min)<\/a><\/em><\/br><\/p>\n<p>Maharishi talks about the power of Yagyas:<\/p>\n<p><em><a href=\"https:\/\/donation.vedicpandits.org\/es\/maharishi\/?audio_link=%2Fwp-content%2Fuploads%2F2015%2F03%2F03n-Using-Collective-Yagyas-to-Prevent-the-Danger.mp3\" class=\"audio-link\">&gt; Using collective Yagyas to prevent the danger that has not yet come. (Audio 8:56 min)<\/a>\n<p><b><\/b><a href=\"https:\/\/donation.vedicpandits.org\/es\/maharishi\/?audio_link=%2Fwp-content%2Fuploads%2F2015%2F03%2F02n-Yagyas%C3%A2%C2%80%C2%94powerful-Vedic-performances-March-23-051.mp3\" class=\"audio-link\">&gt; Yagyas \u2013 powerful Vedic performances arising from the silent level of consciousness of the Vedic Pandits. (Audio 7:26 min)<\/a>\n<p><b><\/b><a href=\"https:\/\/donation.vedicpandits.org\/es\/maharishi\/?audio_link=%2Fwp-content%2Fuploads%2F2015%2F03%2F06n-Difference-between-practising-TM-and-listening-to-Vedic-R.mp3\" class=\"audio-link\">&gt; The difference between practicing TM and listening to Vedic recitation. (Audio 4:42 min)<\/a><\/em>\t\u2022\t<\/p>\n","protected":false},"excerpt":{"rendered":"<p>MAHARISHI MAHESH YOGI Maharishi Mahesh Yogi es ampliamente reconocido como el m\u00e1s destacado estudioso v\u00e9dico del mundo de la era moderna, as\u00ed como el cient\u00edfico m\u00e1s importante de la conciencia. El t\u00e9rmino \u00abv\u00e9dico\u00bb se refiere a la tradici\u00f3n intemporal del conocimiento puro, completo, que ha sido establecido en India. Maharishi es reconocido por la ense\u00f1anza [&hellip;]<\/p>\n","protected":false},"author":3,"featured_media":149,"parent":0,"menu_order":0,"comment_status":"open","ping_status":"closed","template":"","meta":{"om_disable_all_campaigns":false,"_monsterinsights_skip_tracking":false,"_monsterinsights_sitenote_active":false,"_monsterinsights_sitenote_note":"","_monsterinsights_sitenote_category":0,"footnotes":""},"class_list":["post-1705","page","type-page","status-publish","has-post-thumbnail","hentry"],"_links":{"self":[{"href":"https:\/\/donation.vedicpandits.org\/es\/wp-json\/wp\/v2\/pages\/1705","targetHints":{"allow":["GET"]}}],"collection":[{"href":"https:\/\/donation.vedicpandits.org\/es\/wp-json\/wp\/v2\/pages"}],"about":[{"href":"https:\/\/donation.vedicpandits.org\/es\/wp-json\/wp\/v2\/types\/page"}],"author":[{"embeddable":true,"href":"https:\/\/donation.vedicpandits.org\/es\/wp-json\/wp\/v2\/users\/3"}],"replies":[{"embeddable":true,"href":"https:\/\/donation.vedicpandits.org\/es\/wp-json\/wp\/v2\/comments?post=1705"}],"version-history":[{"count":11,"href":"https:\/\/donation.vedicpandits.org\/es\/wp-json\/wp\/v2\/pages\/1705\/revisions"}],"predecessor-version":[{"id":3856,"href":"https:\/\/donation.vedicpandits.org\/es\/wp-json\/wp\/v2\/pages\/1705\/revisions\/3856"}],"wp:featuredmedia":[{"embeddable":true,"href":"https:\/\/donation.vedicpandits.org\/es\/wp-json\/wp\/v2\/media\/149"}],"wp:attachment":[{"href":"https:\/\/donation.vedicpandits.org\/es\/wp-json\/wp\/v2\/media?parent=1705"}],"curies":[{"name":"wp","href":"https:\/\/api.w.org\/{rel}","templated":true}]}}