{"id":1711,"date":"2014-04-08T07:09:17","date_gmt":"2014-04-08T07:09:17","guid":{"rendered":"https:\/\/vedicpandits.org\/?page_id=1711"},"modified":"2015-03-27T10:21:38","modified_gmt":"2015-03-27T10:21:38","slug":"peace-creating-group","status":"publish","type":"page","link":"https:\/\/donation.vedicpandits.org\/es\/peace-creating-group\/","title":{"rendered":"El Grupo Creador de Paz"},"content":{"rendered":"<h4>9.000 PANDITS V\u00c9DICOS MAHARISHI PARA LA PAZ MUNDIAL<\/h4>\n<p>Maharishi Mahesh Yogi eligi\u00f3 a los Pandits V\u00e9dicos para que fueran los miembros del grupo creador de paz porque desde la antig\u00fcedad han sido los guardianes tradicionales de la sabidur\u00eda v\u00e9dica, responsable de mantener la armon\u00eda en la sociedad y el equilibrio en la naturaleza. A trav\u00e9s de la atenci\u00f3n de Maharishi en poner de manifiesto la plena comprensi\u00f3n del conocimiento v\u00e9dico, las tecnolog\u00edas de la conciencia para la creaci\u00f3n de la paz han sido restauradas a su eficacia original y han sido validadas por los estudios cient\u00edficos. Esto ha permitido a los Pandits V\u00e9dicos, despu\u00e9s de haber sido capacitados en estas tecnolog\u00edas de la conciencia, cumplir una vez m\u00e1s con su papel tradicional de la creaci\u00f3n de armon\u00eda, paz y equilibrio para el mundo.<\/p>\n<p>En enero de 2008, Maharishi estableci\u00f3 el fondo fiduciario \u201cBrahmananda Saraswati Trust\u201d para dotar y mantener a este gran grupo de Pandits V\u00e9dicos Maharishi en un campus en el Brahmasthan (centro geogr\u00e1fico) de India. La meta es mantener a 9.000 Pandits. Como paso previo, el objetivo inmediato es ampliar el grupo de los actuales 2.000 a 3.500 &#8211; un n\u00famero suficiente para crear un efecto beneficioso para toda India y una base s\u00f3lida para el logro de la meta de 9.000 Pandits.<\/p>\n<div class=\"border-line\">&nbsp;<\/div>\n<div class=\"grid-holder\">\n<div class=\"grid grid-desktop-50 grid-mobile-100\"><div class=\"holder\">\t<a href=\"https:\/\/donation.vedicpandits.org\/es\/peace-creating-group\/?image_video=https%3A%2F%2Fwww.youtube.com%2Fwatch%3Fv%3DT3Y4_--9s6g\" class=\"video-link \"><img loading=\"lazy\" decoding=\"async\" class=\"alignnone size-full wp-image-103\" src=\"\/wp-content\/uploads\/2014\/04\/post-img-11.jpg\" alt=\"post-img-11\" width=\"432\" height=\"312\" srcset=\"https:\/\/donation.vedicpandits.org\/wp-content\/uploads\/2014\/04\/post-img-11.jpg 432w, https:\/\/donation.vedicpandits.org\/wp-content\/uploads\/2014\/04\/post-img-11-300x216.jpg 300w\" sizes=\"auto, (max-width: 432px) 100vw, 432px\" \/><\/a>\n\n\t\n<\/div><\/div>\n<div class=\"grid grid-desktop-50 grid-mobile-100\"><div class=\"holder\"><h4>LOS EFECTOS INDIRECTOS DE LA PAZ<\/h4>\n<p>Es ampliamente conocido que quienes practican el programa de Meditaci\u00f3n Trascendental experimentan un mayor grado de paz dentro de s\u00ed mismos. Esta experiencia se ha correlacionado cient\u00edficamente con el funcionamiento m\u00e1s ordenado del cerebro.<\/p>\n<p>Lo que no es tan conocido es que cuando una proporci\u00f3n relativamente peque\u00f1a de una ciudad o naci\u00f3n practica MT, un efecto adicional de paz se extiende a la poblaci\u00f3n de alrededor. Este fen\u00f3meno ha sido verificado por 23 estudios cient\u00edficos y se ha encontrado que es especialmente potente cuando el programa avanzado de Sidhis-MT se practica en grupo.<\/p>\n<p>El aprovechamiento de esta tecnolog\u00eda es el n\u00facleo del programa de la Iniciativa Global de Paz.<\/p>\n\t<a href=\"https:\/\/donation.vedicpandits.org\/es\/peace-creating-group\/?image_video=https%3A%2F%2Fwww.youtube.com%2Fwatch%3Fv%3DT3Y4_--9s6g\" class=\"video-link no-pointer\"><em>&gt; Vea a Maharishi Mahesh Yogi hablando sobre este fen\u00f3meno.<\/em><\/a>\n\n\t\n<\/div><\/div>\n<\/div>\n","protected":false},"excerpt":{"rendered":"<p>9.000 PANDITS V\u00c9DICOS MAHARISHI PARA LA PAZ MUNDIAL Maharishi Mahesh Yogi eligi\u00f3 a los Pandits V\u00e9dicos para que fueran los miembros del grupo creador de paz porque desde la antig\u00fcedad han sido los guardianes tradicionales de la sabidur\u00eda v\u00e9dica, responsable de mantener la armon\u00eda en la sociedad y el equilibrio en la naturaleza. A trav\u00e9s [&hellip;]<\/p>\n","protected":false},"author":3,"featured_media":102,"parent":0,"menu_order":0,"comment_status":"open","ping_status":"closed","template":"","meta":{"om_disable_all_campaigns":false,"_monsterinsights_skip_tracking":false,"_monsterinsights_sitenote_active":false,"_monsterinsights_sitenote_note":"","_monsterinsights_sitenote_category":0,"footnotes":""},"class_list":["post-1711","page","type-page","status-publish","has-post-thumbnail","hentry"],"_links":{"self":[{"href":"https:\/\/donation.vedicpandits.org\/es\/wp-json\/wp\/v2\/pages\/1711","targetHints":{"allow":["GET"]}}],"collection":[{"href":"https:\/\/donation.vedicpandits.org\/es\/wp-json\/wp\/v2\/pages"}],"about":[{"href":"https:\/\/donation.vedicpandits.org\/es\/wp-json\/wp\/v2\/types\/page"}],"author":[{"embeddable":true,"href":"https:\/\/donation.vedicpandits.org\/es\/wp-json\/wp\/v2\/users\/3"}],"replies":[{"embeddable":true,"href":"https:\/\/donation.vedicpandits.org\/es\/wp-json\/wp\/v2\/comments?post=1711"}],"version-history":[{"count":6,"href":"https:\/\/donation.vedicpandits.org\/es\/wp-json\/wp\/v2\/pages\/1711\/revisions"}],"predecessor-version":[{"id":2752,"href":"https:\/\/donation.vedicpandits.org\/es\/wp-json\/wp\/v2\/pages\/1711\/revisions\/2752"}],"wp:featuredmedia":[{"embeddable":true,"href":"https:\/\/donation.vedicpandits.org\/es\/wp-json\/wp\/v2\/media\/102"}],"wp:attachment":[{"href":"https:\/\/donation.vedicpandits.org\/es\/wp-json\/wp\/v2\/media?parent=1711"}],"curies":[{"name":"wp","href":"https:\/\/api.w.org\/{rel}","templated":true}]}}