{"id":1717,"date":"2014-04-08T07:09:29","date_gmt":"2014-04-08T07:09:29","guid":{"rendered":"https:\/\/vedicpandits.org\/?page_id=1717"},"modified":"2018-09-06T14:17:38","modified_gmt":"2018-09-06T14:17:38","slug":"maharishi-vedic-pandits","status":"publish","type":"page","link":"https:\/\/donation.vedicpandits.org\/es\/peace-creating-group\/maharishi-vedic-pandits\/","title":{"rendered":"Los Pandits V\u00e9dicos Maharishi"},"content":{"rendered":"<h4>LA PREPARACI\u00d3N SISTEM\u00c1TICA DE LOS PANDITS V\u00c9DICOS MAHARISHI<\/h4>\n<p>Desde j\u00f3venes, los estudiantes de las familias v\u00e9dicas tradicionales de India siguen una preparaci\u00f3n sistem\u00e1tica para convertirse en profesionales de la paz \u2013 Los Pandits V\u00e9dicos Maharishi. Desde los 10 hasta los 20 a\u00f1os siguen un programa especial de estudio dise\u00f1ado por Maharishi. Ello incluye el aprendizaje de la Meditaci\u00f3n Trascendental (MT) y el programa Sidhis-MT, as\u00ed como el Vuelo Y\u00f3guico, el estudio del s\u00e1nscrito y obtener la preparaci\u00f3n suficiente para la realizaci\u00f3n de Yagyas, las realizaciones v\u00e9dicas tradicionales que traen paz y fortuna. Sus estudios diarios ganan cr\u00e9ditos para licenciatura, maestr\u00eda y programas de doctorado impartidos por Maharishi Mahesh Yogi Vedic Vishwavidyalaya, una universidad de derecho p\u00fablico establecida por el Gobierno del Estado de Madhya Pradesh en 1.995 en India.<\/p>\n<div class=\"border-line\">&nbsp;<\/div>\n<div class=\"grid-holder\">\n<div class=\"grid grid-desktop-50 grid-mobile-100\"><div class=\"holder\"><p><img loading=\"lazy\" decoding=\"async\" class=\"alignnone size-full wp-image-105\" src=\"\/wp-content\/uploads\/2014\/04\/post-img-12.jpg\" alt=\"post-img-12\" width=\"432\" height=\"312\" srcset=\"https:\/\/donation.vedicpandits.org\/wp-content\/uploads\/2014\/04\/post-img-12.jpg 432w, https:\/\/donation.vedicpandits.org\/wp-content\/uploads\/2014\/04\/post-img-12-300x216.jpg 300w\" sizes=\"auto, (max-width: 432px) 100vw, 432px\" \/><\/p>\n<\/div><\/div>\n<div class=\"grid grid-desktop-50 grid-mobile-100\"><div class=\"holder\"><h4>EXPERTOS EN YOGA \u2013 MEDITACI\u00d3N TRASCENDENTAL Y VUELO Y\u00d3GUICO<\/h4>\n<p>Durante varias horas cada d\u00eda, los Pandits V\u00e9dicos Maharishi en el Brahmasthan practican la esencia del Yoga \u2013 los programas de Meditaci\u00f3n Trascendental y Sidhis-MT. El programa Sidhis-MT, incluyendo el Vuelo Y\u00f3guico, fue extra\u00eddo por Maharishi de los Yoga Sutras de Patanjali \u2013 el texto central de la filosof\u00eda del Yoga. Este programa desarrolla la habilidad de actuar desde el nivel m\u00e1s silencioso y m\u00e1s coherente de la conciencia. A medida que los Pandits desarrollan la capacidad de actuar desde los niveles m\u00e1s sutiles de la conciencia, se convierten en expertos altamente eficaces en las realizaciones v\u00e9dicas diarias para la paz mundial.<\/p>\n<\/div><\/div>\n<\/div>\n<div class=\"border-line\">&nbsp;<\/div>\n<div class=\"grid-holder\">\n<div class=\"grid grid-desktop-100\"><div class=\"holder\"><p>El texto v\u00e9dico principal del Yoga \u2013 los Yoga Sutras \u2013 describe como se puede crear paz mediante la experiencia de trascender:<\/p>\n<div class=\"box-info\">\n<h5><em>Tat sannidhau vairatyagah<\/em><\/h5>\n<h4>\u00abEn las inmediaciones del Yoga<br \/>\n(la experiencia de la Conciencia Trascendental, el Campo Unificado)<br \/>\nlas tendencias conflictivas y hostiles son eliminadas.\u00bb<\/h4>\n<h6>\u2013 Yoga sutra 2.35<\/h6>\n<\/div>\n<p>Cuando, a trav\u00e9s de la meditaci\u00f3n avanzada, la Conciencia Trascendental es avivada por un grupo suficientemente grande, la \u00abvecindad del Yoga\u201d se extiende a todo el mundo. Esta es la estrategia de la Iniciativa Global de Paz.<\/p>\n<\/div><\/div>\n<\/div>\n<div class=\"border-line\">&nbsp;<\/div>\n<div class=\"grid-holder\">\n<div class=\"grid grid-desktop-50 grid-mobile-100\"><div class=\"holder\"><h4>EXPERTOS EN YAGYA \u2013 AMPLIA FORMACI\u00d3N EN LAS REALIZACIONES V\u00c9DICAS<\/h4>\n<p>En numerosas peque\u00f1as aldeas alrededor de India, Maharishi cre\u00f3 una red de instrucci\u00f3n para estudiantes que deseasen convertirse en Pandits V\u00e9dicos Maharishi. En cada aldea, maestros conocidos como Guru Ji comienzan a formar a estudiantes para ser Pandits a partir de los 10 a\u00f1os. A los 14 a\u00f1os, tienen la oportunidad de unirse a una de las muchas instalaciones regionales que existen por toda la India y recibir instrucci\u00f3n bajo la supervisi\u00f3n de acharyas consumados (maestros).<\/p>\n<p>Los estudiantes siguen un programa de formaci\u00f3n sistem\u00e1tica y detallada, dise\u00f1ado por Maharishi, que incluye cintas de v\u00eddeo y estudio asistido por ordenador para garantizar que todos los Pandit reciben un nivel de formaci\u00f3n alto y estandarizado. Cuando se grad\u00faan, aproximadamente a los 20 a\u00f1os, est\u00e1n preparados para la realizaci\u00f3n de Yagyas. Yagya es una tecnolog\u00eda intemporal de la Tradici\u00f3n V\u00e9dica. Las Yagyas son realizadas por los Pandits para avivar las leyes de la naturaleza que administran el universo, de una manera espec\u00edfica y para necesidades espec\u00edficas, con el fin de ayudar a lograr el deseo elegido. Por ejemplo, cada d\u00eda en el Brahmasthan de India 1.331 Pandits se re\u00fanen para realizar Atirudrabhishek, una Yagya poderosa para la paz mundial.<\/p>\n<\/div><\/div>\n<div class=\"grid grid-desktop-50 grid-mobile-100\"><div class=\"holder\"><p><img loading=\"lazy\" decoding=\"async\" class=\"alignnone size-full wp-image-107\" src=\"\/wp-content\/uploads\/2014\/04\/post-img-13.jpg\" alt=\"post-img-13\" width=\"435\" height=\"482\" srcset=\"https:\/\/donation.vedicpandits.org\/wp-content\/uploads\/2014\/04\/post-img-13.jpg 435w, https:\/\/donation.vedicpandits.org\/wp-content\/uploads\/2014\/04\/post-img-13-270x300.jpg 270w, https:\/\/donation.vedicpandits.org\/wp-content\/uploads\/2014\/04\/post-img-13-300x332.jpg 300w\" sizes=\"auto, (max-width: 435px) 100vw, 435px\" \/><\/p>\n<\/div><\/div>\n<\/div>\n<div class=\"border-line\">&nbsp;<\/div>\n<div class=\"grid-holder\">\n<div class=\"grid grid-desktop-50 grid-mobile-100\"><div class=\"holder\">\t<a href=\"https:\/\/donation.vedicpandits.org\/es\/peace-creating-group\/maharishi-vedic-pandits\/?image_video=https%3A%2F%2Fwww.youtube.com%2Fwatch%3Fv%3DZQOxpwHk0fQ\" class=\"video-link \">\n<img loading=\"lazy\" decoding=\"async\" class=\"alignnone size-full wp-image-92\" src=\"\/wp-content\/uploads\/2014\/05\/einzelner_pandit_432bright.png\" alt=\"post-img-14\" width=\"432\" height=\"243\" \/><br \/>\n<\/a>\n\n\t\n<\/div><\/div>\n<div class=\"grid grid-desktop-50 grid-mobile-100\"><div class=\"holder\"><h4 id=\"atirudrabhishek\">IM\u00c1GENES Y SONIDOS<\/h4>\n<p>Para tener una primera impresi\u00f3n de los Pandits V\u00e9dicos Maharishi en acci\u00f3n, se muestran aqu\u00ed unas fotos con grabaciones de audio de los Pandits realizando Yagyas.<\/p>\n<\/div><\/div>\n<\/div>\n","protected":false},"excerpt":{"rendered":"<p>LA PREPARACI\u00d3N SISTEM\u00c1TICA DE LOS PANDITS V\u00c9DICOS MAHARISHI Desde j\u00f3venes, los estudiantes de las familias v\u00e9dicas tradicionales de India siguen una preparaci\u00f3n sistem\u00e1tica para convertirse en profesionales de la paz \u2013 Los Pandits V\u00e9dicos Maharishi. Desde los 10 hasta los 20 a\u00f1os siguen un programa especial de estudio dise\u00f1ado por Maharishi. Ello incluye el aprendizaje [&hellip;]<\/p>\n","protected":false},"author":3,"featured_media":202,"parent":1711,"menu_order":1,"comment_status":"open","ping_status":"closed","template":"","meta":{"om_disable_all_campaigns":false,"_monsterinsights_skip_tracking":false,"_monsterinsights_sitenote_active":false,"_monsterinsights_sitenote_note":"","_monsterinsights_sitenote_category":0,"footnotes":""},"class_list":["post-1717","page","type-page","status-publish","has-post-thumbnail","hentry"],"_links":{"self":[{"href":"https:\/\/donation.vedicpandits.org\/es\/wp-json\/wp\/v2\/pages\/1717","targetHints":{"allow":["GET"]}}],"collection":[{"href":"https:\/\/donation.vedicpandits.org\/es\/wp-json\/wp\/v2\/pages"}],"about":[{"href":"https:\/\/donation.vedicpandits.org\/es\/wp-json\/wp\/v2\/types\/page"}],"author":[{"embeddable":true,"href":"https:\/\/donation.vedicpandits.org\/es\/wp-json\/wp\/v2\/users\/3"}],"replies":[{"embeddable":true,"href":"https:\/\/donation.vedicpandits.org\/es\/wp-json\/wp\/v2\/comments?post=1717"}],"version-history":[{"count":15,"href":"https:\/\/donation.vedicpandits.org\/es\/wp-json\/wp\/v2\/pages\/1717\/revisions"}],"predecessor-version":[{"id":15792,"href":"https:\/\/donation.vedicpandits.org\/es\/wp-json\/wp\/v2\/pages\/1717\/revisions\/15792"}],"up":[{"embeddable":true,"href":"https:\/\/donation.vedicpandits.org\/es\/wp-json\/wp\/v2\/pages\/1711"}],"wp:featuredmedia":[{"embeddable":true,"href":"https:\/\/donation.vedicpandits.org\/es\/wp-json\/wp\/v2\/media\/202"}],"wp:attachment":[{"href":"https:\/\/donation.vedicpandits.org\/es\/wp-json\/wp\/v2\/media?parent=1717"}],"curies":[{"name":"wp","href":"https:\/\/api.w.org\/{rel}","templated":true}]}}