{"id":1783,"date":"2014-04-08T09:14:28","date_gmt":"2014-04-08T09:14:28","guid":{"rendered":"https:\/\/vedicpandits.org\/?page_id=1783"},"modified":"2020-06-02T16:28:29","modified_gmt":"2020-06-02T16:28:29","slug":"science-2","status":"publish","type":"page","link":"https:\/\/donation.vedicpandits.org\/es\/peace-creating-group\/science-2\/","title":{"rendered":"Ciencia"},"content":{"rendered":"<h4>LA INVESTIGACI\u00d3N CIENT\u00cdFICA REAFIRMA LA EFICACIA DE LOS GRUPOS DE PANDITS<\/h4>\n<p>El prop\u00f3sito principal de establecer un gran grupo de Pandits V\u00e9dicos es crear un efecto de coherencia y armon\u00eda en la conciencia mundial.<\/p>\n<p>La investigaci\u00f3n cient\u00edfica ha mostrado que las tendencias negativas se reducen y las positivas se refuerzan cuando un n\u00famero suficiente de gente practica la Meditaci\u00f3n Trascendental y la t\u00e9cnica avanzada MT-Sidhi.<\/p>\n<p>Estos efectos beneficiosos han sido observados cuando<\/p>\n<ul>\n<li>El 1% de la poblaci\u00f3n ha aprendido la Meditaci\u00f3n Trascendental o<\/li>\n<li>Cuando la ra\u00edz cuadrada del 1% de la poblaci\u00f3n practica el programa MT-Sidhi, incluyendo el Vuelo Y\u00f3gico, en un mismo lugar<\/li>\n<\/ul>\n<p>Este fen\u00f3meno es conocido como el Efecto Maharishi, en honor de Maharishi quien lo predijo en 1.960, quince a\u00f1os antes de que empezara a ser validado emp\u00edricamente por la investigaci\u00f3n cient\u00edfica.<br \/>\n<div class=\"grid-holder\">\n<div class=\"grid grid-desktop-50 grid-mobile-100 zoom-image-holder\"><div class=\"holder\"><h4>EL ESTUDIO DE WASHINGTON<\/h4>\n<p>La delincuencia violenta se redujo en casi un 25% en Washington D.C. cuando un grupo de 4.000 Voladores Y\u00f3guicos se reunieron durante varias semanas en el verano de 1.993 (ver la tabla de abajo). Esta investigaci\u00f3n fue publicada en 1.999 en el peri\u00f3dico <em>Social Indicators Research <\/em>(Investigaci\u00f3n de Indicadores Sociales), previamente revisada por expertos, una revisi\u00f3n por pares. <em>Social Indicators Research 1999 47(2):153-201.<\/em><\/p>\n<p><a href=\"https:\/\/donation.vedicpandits.org\/wp-content\/uploads\/2020\/06\/es_washington_crime_chart.png\"><img decoding=\"async\" class=\"alignnone size-full wp-image-83\" src=\"\/wp-content\/uploads\/2020\/06\/es_washington_crime_chart.png\" alt=\"post-img-2\" width=\"350\" \/><\/a><\/p>\n<\/div><\/div>\n<div class=\"grid grid-desktop-50 grid-mobile-100\"><div class=\"holder\"><p><img loading=\"lazy\" decoding=\"async\" class=\"alignnone size-full wp-image-85\" src=\"\/wp-content\/uploads\/2014\/04\/post-img-1.jpg\" alt=\"post-img-1\" width=\"435\" height=\"400\" srcset=\"https:\/\/donation.vedicpandits.org\/wp-content\/uploads\/2014\/04\/post-img-1.jpg 435w, https:\/\/donation.vedicpandits.org\/wp-content\/uploads\/2014\/04\/post-img-1-300x275.jpg 300w\" sizes=\"auto, (max-width: 435px) 100vw, 435px\" \/><\/p>\n<\/div><\/div>\n<\/div>\n<h4>APLICACI\u00d3N PARA EL MUNDO ENTERO<\/h4>\n<p>Estos datos muestran la evidencia de que un grupo de Voladores Y\u00f3guicos igual a la ra\u00edz cuadrada del 1% de la poblaci\u00f3n traer\u00e1 la paz para toda la sociedad. Como la ra\u00edz cuadrada del 1% de la poblaci\u00f3n mundial es de 8.400 considerando 7 mil millones de habitantes, el objetivo del Grupo de Pandits V\u00e9dicos ha sido fijado en 9.000.<\/p>\n<div class=\"border-line\">&nbsp;<\/div>\n<h4>LA TEOR\u00cdA CIENT\u00cdFICA DE LOS GRUPOS CREADORES DE PAZ<\/h4>\n<p>Las explicaciones te\u00f3ricas del poderoso impacto del grupo de meditaci\u00f3n sobre el crimen y el estr\u00e9s social incluye un \u201cmodelo de campo de la conciencia\u201d, en el que la conciencia, en su nivel m\u00e1s profundo, es un campo que subyace y conecta a los individuos en la sociedad. Tal teor\u00eda es consistente con los \u00faltimos descubrimientos de la f\u00edsica, la fisiolog\u00eda y la neurociencia.<\/p>\n<div class=\"grid-holder\">\n<div class=\"grid grid-desktop-50 grid-mobile-100\"><div class=\"holder\"><p>Por ejemplo, la f\u00edsica moderna ha localizado m\u00e1s niveles unificados de funcionamiento de la naturaleza a escalas de tiempo y distancia m\u00e1s peque\u00f1os, culminando en el descubrimiento del campo unificado (\u201ccampo de las supercuerdas\u201d) que subyace y conecta todas las diversas fuerzas y part\u00edculas en el universo (ver tabla de la derecha).<\/p>\n<p>De forma similar, la Meditaci\u00f3n Trascendental y el programa Sidhis-MT proporcionan la experiencia directa de los niveles m\u00e1s silenciosos, m\u00e1s profundos del pensamiento \u2013 culminando en la experiencia del campo unificado en la base de la mente y la materia. La pr\u00e1ctica en grupo estimula poderosamente este campo universal, unificado de la conciencia colectiva, creando una influencia coherente en toda la sociedad.<\/p>\n<\/div><\/div>\n<div class=\"grid grid-desktop-50 grid-mobile-100 zoom-image-holder\"><div class=\"holder\"><p><a href=\"\/wp-content\/uploads\/2014\/04\/es-uf-chart.jpg\"><img loading=\"lazy\" decoding=\"async\" src=\"\/wp-content\/uploads\/2014\/04\/es-uf-chart.jpg\" alt=\"es-uf-chart\" width=\"500\" height=\"287\" class=\"alignleft size-full wp-image-2873\" srcset=\"https:\/\/donation.vedicpandits.org\/wp-content\/uploads\/2014\/04\/es-uf-chart.jpg 500w, https:\/\/donation.vedicpandits.org\/wp-content\/uploads\/2014\/04\/es-uf-chart-300x172.jpg 300w\" sizes=\"auto, (max-width: 500px) 100vw, 500px\" \/><\/a><\/p>\n<\/div><\/div>\n<\/div>\n<p>Los estudios cient\u00edficos que miden el efecto de la Meditaci\u00f3n Trascendental en la sociedad han establecido que la influencia de la promoci\u00f3n de paz generada por un grupo de gente que practica la MT crece en proporci\u00f3n al cuadrado del n\u00famero de personas del grupo. Si el grupo est\u00e1 formado por Voladores Y\u00f3guicos \u2013 preparados para el programa avanzado Sidhis-MT \u2013 los estudios muestran que la ra\u00edz cuadrada del 1% de la poblaci\u00f3n es suficiente para crear una influencia beneficiosa significativa.<\/p>\n<p>Esto significa que s\u00f3lo se necesitan unos pocos cientos o unos pocos miles de individuos para producir un efecto extremadamente potente, cient\u00edficamente demostrado, de paz, armon\u00eda y prosperidad en la sociedad que nos rodea &#8211; incluso a escala nacional o mundial. Para el mundo entero, se necesita un grupo de 9.000 personas (que es aproximadamente la ra\u00edz cuadrada del 1% de la poblaci\u00f3n mundial). Este es el tama\u00f1o que deseamos para nuestro grupo de Pandits V\u00e9dicos Maharishi en India.<\/p>\n<div class=\"border-line\">&nbsp;<\/div>\n<h4 id=\"science_hagelin\">UN EFECTO DE CAMPO DE LA CONCIENCIA<\/h4>\n<p>\u00bfC\u00f3mo es posible que las personas que practican la Meditaci\u00f3n Trascendental solas en sus casas u oficinas, o juntas en un grupo, puedan influenciar a otras personas en su ciudad, en su pa\u00eds o incluso alrededor del mundo \u2013 incluso a aqu\u00e9llas que no est\u00e1n meditando?<\/p>\n<div class=\"grid-holder\">\n<div class=\"grid grid-desktop-50 grid-mobile-100\"><div class=\"holder\">\t<a href=\"https:\/\/donation.vedicpandits.org\/es\/peace-creating-group\/science-2\/?image_video=https%3A%2F%2Fwww.youtube.com%2Fwatch%3Fv%3DyVFa6Wtuxu8%3Frel%3D0\" class=\"video-link \">\n<img loading=\"lazy\" decoding=\"async\" class=\"alignnone size-full wp-image-92\" src=\"\/wp-content\/uploads\/2014\/04\/post-img-14.jpg\" alt=\"post-img-14\" width=\"433\" height=\"321\" srcset=\"https:\/\/donation.vedicpandits.org\/wp-content\/uploads\/2014\/04\/post-img-14.jpg 433w, https:\/\/donation.vedicpandits.org\/wp-content\/uploads\/2014\/04\/post-img-14-300x222.jpg 300w\" sizes=\"auto, (max-width: 433px) 100vw, 433px\" \/><br \/>\n<\/a>\n\n\t\n<\/div><\/div>\n<div class=\"grid grid-desktop-50 grid-mobile-100\"><div class=\"holder\"><p>La influencia del grupo de meditaci\u00f3n viaja a trav\u00e9s de un campo subyacente &#8211; de la misma manera que se puede escuchar un programa de radio en directo transmitido desde el otro lado del mundo. En el primer caso, el campo electromagn\u00e9tico une la estaci\u00f3n emisora con el aparato de radio. En el otro ejemplo, el campo de la conciencia une al meditador con el resto de la poblaci\u00f3n. Las olas de coherencia del grupo creador de paz, extendidas por todo el campo de la conciencia, producen una influencia beneficiosa y medible en toda la sociedad.<\/p>\n\t<a href=\"https:\/\/donation.vedicpandits.org\/es\/peace-creating-group\/science-2\/?image_video=https%3A%2F%2Fwww.youtube.com%2Fwatch%3Fv%3DyVFa6Wtuxu8%3Frel%3D0\" class=\"video-link no-pointer\"> \u27a2 Ver el v\u00eddeo con el f\u00edsico cu\u00e1ntico John Hagelin explicando el campo unificado.<\/a>\n\n\t\n<\/div><\/div>\n<\/div>\n<p>&nbsp;<\/p>\n<h5>LOS SISTEMAS COHERENTES SON M\u00c1S POTENTES \u2013 EL EJEMPLO DEL L\u00c1SER<\/h5>\n<p>\u00bfPor qu\u00e9 se necesita s\u00f3lo un n\u00famero relativamente peque\u00f1o de personas en el grupo creador de paz para crear una influencia beneficiosa para toda la poblaci\u00f3n? La f\u00edsica ha establecido que un sistema que funcione coherentemente tiene mayor poder que uno que funcione de forma incoherente.<\/p>\n<p>Tomemos el ejemplo de la luz del l\u00e1ser, es decir, las ondas de luz que se han ajustado para funcionar de manera coherente para que los picos y valles de cada onda est\u00e9n en sinton\u00eda con todas las dem\u00e1s ondas. La luz del l\u00e1ser es mucho m\u00e1s poderosa que la luz emitida por una bombilla ordinaria. De hecho, el tama\u00f1o del efecto de la luz l\u00e1ser es proporcional al cuadrado del n\u00famero de ondas &#8211; por ejemplo, 100 ondas que funcionen coherentemente producir\u00e1n el efecto de 10.000 (100 al cuadrado) ondas ordinarias.<\/p>\n<p>De la misma manera, un grupo numeroso de personas practicando el programa Sidhis-MT aviva el campo de la conciencia en un nivel calmado y coherente produciendo un efecto de paz mucho m\u00e1s poderoso que esas mismas personas pod\u00edan conseguir mediante esfuerzos individuales.<\/p>\n","protected":false},"excerpt":{"rendered":"<p>LA INVESTIGACI\u00d3N CIENT\u00cdFICA REAFIRMA LA EFICACIA DE LOS GRUPOS DE PANDITS El prop\u00f3sito principal de establecer un gran grupo de Pandits V\u00e9dicos es crear un efecto de coherencia y armon\u00eda en la conciencia mundial. La investigaci\u00f3n cient\u00edfica ha mostrado que las tendencias negativas se reducen y las positivas se refuerzan cuando un n\u00famero suficiente de [&hellip;]<\/p>\n","protected":false},"author":3,"featured_media":0,"parent":1711,"menu_order":2,"comment_status":"open","ping_status":"closed","template":"template-science.php","meta":{"om_disable_all_campaigns":false,"_monsterinsights_skip_tracking":false,"_monsterinsights_sitenote_active":false,"_monsterinsights_sitenote_note":"","_monsterinsights_sitenote_category":0,"footnotes":""},"class_list":["post-1783","page","type-page","status-publish","hentry"],"_links":{"self":[{"href":"https:\/\/donation.vedicpandits.org\/es\/wp-json\/wp\/v2\/pages\/1783","targetHints":{"allow":["GET"]}}],"collection":[{"href":"https:\/\/donation.vedicpandits.org\/es\/wp-json\/wp\/v2\/pages"}],"about":[{"href":"https:\/\/donation.vedicpandits.org\/es\/wp-json\/wp\/v2\/types\/page"}],"author":[{"embeddable":true,"href":"https:\/\/donation.vedicpandits.org\/es\/wp-json\/wp\/v2\/users\/3"}],"replies":[{"embeddable":true,"href":"https:\/\/donation.vedicpandits.org\/es\/wp-json\/wp\/v2\/comments?post=1783"}],"version-history":[{"count":28,"href":"https:\/\/donation.vedicpandits.org\/es\/wp-json\/wp\/v2\/pages\/1783\/revisions"}],"predecessor-version":[{"id":42674,"href":"https:\/\/donation.vedicpandits.org\/es\/wp-json\/wp\/v2\/pages\/1783\/revisions\/42674"}],"up":[{"embeddable":true,"href":"https:\/\/donation.vedicpandits.org\/es\/wp-json\/wp\/v2\/pages\/1711"}],"wp:attachment":[{"href":"https:\/\/donation.vedicpandits.org\/es\/wp-json\/wp\/v2\/media?parent=1783"}],"curies":[{"name":"wp","href":"https:\/\/api.w.org\/{rel}","templated":true}]}}