{"id":1792,"date":"2014-04-08T07:40:21","date_gmt":"2014-04-08T07:40:21","guid":{"rendered":"https:\/\/vedicpandits.org\/?page_id=1792"},"modified":"2015-01-09T13:31:51","modified_gmt":"2015-01-09T13:31:51","slug":"events","status":"publish","type":"page","link":"https:\/\/donation.vedicpandits.org\/es\/contact\/events\/","title":{"rendered":"Eventos"},"content":{"rendered":"<h4>NUESTROS CAMPUS HAN ACOGIDO A PERSONAS DE TODAS LAS PARTES DEL MUNDO.<\/h4>\n<p>Miles de personas ya han hecho uso de esta posibilidad mediante la participaci\u00f3n en eventos, cursos y visitas en tres lugares principales.<br \/>\nEsperamos poder darle la bienvenida a uno o m\u00e1s de estos centros, donde se puede tener la experiencia profunda del silencio profundo en las cercan\u00edas de un gran grupo creador de paz, y disfrutar de las recitaciones en vivo de los Pandits V\u00e9dicos Maharishi.<\/p>\n","protected":false},"excerpt":{"rendered":"<p>NUESTROS CAMPUS HAN ACOGIDO A PERSONAS DE TODAS LAS PARTES DEL MUNDO. Miles de personas ya han hecho uso de esta posibilidad mediante la participaci\u00f3n en eventos, cursos y visitas en tres lugares principales. Esperamos poder darle la bienvenida a uno o m\u00e1s de estos centros, donde se puede tener la experiencia profunda del silencio [&hellip;]<\/p>\n","protected":false},"author":3,"featured_media":57,"parent":1361,"menu_order":0,"comment_status":"open","ping_status":"closed","template":"template-events.php","meta":{"om_disable_all_campaigns":false,"_monsterinsights_skip_tracking":false,"_monsterinsights_sitenote_active":false,"_monsterinsights_sitenote_note":"","_monsterinsights_sitenote_category":0,"footnotes":""},"class_list":["post-1792","page","type-page","status-publish","has-post-thumbnail","hentry"],"_links":{"self":[{"href":"https:\/\/donation.vedicpandits.org\/es\/wp-json\/wp\/v2\/pages\/1792","targetHints":{"allow":["GET"]}}],"collection":[{"href":"https:\/\/donation.vedicpandits.org\/es\/wp-json\/wp\/v2\/pages"}],"about":[{"href":"https:\/\/donation.vedicpandits.org\/es\/wp-json\/wp\/v2\/types\/page"}],"author":[{"embeddable":true,"href":"https:\/\/donation.vedicpandits.org\/es\/wp-json\/wp\/v2\/users\/3"}],"replies":[{"embeddable":true,"href":"https:\/\/donation.vedicpandits.org\/es\/wp-json\/wp\/v2\/comments?post=1792"}],"version-history":[{"count":5,"href":"https:\/\/donation.vedicpandits.org\/es\/wp-json\/wp\/v2\/pages\/1792\/revisions"}],"predecessor-version":[{"id":2151,"href":"https:\/\/donation.vedicpandits.org\/es\/wp-json\/wp\/v2\/pages\/1792\/revisions\/2151"}],"up":[{"embeddable":true,"href":"https:\/\/donation.vedicpandits.org\/es\/wp-json\/wp\/v2\/pages\/1361"}],"wp:featuredmedia":[{"embeddable":true,"href":"https:\/\/donation.vedicpandits.org\/es\/wp-json\/wp\/v2\/media\/57"}],"wp:attachment":[{"href":"https:\/\/donation.vedicpandits.org\/es\/wp-json\/wp\/v2\/media?parent=1792"}],"curies":[{"name":"wp","href":"https:\/\/api.w.org\/{rel}","templated":true}]}}