{"id":1824,"date":"2014-04-08T07:09:41","date_gmt":"2014-04-08T07:09:41","guid":{"rendered":"https:\/\/vedicpandits.org\/?page_id=1824"},"modified":"2015-03-31T15:25:42","modified_gmt":"2015-03-31T15:25:42","slug":"scope","status":"publish","type":"page","link":"https:\/\/donation.vedicpandits.org\/es\/peace-creating-group\/scope\/","title":{"rendered":"Alcance"},"content":{"rendered":"<p>Nuestro proyecto incluye un grupo principal y un programa de formaci\u00f3n relacionado, que lo desarrolla y lo repone.<br \/>\n<div class=\"border-line\">&nbsp;<\/div>\n<div class=\"grid-holder\">\n<div class=\"grid grid-desktop-50 grid-mobile-100\"><div class=\"holder\"><h4>EL GRUPO PRINCIPAL<\/h4>\n<p>Elegir a los Pandits V\u00e9dicos para formar parte del grupo de nuestro proyecto en India es a la vez una decisi\u00f3n tradicional y pr\u00e1ctica. En la antig\u00fcedad, los Pandits V\u00e9dicos eran tradicionalmente responsables de mantener la armon\u00eda en la sociedad y el equilibrio en la naturaleza. Hoy en d\u00eda India ofrece un lugar econ\u00f3mico que da formaci\u00f3n a los Pandits V\u00e9dicos y los cualifica como profesionales creadores de paz.<\/p>\n<p>El objetivo es tener un grupo de 9.000 Pandits V\u00e9dicos Maharishi para crear el efecto pacificador en todo el mundo. El apoyo a este grupo facilita poder pagar salarios y establecer un campus completo con infraestructura, alojamiento, formaci\u00f3n avanzada, comidas, as\u00ed como una campo de cultivo hort\u00edcola y de producci\u00f3n de productos l\u00e1cteos.<\/p>\n<p>Actualmente, m\u00e1s de 2.000 Pandits est\u00e1n viviendo en el campus principal en el Brahmasthan &#8211; el centro geogr\u00e1fico &#8211; de India, cerca de la ciudad de Jabalpur, en el Estado de Madhya Pradesh.<\/p>\n<\/div><\/div>\n<div class=\"grid grid-desktop-50 grid-mobile-100 zoom-image-holder\"><div class=\"holder\"><p><a href=\"\/wp-content\/uploads\/2014\/04\/map-of-india.jpg\"><img loading=\"lazy\" decoding=\"async\" class=\"alignleft size-full wp-image-595\" src=\"\/wp-content\/uploads\/2014\/04\/map-of-india.jpg\" alt=\"map-of-india\" width=\"550\" height=\"523\" srcset=\"https:\/\/donation.vedicpandits.org\/wp-content\/uploads\/2014\/04\/map-of-india.jpg 550w, https:\/\/donation.vedicpandits.org\/wp-content\/uploads\/2014\/04\/map-of-india-300x285.jpg 300w\" sizes=\"auto, (max-width: 550px) 100vw, 550px\" \/><\/a><\/p>\n<\/div><\/div>\n<\/div>\n<div class=\"border-line\">&nbsp;<\/div>\n<div class=\"grid-holder\">\n<div class=\"grid grid-desktop-50 grid-mobile-100 zoom-image-holder\"><div class=\"holder\"><p><a href=\"\/wp-content\/uploads\/2014\/04\/131207_training_chart_web-Kopie.jpg\"><img loading=\"lazy\" decoding=\"async\" class=\"alignnone size-medium wp-image-250\" src=\"\/wp-content\/uploads\/2014\/04\/131207_training_chart_web-Kopie.jpg\" alt=\"\" width=\"432\" height=\"211\" \/><\/a><\/p>\n<\/div><\/div>\n<div class=\"grid grid-desktop-50 grid-mobile-100\"><div class=\"holder\"><h4>EL PROGRAMA DE FORMACI\u00d3N DE LOS PANDITS<\/h4>\n<p>Con el fin de mantener el grupo principal y reponer la salida natural de participantes, un programa de formaci\u00f3n Pandit ha sido establecido por Maharishi en toda India.<br \/>\nApoya y mantiene el grupo del Bramasthan tal como se dise\u00f1\u00f3, para tener inscritos:<br \/>\n\u2013 20,000 estudiantes j\u00f3venes que reciben formaci\u00f3n, a nivel de localidades<br \/>\n\u2013 10,000 estudiantes de m\u00e1s edad que reciben formaci\u00f3n en instalaciones residenciales.<br \/>\nEl programa est\u00e1 dise\u00f1ado para graduar a 1.200-1.500 Pandits cada a\u00f1o, con el fin de asegurar que el grupo principal se mantenga siempre por encima de los 9.000 participantes.<\/p>\n<\/div><\/div>\n<\/div>\n","protected":false},"excerpt":{"rendered":"<p>Nuestro proyecto incluye un grupo principal y un programa de formaci\u00f3n relacionado, que lo desarrolla y lo repone.<\/p>\n","protected":false},"author":3,"featured_media":196,"parent":1711,"menu_order":4,"comment_status":"open","ping_status":"closed","template":"","meta":{"om_disable_all_campaigns":false,"_monsterinsights_skip_tracking":false,"_monsterinsights_sitenote_active":false,"_monsterinsights_sitenote_note":"","_monsterinsights_sitenote_category":0,"footnotes":""},"class_list":["post-1824","page","type-page","status-publish","has-post-thumbnail","hentry"],"_links":{"self":[{"href":"https:\/\/donation.vedicpandits.org\/es\/wp-json\/wp\/v2\/pages\/1824","targetHints":{"allow":["GET"]}}],"collection":[{"href":"https:\/\/donation.vedicpandits.org\/es\/wp-json\/wp\/v2\/pages"}],"about":[{"href":"https:\/\/donation.vedicpandits.org\/es\/wp-json\/wp\/v2\/types\/page"}],"author":[{"embeddable":true,"href":"https:\/\/donation.vedicpandits.org\/es\/wp-json\/wp\/v2\/users\/3"}],"replies":[{"embeddable":true,"href":"https:\/\/donation.vedicpandits.org\/es\/wp-json\/wp\/v2\/comments?post=1824"}],"version-history":[{"count":5,"href":"https:\/\/donation.vedicpandits.org\/es\/wp-json\/wp\/v2\/pages\/1824\/revisions"}],"predecessor-version":[{"id":2937,"href":"https:\/\/donation.vedicpandits.org\/es\/wp-json\/wp\/v2\/pages\/1824\/revisions\/2937"}],"up":[{"embeddable":true,"href":"https:\/\/donation.vedicpandits.org\/es\/wp-json\/wp\/v2\/pages\/1711"}],"wp:featuredmedia":[{"embeddable":true,"href":"https:\/\/donation.vedicpandits.org\/es\/wp-json\/wp\/v2\/media\/196"}],"wp:attachment":[{"href":"https:\/\/donation.vedicpandits.org\/es\/wp-json\/wp\/v2\/media?parent=1824"}],"curies":[{"name":"wp","href":"https:\/\/api.w.org\/{rel}","templated":true}]}}