{"id":1829,"date":"2014-04-08T07:09:46","date_gmt":"2014-04-08T07:09:46","guid":{"rendered":"https:\/\/vedicpandits.org\/?page_id=1829"},"modified":"2018-08-15T11:25:04","modified_gmt":"2018-08-15T11:25:04","slug":"cost","status":"publish","type":"page","link":"https:\/\/donation.vedicpandits.org\/es\/peace-creating-group\/cost\/","title":{"rendered":"El coste"},"content":{"rendered":"<h4>LA PAZ PERMANENTE CUESTA UNA PEQUE\u00d1A FRACCI\u00d3N DE LO QUE CUESTAN HOY LOS EJ\u00c9RCITOS<\/h4>\n<p>La Iniciativa Global de Paz tiene el potencial de ser el programa de consolidaci\u00f3n de la paz m\u00e1s rentable y exitoso llevado a cabo en los tiempos modernos. La financiaci\u00f3n necesaria para dotar de forma permanente todo el proyecto es inferior a lo que las fuerzas armadas del mundo en conjunto gastan cada seis horas, y menos de la mitad del costo de un bombardero B-2. Aunque peque\u00f1o en comparaci\u00f3n con los presupuestos militares, las necesidades de financiaci\u00f3n del proyecto, sin embargo, son significativas. El apoyo anual necesario para aplicar plenamente la Iniciativa Global de Paz es de 45,5 millones de d\u00f3lares USA por a\u00f1o. Este coste anual total se compone de dos partes:<\/p>\n<p>1. El apoyo a un grupo de 9.000 Pandits V\u00e9dicos Maharishi en el campus del centro geogr\u00e1fico de India.<\/p>\n<p>2. El apoyo al programa de formaci\u00f3n para los nuevos Pandits V\u00e9dicos Maharishi.<\/p>\n<p>A medida que las operaciones del campus central y los programas de cualificaci\u00f3n experimentan actualmente un buen desarrollo en la etapa de implementaci\u00f3n, los componentes de los costes del presupuesto son bien conocidos y se describen a continuaci\u00f3n.<\/p>\n<div class=\"border-line\">&nbsp;<\/div>\n<div class=\"grid-holder grid-border-50\">\n<div class=\"grid grid-desktop-50 grid-mobile-100\"><div class=\"holder\"><p><img loading=\"lazy\" decoding=\"async\" class=\"alignleft size-full wp-image-577\" src=\"\/wp-content\/uploads\/2014\/04\/2146-432.jpg\" alt=\"2146 - 432\" width=\"432\" height=\"253\" srcset=\"https:\/\/donation.vedicpandits.org\/wp-content\/uploads\/2014\/04\/2146-432.jpg 432w, https:\/\/donation.vedicpandits.org\/wp-content\/uploads\/2014\/04\/2146-432-300x175.jpg 300w, https:\/\/donation.vedicpandits.org\/wp-content\/uploads\/2014\/04\/2146-432-430x253.jpg 430w\" sizes=\"auto, (max-width: 432px) 100vw, 432px\" \/><\/p>\n<h4>1. MANTENIMIENTO DEL GRUPO PRINCIPAL DE 9.000 PARTICIPANTES<\/h4>\n<p>Son suficientes 250 d\u00f3lares USA al mes para mantener a cada Pandit incluyendo el alojamiento y la manutenci\u00f3n completa, la atenci\u00f3n m\u00e9dica, la ropa y la ayuda a\u00fan m\u00e1s especializada para educaci\u00f3n y formaci\u00f3n, as\u00ed como un modesto estipendio para su familia. Tambi\u00e9n se incluye el mantenimiento, administraci\u00f3n y otros gastos originados durante su estancia en el Brahmasthan de India. Con 9.000 Pandits V\u00e9dicos participando en el proyecto en el campus el coste total es de 27 millones de d\u00f3lares USA por a\u00f1o.<\/p>\n<\/div><\/div>\n<div class=\"grid grid-desktop-50 grid-mobile-100\"><div class=\"holder\"><p><a href=\"\/wp-content\/uploads\/2014\/04\/9297-432.jpg\"><img loading=\"lazy\" decoding=\"async\" class=\"alignleft size-full wp-image-579\" src=\"\/wp-content\/uploads\/2014\/04\/9297-432.jpg\" alt=\"9297 - 432\" width=\"432\" height=\"253\" srcset=\"https:\/\/donation.vedicpandits.org\/wp-content\/uploads\/2014\/04\/9297-432.jpg 432w, https:\/\/donation.vedicpandits.org\/wp-content\/uploads\/2014\/04\/9297-432-300x175.jpg 300w, https:\/\/donation.vedicpandits.org\/wp-content\/uploads\/2014\/04\/9297-432-430x253.jpg 430w\" sizes=\"auto, (max-width: 432px) 100vw, 432px\" \/><\/a><\/p>\n<h4>2. EL PROGRAMA DE FORMACI\u00d3N DE PANDITS<\/h4>\n<p>Para garantizar la reposici\u00f3n constante de Pandits V\u00e9dicos Maharishi para el grupo principal en el centro de India, el programa de formaci\u00f3n se ha dise\u00f1ado para incluir:   20.000 j\u00f3venes estudiantes en sus propios pueblos, a un coste de 12 d\u00f3lares USA por alumno y mes y 10.000 estudiantes de m\u00e1s edad en centros residenciales de formaci\u00f3n con un coste de 130 d\u00f3lares USA por alumno y mes. El coste anual para el programa de formaci\u00f3n es de 18,5 millones de d\u00f3lares USA.<\/p>\n<\/div><\/div>\n<\/div>\n<h4 style=\"text-align: center; margin-top: 20px;\">EL PRESUPUESTO TOTAL<\/h4>\n<p style=\"text-align: center;\">El presupuesto anual combinado para el grupo principal y el programa de formaci\u00f3n es de 45,5 millones de d\u00f3lares USA.<\/p>\n<div class=\"border-line\">&nbsp;<\/div>\n<p style=\"text-align: center; color: #e07e27;\"><em>Si usted desea financiar a un Pandit o donar fondos para nuestro proyecto, haga clic a continuaci\u00f3n.<\/em><\/p>\n\t<p style=\"text-align: center\">\n\t\t<a href=\"https:\/\/aro.vedicpandits.org\/es\/donate\"   class=\"btn btn-large \" > > \n\t\t\tC\u00d3MO CONTRIBUIR A NUESTRO PROYECTO\t\t<\/a>\n\t<\/p>\n\n\t\n","protected":false},"excerpt":{"rendered":"<p>LA PAZ PERMANENTE CUESTA UNA PEQUE\u00d1A FRACCI\u00d3N DE LO QUE CUESTAN HOY LOS EJ\u00c9RCITOS La Iniciativa Global de Paz tiene el potencial de ser el programa de consolidaci\u00f3n de la paz m\u00e1s rentable y exitoso llevado a cabo en los tiempos modernos. La financiaci\u00f3n necesaria para dotar de forma permanente todo el proyecto es inferior [&hellip;]<\/p>\n","protected":false},"author":3,"featured_media":192,"parent":1711,"menu_order":5,"comment_status":"open","ping_status":"closed","template":"","meta":{"om_disable_all_campaigns":false,"_monsterinsights_skip_tracking":false,"_monsterinsights_sitenote_active":false,"_monsterinsights_sitenote_note":"","_monsterinsights_sitenote_category":0,"footnotes":""},"class_list":["post-1829","page","type-page","status-publish","has-post-thumbnail","hentry"],"_links":{"self":[{"href":"https:\/\/donation.vedicpandits.org\/es\/wp-json\/wp\/v2\/pages\/1829","targetHints":{"allow":["GET"]}}],"collection":[{"href":"https:\/\/donation.vedicpandits.org\/es\/wp-json\/wp\/v2\/pages"}],"about":[{"href":"https:\/\/donation.vedicpandits.org\/es\/wp-json\/wp\/v2\/types\/page"}],"author":[{"embeddable":true,"href":"https:\/\/donation.vedicpandits.org\/es\/wp-json\/wp\/v2\/users\/3"}],"replies":[{"embeddable":true,"href":"https:\/\/donation.vedicpandits.org\/es\/wp-json\/wp\/v2\/comments?post=1829"}],"version-history":[{"count":13,"href":"https:\/\/donation.vedicpandits.org\/es\/wp-json\/wp\/v2\/pages\/1829\/revisions"}],"predecessor-version":[{"id":15082,"href":"https:\/\/donation.vedicpandits.org\/es\/wp-json\/wp\/v2\/pages\/1829\/revisions\/15082"}],"up":[{"embeddable":true,"href":"https:\/\/donation.vedicpandits.org\/es\/wp-json\/wp\/v2\/pages\/1711"}],"wp:featuredmedia":[{"embeddable":true,"href":"https:\/\/donation.vedicpandits.org\/es\/wp-json\/wp\/v2\/media\/192"}],"wp:attachment":[{"href":"https:\/\/donation.vedicpandits.org\/es\/wp-json\/wp\/v2\/media?parent=1829"}],"curies":[{"name":"wp","href":"https:\/\/api.w.org\/{rel}","templated":true}]}}