{"id":1836,"date":"2014-04-08T07:09:52","date_gmt":"2014-04-08T07:09:52","guid":{"rendered":"https:\/\/vedicpandits.org\/?page_id=1836"},"modified":"2016-07-27T10:06:25","modified_gmt":"2016-07-27T10:06:25","slug":"progress","status":"publish","type":"page","link":"https:\/\/donation.vedicpandits.org\/es\/peace-creating-group\/progress\/","title":{"rendered":"El progreso"},"content":{"rendered":"<h4>HITOS REALIZADOS HACIA NUESTRO OBJETIVO<\/h4>\n<ul>\n<li>Para el campus de los 9.000 Pandits V\u00e9dicos Maharishi, se han comprado 1.700 acres (688 hect\u00e1reas) de tierra cerca de Jabalpur, en Madhya Pradesh, India (La foto de arriba fue tomada en 2013)<\/li>\n<li>El alojamiento para 2.500 Pandits V\u00e9dicos Maharishi ya est\u00e1 construido. Esto incluye la infraestructura, los edificios de administraci\u00f3n, comedores y salones para la realizaci\u00f3n de Yagyas y una vaquer\u00eda &#8211; todos construidos de acuerdo a los principios del Sthapathya Veda, la ciencia v\u00e9dica de la arquitectura.<\/li>\n<li>M\u00e1s de 2.000 Pandits V\u00e9dicos Maharishi completamente entrenados ya est\u00e1n en residencia y siguen el programa diario para crear paz.<\/li>\n<li>Ha comenzado el alojamiento para 5.000 Pandits adicionales pero requiere financiaci\u00f3n adicional para terminarlo.<\/li>\n<li>El programa Guru Ji para la formaci\u00f3n de los j\u00f3venes estudiantes Pandits en sus localidades de origen se inici\u00f3 hace m\u00e1s de una d\u00e9cada y contin\u00faa.<\/li>\n<li>La formaci\u00f3n de los estudiantes de mayor edad se imparte en 46 centros de formaci\u00f3n residenciales distribuidos en toda India. En la actualidad hay cerca de 3.000 estudiantes residenciales matriculados.<\/li>\n<li>Se han establecido dos organizaciones de recaudaci\u00f3n de fondos para apoyar la Iniciativa Global de Paz. La \u00abBrahmananda Saraswati Foundation\u00bb en los Estados Unidos y la \u00abBrahmananda Saraswati Trust\u00bb en Holanda, ambas registradas como Organizaciones Ben\u00e9ficas en sus pa\u00edses respectivos.<\/li>\n<li>Una red de coordinadores nacionales voluntarios (<a href=\"https:\/\/donation.vedicpandits.org\/es\/contact\/\">\u2018Embajadores\u2019<\/a>) ha sido creada para promover esta iniciativa entre la poblaci\u00f3n de 90 pa\u00edses.<\/li>\n<li>En s\u00f3lo unos pocos a\u00f1os, el programa de promoci\u00f3n de las donaciones mensuales regulares ha crecido hasta recaudar 430.000 d\u00f3lares USA mensuales para financiar a los Pandits.<\/li>\n<li>Muchas organizaciones nacionales dentro del movimiento de Meditaci\u00f3n Trascendental en todo el mundo tambi\u00e9n est\u00e1n recaudando fondos para apoyar a los Pandits V\u00e9dicos Maharishi.<\/li>\n<p>\t<!--\n\n<li>En los Estados Unidos de Am\u00e9rica se ha establecido un grupo de Pandits V\u00e9dicos Maharishi en la Ciudad V\u00e9dica Maharishi, en Iowa, financiado por donantes estadounidenses.<\/li>\n\n-->\n<\/ul>\n","protected":false},"excerpt":{"rendered":"<p>HITOS REALIZADOS HACIA NUESTRO OBJETIVO Para el campus de los 9.000 Pandits V\u00e9dicos Maharishi, se han comprado 1.700 acres (688 hect\u00e1reas) de tierra cerca de Jabalpur, en Madhya Pradesh, India (La foto de arriba fue tomada en 2013) El alojamiento para 2.500 Pandits V\u00e9dicos Maharishi ya est\u00e1 construido. Esto incluye la infraestructura, los edificios de [&hellip;]<\/p>\n","protected":false},"author":3,"featured_media":189,"parent":1711,"menu_order":6,"comment_status":"open","ping_status":"closed","template":"","meta":{"om_disable_all_campaigns":false,"_monsterinsights_skip_tracking":false,"_monsterinsights_sitenote_active":false,"_monsterinsights_sitenote_note":"","_monsterinsights_sitenote_category":0,"footnotes":""},"class_list":["post-1836","page","type-page","status-publish","has-post-thumbnail","hentry"],"_links":{"self":[{"href":"https:\/\/donation.vedicpandits.org\/es\/wp-json\/wp\/v2\/pages\/1836","targetHints":{"allow":["GET"]}}],"collection":[{"href":"https:\/\/donation.vedicpandits.org\/es\/wp-json\/wp\/v2\/pages"}],"about":[{"href":"https:\/\/donation.vedicpandits.org\/es\/wp-json\/wp\/v2\/types\/page"}],"author":[{"embeddable":true,"href":"https:\/\/donation.vedicpandits.org\/es\/wp-json\/wp\/v2\/users\/3"}],"replies":[{"embeddable":true,"href":"https:\/\/donation.vedicpandits.org\/es\/wp-json\/wp\/v2\/comments?post=1836"}],"version-history":[{"count":7,"href":"https:\/\/donation.vedicpandits.org\/es\/wp-json\/wp\/v2\/pages\/1836\/revisions"}],"predecessor-version":[{"id":8658,"href":"https:\/\/donation.vedicpandits.org\/es\/wp-json\/wp\/v2\/pages\/1836\/revisions\/8658"}],"up":[{"embeddable":true,"href":"https:\/\/donation.vedicpandits.org\/es\/wp-json\/wp\/v2\/pages\/1711"}],"wp:featuredmedia":[{"embeddable":true,"href":"https:\/\/donation.vedicpandits.org\/es\/wp-json\/wp\/v2\/media\/189"}],"wp:attachment":[{"href":"https:\/\/donation.vedicpandits.org\/es\/wp-json\/wp\/v2\/media?parent=1836"}],"curies":[{"name":"wp","href":"https:\/\/api.w.org\/{rel}","templated":true}]}}