{"id":1890,"date":"2014-04-08T07:10:00","date_gmt":"2014-04-08T07:10:00","guid":{"rendered":"https:\/\/vedicpandits.org\/?page_id=1890"},"modified":"2016-01-18T10:14:16","modified_gmt":"2016-01-18T10:14:16","slug":"yagya","status":"publish","type":"page","link":"https:\/\/donation.vedicpandits.org\/es\/yagya\/","title":{"rendered":"Yagya"},"content":{"rendered":"<h4>YAGYA MAHARISHI<\/h4>\n<p>Las donaciones al grupo de los Pandits V\u00e9dicos Maharishi de India contribuyen tambi\u00e9n a la financiaci\u00f3n de los rituales efectuados por dichos Pandits llamados Yagyas. Estas Yagyas emplean la ciencia del sonido para crear una multitud de efectos ben\u00e9ficos para el pa\u00eds Yagya Nacionl y para el donante Yagya Especial.<\/p>\n<div class=\"border-line\">&nbsp;<\/div>\n<div class=\"grid-holder\">\n<div class=\"grid grid-desktop-50 grid-mobile-100\">\n<div class=\"holder button\">\n<a class=\"btn btn-large btn-full\" href=\"https:\/\/donation.vedicpandits.org\/es\/yagya\/national-yagya\/\"> > Yagya Nacionl <\/a>\n<\/div>\n<\/div>\n<div class=\"grid grid-desktop-50 grid-mobile-100\">\n<div class=\"holder button\">\n<a class=\"btn btn-large btn-full \" href=\"https:\/\/donation.vedicpandits.org\/es\/yagya\/special-yagya\/\"> > Yagya Especial <\/a>\n<\/div>\n<\/div>\n<\/div>\n<p><\/p>\n<div class=\"border-line\">&nbsp;<\/div>\n<h4>\u00bfQU\u00c9 ES YAGYA?<\/h4>\n<p>Yagya es una tecnolog\u00eda tradicional v\u00e9dica, eficaz para la prevenci\u00f3n de los problemas, as\u00ed como para aumentar el \u00e9xito y la buena fortuna en todos los niveles. La tradici\u00f3n de la recitaci\u00f3n v\u00e9dica ha sido declarada como patrimonio inmaterial de la humanidad por la UNESCO.<\/p>\n<div class=\"border-line\">&nbsp;<\/div>\n<div class=\"grid-holder\">\n<div class=\"grid grid-desktop-50 grid-mobile-100\"><div class=\"holder\"><h4>\u00bfQU\u00c9 TIENE DE ESPECIAL LA YAGYA MAHARISHI?<\/h4>\n<p>Maharishi Mahesh Yogi dedic\u00f3 muchos a\u00f1os de su vida a la recuperaci\u00f3n cuidadosa y sistem\u00e1tica de Yagya, restableciendo esta antigua tecnolog\u00eda a su m\u00e1xima potencia. Reaviv\u00f3 la comprensi\u00f3n crucial de que los Mantras V\u00e9dicos deben proyectarse desde la base de la conciencia, en el nivel de <em>Para<\/em> (trascendental) de la expresi\u00f3n, en la que el v\u00ednculo entre el sonido y la forma &#8211; entre el deseo y la satisfacci\u00f3n del deseo &#8211; est\u00e1 \u00edntimamente conectada y es enormemente poderosa. Maharishi defini\u00f3 como esenciales dos aspectos para la realizaci\u00f3n adecuada de la Yagya V\u00e9dica:<\/p>\n<p>En primer lugar, a trav\u00e9s de la pr\u00e1ctica diaria de la MT y el Programa Sidhis-MT, los Pandits V\u00e9dicos Maharishi experimentan estados profundamente asentados de la conciencia. El resultado es el avivamiento de la fuente Trascendental de la palabra antes de la recitaci\u00f3n y ejecuci\u00f3n de la Yagya. En consecuencia, los Pandits realizan Yagyas desde este nivel muy asentado de la conciencia, involucrando a los niveles m\u00e1s profundos de la ley natural.<\/p>\n<p>En segundo lugar, los Pandits V\u00e9dicos Maharishi reciben una formaci\u00f3n \u00fanica y completa. Durante varias d\u00e9cadas Maharishi trabaj\u00f3 en estrecha colaboraci\u00f3n con los Maestros Pandits m\u00e1s venerados de toda India con el fin de perfeccionar e instituir la formaci\u00f3n perfecta de los Pandits V\u00e9dicos. Esta educaci\u00f3n la aprenden a trav\u00e9s de la pr\u00e1ctica y pronunciaci\u00f3n correctas, en su plena eficacia tradicional.<\/p>\n<p>Esta es la raz\u00f3n por la que las Yagyas Maharishi tienen un efecto tan potente y tan amplio.<\/p>\n<\/div><\/div>\n<div class=\"grid grid-desktop-50 grid-mobile-100\"><div class=\"holder\"><p><img loading=\"lazy\" decoding=\"async\" class=\"alignright size-full wp-image-261\" src=\"\/wp-content\/uploads\/2014\/04\/CHANTING-PANDIT-EYES-CLOSED432.jpg\" alt=\"CHANTING PANDIT EYES CLOSED432\" width=\"432\" height=\"516\" srcset=\"https:\/\/donation.vedicpandits.org\/wp-content\/uploads\/2014\/04\/CHANTING-PANDIT-EYES-CLOSED432.jpg 432w, https:\/\/donation.vedicpandits.org\/wp-content\/uploads\/2014\/04\/CHANTING-PANDIT-EYES-CLOSED432-251x300.jpg 251w, https:\/\/donation.vedicpandits.org\/wp-content\/uploads\/2014\/04\/CHANTING-PANDIT-EYES-CLOSED432-300x358.jpg 300w\" sizes=\"auto, (max-width: 432px) 100vw, 432px\" \/><\/p>\n<\/div><\/div>\n<\/div>\n","protected":false},"excerpt":{"rendered":"<p>YAGYA MAHARISHI Las donaciones al grupo de los Pandits V\u00e9dicos Maharishi de India contribuyen tambi\u00e9n a la financiaci\u00f3n de los rituales efectuados por dichos Pandits llamados Yagyas. Estas Yagyas emplean la ciencia del sonido para crear una multitud de efectos ben\u00e9ficos para el pa\u00eds Yagya Nacionl y para el donante Yagya Especial. > Yagya Nacionl [&hellip;]<\/p>\n","protected":false},"author":3,"featured_media":183,"parent":0,"menu_order":0,"comment_status":"open","ping_status":"closed","template":"","meta":{"om_disable_all_campaigns":false,"_monsterinsights_skip_tracking":false,"_monsterinsights_sitenote_active":false,"_monsterinsights_sitenote_note":"","_monsterinsights_sitenote_category":0,"footnotes":""},"class_list":["post-1890","page","type-page","status-publish","has-post-thumbnail","hentry"],"_links":{"self":[{"href":"https:\/\/donation.vedicpandits.org\/es\/wp-json\/wp\/v2\/pages\/1890","targetHints":{"allow":["GET"]}}],"collection":[{"href":"https:\/\/donation.vedicpandits.org\/es\/wp-json\/wp\/v2\/pages"}],"about":[{"href":"https:\/\/donation.vedicpandits.org\/es\/wp-json\/wp\/v2\/types\/page"}],"author":[{"embeddable":true,"href":"https:\/\/donation.vedicpandits.org\/es\/wp-json\/wp\/v2\/users\/3"}],"replies":[{"embeddable":true,"href":"https:\/\/donation.vedicpandits.org\/es\/wp-json\/wp\/v2\/comments?post=1890"}],"version-history":[{"count":12,"href":"https:\/\/donation.vedicpandits.org\/es\/wp-json\/wp\/v2\/pages\/1890\/revisions"}],"predecessor-version":[{"id":7891,"href":"https:\/\/donation.vedicpandits.org\/es\/wp-json\/wp\/v2\/pages\/1890\/revisions\/7891"}],"wp:featuredmedia":[{"embeddable":true,"href":"https:\/\/donation.vedicpandits.org\/es\/wp-json\/wp\/v2\/media\/183"}],"wp:attachment":[{"href":"https:\/\/donation.vedicpandits.org\/es\/wp-json\/wp\/v2\/media?parent=1890"}],"curies":[{"name":"wp","href":"https:\/\/api.w.org\/{rel}","templated":true}]}}