{"id":1898,"date":"2014-04-10T12:56:25","date_gmt":"2014-04-10T12:56:25","guid":{"rendered":"https:\/\/vedicpandits.org\/?page_id=1898"},"modified":"2020-02-27T00:44:57","modified_gmt":"2020-02-27T00:44:57","slug":"national-yagya","status":"publish","type":"page","link":"https:\/\/donation.vedicpandits.org\/es\/yagya\/national-yagya\/","title":{"rendered":"Yagya Nacional"},"content":{"rendered":"<h4>\u00bfQU\u00c9 SON LAS YAGYAS NACIONALES?<\/h4>\n<p>La Yagya Nacional es una tecnolog\u00eda espec\u00edfica para aumentar la buena fortuna y prevenir los problemas para toda la naci\u00f3n. Estas Yagyas son realizadas por grandes grupos de Pandits V\u00e9dicos Maharishi reunidos en el Brahmasthan (centro geogr\u00e1fico) de India.<\/p>\n<div class=\"border-line\">&nbsp;<\/div>\n<div class=\"grid-holder\">\n<div class=\"grid grid-desktop-50 grid-mobile-100\"><div class=\"holder\"><p><img loading=\"lazy\" decoding=\"async\" class=\"alignleft size-full wp-image-277\" src=\"\/wp-content\/uploads\/2014\/04\/IMG_4957_reverse_web1.jpg\" alt=\"IMG_4957_reverse_web1\" width=\"432\" height=\"288\" srcset=\"https:\/\/donation.vedicpandits.org\/wp-content\/uploads\/2014\/04\/IMG_4957_reverse_web1.jpg 432w, https:\/\/donation.vedicpandits.org\/wp-content\/uploads\/2014\/04\/IMG_4957_reverse_web1-300x200.jpg 300w, https:\/\/donation.vedicpandits.org\/wp-content\/uploads\/2014\/04\/IMG_4957_reverse_web1-430x288.jpg 430w\" sizes=\"auto, (max-width: 432px) 100vw, 432px\" \/><\/p>\n<\/div><\/div>\n<div class=\"grid grid-desktop-50 grid-mobile-100\"><div class=\"holder\"><h4>\u00bfC\u00d3MO LAS REALIZAN? <\/h4>\n<p>Las Yagyas Nacionales se llevan a cabo durante un per\u00edodo de d\u00edas o semanas, dependiendo de la magnitud de la Yagya y de la finalidad deseada (conocido como Sankalpa) seleccionada por el pa\u00eds solicitante. Ejemplos de objetivos espec\u00edficos son: incrementar el progreso econ\u00f3mico, mejorar la salud, la armon\u00eda nacional, o reducir o evitar problemas tales como los desastres naturales, la violencia o la debilidad de la econom\u00eda.<\/p>\n\t\t<div class=\"hidden-video\">\t\t\t\t\t\t\t\t\t\t\t\t\n\t\t\t<div class=\"video-container\"> [videojs autoplay=\u00bbfalse\u00bb mp4=\u00bb\/wp-content\/uploads\/2014\/06\/5.-Kavach-Display-1.mp4&#8243; width=\u00bb400&#8243; height=\u00bb400&#8243;] <\/div>\n\t\t<\/div>\n\t\t<a href=\"https:\/\/donation.vedicpandits.org\/es\/yagya\/national-yagya\/?image_video=%2Fwp-content%2Fuploads%2F2014%2F06%2F5.-Kavach-Display-1.mp4\" class=\"video-link no-pointer\"><em>&gt; Escucha a los Pandits en el Brahmasthan realizar una Yagya para la protecci\u00f3n.<\/em><\/a>\n\n\t\n<\/div><\/div>\n<\/div>\n<div class=\"border-line\">&nbsp;<\/div>\n<p><a id=\"scienceofyagya\" name=\"scienceofyagya\"><\/a><\/p>\n<h4>LA CIENCIA DETR\u00c1S DE LA REALIZACI\u00d3N DE YAGYAS<\/h4>\n<p>Escucha a John Hagelin, Ph.D, f\u00edsico de fama mundial, educador, experto en pol\u00edtica p\u00fablica y defensor de la paz mundial:<\/p>\n<div class=\"grid-holder\">\n<div class=\"grid grid-desktop-50 grid-mobile-100\"><div class=\"holder\"><p span style=\"margin-left: 15px;\">\t<a href=\"https:\/\/donation.vedicpandits.org\/es\/yagya\/national-yagya\/?image_video=https%3A%2F%2Fvimeo.com%2F238643967\" class=\"video-link \"><img loading=\"lazy\" decoding=\"async\" class=\"alignnone size-full wp-image-285\" src=\"https:\/\/donation.vedicpandits.org\/wp-content\/uploads\/2020\/02\/hagelin_5_videoimage.png\" alt=\"yagya_hagelin_1web1\" width=\"362\" height=\"242\" \/><\/a>\n\n\t\n\t<a href=\"https:\/\/donation.vedicpandits.org\/es\/yagya\/national-yagya\/?image_video=https%3A%2F%2Fvimeo.com%2F238643967\" class=\"video-link no-pointer\"><em>&gt; Video 1: \u00bfQue es una Yagya Maharishi?<\/em><\/a>\n\n\t\n<\/div><\/div>\n<div class=\"grid grid-desktop-50 grid-mobile-100\"><div class=\"holder\">\t<a href=\"https:\/\/donation.vedicpandits.org\/es\/yagya\/national-yagya\/?image_video=https%3A%2F%2Fwww.youtube.com%2Fwatch%3Fv%3DUjGB2w3_bWI%3Frel%3D0\" class=\"video-link \"><img loading=\"lazy\" decoding=\"async\" class=\"alignnone size-full wp-image-285\" src=\"https:\/\/donation.vedicpandits.org\/wp-content\/uploads\/2020\/02\/hagelin_yagya_charlie2.png\" alt=\"yagya_hagelin_2web2\" width=\"432\" height=\"242\" \/><\/a>\n\n\t\n\t<a href=\"https:\/\/donation.vedicpandits.org\/es\/yagya\/national-yagya\/?image_video=https%3A%2F%2Fwww.youtube.com%2Fwatch%3Fv%3DUjGB2w3_bWI%3Frel%3D0\" class=\"video-link no-pointer\"><em>&gt; V\u00eddeo 2: La base cient\u00edfica de Yagya. <\/em><\/a>\n\n\t\n<\/div><\/div>\n<\/div>\n<div class=\"border-line\">&nbsp;<\/div>\n<h4 style=\"text-align: center;\">CUATRO RAZONES PARA APOYAR A LOS PANDITS V\u00c9DICOS MAHARISHI Y A LAS YAGYAS NACIONALES<\/h4>\n<h4 style=\"text-align: center;\">1\u00aa. APOYAR A SU PA\u00cdS<\/h4>\n<p style=\"text-align: center;\">Las Yagyas Nacionales promueven poderosamente la paz, el \u00e9xito, la prosperidad y la invencibilidad nacional, dirigidas espec\u00edficamente en beneficio de su pa\u00eds.<\/p>\n<h4 style=\"text-align: center;\">2\u00aa. PROTEGER SU MUNDO, SU MEDIO AMBIENTE<\/h4>\n<p style=\"text-align: center;\">El efecto conjunto de realizar muchas Yagyas Nacionales tiene una poderosa influencia positiva en el mundo. Adem\u00e1s, sus donaciones aumentan el tama\u00f1o del grupo en el Brahmasthan de India al nivel cr\u00edtico de 9.000 Pandits, necesarios para asegurar la paz mundial.<\/p>\n<h4 style=\"text-align: center;\">3\u00aa. PROTEGERSE A USTED MISMO Y A SU FAMILIA<\/h4>\n<p style=\"text-align: center;\">Su pa\u00eds se beneficia de su apoyo, por lo que este beneficio le llega a usted como ciudadano. Es bien conocido el hecho de que se recoge seg\u00fan lo que se siembra.En la antigua Tradici\u00f3n V\u00e9dica, se dice que los que apoyan la Yagya son los principales beneficiarios.<\/p>\n<h4 style=\"text-align: center;\">4\u00aa. CONSERVAR LA HERENCIA V\u00c9DICA<\/h4>\n<p style=\"text-align: center;\">Maharishi hizo gran hincapi\u00e9 en la restauraci\u00f3n de la Tradici\u00f3n V\u00e9dica, ya que ofrece los conocimientos y t\u00e9cnicas para desarrollar todo nuestro potencial &#8211; tanto a nivel individual como colectivo. Todas las donaciones para una Yagya Nacional apoyan simult\u00e1neamente a los Pandits y aseguran que este conocimiento est\u00e9 disponible para las generaciones futuras.<\/p>\n<div class=\"border-line\">&nbsp;<\/div>\n\t<p style=\"text-align: center\">\n\t\t<a href=\"https:\/\/aro.vedicpandits.org\/es\/donate\"   class=\"btn btn-large \" > > \n\t\t\tSOLICITA UNA YAGYA NACIONAL\t\t<\/a>\n\t<\/p>\n\n\t\n<div class=\"border-line\">&nbsp;<\/div>\n<h4>SER NOMBRADO EN UNA YAGYA<\/h4>\n<p>Usted puede patrocinar el costo total de una Yagya Nacional (a partir de 1.250 d\u00f3lares USA). En este caso, su nombre ser\u00e1 citado cada d\u00eda durante el Sankalpa (el fin previsto) que se indica por los Pandits V\u00e9dicos al comienzo de la realizaci\u00f3n de la Yagya.<\/p>\n<p>Contribuir a una Yagya Nacional no s\u00f3lo trae m\u00faltiples influencias positivas para su pa\u00eds, sino que tambi\u00e9n usted se beneficiar\u00e1 como donante individual.<br \/>\n<div class=\"border-line\">&nbsp;<\/div>\n<h4>EXPERIENCIAS DE PRIMERA MANO DE LOS EFECTOS DE LAS YAGYAS NACIONALES<\/h4>\n<div class=\"accordion\"><div class=\"accordion-entry\"><em><a href=\"#\">&gt; Lea algunas experiencias de personas que han donado para una Yagya Nacional:<\/a><\/em><div class=\"hidden-content\">\n<p style=\"text-align: left;\"><strong>Experiment\u00e9 menos resistencia y m\u00e1s felicidad<\/strong>  \u00abCuando tuve la Yagya Nacional sent\u00ed que mis conferencias ten\u00edan esta cualidad de un flujo sin fricci\u00f3n. Experiment\u00e9 menos resistencia y m\u00e1s felicidad cuando estaba dando una conferencia. En lo personal sent\u00ed que mis relaciones se enriquec\u00edan durante este tiempo. Recomiendo encarecidamente hacer Yagyas Nacionales para la promoci\u00f3n de todas sus actividades en la vida.\u00bb &#8211; Noruega <\/p>\n<p style=\"text-align: left;\"><strong>La vida ha sido muy amable conmigo<\/strong> \u201cMuchas, muchas gracias a las Yagyas Nacionales. Hemos disfrutado del agosto m\u00e1s tranquilo en Taiw\u00e1n desde 1947. No hubo tifones en agosto del 2014. \u00a1Es simplemente incre\u00edble para los meteor\u00f3logos! La vida ha sido buena conmigo y simplemente disfruto de todo lo que estoy haciendo. Y creo que el m\u00e9rito es de las Yagyas Nacionales que hemos hecho para Taiw\u00e1n. Todo se ha vuelto tan f\u00e1cil para m\u00ed y s\u00f3lo fluyo con la corriente de mi dharma y logro todo lo que quiero hacer, una cosa despu\u00e9s de otra en perfecto orden. Nuevas posibilidades siguen apareciendo y tengo ingresos cada vez mayores.\u201d \u2014 Taiwan<\/p>\n<p style=\"text-align: left;\"><strong>Me siento protegido<\/strong> \u201cTengo la experiencia de estar profundamente conectado al grupo de los Pandits V\u00e9dicos Maharishi en el Brahmasthan. Tambi\u00e9n me siento protegido, siento que no me he quedado como una hoja a merced del viento durante los duros tiempos que pas\u00e9. A trav\u00e9s de m\u00ed, esta protecci\u00f3n y bendiciones van a mi familia y a los amigos cercanos y a  sus familias. Experimento mi Ser como beneficiario directo de este proyecto y como parte de una gran familia mundial y me hace ver los grandes beneficios del grupo de los Pandits V\u00e9dicos Maharishi para todo el mundo.\u201d \u2014 Serbia<\/p>\n<p style=\"text-align: left;\"><strong>Tres semanas m\u00e1s tarde, recib\u00ed un aumento de sueldo<\/strong> \u201cRealic\u00e9 una Yagya para la prosperidad para todo el personal de la empresa para la que trabajo, a principios de enero. \u00a1Tres semanas m\u00e1s tarde, recib\u00ed un aumento salarial de 12% bruto! \u00a1El Yagya que se ha hecho por la compa\u00f1\u00eda se recuper\u00f3 pronto!\u201d \u2014 Pa\u00edses Bajos <\/p>\n<p style=\"text-align: left;\"><strong>Siento m\u00e1s apoyo<\/strong> \u201cCada vez que puedo apoyar a los Pandits V\u00e9dicos con las donaciones de mi familia tengo m\u00e1s apoyo en las diferentes \u00e1reas de mi vida y es como una bola de nieve. Este apoyo fluye tambi\u00e9n a la gente que quiero y de esta forma  somos cada vez m\u00e1s un peque\u00f1o y dichoso r\u00edo, contribuyendo a ayudar a que la felicidad aumente en nuestro alrededor. Gracias de nuevo por ayudarnos a participar en este gran logro.\u201d \u2014 Francia<\/p>\n<p style=\"text-align: left;\"><strong>Mi familia es bendecida<\/strong> \u00abSin duda, es un placer tener la oportunidad de tomar parte en la campa\u00f1a para eliminar la negatividad y hacer del mundo un lugar mejor para vivir. Puedo asegurar que hoy me siento \u00abm\u00e1gico\u00bb e \u00abiluminado\u00bb dado que aquello que estaba buscando, por fin lo he encontrado. Es realmente un hermoso sentimiento que no puedo explicar, pero que ilumina la energ\u00eda positiva continuamente. Mi familia ha sido bendecida y recibe los beneficios de una vida mejor a trav\u00e9s de nuevas carreras y mejores talentos. Las m\u00e1s ricas bendiciones de Dios a nuestros Pandits V\u00e9dicos Maharishi y muchas gracias por las Yagyas Nacionales.\u00bb \u2014 Trinidad y Tobago<\/p>\n<p style=\"text-align: left;\"><strong>Surgieron nuevas oportunidades <\/strong> \u201cMis contribuciones a las primeras Yagyas Nacionales fueron modestas, pero me di cuenta de un mayor apoyo de la Naturaleza cada mes. Los problemas y contratiempos comenzaron a resolverse a mi favor. Surgen nuevas oportunidades. Mis ingresos lentamente comenzaron a subir y en los \u00faltimos tres meses se han duplicado cada mes. El mes pasado pude donar 1.250 d\u00f3lares -qu\u00e9 diferencia al recitar mi nombre durante la Yagya. Es una vida diferente.\u201d \u2014 EE.UU<\/p>\n<p style=\"text-align: left;\"><strong>Desde este Yagya nuestro negocio ha subido como la espuma<\/strong> \u201cPed\u00ed una Yagya Nacional de Nueva Zelanda con mi naci\u00f3n, mi familia y nuestras necesidades empresariales en mente. La recesi\u00f3n aqu\u00ed, sobre todo en 2011, ha sido muy dura para todos, incluso para nuestro propio negocio. \u00a1Desde este Yagya nuestro negocio ha subido como la espuma! Mi marido trabaja much\u00edsimo y tambi\u00e9n trabajamos mucho m\u00e1s en las \u00e1reas que necesitan mejorar, pero est\u00e1 claro que el \u00e9xito no solo ha venido por nuestras llamadas a los clientes que ya ten\u00edamos, sino m\u00e1s bien de gente nueva que llaman por tel\u00e9fono. Nuestra licitaci\u00f3n es m\u00e1s precisa y no perdemos contratos muy grandes por solo 400 d\u00f3lares (lo cual puede ser absolutamente desmoralizador). La competencia en el sector privado es menor. La gente nos hace los encargos y est\u00e1 dispuesta a esperar. No hacemos ning\u00fan marketing o publicidad excepto en nuestros veh\u00edculos de la empresa y el sitio web. Incluso hemos tenido que rechazar trabajo y eso NUNCA ha sucedido antes.\u201d \u2014 Nueva Zelanda <\/p>\n<p style=\"text-align: left;\"><strong>Una parte esencial de nuestro negocio <\/strong>\u201cHemos disfrutado de un mayor \u00e9xito en nuestro negocio y una conexi\u00f3n real con la Ley Natural. Este es otro gran regalo y oportunidad de Maharishi que ahora consideramos como una parte esencial de nuestro negocio.\u201d \u2014 EE.UU<\/p>\n<p style=\"text-align: left;\"><strong>La vida tal como deber\u00eda ser<\/strong> \u201cMi cuerpo, mis emociones y mis actividades diarias parecen m\u00e1s fluidos y f\u00e1ciles durante los Yagyas. Incluso las situaciones m\u00e1s dif\u00edciles, sean personales o en el trabajo o con la familia, parecen arreglarse solas sin esfuerzo. Esta es la vida, tal como deber\u00eda ser.\u201d \u2014 EE.UU<\/p>\n<p style=\"text-align: left;\"><strong>Todo permanece suave<\/strong> \u201cEs sobre todo durante mis programas en la c\u00fapula que me doy cuenta de que, desde el comienzo de las Yagyas Nacionales Maharishi, incluso si se producen acontecimientos dram\u00e1ticos en nuestras vidas, todo queda muy suave, sin grandes agitaciones. \u00a1El efecto es mucho m\u00e1s profundo de lo que realmente nos damos cuenta y esta comprensi\u00f3n me hace muy sentir muy agradecido y lleno de alegr\u00eda!\u201d \u2014 Pa\u00edses Bajos <\/p>\n<p style=\"text-align: left;\"><strong>\u00a0<\/strong><\/p>\n<a href=\"#\" class=\"close\">Close Section<\/a><\/div><\/div>\n<\/div>\n<div class=\"accordion\"><div class=\"accordion-entry\"><em><a href=\"#\">&gt; Inf\u00f3rmese sobre los cambios en la situaci\u00f3n econ\u00f3mica y pol\u00edtica de distintos pa\u00edses tras la realizaci\u00f3n de Yagyas Nacionales:<\/a><\/em><div class=\"hidden-content\">\n<p>L\u00cdBANO 2014<br \/>\n\u201cCreo que todo el mundo ha o\u00eddo hablar de los terroristas que est\u00e1n en Siria y recientemente en Iraq. Declararon que atacar\u00edan a algunas ciudades del L\u00edbano. En los \u00faltimos 10 d\u00edas se prepararon tres ataques, pero todos fracasaron porque fueron descubiertos a tiempo por el ej\u00e9rcito y la polic\u00eda. En todas partes las noticias dijeron: El L\u00edbano se salv\u00f3 de un tercer ataque terrorista que result\u00f3 fallido: esto es inexplicable; esta es una Providencia Divina. Hemos experimentado muchas situaciones similares anteriormente. Esta no es la primera vez. Esta protecci\u00f3n en el L\u00edbano es claramente debida a los efectos acumulados de las Yagyas Nacionales Maharishi en los \u00faltimos 3 a\u00f1os. Tenemos Yagyas Nacionales en cada ciclo de Yagya &#8211; dos veces al mes. Continuaremos as\u00ed para mantener al L\u00edbano siempre protegido. Toda nuestra gratitud a los programas de Maharishi y los Pandits V\u00e9dicos Maharishi en el Brahmasthan de la India.\u201d <em>Salim Haddad &#8211; Embajador para el L\u00edbano<\/em><\/p>\n<p>UCRANIA 2014<br \/>\n\u00ab\u00a1GRACIAS a toda la familia mundial de Maharishi y los pa\u00edses que est\u00e1n apoyando a Ucrania con las Yagyas Nacionales! Cada vez vemos claramente su efecto &#8211; menos violencia y muertes, y m\u00e1s negociaciones para la paz. Esta\u00eds salvando vidas, literalmente.\u00bb <em>Natalia Lukyanenko \u2013 Embajadora y Secretario Nacional de la Oficina Nacional de Ucrania  <\/em><\/p>\n<p>SERBIA 2014<br \/>\n\u00abSerbia sufri\u00f3 inundaciones devastadoras hace unos meses. Llego de las manos de generosos donantes un apoyo inesperado para las Yagyas Nacionales justo antes de las pr\u00f3ximas inundaciones pronosticadas. Durante este tiempo los pol\u00edticos dec\u00edan con asombro lo afortunados que \u00e9ramos porque la segunda ola de inundaciones no lleg\u00f3. Somos los \u00fanicos que saben que esta suerte fue apoyada por las Yagyas Nacionales Maharishi.\u00bb <em>Voja Trajkovic &#8211; Embajador para Serbia <\/p>\n<p><\/em><\/p>\n<p>COLUMBIA 2013<br \/>\n\u00abLas Yagyas Nacionales Maharishi para nuestro pa\u00eds son una de las mayores bendiciones que hemos recibido. Nos sorprendemos de c\u00f3mo, durante y despu\u00e9s de la realizaci\u00f3n de nuestras Yagyas Nacionales, las experiencias de los meditadores y sidhas son excelentes, y en particular para nuestros donantes, mientras que todo el pa\u00eds goza de un mayor nivel de coherencia y apoyo en diferentes \u00e1reas de la vida nacional. Vemos en las noticias que la intenci\u00f3n espec\u00edfica o Sankalpa del Yagya Nacional se refleja en las decisiones pertinentes tomadas por los l\u00edderes de los pa\u00edses. Creemos que el Programa de Yagyas Nacionales Maharishi es una poderosa t\u00e9cnica para aprovechar el poder organizador infinito de la Ley Natural a nivel nacional, as\u00ed como en \u00e1reas espec\u00edficas. Estamos muy agradecidos a Maharishi y Guru Dev por poner a disposici\u00f3n esta poderosa tecnolog\u00eda para influir positivamente en las tendencias del tiempo.\u00bb <em>Paul Fabre &#8211; Embajador para Columbia<\/em><\/p>\n<p>REINO UNIDO, 2013<br \/>\nLa excelente evoluci\u00f3n de la econom\u00eda en el Reino Unido ha confundido completamente las predicciones de los banqueros y economistas.<\/p>\n<p>PORTUGAL, 2012<br \/>\nHubo un levantamiento popular contra un nuevo y duro \u00abimpuesto social \u00fanico\u00bb. Despu\u00e9s de la realizaci\u00f3n de una Yagya Nacional se resolvi\u00f3 de una manera no violenta, pac\u00edfica y completamente unificadora a nivel nacional.<\/p>\n<p>L\u00cdBANO, 2012<br \/>\nLas Yagyas Nacionales regulares comenzaron en enero de 2011. Las tensiones y los conflictos internos se redujeron significativamente, fracasaron muchos intentos de asesinato de pol\u00edticos, hubo planes terroristas que fueron descubiertos y evitados, as\u00ed como conflictos armados que fueron prevenidos. Donantes de Yagyas reportaron beneficios personales maravillosos. Incluso el Presidente del L\u00edbano anunci\u00f3: \u00abEl L\u00edbano est\u00e1 viviendo en una condici\u00f3n de estabilidad inesperada desde enero de 2011 hasta ahora.\u00bb <\/p>\n<p>USA, 2012<br \/>\nLas Yagyas Nacionales fueron dise\u00f1adas expresamente para atraer la lluvia a las zonas m\u00e1s secas de todo el pa\u00eds, produciendo adem\u00e1s una mejora constante en el crecimiento econ\u00f3mico (ahora en el 3,1%), menor desempleo, aumento de la producci\u00f3n industrial, aumento de la confianza del consumidor, unas elecciones muy suaves y coherentes e incluso el temido 21 de diciembre lo pasamos con enorme positividad.<\/p>\n<p>GHANA 2012<br \/>\n\u201cTe env\u00edo esta noticia sobre las \u00faltimas elecciones de Ghana, que se celebraron despu\u00e9s de realizar nuestra \u00faltima Yagya Nacional. Internamente han sido descritas como las mejores y las m\u00e1s pac\u00edficas en la historia de la naci\u00f3n. Es relevante esta noticia saliendo de \u00c1frica. Estamos muy agradecidos a nuestro propio Maharishi Ji por habernos dejado este gran conocimiento. Tambi\u00e9n esperamos poder intentar colaborar con la paz desde nuestra peque\u00f1a posibilidad.\u201d <em>Director Nacional del Programa de Meditaci\u00f3n Trascendental en Ghana.<\/em><\/p>\n<a href=\"#\" class=\"close\">Close Section<\/a><\/div><\/div>\n<\/div>\n","protected":false},"excerpt":{"rendered":"<p>\u00bfQU\u00c9 SON LAS YAGYAS NACIONALES? La Yagya Nacional es una tecnolog\u00eda espec\u00edfica para aumentar la buena fortuna y prevenir los problemas para toda la naci\u00f3n. Estas Yagyas son realizadas por grandes grupos de Pandits V\u00e9dicos Maharishi reunidos en el Brahmasthan (centro geogr\u00e1fico) de India. LA CIENCIA DETR\u00c1S DE LA REALIZACI\u00d3N DE YAGYAS Escucha a John [&hellip;]<\/p>\n","protected":false},"author":3,"featured_media":3261,"parent":1890,"menu_order":0,"comment_status":"open","ping_status":"closed","template":"","meta":{"om_disable_all_campaigns":false,"_monsterinsights_skip_tracking":false,"_monsterinsights_sitenote_active":false,"_monsterinsights_sitenote_note":"","_monsterinsights_sitenote_category":0,"footnotes":""},"class_list":["post-1898","page","type-page","status-publish","has-post-thumbnail","hentry"],"_links":{"self":[{"href":"https:\/\/donation.vedicpandits.org\/es\/wp-json\/wp\/v2\/pages\/1898","targetHints":{"allow":["GET"]}}],"collection":[{"href":"https:\/\/donation.vedicpandits.org\/es\/wp-json\/wp\/v2\/pages"}],"about":[{"href":"https:\/\/donation.vedicpandits.org\/es\/wp-json\/wp\/v2\/types\/page"}],"author":[{"embeddable":true,"href":"https:\/\/donation.vedicpandits.org\/es\/wp-json\/wp\/v2\/users\/3"}],"replies":[{"embeddable":true,"href":"https:\/\/donation.vedicpandits.org\/es\/wp-json\/wp\/v2\/comments?post=1898"}],"version-history":[{"count":28,"href":"https:\/\/donation.vedicpandits.org\/es\/wp-json\/wp\/v2\/pages\/1898\/revisions"}],"predecessor-version":[{"id":39822,"href":"https:\/\/donation.vedicpandits.org\/es\/wp-json\/wp\/v2\/pages\/1898\/revisions\/39822"}],"up":[{"embeddable":true,"href":"https:\/\/donation.vedicpandits.org\/es\/wp-json\/wp\/v2\/pages\/1890"}],"wp:featuredmedia":[{"embeddable":true,"href":"https:\/\/donation.vedicpandits.org\/es\/wp-json\/wp\/v2\/media\/3261"}],"wp:attachment":[{"href":"https:\/\/donation.vedicpandits.org\/es\/wp-json\/wp\/v2\/media?parent=1898"}],"curies":[{"name":"wp","href":"https:\/\/api.w.org\/{rel}","templated":true}]}}