{"id":2062,"date":"2014-04-10T12:57:22","date_gmt":"2014-04-10T12:57:22","guid":{"rendered":"https:\/\/vedicpandits.org\/?page_id=2062"},"modified":"2023-03-15T15:39:04","modified_gmt":"2023-03-15T15:39:04","slug":"special-yagya","status":"publish","type":"page","link":"https:\/\/donation.vedicpandits.org\/es\/yagya\/special-yagya\/","title":{"rendered":"Yagya Especial"},"content":{"rendered":"<h4>Yagyas Maharishi Especiales<\/h4>\n<p>Como todas las Yagyas Maharishi, las Yagyas Especiales son principalmente un medio de crear paz y prosperidad para nuestra familia mundial.<br \/>\nMaharishi dise\u00f1o una selecci\u00f3n \u00fanica de Yagyas especiales para llevar un apoyo general al crecimiento personal y la buena fortuna a los beneficiarios de las Yagyas. Estas Yagyas especiales traen las bendiciones de la naturaleza a los personas y las familias. Las Yagyas de cumplea\u00f1os, bodas, aniversarios de boda y de reci\u00e9n nacidos se realizan durante los momentos importantes de transici\u00f3n cuando las leyes sustentadoras espec\u00edficas de la Naturaleza est\u00e1n particularmente activas y accesibles.<\/p>\n<p>Recientemente hemos hecho disponible una nueva Yagya especial, la Yagya del Bienestar, que se puede realizar en casi cualquier d\u00eda que usted elija. Se puede realizar tantas veces como desee durante todo el a\u00f1o, incluso mensualmente. Al pedir la Yagya del Bienestar, seleccione su fecha preferida.<\/p>\n<p>Todas las Yagyas especiales se pueden solicitar para uno mismo, para los miembros de la familia o para los amigos. Cada una de estas importantes realizaciones de Yagyas estimula la vida profundamente desde el nivel fundamental del propio campo unificado. Al hacerlo, no s\u00f3lo elevan el individuo, sino que tambi\u00e9n ayudan a disolver la falta de armon\u00eda y promover la paz y el progreso de toda la sociedad.<\/p>\n<p>&nbsp;<\/p>\n<div style=\"padding:10px; background-color:white;\">\n<div style=\"border-size:2px;border-style:solid;border-color:#e4bb4b;\">\n<div style=\"text-align: center; padding-top:10px; padding-right:5px; padding-bottom:0px; padding-left:5px;\">\n&nbsp;<\/p>\n<h4>ANUNCIO ESPECIAL DE RAJA HARRIS &#8211; D\u00cdAS ADICIONALES<\/h4>\n<\/div>\n<div style=\"text-align: left; padding-top:20px; padding-right:20px; padding-bottom:40px; padding-left:20px;\">Bas\u00e1ndose en sus experiencias positivas con las Yagyas Especiales, muchos han preguntado si estas yagyas podr\u00edan prolongarse m\u00e1s de un d\u00eda. Despu\u00e9s de consultar con los responsables de los Pandits, ofreceremos las opciones de un segundo y tercer d\u00eda de Yagyas Especiales. Para hacerlo m\u00e1s accesible, se ha reducido el coste diario de estas yagyas.<\/p>\n<\/div>\n<\/div>\n<\/div>\n<p>&nbsp;<\/p>\n<div class=\"grid-holder\">\n<div class=\"grid grid-desktop-50 grid-mobile-100\"><div class=\"holder\"><p>Dos niveles est\u00e1n disponibles para cada una de estas ocasiones, a un nivel mayor se genera un efecto mucho m\u00e1s poderoso.<\/p>\n<ul>\n<li>\t<a href=\"https:\/\/sponsor.specialyagyas.org\/bwb.php?site=vp&amp;bwb=birthday\" class=\"tooltipster\" title=\"Las Yagyas Especiales son administradas por la Fundaci\u00f3n Brahmananda Saraswati Yagya, una organizaci\u00f3n ben\u00e9fica registrada en los Estados Unidos. Haz clic aqu\u00ed para ir a esa web.\">\n\t\tCumplea\u00f1os: realizado en el cumplea\u00f1os.\t<\/a>\n\t\n<p>Yagya de un d\u00eda: Niveles de donaci\u00f3n: $1.000 $2.500<br \/>\nYagya de dos d\u00edas: Niveles de donaci\u00f3n: $1,500 | $3,000<br \/>\nYagya de tres d\u00edas: Niveles de donaci\u00f3n: $2,000 | $3,500<\/p>\n<li>\t<a href=\"https:\/\/sponsor.specialyagyas.org\/bwb.php?site=vp&amp;bwb=well-being\" class=\"tooltipster\" title=\"Las Yagyas Especiales son administradas por la Fundaci\u00f3n Brahmananda Saraswati Yagya, una organizaci\u00f3n ben\u00e9fica registrada en los Estados Unidos. Haz clic aqu\u00ed para ir a esa web.\">\n\t\tLa Yagya del Bienestar: se puede realizar en la fecha que usted elija. \t<\/a>\n\t\n<p>Yagya de un d\u00eda: Niveles de donaci\u00f3n: $1.000 $2.500<br \/>\nYagya de dos d\u00edas: Niveles de donaci\u00f3n: $1,500 | $3,000<br \/>\nYagya de tres d\u00edas: Niveles de donaci\u00f3n: $2,000 | $3,500<\/p>\n<li>\t<a href=\"https:\/\/sponsor.specialyagyas.org\/wedding.php?site=vp&amp;waw=w\" class=\"tooltipster\" title=\"Las Yagyas Especiales son administradas por la Fundaci\u00f3n Brahmananda Saraswati Yagya, una organizaci\u00f3n ben\u00e9fica registrada en los Estados Unidos. Haz clic aqu\u00ed para ir a esa web.\">\n\t\tBoda: realizado el d\u00eda de la boda.\t<\/a>\n\t\n<p>Yagya de un d\u00eda: Niveles de donaci\u00f3n: $1.500 $3.000<br \/>\nYagya de dos d\u00edas: Niveles de donaci\u00f3n: $2,000 | $3,500<br \/>\nYagya de tres d\u00edas: Niveles de donaci\u00f3n: $2,500 | $4,000<\/p>\n<li>\t<a href=\"https:\/\/sponsor.specialyagyas.org\/wedding.php?site=vp&amp;waw=wa\" class=\"tooltipster\" title=\"Las Yagyas Especiales son administradas por la Fundaci\u00f3n Brahmananda Saraswati Yagya, una organizaci\u00f3n ben\u00e9fica registrada en los Estados Unidos. Haz clic aqu\u00ed para ir a esa web.\">\n\t\tAniversario de Boda: realizado en el aniversario.\t<\/a>\n\t\n<p>Yagya de un d\u00eda: Niveles de donaci\u00f3n: $1.500 $3.000<br \/>\nYagya de dos d\u00edas: Niveles de donaci\u00f3n: $2,000 | $3,500<br \/>\nYagya de tres d\u00edas: Niveles de donaci\u00f3n: $2,500 | $4,000<\/p>\n<li>\t<a href=\"https:\/\/sponsor.specialyagyas.org\/newborn.php?site=vp\" class=\"tooltipster\" title=\"Las Yagyas Especiales son administradas por la Fundaci\u00f3n Brahmananda Saraswati Yagya, una organizaci\u00f3n ben\u00e9fica registrada en los Estados Unidos. Haz clic aqu\u00ed para ir a esa web.\">\n\t\tReci\u00e9n Nacido: realizado para el beb\u00e9, 40 d\u00edas despu\u00e9s del nacimiento.\t<\/a>\n\t\n<p>Yagya de un d\u00eda: Niveles de donaci\u00f3n: $1.000 $2.500<br \/>\nYagya de dos d\u00edas: Niveles de donaci\u00f3n: $1,500 | $3,000<br \/>\nYagya de tres d\u00edas: Niveles de donaci\u00f3n: $2,000 | $3,500\n<\/ul>\n<\/div><\/div>\n<div class=\"grid grid-desktop-50 grid-mobile-100\"><div class=\"holder\"><p><img loading=\"lazy\" decoding=\"async\" class=\"alignleft size-full wp-image-423\" src=\"\/wp-content\/uploads\/2014\/04\/pandits_5320.jpg\" alt=\"pandits_5320\" width=\"432\" height=\"326\" srcset=\"https:\/\/donation.vedicpandits.org\/wp-content\/uploads\/2014\/04\/pandits_5320.jpg 432w, https:\/\/donation.vedicpandits.org\/wp-content\/uploads\/2014\/04\/pandits_5320-300x226.jpg 300w\" sizes=\"auto, (max-width: 432px) 100vw, 432px\" \/><\/p>\n<\/div><\/div>\n<\/div>\n<p>Donaciones al programa de Yagyas Especiales se hacen a la Brahmananda Saraswati Yagya Foundation de EE.UU. Las donaciones son deducibles de los impuestos para los contribuyentes estadounidenses.<br \/>\n<div class=\"border-line\">&nbsp;<\/div>\n<h4>COMO SOLICITAR UNA YAGYA ESPECIAL<\/h4>\n<p>Es f\u00e1cil solicitar una Yagya Especial Maharishi. La solicitud y el pago se pueden efectuar en l\u00ednea. Haga clic en el bot\u00f3n naranja m\u00e1s abajo &#8216;Solicita una Yagya Especial&#8217;.<\/p>\n<p>Por favor, env\u00ede su solicitud con al menos una semana de antelaci\u00f3n. Necesitar\u00e1 su ciudad de nacimiento y la hora que naci\u00f3.<\/p>\n<p>Para m\u00e1s informaci\u00f3n, consulte nuestra secci\u00f3n de Preguntas Frecuentes en la parte inferior de esta p\u00e1gina. Si tiene alguna pregunta, por favor escr\u00edbanos a: <a href=\"mailto:specialyagyas@vedicpandits.org\">specialyagyas@vedicpandits.org<\/a><\/p>\n<p>Aceptamos el pago por Visa, MasterCard, American Express y PayPal.<\/p>\n\t<p style=\"text-align: center\">\n\t\t<a href=\"https:\/\/sponsor.specialyagyas.org\/apply.php?site=vp\"   class=\"btn btn-large tooltipster\" title=\"Las Yagyas Especiales son administradas por la Fundaci\u00f3n Brahmananda Saraswati Yagya, una organizaci\u00f3n ben\u00e9fica registrada en los Estados Unidos. Haz clic aqu\u00ed para ir a esa web.\"> > \n\t\t\tSOLICITA UNA YAGYA ESPECIAL\t\t<\/a>\n\t<\/p>\n\n\t\n<div class=\"border-line\">&nbsp;<\/div>\n&nbsp;<br \/>\n<div class=\"grid-holder\">\n<div class=\"grid grid-desktop-50 grid-mobile-100\"><div class=\"holder\"><p><a href=\"https:\/\/designrr.page\/?id=152401&#038;token=4002975717&#038;h=3090\" rel=\"noopener\" target=\"_blank\"><img decoding=\"async\" class=\"alignleft size-full wp-image-423\" src=\"https:\/\/donation.vedicpandits.org\/wp-content\/uploads\/2022\/12\/ES_sy_flip_book_image.png\" alt=\"pandits_5320\" width=\"432\" \/><\/a><\/p>\n<\/div><\/div>\n<div class=\"grid grid-desktop-50 grid-mobile-100\"><div class=\"holder\"><h4>Yagyas Especiales Maharishi Experiencias<\/h4>\n<p>Estamos encantados de compartir un flip-book que acabamos de hacer con peque\u00f1os sabores de experiencias de alrededor del mundo.<\/p>\n<p>HACER CLIC EN LA CUBIERTA DEL LIBRO<br \/>\nPARA EMPEZAR A PASAR LAS P\u00c1GINAS<\/p>\n<p>Estamos encantados de compartir un flip-book que acabamos de hacer con peque\u00f1os sabores de experiencias de alrededor del mundo.<\/p>\n<p><a href=\"https:\/\/designrr.page\/?id=152401&#038;token=4002975717&#038;h=3090\" rel=\"noopener\" target=\"_blank\">Hacer clic en la cubierta del libro &#8211; para empezar a pasar las p\u00e1ginas<\/p>\n<\/div><\/div>\n<\/div>\n<p><!--\n\n[line]\n\n\n<p style=\"text-align: left;\"><strong> Fue una experiencia maravillosa <\/strong>\u00a0\u00a0 \u201cEsta fue mi primera Yagya Maharishi y fue una experiencia maravillosa. Mi plan es tener una cada a\u00f1o. A partir de la noche antes de mi cumplea\u00f1os sent\u00ed intensas olas de felicidad. En el tiempo transcurrido desde entonces se resolvieron muchos asuntos problem\u00e1ticos que hab\u00eda estado teniendo durante mucho tiempo (fue un alivio) y tambi\u00e9n me he sentido m\u00e1s feliz y satisfecho. Si surgen obst\u00e1culos en el d\u00eda a d\u00eda parecen disolverse m\u00e1s f\u00e1cilmente y mis acciones parecen ser m\u00e1s eficaces. Gracias por hacer que estas Yagyas est\u00e9n disponibles.\u201d \u00a0Canad\u00e1<\/p>\n\n\n\n[accordion]\n[accordion_entry title=\"&gt; Experiencias despu\u00e9s de una Yagya Especial\"]\n\n\n<p style=\"text-align: left;\"><strong>Todo estaba funcionando sin esfuerzo \u00a0<\/strong> \u201cMe sorprendi\u00f3 la profundidad de la sensaci\u00f3n de que todo estaba funcionando a mi alrededor sin esfuerzo, de forma pac\u00edfica y suavemente en mi cumplea\u00f1os. Era notablemente diferente de otros cumplea\u00f1os. \u00a1Gracias a los que lo han organizado!\u201d \u00a0 Canad\u00e1<\/p>\n\n\n\n\n<p style=\"text-align: left;\"><strong>Lo m\u00e1s feliz que puedo recordar <\/strong>\u00a0 \"Algunas situaciones que se estaban estancando comenzaron a moverse en la direcci\u00f3n correcta. En cuanto a mi cumplea\u00f1os, era el m\u00e1s feliz que puedo recordar en muchos a\u00f1os. Fue una semana llena de celebraciones, algo que probablemente no tuve ni siquiera en mis mejores d\u00edas durante la adolescencia. Estoy muy contento con los resultados de esta Yagya. Deseo que el pr\u00f3ximo cumplea\u00f1os llegue pronto.\" \u00a0 Italia<\/p>\n\n\n\n\n<p style=\"text-align: left;\"><strong>Me siento bendecido \u00a0 <\/strong>\u201cHubo un cambio definitivo en mi conciencia a partir de la Yagya. Me siento muy bendecido. Definitivamente estoy deseando tener una Yagya de cumplea\u00f1os cada a\u00f1o.\u201d \u00a0Reino Unido<\/p>\n\n\n\n\n<p style=\"text-align: left;\"><strong>La Sonrisa C\u00f3smica <\/strong>\u00a0\u00a0 \u201cLa experiencia es realmente c\u00f3smica y unifica todos los niveles de la existencia humana en la Sonrisa C\u00f3smica y uno se siente como si se vertiera Polvo de Oro sobre uno mismo. Gracias a todos los Pandits V\u00e9dicos que realizan Yagyas y toda la Tradici\u00f3n V\u00e9dica que nos trajo este Conocimiento Puro Divino.\u201d\u00a0 Serbia<\/p>\n\n\n\n\n<p style=\"text-align: left;\"><strong> Fue una experiencia maravillosa <\/strong>\u00a0\u00a0 \u201cEsta fue mi primera Yagya Maharishi y fue una experiencia maravillosa. Mi plan es tener una cada a\u00f1o. A partir de la noche antes de mi cumplea\u00f1os sent\u00ed intensas olas de felicidad. En el tiempo transcurrido desde entonces se resolvieron muchos asuntos problem\u00e1ticos que hab\u00eda estado teniendo durante mucho tiempo (fue un alivio) y tambi\u00e9n me he sentido m\u00e1s feliz y satisfecho. Si surgen obst\u00e1culos en el d\u00eda a d\u00eda parecen disolverse m\u00e1s f\u00e1cilmente y mis acciones parecen ser m\u00e1s eficaces. Gracias por hacer que estas Yagyas est\u00e9n disponibles.\u201d \u00a0Canad\u00e1<\/p>\n\n\n\n\n<p style=\"text-align: left;\"><strong>El impacto fue evidente <\/strong>\u00a0\u00a0 \u201cNo esper\u00e1bamos que la Yagya nos afectara de manera tan directa, pero el impacto era evidente. Me record\u00f3 el impacto de un curso de rondas (de MT en residencia). Dif\u00edcil de describir, pero imposible de ignorar.\u201d \u00a0EE.UU<\/p>\n\n\n\n\n<p style=\"text-align: left;\"><strong>Algo muy especial sucedi\u00f3 <\/strong>\u00a0\u00a0 \u201cEn el momento en que pagu\u00e9 por la Yagya para el Aniversario de Boda, sucedi\u00f3 algo muy especial en nuestra relaci\u00f3n. Ahora es como si todo es muy claro y transparente. Es una maravilla que una Yagya puede funcionar, s\u00f3lo por pagar por ello.\u201d\u00a0 Pa\u00edses Bajos<\/p>\n\n\n\n\n<p style=\"text-align: left;\"><strong>Anclado en el Absoluto \u00a0<\/strong>\u00a0 \u201cNos sentimos anclados en el absoluto todo el tiempo: la sensaci\u00f3n de que est\u00e1bamos inm\u00f3viles, verdaderamente. No hace falta decir que estamos deseando que llegue la siguiente Yagya.\u201d\u00a0 EE.UU<\/p>\n\n\n\n\n<p style=\"text-align: left;\"><strong>La Yagya elimin\u00f3 cansancio y miedo \u00a0\u00a0<\/strong>\"Ten\u00eda buenas experiencias durante ese d\u00eda. Me sent\u00ed muy feliz, suave y todas mis actividades fueron m\u00e1s tranquilas y relajadas de lo habitual. Todav\u00eda me siento con m\u00e1s esperanza y mi vida diaria entera parece apoyada por 'otro' poder. Pero lo mejor es que mi coraz\u00f3n se ha abierto m\u00e1s y las meditaciones son m\u00e1s profundas que antes.  \u00a1Parece que la Yagya elimin\u00f3 el cansancio y el miedo del pasado!\u201d   Alemania<\/p>\n\n\n\n\n<p style=\"text-align: left;\"><strong>La vida fluye m\u00e1s suavemente <\/strong>\u00a0\u00a0 \u201cEl efecto de las Yagyas es incre\u00edble, muchos con los que he hablado me han contado la misma calidad de las experiencias que tengo. La vida fluye de forma mucho m\u00e1s suave, el apoyo de la naturaleza es constante en las peque\u00f1as y grandes cosas, las barreras se est\u00e1n levantando. Me puedo sentir en paz con todo.\u201d\u00a0 EE.UU<\/p>\n\n\n[\/accordion_entry]\n[\/accordion]\n\n--><br \/>\n<div class=\"border-line\">&nbsp;<\/div>\n<a id=\"jhagelin\"><\/a><br \/>\n<div class=\"grid-holder\">\n<div class=\"grid grid-desktop-50 grid-mobile-100\"><div class=\"holder\">\t<a href=\"https:\/\/donation.vedicpandits.org\/es\/yagya\/special-yagya\/?image_video=https%3A%2F%2Fvimeo.com%2F238643967\" class=\"video-link \"><img loading=\"lazy\" decoding=\"async\" class=\"alignnone size-full wp-image-285\" src=\"https:\/\/donation.vedicpandits.org\/wp-content\/uploads\/2023\/02\/J_Hagelin_what-is-Yagya_video-600x321-1.png\" alt=\"yagya_hagelin_1web1\" width=\"432\" height=\"242\" \/><\/a>\n\n\t\n\t<a href=\"https:\/\/donation.vedicpandits.org\/es\/yagya\/special-yagya\/?image_video=https%3A%2F%2Fvimeo.com%2F238643967\" class=\"video-link no-pointer\"><em>&gt; Video 1: \u00bfQue es una Yagya Maharishi?<\/em><\/a>\n\n\t\n<\/div><\/div>\n<div class=\"grid grid-desktop-50 grid-mobile-100\"><div class=\"holder\"><h4>\u00bfQue es una Yagya Maharishi?<\/h4>\n<p>Maharishi Mahesh Yogi dedic\u00f3 muchos a\u00f1os de su vida a la recuperaci\u00f3n cuidadosa y sistem\u00e1tica de Yagya, restableciendo esta antigua tecnolog\u00eda a su m\u00e1xima potencia. Reaviv\u00f3 la comprensi\u00f3n crucial de que los Mantras V\u00e9dicos deben proyectarse desde la base de la conciencia, en el nivel de Para (trascendental) de la expresi\u00f3n, en la que el v\u00ednculo entre el sonido y la forma \u2013 entre el deseo y la satisfacci\u00f3n del deseo \u2013 est\u00e1 \u00edntimamente conectada y es enormemente poderosa.  A trav\u00e9s de la pr\u00e1ctica diaria de la MT y el Programa Sidhis-MT, los Pandits V\u00e9dicos Maharishi experimentan estados profundamente asentados de la conciencia.  En consecuencia, los Pandits realizan Yagyas desde este nivel muy asentado de la conciencia, involucrando a los niveles m\u00e1s profundos de la ley natural.<\/p>\n<\/div><\/div>\n<\/div>\n<div class=\"border-line\">&nbsp;<\/div>\n<h4>APRENDA M\u00c1S ACERCA DE LAS YAGYAS ESPECIALES<\/h4>\n<div class=\"accordion\"><div class=\"accordion-entry\"><em><a href=\"#\">&gt; Preguntas Frecuentes <\/a><\/em><div class=\"hidden-content\">\n<p>\u00bfHAY UN YAGYA ESPECIAL PARA LA SALUD?<br \/>\nNo tenemos una Yagya Especial Maharishi para la salud. Las Yagyas Especiales est\u00e1n dise\u00f1adas para dar un impulso general a la vida y evoluci\u00f3n de uno. Las Yagyas Especiales no est\u00e1n dise\u00f1adas para abordar problemas espec\u00edficos, como problemas relacionados con la salud o la cirug\u00eda m\u00e9dica.<\/p>\n<p>\u00bfC\u00d3MO SE FORMAN LOS PANDITS V\u00c9DICOS MAHARISHI?<br \/>\nLa formaci\u00f3n comienza a una edad temprana, cuando los ni\u00f1os comienzan a aprender de sus padres. Los muchachos de las familias tradicionales Pandit se unen al programa de formaci\u00f3n formal de Maharishi en sus \u00e1reas locales en torno a la edad de 10 a\u00f1os en uno de los muchos centros de formaci\u00f3n \u00abGuru Ji\u00bb. Alrededor de los 14 a\u00f1os, los j\u00f3venes Pandits se trasladan a uno de los campus de formaci\u00f3n residenciales en diversas partes del pa\u00eds.Por lo general, a partir de ah\u00ed se trasladan a uno de los principales campus de Pandits V\u00e9dicos Maharishi. Los Pandits est\u00e1n todos inscritos el Maharishi Mahesh Yogi Vedic Vishwavidyalaya, una universidad autorizada. Su formaci\u00f3n sistem\u00e1tica contin\u00faa hasta el nivel de doctorado. Todos nuestros Pandits practican los programas de Meditaci\u00f3n Trascendental y Sidhis-MT.<\/p>\n<p>\u00bfQU\u00c9 PASA SI NO CONOZCO LA HORA EXACTA DE NACIMIENTO?<br \/>\nPor favor, intente determinar la hora de nacimiento con la mayor precisi\u00f3n posible. Si usted no tiene la hora exacta, una buena aproximada es aceptable.<\/p>\n<p>\u00bfES MEJOR PATROCINAR UNA YAGYA ESPECIAL O CONTRIBUIR A UNA YAGYA NACIONAL?<br \/>\nAmbas son opciones maravillosas y ambas apoyan directamente a los grandes grupos de Pandits V\u00e9dicos Maharishi. Depende del deseo del donante. En el caso de las Yagyas Nacionales, el donante est\u00e1 apoyando a su pa\u00eds y, a trav\u00e9s de esa intenci\u00f3n, tambi\u00e9n a s\u00ed mismo. Con una Yagya Especial, el objetivo principal es para el beneficio de los participantes. Idealmente, el donante podr\u00eda considerar hacer una Yagya Especial una vez o dos veces al a\u00f1o, pero tambi\u00e9n puede contribuir donando para las Yagyas Nacionales todos los meses, dependiendo de su presupuesto.<\/p>\n<p>\u00bfA DONDE VAN LAS DONACIONES?<\/p>\n<p>Donaciones al programa de Yagyas Especiales se hacen a la Brahmananda Saraswati Yagya Foundation de EE.UU., es una organizaci\u00f3n acogida a la legislaci\u00f3n 501 (c) (3). Los fondos donados para las Yagyas Especiales van directamente a apoyar a los Pandits V\u00e9dicos Maharishi. <\/p>\n<p>Las donaciones son deducibles de los impuestos para los contribuyentes estadounidenses. Se le enviara un recibo por cada donaci\u00f3n.<\/p>\n<p>Para otros pa\u00edses puedes consultar a su propio asesor fiscal sobre la deducibilidad de impuestos. Si tiene m\u00e1s preguntas su Embajador Nacional estar\u00e1 encantado de ayudarle. Para informaci\u00f3n de contacto consulte el enlace  <em><a href=\"https:\/\/donation.vedicpandits.org\/es\/contact\/\" target=\"_blank\" rel=\"noopener noreferrer\">Contacto<\/a><\/em> donde encontrar\u00e1 una lista de Embajadores en la p\u00e1gina.<\/p>\n<p><!--\u00bfLAS DONACI\u00d3NES SON DEDUCIBLES DE LOS IMPUESTOS?\nDonaciones al programa de Yagyas Especiales se hacen a la Brahmananda Saraswati Foundation de EE.UU., es una organizaci\u00f3n acogida a la legislaci\u00f3n 501 (c) (3) y las donaciones son deducibles de los impuestos para los contribuyentes estadounidenses. Se le enviara un recibo por cada donaci\u00f3n.\n\nPara los donantes de la UE: Stichting Brahmananda Saraswati Trust (con sede en Holanda) tiene la calificaci\u00f3n de ANBI (Instituci\u00f3n Destinada al Bien Com\u00fan), por lo que las donaciones realizadas a esta Fundaci\u00f3n son deducibles de los impuestos para los residentes holandeses y ahora tambi\u00e9n para algunos otros pa\u00edses de la UE. Sin embargo no todos los pa\u00edses de la UE han aplicado la deducci\u00f3n de impuestos para las donaciones a instituciones en el extranjero. As\u00ed que para los pa\u00edses de la UE distintos de Holanda, por favor pregunte a su Embajador.\n\nPara los donantes de Espa\u00f1a: La Fundaci\u00f3n Pa\u00eds Global Maharishi de la Paz Mundial, calificada en Espa\u00f1a de Ben\u00e9fica Asistencial tiene una deducci\u00f3n del 25% en la Declaraci\u00f3n de la Renta con un tope del 10% de la Base Imponible (2010-2014).\n\nPara otros pa\u00edses puedes consultar a su propio asesor fiscal sobre la deducibilidad de impuestos. Si tiene m\u00e1s preguntas su Embajador Nacional estar\u00e1 encantado de ayudarle. Para informaci\u00f3n de contacto consulte el enlace  <em><a href=\"https:\/\/donation.vedicpandits.org\/es\/contact\/\" target=\"_blank\" rel=\"noopener noreferrer\">Contacto<\/a><\/em> donde encontrar\u00e1 una lista de Embajadores en la p\u00e1gina.--><br \/>\n<a href=\"#\" class=\"close\">Close Section<\/a><\/div><\/div>\n<\/div>\n","protected":false},"excerpt":{"rendered":"<p>Yagyas Maharishi Especiales Como todas las Yagyas Maharishi, las Yagyas Especiales son principalmente un medio de crear paz y prosperidad para nuestra familia mundial. Maharishi dise\u00f1o una selecci\u00f3n \u00fanica de Yagyas especiales para llevar un apoyo general al crecimiento personal y la buena fortuna a los beneficiarios de las Yagyas. Estas Yagyas especiales traen las [&hellip;]<\/p>\n","protected":false},"author":3,"featured_media":75969,"parent":1890,"menu_order":2,"comment_status":"open","ping_status":"closed","template":"","meta":{"om_disable_all_campaigns":false,"_monsterinsights_skip_tracking":false,"_monsterinsights_sitenote_active":false,"_monsterinsights_sitenote_note":"","_monsterinsights_sitenote_category":0,"footnotes":""},"class_list":["post-2062","page","type-page","status-publish","has-post-thumbnail","hentry"],"_links":{"self":[{"href":"https:\/\/donation.vedicpandits.org\/es\/wp-json\/wp\/v2\/pages\/2062","targetHints":{"allow":["GET"]}}],"collection":[{"href":"https:\/\/donation.vedicpandits.org\/es\/wp-json\/wp\/v2\/pages"}],"about":[{"href":"https:\/\/donation.vedicpandits.org\/es\/wp-json\/wp\/v2\/types\/page"}],"author":[{"embeddable":true,"href":"https:\/\/donation.vedicpandits.org\/es\/wp-json\/wp\/v2\/users\/3"}],"replies":[{"embeddable":true,"href":"https:\/\/donation.vedicpandits.org\/es\/wp-json\/wp\/v2\/comments?post=2062"}],"version-history":[{"count":60,"href":"https:\/\/donation.vedicpandits.org\/es\/wp-json\/wp\/v2\/pages\/2062\/revisions"}],"predecessor-version":[{"id":76003,"href":"https:\/\/donation.vedicpandits.org\/es\/wp-json\/wp\/v2\/pages\/2062\/revisions\/76003"}],"up":[{"embeddable":true,"href":"https:\/\/donation.vedicpandits.org\/es\/wp-json\/wp\/v2\/pages\/1890"}],"wp:featuredmedia":[{"embeddable":true,"href":"https:\/\/donation.vedicpandits.org\/es\/wp-json\/wp\/v2\/media\/75969"}],"wp:attachment":[{"href":"https:\/\/donation.vedicpandits.org\/es\/wp-json\/wp\/v2\/media?parent=2062"}],"curies":[{"name":"wp","href":"https:\/\/api.w.org\/{rel}","templated":true}]}}