{"id":2096,"date":"2014-04-10T12:36:56","date_gmt":"2014-04-10T12:36:56","guid":{"rendered":"https:\/\/vedicpandits.org\/?page_id=2096"},"modified":"2023-06-13T16:07:45","modified_gmt":"2023-06-13T16:07:45","slug":"faq","status":"publish","type":"page","link":"https:\/\/donation.vedicpandits.org\/es\/contact\/faq\/","title":{"rendered":"PREGUNTAS FRECUENTES"},"content":{"rendered":"<h5>SOBRE LOS PANDITS V\u00c9DICOS MAHARISHI<\/h5>\n<p><em>\u00bfPOR QU\u00c9 ESTE GRUPO EST\u00c1 FORMADO S\u00d3LO POR PANDITS V\u00c9DICOS MAHARISHI? <\/em><br \/>\nLa investigaci\u00f3n cient\u00edfica ha demostrado que los grupos de personas de todos los \u00e1mbitos de la vida practicando el Vuelo Y\u00f3guico juntos pueden producir una poderosa influencia de paz, sin embargo mantener la armon\u00eda en la sociedad es la ocupaci\u00f3n tradicional de los Pandits V\u00e9dicos Maharishi. Lo hacen no s\u00f3lo al participar en largas sesiones de meditaci\u00f3n y el Vuelo Y\u00f3guico, tambi\u00e9n realizan Yagyas espec\u00edficas para la paz. La realizaci\u00f3n diaria de estas Yagyas crea una influencia constante y poderosa de paz que es \u00fanica de los Pandits V\u00e9dicos Maharishi.<\/p>\n<p><em>\u00bfCU\u00c1L ES LA DIFERENCIA ENTRE LOS PANDITS V\u00c9DICOS Y LOS PANDITS V\u00c9DICOS MAHARISHI? <\/em><br \/>\nEn primer lugar, los Pandits V\u00e9dicos Maharishi practican la Meditaci\u00f3n Trascendental (MT) y el Programa Sidhis-MT, incluyendo el Vuelo Y\u00f3guico. Estas t\u00e9cnicas aportan experiencia directa de la conciencia pura trascendental, que es la base de todo el conocimiento v\u00e9dico.<\/p>\n<p>Como resultado de su meditaci\u00f3n diaria, los Pandits V\u00e9dicos Maharishi realizan Yagyas desde un nivel m\u00e1s estable de la conciencia. Ellos involucran los niveles m\u00e1s profundos de la Ley Natural, de modo que las Yagyas tienen un efecto m\u00e1s potente.<\/p>\n<p>Adem\u00e1s, Maharishi ha trabajado estrechamente con los maestros Pandits m\u00e1s venerados durante d\u00e9cadas para restaurar la formaci\u00f3n de los Pandits V\u00e9dicos para que aprendieran el correcto ejercicio y la pronunciaci\u00f3n en su eficacia tradicional completa. Los visitantes a menudo comentan c\u00f3mo los Pandits V\u00e9dicos Maharishi recitan de una forma m\u00e1s lenta y suave. Esto le da integridad vital a los sonidos v\u00e9dicos ya que reverberan en todo el entorno.<\/p>\n<p><em>\u00bfCU\u00c1NTOS PANDITS V\u00c9DICOS MAHARISHI HAY AHORA? <\/em><br \/>\nCerca de 2.000 Pandits V\u00e9dicos Maharishi est\u00e1n en el grupo en el campus del Brahmasthan de India. M\u00e1s de 3.000 estudiantes avanzados Pandits viven en 26 centros de formaci\u00f3n residenciales en toda India. <\/p>\n<p><em>\u00bfQU\u00c9 ES EL VEDA? <\/em><br \/>\nVeda significa conocimiento. Mucho m\u00e1s que libros antiguos, Maharishi ha explicado que el Veda es el conocimiento y el poder que subyace en la organizaci\u00f3n y administraci\u00f3n de la totalidad de la creaci\u00f3n. El Veda contiene el conocimiento de c\u00f3mo vivir la vida humana para lograr la mayor satisfacci\u00f3n y plenitud, el estado de iluminaci\u00f3n.<\/p>\n<p><em>\u00bfQU\u00c9 ES EL VUELO Y\u00d3GUICO? <\/em><br \/>\nEl Vuelo Y\u00f3guico es parte del programa avanzado Sidhis-MT. Para el individuo, el Vuelo Y\u00f3guico integra el silencio coherente en el interior del cerebro que se encuentra durante la meditaci\u00f3n profunda con actividad din\u00e1mica, ayudando as\u00ed a desarrollar estados superiores de conciencia. Para la sociedad, grupos de Voladores Y\u00f3guicos practicando juntos han demostrado que difunden una influencia de coherencia y armon\u00eda en la poblaci\u00f3n circundante. Este \u00faltimo efecto es la base de la Iniciativa Global de la Paz.<\/p>\n<p><em>\u00bfCU\u00c1LES SON LAS ACTIVIDADES DE LOS PANDITS V\u00c9DICOS MAHARISHI?<\/em><br \/>\nSu programa diario, seg\u00fan lo dise\u00f1ado por Maharishi, incluye levantarse temprano, la meditaci\u00f3n y el grupo de vuelo y\u00f3guico, las realizaciones de las Yagyas Maharishi, cenas de grupo y algo de tiempo libre.<\/p>\n<p>\u00bfPOR QU\u00c9 EL BRAHMASTHAN DE INDIA?<br \/>\nBrahmasthan significa el centro geogr\u00e1fico, ya sea de un sal\u00f3n, de una casa, de una ciudad o de un pa\u00eds. Maharishi ha indicado que para lograr un mayor efecto pacificador, el Grupo de Pandits Voladores Y\u00f3guicos debe estar ubicado en el Brahmasthan de un pa\u00eds. Por esta raz\u00f3n, el campus principal de los Pandits V\u00e9dicos Maharishi est\u00e1 situado en el Brahmasthan de India, cerca de Jabalpur, en Madhya Pradesh.<\/p>\n<p><em>\u00bfQU\u00c9 PASAR\u00c1 UNA VEZ QUE SE ALCANCE EL OBJETIVO DE TENER LOS 9.000 PANDITS V\u00c9DICOS MAHARISHI? <\/em><br \/>\nLo celebraremos. Una nueva era de paz para el mundo habr\u00e1 llegado. Debido a que siempre hay espacio para m\u00e1s progreso, el Fondo y la Fundaci\u00f3n seguir\u00e1n aumentando el n\u00famero de Pandits en India practicando el Vuelo Y\u00f3guico en grupos y realizando Yagyas para que sea creada una mayor influencia de paz y coherencia para todo el mundoe.<\/p>\n<p><em>\u00bfC\u00d3MO PUEDO MANTENERME INFORMADO SOBRE EL PROGRESO DEL GRUPO DE PANDITS? <\/em><br \/>\nLa mejor forma es simplemente suscribirse al bolet\u00edn, que es gratis. Cada mes el Dr. Harris Kaplan, Director Gerente del Brahmananda Saraswati Trust, env\u00eda un correo electr\u00f3nico a todos los suscriptores. Si usted se convierte en Donante en este sitio web, recibir\u00e1 estos boletines de noticias de forma autom\u00e1tica.<\/p>\n<p>Tambi\u00e9n puede ponerse en contacto con su \u00abEmbajador Nacional de la Brahmananda Saraswati Trust\u00bb y pedir que se le mantenga informado de cualquier iniciativa en su propio pa\u00eds.<\/p>\n<p><em>\u00bfPUEDO DONAR PARA MANTENER A UN PANDIT V\u00c9DICO MAHARISHI CONCRETO? <\/em><br \/>\nAnimamos a todos a contribuir de forma mensual para apoyar a los Pandits. Usted puede elegir el donar para mantener a un Pandit completo mensual o bien donar una parte de su coste mensual. Un Pandit V\u00e9dico Maharishi puede ser totalmente patrocinado donando 250 d\u00f3lares USA al mes, unos 200 Euros. Esto incluye el alojamiento y comida, su salario, los gastos de administraci\u00f3n, las provisiones para las Yagyas y los gastos imprevistos. Sin embargo, para garantizar que los Pandits mantienen su atenci\u00f3n en sus responsabilidades diarias, no hay una relaci\u00f3n individual establecida de uno-a-uno entre los Donantes y los Pandits..<\/p>\n<h5>SOBRE LAS DONACIONES Y LAS FINANZAS<\/h5>\n<p><em>\u00bfCU\u00c1L ES LA DIFERENCIA ENTRE DONAR PARA UNA YAGYA NACIONAL MAHARISHI Y DONAR PARA LOS PANDITS V\u00c9DICOS MAHARISHI?<\/em><br \/>\nTodas las donaciones para apoyar a los Pandits V\u00e9dicos Maharishi se tienen en cuenta autom\u00e1ticamente para el Programa de Yagya Nacional.<\/p>\n<p><em>\u00bfES MI DONACI\u00d3N DEDUCIBLE DE LOS IMPUESTOS?<\/em><br \/>\nPara los donantes de la UE: Stichting Brahmananda Saraswati Trust (con sede en Holanda) tiene la calificaci\u00f3n de ANBI (Instituci\u00f3n Destinada al Bien Com\u00fan), por lo que las donaciones realizadas a esta Fundaci\u00f3n son deducibles de los impuestos para los residentes holandeses y ahora tambi\u00e9n para algunos otros pa\u00edses de la UE. Sin embargo no todos los pa\u00edses de la UE han aplicado la deducci\u00f3n de impuestos para las donaciones a instituciones en el extranjero. As\u00ed que para los pa\u00edses de la UE distintos de Holanda, por favor pregunte a su Embajador. Para los donantes de los Estados Unidos: la Brahmananda Saraswati Foundation de EE.UU., es una organizaci\u00f3n acogida a la legislaci\u00f3n 501 (c) (3) y las donaciones son deducibles de los impuestos para los contribuyentes estadounidenses.<\/p>\n<p>Para los donantes de Espa\u00f1a: La Fundaci\u00f3n Pa\u00eds Global Maharishi de la Paz Mundial, calificada en Espa\u00f1a de Ben\u00e9fica Asistencial tiene una deducci\u00f3n del 25% en la Declaraci\u00f3n de la Renta con un tope del 10% de la Base Imponible (2010-2014).<\/p>\n<p>Para otros pa\u00edses: Algunas organizaciones de caridad nacionales ofrecen estatus deducible de impuestos para las donaciones a los Pandits V\u00e9dicos Maharishi. Estos incluyen los del Reino Unido, Canad\u00e1 y Nueva Zelanda. Haga clic en el nombre del pa\u00eds para obtener m\u00e1s informaci\u00f3n sobre c\u00f3mo hacer una donaci\u00f3n a trav\u00e9s de su organizaci\u00f3n nacional. Incluso si su pa\u00eds no est\u00e1 en la lista anterior, entre los que ofrecen beneficios fiscales, siempre puede apoyar a los Pandits V\u00e9dicos Maharishi desde cualquier pa\u00eds del mundo a trav\u00e9s de donaciones en linea para la Brahmananda Saraswati Trust y para la Brahmananda Saraswati Foundation<\/p>\n<p><em>\u00bfPOR QU\u00c9 ES TAN IMPORTANTE LA DONACI\u00d3N MENSUAL REGULAR? <\/em><br \/>\nLas donaciones de una sola vez son siempre apreciadas y bienvenidas y nos ayudan mucho. Sin embargo, como con los Pandits V\u00e9dicos Maharishi adquirimos un compromiso para que hagan una carrera completa en el campus del Brahmasthan de India, una vez que los llevamos all\u00ed deseamos que reciban de una manera constante y segura los fondos que necesitan. As\u00ed que animamos a nuestros donantes a hacer sus donaciones mensuales regulares y crear una base de donantes estable sobre la que construir el grupo de 9.000 Pandits en India.<\/p>\n<p><em>\u00bfQU\u00c9 PORCENTAJE DE MI DONACI\u00d3N VA A APOYAR A LOS PANDITS V\u00c9DICOS?<\/em><br \/>\nM\u00e1s del 90% de las donaciones regulares va a India para apoyar a los Pandits V\u00e9dicos Maharishi. Menos del 10% se utiliza para cubrir los gastos de tarjetas de cr\u00e9dito, transferencias y gastos de administraci\u00f3n. Entre las organizaciones de recaudaci\u00f3n de fondos solidarios, por debajo del 10% se considera un porcentaje muy bajo.<\/p>\n<p><em>\u00bfCU\u00c1NTOS PA\u00cdSES DONAN PARA LOS PANDITS V\u00c9DICOS MAHARISHI?<\/em><br \/>\nDonantes de m\u00e1s de 100 pa\u00edses apoyan a los Pandits V\u00e9dicos Maharishi<\/p>\n<p><em>\u00bfC\u00d3MO SE GESTIONA EL FONDO DE DOTACI\u00d3N?<\/em><br \/>\nLas donaciones al Fondo de Dotaci\u00f3n no van a India, sino que se invierten. S\u00f3lo los ingresos de las inversiones se destinan a apoyar a los pandits, por lo que el Fondo de Dotaci\u00f3n nunca se agota. El Comit\u00e9 de Inversiones de BSF y BST est\u00e1 dirigido por un grupo de experimentados administradores de diferentes empresas e instituciones financieras. Para ver el Comit\u00e9 de Inversiones, por favor hacer <a href=\"https:\/\/donation.vedicpandits.org\/es\/about-us\/#investmentcommittee\" rel=\"noopener\" target=\"_blank\">clic aqu\u00ed<\/a>.<\/p>\n","protected":false},"excerpt":{"rendered":"<p>SOBRE LOS PANDITS V\u00c9DICOS MAHARISHI \u00bfPOR QU\u00c9 ESTE GRUPO EST\u00c1 FORMADO S\u00d3LO POR PANDITS V\u00c9DICOS MAHARISHI? La investigaci\u00f3n cient\u00edfica ha demostrado que los grupos de personas de todos los \u00e1mbitos de la vida practicando el Vuelo Y\u00f3guico juntos pueden producir una poderosa influencia de paz, sin embargo mantener la armon\u00eda en la sociedad es la [&hellip;]<\/p>\n","protected":false},"author":3,"featured_media":165,"parent":1361,"menu_order":0,"comment_status":"open","ping_status":"closed","template":"","meta":{"om_disable_all_campaigns":false,"_monsterinsights_skip_tracking":false,"_monsterinsights_sitenote_active":false,"_monsterinsights_sitenote_note":"","_monsterinsights_sitenote_category":0,"footnotes":""},"class_list":["post-2096","page","type-page","status-publish","has-post-thumbnail","hentry"],"_links":{"self":[{"href":"https:\/\/donation.vedicpandits.org\/es\/wp-json\/wp\/v2\/pages\/2096","targetHints":{"allow":["GET"]}}],"collection":[{"href":"https:\/\/donation.vedicpandits.org\/es\/wp-json\/wp\/v2\/pages"}],"about":[{"href":"https:\/\/donation.vedicpandits.org\/es\/wp-json\/wp\/v2\/types\/page"}],"author":[{"embeddable":true,"href":"https:\/\/donation.vedicpandits.org\/es\/wp-json\/wp\/v2\/users\/3"}],"replies":[{"embeddable":true,"href":"https:\/\/donation.vedicpandits.org\/es\/wp-json\/wp\/v2\/comments?post=2096"}],"version-history":[{"count":11,"href":"https:\/\/donation.vedicpandits.org\/es\/wp-json\/wp\/v2\/pages\/2096\/revisions"}],"predecessor-version":[{"id":78018,"href":"https:\/\/donation.vedicpandits.org\/es\/wp-json\/wp\/v2\/pages\/2096\/revisions\/78018"}],"up":[{"embeddable":true,"href":"https:\/\/donation.vedicpandits.org\/es\/wp-json\/wp\/v2\/pages\/1361"}],"wp:featuredmedia":[{"embeddable":true,"href":"https:\/\/donation.vedicpandits.org\/es\/wp-json\/wp\/v2\/media\/165"}],"wp:attachment":[{"href":"https:\/\/donation.vedicpandits.org\/es\/wp-json\/wp\/v2\/media?parent=2096"}],"curies":[{"name":"wp","href":"https:\/\/api.w.org\/{rel}","templated":true}]}}