{"id":2154,"date":"2014-04-08T11:28:21","date_gmt":"2014-04-08T11:28:21","guid":{"rendered":"https:\/\/vedicpandits.org\/?page_id=2154"},"modified":"2023-04-11T11:45:19","modified_gmt":"2023-04-11T11:45:19","slug":"newsletter","status":"publish","type":"page","link":"https:\/\/donation.vedicpandits.org\/es\/contact\/newsletter\/","title":{"rendered":"Newsletter"},"content":{"rendered":"<div class=\"grid-holder grid-border-50\">\n<div class=\"grid grid-desktop-50 grid-mobile-100\"><div class=\"holder\"><h4>POR FAVOR HACER CLIC EN EL BOT\u00d3N DE SUSCRIPCI\u00d3N PARA RECIBIR NUESTROS BOLETINES<\/h4>\n<p>Estaremos encantados de enviarle informaci\u00f3n mensual sobre el progreso de nuestro proyecto de los Pandits V\u00e9dicos Maharishi en el Brahmasthan de India. Mant\u00e9ngase al d\u00eda con las \u00faltimas noticias y novedades a trav\u00e9s del bolet\u00edn de Raja Harris Kaplan, Consejero Delegado de la Brahmananda Saraswati Trust y Fundaci\u00f3n.<\/p>\n<blockquote>\n<p>Respetamos la privacidad electr\u00f3nica y no daremos a conocer su direcci\u00f3n bajo ninguna circunstancia. <a  href=\"https:\/\/donation.vedicpandits.org\/privacy\/\">Haga clic aqu\u00ed para ver nuestra Pol\u00edtica de Privacidad.<\/a><\/p>\n<\/blockquote>\n<p style=\"text-align: center\"><a href=\"#form-newsletter\" class=\"btn btn-large btn-pop-up\">&gt; SUSCR\u00cdBASE<\/a><\/p>\n<\/div><\/div>\n<div class=\"grid grid-desktop-50 grid-mobile-100\"><div class=\"holder\"><h4>RECIBE NOTICIAS REGULARES EN ESPA\u00d1OL<\/h4>\n<p>Si desea recibir boletines informativos en espa\u00f1ol, por favor env\u00ede un correo electr\u00f3nico directamente a su embajador local. Haga clic en &#8216;Enviar un correo electr\u00f3nico&#8217;.<br \/>\nLa direcci\u00f3n de correo electr\u00f3nico de su embajador se mostrar\u00e1 en un correo electr\u00f3nico. <\/p>\n<p><a href = \"mailto:avv@grn.es?subject=RECIBE NOTICIAS REGULARES EN ESPA\u00d1OL&#038;body=\">ESPANA:  Enviar un correo electr\u00f3nico <\/a><\/p>\n<p><a href = \"mailto:ario@vedicpandits.org?subject=RECIBE NOTICIAS REGULARES EN ESPA\u00d1OL&#038;body=\">MEXICO:  Enviar un correo electr\u00f3nico <\/a><\/p>\n<p><a href = \"mailto:pmorana10@gmail.com?subject=RECIBE NOTICIAS REGULARES EN ESPA\u00d1OL&#038;body=\">ARGENTINA:  Enviar un correo electr\u00f3nico <\/a><\/p>\n<p><a href = \"mailto:astrid.caceres@gmail.com?subject=RECIBE NOTICIAS REGULARES EN ESPA\u00d1OL&#038;body=\">CHILE:  Enviar un correo electr\u00f3nico <\/a><\/p>\n<\/div><\/div>\n<\/div>\n","protected":false},"excerpt":{"rendered":"","protected":false},"author":3,"featured_media":14744,"parent":1361,"menu_order":1,"comment_status":"open","ping_status":"closed","template":"template-newsletter.php","meta":{"om_disable_all_campaigns":false,"_monsterinsights_skip_tracking":false,"_monsterinsights_sitenote_active":false,"_monsterinsights_sitenote_note":"","_monsterinsights_sitenote_category":0,"footnotes":""},"class_list":["post-2154","page","type-page","status-publish","has-post-thumbnail","hentry"],"_links":{"self":[{"href":"https:\/\/donation.vedicpandits.org\/es\/wp-json\/wp\/v2\/pages\/2154","targetHints":{"allow":["GET"]}}],"collection":[{"href":"https:\/\/donation.vedicpandits.org\/es\/wp-json\/wp\/v2\/pages"}],"about":[{"href":"https:\/\/donation.vedicpandits.org\/es\/wp-json\/wp\/v2\/types\/page"}],"author":[{"embeddable":true,"href":"https:\/\/donation.vedicpandits.org\/es\/wp-json\/wp\/v2\/users\/3"}],"replies":[{"embeddable":true,"href":"https:\/\/donation.vedicpandits.org\/es\/wp-json\/wp\/v2\/comments?post=2154"}],"version-history":[{"count":86,"href":"https:\/\/donation.vedicpandits.org\/es\/wp-json\/wp\/v2\/pages\/2154\/revisions"}],"predecessor-version":[{"id":76569,"href":"https:\/\/donation.vedicpandits.org\/es\/wp-json\/wp\/v2\/pages\/2154\/revisions\/76569"}],"up":[{"embeddable":true,"href":"https:\/\/donation.vedicpandits.org\/es\/wp-json\/wp\/v2\/pages\/1361"}],"wp:featuredmedia":[{"embeddable":true,"href":"https:\/\/donation.vedicpandits.org\/es\/wp-json\/wp\/v2\/media\/14744"}],"wp:attachment":[{"href":"https:\/\/donation.vedicpandits.org\/es\/wp-json\/wp\/v2\/media?parent=2154"}],"curies":[{"name":"wp","href":"https:\/\/api.w.org\/{rel}","templated":true}]}}