{"id":2837,"date":"2015-03-11T10:43:55","date_gmt":"2015-03-11T10:43:55","guid":{"rendered":"https:\/\/vedicpandits.org\/?page_id=2837"},"modified":"2017-09-21T09:49:18","modified_gmt":"2017-09-21T09:49:18","slug":"intermediary-donation-page","status":"publish","type":"page","link":"https:\/\/donation.vedicpandits.org\/es\/intermediary-donation-page\/","title":{"rendered":"Intermediary Donation Page"},"content":{"rendered":"<h2 style=\"margin-bottom: 30px; color: white; background: none repeat scroll 0 0 #e37d22; font-size: 17px; text-align: center; padding-top: 10px;\">Su aportaci\u00f3n a los grupos de los Pandits V\u00e9dicos Maharishi crea una influencia positiva de paz para el mundo.<\/h2>\n<div class=\"grid grid-desktop-30 grid-mobile-100\">\n<div class=\"holder\"><img loading=\"lazy\" decoding=\"async\" class=\"alignleft size-full wp-image-2490\" src=\"\/wp-content\/uploads\/2015\/03\/photo_pandit_donatepage1.jpg\" alt=\"photo_pandit_donatepage\" width=\"234\" height=\"284\" \/><\/div>\n<\/div>\n<div class=\"grid grid-desktop-70 grid-mobile-100\">\n<div class=\"holder\">Para obtener m\u00e1s informaci\u00f3n, haga clic en su pa\u00eds a continuaci\u00f3n:<br \/>\n<div class=\"accordion\"><div class=\"accordion-entry\"><em><a href=\"#\">&gt; ESPA\u00d1A<\/a><\/em><div class=\"hidden-content\">\n<div class=\"grid grid-desktop-70 grid-mobile-100\">\n<div class=\"holder\">\nUsted puede donar en euros o en d\u00f3lares estadounidenses.<\/p>\n<h4>Donar en Euros.<\/h4>\n<p>Puede configurar una donaci\u00f3n regular en forma de transferencia mensual en euros a la organizaci\u00f3n \u00abBrahmananda Saraswati Trust\u00bb en Holanda o por PayPal.<\/p>\n<p>PayPal &#8211; Informaci\u00f3n de Contacto: BST108@maharishi.net<\/p>\n<p>Por favor utilice los siguientes datos para las transferencias bancarias.<\/p>\n<p>&nbsp;<\/p>\n<p>&nbsp;<\/p>\n<div class=\"grid-holder\">\n<div class=\"grid grid-desktop-50 grid-mobile-100\">\n<div class=\"holder\">\n<p>Datos bancarios:<\/p>\n<p>ING Bank, Roermond, Pa\u00edses Bajos<br \/>\nC\u00f3digo Swift \/ BIC: INGBNL2A<br \/>\nNombre de la cuenta: BST<br \/>\nIBAN: NL74 INGB 0659 6208 04<br \/>\nN\u00famero de cuenta: 65.96.20.804<\/p>\n<\/div>\n<\/div>\n<div class=\"grid grid-desktop-50 grid-mobile-100\">\n<div class=\"holder\">\n<p>Direcci\u00f3n del beneficiario:<\/p>\n<p>Station 24<br \/>\n6063NP Vlodrop<br \/>\nPa\u00edses Bajos<\/p>\n<\/div>\n<\/div>\n<p>&nbsp;<br \/>\n&nbsp;<br \/>\n&nbsp;<\/p>\n<h4>Donar en d\u00f3lares estadounidenses.<\/h4>\n<p>Para hacer una donaci\u00f3n en l\u00ednea a los Pandits V\u00e9dicos Maharishi, puedes acceder al formulario de abajo. Usted puede pagar con tarjeta de cr\u00e9dito o PayPal. El formulario en l\u00ednea no est\u00e1 disponible en espa\u00f1ol y debe ser complimentado en ingl\u00e9s. Para ayudarle, puede descargar la versi\u00f3n espa\u00f1ola del formulario en formato pdf.<\/p>\n<p><!--\n\n\n\n<p style=\"text-align: center;\"><a class=\"btn btn-large\" href=\"\/wp-content\/uploads\/2015\/03\/spanish_page_1_and_2_of_donation_page.pdf\" target=\"_blank\">&gt; HAGA CLIC AQU\u00cd PARA DESCARGAR LA TRADUCCI\u00d3N EN PDF\n<\/a><\/p>\n\n\n\n--><\/p>\n<p style=\"text-align: center;\">\u00a0\u00a0\u00a0\u00a0\u00a0\u00a0\u00a0\u00a0\u00a0<a class=\"btn btn-large\" href=\"https:\/\/aro.vedicpandits.org\/donate\">&gt; HAGA CLIC AQU\u00cd PARA ACCEDER AL FORMULARIO <\/a><\/p>\n<a href=\"#\" class=\"close\">Close Section<\/a><\/div><\/div>\n<\/div>\n<\/div>\n<\/div>\n<div class=\"accordion\"><div class=\"accordion-entry\"><em><a href=\"#\">&gt; AM\u00c9RICA LATINA <\/a><\/em><div class=\"hidden-content\">\nPara hacer una donaci\u00f3n en l\u00ednea a los Pandits V\u00e9dicos Maharishi, puedes acceder al formulario de abajo. Usted puede pagar con tarjeta de cr\u00e9dito o PayPal. El formulario en l\u00ednea no est\u00e1 disponible en espa\u00f1ol y debe ser complimentado en ingl\u00e9s. Para ayudarle, puede descargar la versi\u00f3n espa\u00f1ola del formulario en formato pdf.<\/p>\n<p style=\"text-align: center;\"><a class=\"btn btn-large\" href=\"\/wp-content\/uploads\/2015\/03\/spanish_page_1_and_2_of_donation_page.pdf\" target=\"_blank\">&gt; HAGA CLIC AQU\u00cd PARA DESCARGAR LA TRADUCCI\u00d3N EN PDF<br \/>\n<\/a><\/p>\n<p style=\"text-align: center;\">\u00a0\u00a0\u00a0\u00a0\u00a0\u00a0\u00a0\u00a0\u00a0<a class=\"btn btn-large\" href=\"https:\/\/donate.vedicpandits.org\/ipgeo\/ipgeo.php\">&gt; HAGA CLIC AQU\u00cd PARA ACCEDER AL FORMULARIO <\/a><\/p>\n<a href=\"#\" class=\"close\">Close Section<\/a><\/div><\/div>\n<\/div>\n<\/div>\n<\/div>\n<\/div>\n<\/div>\n","protected":false},"excerpt":{"rendered":"<p>Su aportaci\u00f3n a los grupos de los Pandits V\u00e9dicos Maharishi crea una influencia positiva de paz para el mundo. Para obtener m\u00e1s informaci\u00f3n, haga clic en su pa\u00eds a continuaci\u00f3n:<\/p>\n","protected":false},"author":3,"featured_media":0,"parent":0,"menu_order":0,"comment_status":"closed","ping_status":"closed","template":"","meta":{"om_disable_all_campaigns":false,"_monsterinsights_skip_tracking":false,"_monsterinsights_sitenote_active":false,"_monsterinsights_sitenote_note":"","_monsterinsights_sitenote_category":0,"footnotes":""},"class_list":["post-2837","page","type-page","status-publish","hentry"],"_links":{"self":[{"href":"https:\/\/donation.vedicpandits.org\/es\/wp-json\/wp\/v2\/pages\/2837","targetHints":{"allow":["GET"]}}],"collection":[{"href":"https:\/\/donation.vedicpandits.org\/es\/wp-json\/wp\/v2\/pages"}],"about":[{"href":"https:\/\/donation.vedicpandits.org\/es\/wp-json\/wp\/v2\/types\/page"}],"author":[{"embeddable":true,"href":"https:\/\/donation.vedicpandits.org\/es\/wp-json\/wp\/v2\/users\/3"}],"replies":[{"embeddable":true,"href":"https:\/\/donation.vedicpandits.org\/es\/wp-json\/wp\/v2\/comments?post=2837"}],"version-history":[{"count":39,"href":"https:\/\/donation.vedicpandits.org\/es\/wp-json\/wp\/v2\/pages\/2837\/revisions"}],"predecessor-version":[{"id":11413,"href":"https:\/\/donation.vedicpandits.org\/es\/wp-json\/wp\/v2\/pages\/2837\/revisions\/11413"}],"wp:attachment":[{"href":"https:\/\/donation.vedicpandits.org\/es\/wp-json\/wp\/v2\/media?parent=2837"}],"curies":[{"name":"wp","href":"https:\/\/api.w.org\/{rel}","templated":true}]}}