{"id":3779,"date":"2014-05-09T13:15:27","date_gmt":"2014-05-09T13:15:27","guid":{"rendered":"https:\/\/vedicpandits.org\/?page_id=3779"},"modified":"2017-10-26T15:32:21","modified_gmt":"2017-10-26T15:32:21","slug":"terms-and-conditions","status":"publish","type":"page","link":"https:\/\/donation.vedicpandits.org\/es\/terms-and-conditions\/","title":{"rendered":"Terms and Conditions"},"content":{"rendered":"<p>Esta p\u00e1gina web es propiedad conjunta de la Brahmananda Saraswati Trust y la Brahmananda Saraswati Foundation (\u00abBST\/BSF\u00bb, \u00abnos\u00bb, \u00abnosotros\u00bb). El acceso y uso de vedicpandits.org (\u00abSitio\u00bb, \u00abel Sitio\u00bb y \u00abeste Sitio\u00bb) est\u00e1 sujeto a los siguientes t\u00e9rminos y condiciones de uso (\u00abT\u00e9rminos y Condiciones\u00bb y \u00abestos T\u00e9rminos y Condiciones\u00bb) y todas las leyes aplicables. Al acceder, utilizar, o navegar por el sitio, aplicaciones y cualquiera de las caracter\u00edsticas de este sitio, incluyendo pero no limitado a Donaciones, API, software y otras descargas (colectivamente \u00abServicios\u00bb), usted (\u00abusted\u00bb, \u00abUsuario\u00bb y \u00abUsuarios\u00bb) est\u00e1 de acuerdo en estar obligado por estos T\u00e9rminos y Condiciones y acepta, sin limitaci\u00f3n ni condici\u00f3n alguna, estos T\u00e9rminos y Condiciones y todos los t\u00e9rminos, pol\u00edticas, directrices u otros avisos incorporados por referencia, independientemente de si usted es un miembro o donante a BST\/BSF. Si usted no est\u00e1 de acuerdo con estos T\u00e9rminos y Condiciones, no use o acceda a este sitio.<br \/>\nEl t\u00e9rmino \u00abSitio\u00bb incluye todos los sitios y p\u00e1ginas web dentro de vedicpandits.org as\u00ed como cualquier otro equivalente, reemplazo, sustituto o sitios web de copia de seguridad o p\u00e1ginas web que est\u00e1n asociados con el Sitio. Estos T\u00e9rminos y Condiciones regulan el uso de este Sitio y no alteran de ninguna manera los t\u00e9rminos y condiciones de cualquier otro acuerdo que pueda tener con BST\/BSF. Todos los t\u00e9rminos adicionales que rigen ciertos productos y servicios ser\u00e1n presentados junto con esos productos y servicios.<br \/>\nLos Donantes Internacionales (seg\u00fan la clasificaci\u00f3n en la p\u00e1gina web) generalmente hacen donaciones a Stichting Brahmananda Saraswati Trust registrados en Station 24, Vlodrop, 6063NP, Pa\u00edses Bajos, Tel\u00e9fono: +31 475 539 596; Los donantes internacionales y estadounidenses hacen donaciones a la Brahmananda Saraswati Foundation, 1750 Maharishi Center Ave, Maharishi Vedic City, IA, 52556, EE.UU., tel\u00e9fono +1 641 209 5022. Estos T\u00e9rminos y Condiciones se aplican independientemente de la organizaci\u00f3n receptora de las donaciones.<\/p>\n<h5>T\u00c9RMINOS Y CONDICIONES<\/h5>\n<p>El uso de este sitio lo facilita BST\/BSF y est\u00e1 sujeto a los siguientes t\u00e9rminos y condiciones:<\/p>\n<p>1. Su uso implica la aceptaci\u00f3n de estos t\u00e9rminos y condiciones en la fecha de su primer uso del sitio.<\/p>\n<p>2. BST\/BSF se reserva el derecho de cambiar estos t\u00e9rminos y condiciones en cualquier momento mediante la publicaci\u00f3n de los cambios en l\u00ednea. El uso continuado de este sitio despu\u00e9s de la publicaci\u00f3n de los cambios constituye la aceptaci\u00f3n de este acuerdo modificado.<\/p>\n<p>3. No hay reembolsos en donaciones.<\/p>\n<p>4. Usted se compromete a utilizar este sitio \u00fanicamente con fines l\u00edcitos y de manera que no infrinja los derechos, ni restrinja o inhiba el uso y disfrute del sitio por cualquier tercero.<\/p>\n<p>5. Este sitio y la informaci\u00f3n, nombres, im\u00e1genes, fotos, logotipos relativos o relacionadas con BST\/BSF se proporcionan \u00abtal cual\u00bb sin ninguna representaci\u00f3n o aval y sin garant\u00eda de ning\u00fan tipo, ya sea expresa o impl\u00edcita. En ning\u00fan caso BST\/BSF ser\u00e1 responsable de ning\u00fan da\u00f1o, incluyendo, sin limitaci\u00f3n, da\u00f1os indirectos o consecuentes, o cualquier da\u00f1o que surja del uso o en conexi\u00f3n con el uso o p\u00e9rdida de uso del sitio, ya sea por contrato o por negligencia.<\/p>\n<p>6. BST\/BSF no garantiza que las funciones contenidas en el material contenido en este sitio sea ininterrumpido o libre de errores, que los defectos ser\u00e1n corregidos o que este sitio o el servidor que lo pone a disposici\u00f3n est\u00e9n libres de virus o errores o representa la completa funcionalidad, veracidad y confiabilidad de los materiales.<\/p>\n<p>7. Restricciones del copyright:<br \/>\na. El uso comercial o la publicaci\u00f3n de la totalidad o cualquier elemento que se muestra est\u00e1 estrictamente prohibida sin autorizaci\u00f3n previa de BST\/BSF. Nada de lo aqu\u00ed contenido se interpretar\u00e1 como concesi\u00f3n de licencia por BST\/BSF para utilizar cualquier elemento expuesto.<br \/>\nb. Los documentos pueden ser copiados para su uso personal s\u00f3lo a condici\u00f3n de que las indicaciones de derechos de autor y la fuente tambi\u00e9n se copien, que no se realicen modificaciones y que el documento se copie \u00edntegramente. Sin embargo, algunos documentos y fotograf\u00edas han sido publicados en este sitio con la autorizaci\u00f3n de los titulares de los derechos correspondientes (que no son BST\/BSF). Todos los derechos est\u00e1n reservados en estos documentos y el permiso para copiarlos debe ser solicitado a los propietarios de derechos de autor.<br \/>\nc. Al publicar o enviar contenido a nuestro sitio, usted otorga BST\/BSF una licencia mundial no exclusiva, libre de regal\u00edas y perpetua para publicar cualquier material que nos env\u00ede, sin limitaciones, en cualquier formato.<\/p>\n<p>8. BST\/BSF no se hace responsable por el contenido de sitios externos en Internet. Otros sitios que nos enlazan son propiedad de y operados por terceros y BST\/BSF no tiene control sobre ellos. El hecho de que podemos incluir enlaces a otros sitios web no significa que BST\/BSF aprueba o respalda cualquier otro sitio web de terceros o el contenido de dicho sitio web. No aceptamos ninguna responsabilidad por cualquier declaraci\u00f3n, informaci\u00f3n, productos o servicios que se publican en ellos o que sean accesibles a trav\u00e9s de los sitios web pertenecientes o gestionados por terceros.<\/p>\n<p>9. Cualquier organizaci\u00f3n o empresa con su perfil en las p\u00e1ginas personales o de equipo de recaudaci\u00f3n de fondos, est\u00e1 en apoyo de los participantes individuales o equipos participantes en BST\/BSF. BST\/BSF no avala ning\u00fan producto o servicio por participante o equipos de asociaciones empresariales a menos que figuren espec\u00edficamente en la p\u00e1gina de patrocinio de nuestro sitio web.<\/p>\n<p>10. Cualquier comunicaci\u00f3n o material que usted transmita o publique en cualquier \u00e1rea p\u00fablica del sitio, incluyendo datos, preguntas, comentarios, sugerencias o similares, es y ser\u00e1 tratado como informaci\u00f3n no confidencial y no propietaria.<\/p>\n<p>11. BST\/BSF no acepta ninguna responsabilidad con respecto a cualquier material publicado p\u00fablicamente por los usuarios de esta web, ni somos responsables del contenido y la exactitud de ese material. Cualquier opini\u00f3n expresada en el contenido enviado por los usuarios no son las opiniones de BST\/BSF.<\/p>\n<p>12. BST\/BSF se reserva el derecho a cancelar la cuenta de la p\u00e1gina web de un usuario si creemos que est\u00e1 abusando del servicio de cualquier forma o ha violado estos t\u00e9rminos y condiciones.<\/p>\n<p>13. Si existe alg\u00fan conflicto entre estos t\u00e9rminos y condiciones y reglas y\/o condiciones espec\u00edficas de uso que aparecen en este sitio en relaci\u00f3n con material espec\u00edfico, prevalecer\u00e1 este \u00faltimo.<\/p>\n<p>14. Si no se aceptan estos t\u00e9rminos y condiciones en su totalidad, el uso de este sitio web debe cesar de inmediato.<\/p>\n<h5>POL\u00cdTICA DE REEMBOLSO Y PROTECCI\u00d3N DE LA PRIVACIDAD<\/h5>\n<p>No hay reembolsos en donaciones.<\/p>\n<p>Protecci\u00f3n de la Privacidad:<\/p>\n<p>La misi\u00f3n de Brahmananda Saraswati Trust\/Foundation es ofrecer un servicio a los dem\u00e1s, promover elevados est\u00e1ndares \u00e9ticos y la comprensi\u00f3n mundial, la buena voluntad y la paz a trav\u00e9s de su asociaci\u00f3n de personas, as\u00ed como l\u00edderes empresariales, profesionales y c\u00edvicos. La Brahmananda Saraswati Trust\/Foundation (BST\/BSF) se ha comprometido a cuatro principios fundamentales de privacidad. Creemos firmemente que la adhesi\u00f3n a estos principios de pr\u00e1cticas justas de informaci\u00f3n es esencial para nuestro objetivo de mantener la confianza de nuestros socios, donantes y otros. La aplicaci\u00f3n de nuestro compromiso con las pr\u00e1cticas justas de informaci\u00f3n significa que BST\/BSF se adhiere a los siguientes principios para proteger los datos.<\/p>\n<p>1. \u00danicamente recopilaremos y utilizaremos informaci\u00f3n para los prop\u00f3sitos centrales de nuestra organizaci\u00f3n. La privacidad individual es muy importante. BST\/BSF s\u00f3lo recopilar\u00e1 y utilizara la informaci\u00f3n necesaria para ofrecer y cumplir con los prop\u00f3sitos fundamentales de la organizaci\u00f3n. Vamos a ser legales y justos con  la persona cuyos datos estamos almacenando y conservaremos s\u00f3lo lo que necesitamos para mantener nuestra relaci\u00f3n con ellos. Esto significa que no divulgaremos informaci\u00f3n para un fin distinto sin el consentimiento de la persona o por autoridad de la ley.<\/p>\n<p>2. Nos esforzaremos para mantener la calidad de los datos. La capacidad de BST\/BSF para implementar con \u00e9xito nuestra misi\u00f3n depende de gestionar informaci\u00f3n exacta. Haremos todo lo posible para mantener la informaci\u00f3n correcta que tenemos sobre los miembros, donantes y otros.<\/p>\n<p>3. Seremos transparentes sobre c\u00f3mo utilizamos datos.<\/p>\n<p>4. Vamos a actuar con urgencia en el caso de posibles infracciones de privacidad. La responsabilidad por la protecci\u00f3n de las personas que atendemos es una responsabilidad de BST\/BSF. Vamos a investigar con prontitud y tomar las medidas necesarias para garantizar que se siguen nuestras pr\u00e1cticas de protecci\u00f3n de la privacidad establecidas.<\/p>\n","protected":false},"excerpt":{"rendered":"<p>Esta p\u00e1gina web es propiedad conjunta de la Brahmananda Saraswati Trust y la Brahmananda Saraswati Foundation (\u00abBST\/BSF\u00bb, \u00abnos\u00bb, \u00abnosotros\u00bb). El acceso y uso de vedicpandits.org (\u00abSitio\u00bb, \u00abel Sitio\u00bb y \u00abeste Sitio\u00bb) est\u00e1 sujeto a los siguientes t\u00e9rminos y condiciones de uso (\u00abT\u00e9rminos y Condiciones\u00bb y \u00abestos T\u00e9rminos y Condiciones\u00bb) y todas las leyes aplicables. Al [&hellip;]<\/p>\n","protected":false},"author":3,"featured_media":0,"parent":0,"menu_order":0,"comment_status":"open","ping_status":"closed","template":"","meta":{"om_disable_all_campaigns":false,"_monsterinsights_skip_tracking":false,"_monsterinsights_sitenote_active":false,"_monsterinsights_sitenote_note":"","_monsterinsights_sitenote_category":0,"footnotes":""},"class_list":["post-3779","page","type-page","status-publish","hentry"],"_links":{"self":[{"href":"https:\/\/donation.vedicpandits.org\/es\/wp-json\/wp\/v2\/pages\/3779","targetHints":{"allow":["GET"]}}],"collection":[{"href":"https:\/\/donation.vedicpandits.org\/es\/wp-json\/wp\/v2\/pages"}],"about":[{"href":"https:\/\/donation.vedicpandits.org\/es\/wp-json\/wp\/v2\/types\/page"}],"author":[{"embeddable":true,"href":"https:\/\/donation.vedicpandits.org\/es\/wp-json\/wp\/v2\/users\/3"}],"replies":[{"embeddable":true,"href":"https:\/\/donation.vedicpandits.org\/es\/wp-json\/wp\/v2\/comments?post=3779"}],"version-history":[{"count":7,"href":"https:\/\/donation.vedicpandits.org\/es\/wp-json\/wp\/v2\/pages\/3779\/revisions"}],"predecessor-version":[{"id":12149,"href":"https:\/\/donation.vedicpandits.org\/es\/wp-json\/wp\/v2\/pages\/3779\/revisions\/12149"}],"wp:attachment":[{"href":"https:\/\/donation.vedicpandits.org\/es\/wp-json\/wp\/v2\/media?parent=3779"}],"curies":[{"name":"wp","href":"https:\/\/api.w.org\/{rel}","templated":true}]}}