{"id":3895,"date":"2015-01-15T14:34:07","date_gmt":"2015-01-15T14:34:07","guid":{"rendered":"https:\/\/vedicpandits.org\/?page_id=3895"},"modified":"2017-07-31T09:12:52","modified_gmt":"2017-07-31T09:12:52","slug":"testimonials","status":"publish","type":"page","link":"https:\/\/donation.vedicpandits.org\/es\/testimonials\/","title":{"rendered":"Testimonials"},"content":{"rendered":"<h4 id=\"testimonials\">EXPERIENCIAS DE LOS EFECTOS DE LAS YAGYAS NACIONALES<\/h4>\n<p style=\"text-align: left;\"> Durante una Yagya Nacional, su pa\u00eds se beneficia de su apoyo y de acuerdo con el principio de reciprocidad \u00abAs\u00ed como siembras, as\u00ed cosechar\u00e1s\u00bb, usted tambi\u00e9n puede notar alg\u00fan beneficio.\u00a0En la antigua tradici\u00f3n v\u00e9dica,\u00a0se dice que\u00a0los participantes de una Yagya son los beneficiarios.\u00a0A continuaci\u00f3n se presentan las experiencias de aquellos que han apoyado a las Yagya Nacionales.\n<\/p>\n<div class=\"box-quote\">\n<p><strong>La vida ha sido muy amable<\/strong><br \/> \u201cMuchas, muchas gracias a las Yagyas Nacionales. Hemos disfrutado del agosto m\u00e1s tranquilo en Taiw\u00e1n desde 1947. No hubo tifones en agosto del 2014. \u00a1Es simplemente incre\u00edble para los meteor\u00f3logos! La vida ha sido buena conmigo y simplemente disfruto de todo lo que estoy haciendo. Y creo que el m\u00e9rito es de las Yagyas Nacionales que hemos hecho para Taiw\u00e1n.\u201d     \u2014 Taiwan<\/p>\n<p><strong>Todo permanece suave<\/strong><br \/> \u201cEs sobre todo durante mis programas en la c\u00fapula que me doy cuenta de que, desde el comienzo de las Yagyas Nacionales Maharishi, incluso si se producen acontecimientos dram\u00e1ticos en nuestras vidas, todo queda muy suave, sin grandes agitaciones. \u00a1El efecto es mucho m\u00e1s profundo de lo que realmente nos damos cuenta y esta comprensi\u00f3n me hace muy sentir muy agradecido y lleno de alegr\u00eda!\u201d \u2014 Pa\u00edses Bajos <\/p>\n<\/div>\n<p><!--\n[accordion]\n[accordion_entry title=\"&gt; Read More: EXPERIENCIAS DE LOS EFECTOS DE LAS YAGYAS NACIONALES\"]\n\n\n<div class=\"box-quote\">\n<strong>Siento m\u00e1s apoyo<\/strong><br \/> \u201cCada vez que puedo apoyar a los Pandits V\u00e9dicos con las donaciones de mi familia tengo m\u00e1s apoyo en las diferentes \u00e1reas de mi vida y es como una bola de nieve. Este apoyo fluye tambi\u00e9n a la gente que quiero y de esta forma  somos cada vez m\u00e1s un peque\u00f1o y dichoso r\u00edo, contribuyendo a ayudar a que la felicidad aumente en nuestro alrededor. Gracias de nuevo por ayudarnos a participar en este gran logro.\u201d \u2014 Francia<\/p>\n\n\n\n<strong>Mi familia es bendecida<\/strong><br \/> \"Sin duda, es un placer tener la oportunidad de tomar parte en la campa\u00f1a para eliminar la negatividad y hacer del mundo un lugar mejor para vivir. Puedo asegurar que hoy me siento \"m\u00e1gico\" e \"iluminado\" dado que aquello que estaba buscando, por fin lo he encontrado. Es realmente un hermoso sentimiento que no puedo explicar, pero que ilumina la energ\u00eda positiva continuamente. Mi familia ha sido bendecida y recibe los beneficios de una vida mejor a trav\u00e9s de nuevas carreras y mejores talentos. Las m\u00e1s ricas bendiciones de Dios a nuestros Pandits V\u00e9dicos Maharishi y muchas gracias por las Yagyas Nacionales.\" \u2014 Trinidad y Tobago<\/p>\n\n\n\n<strong>Experiment\u00e9 menos resistencia y m\u00e1s felicidad<\/strong><br \/>  \"Cuando tuve la Yagya Nacional sent\u00ed que mis conferencias ten\u00edan esta cualidad de un flujo sin fricci\u00f3n. Experiment\u00e9 menos resistencia y m\u00e1s felicidad cuando estaba dando una conferencia. En lo personal sent\u00ed que mis relaciones se enriquec\u00edan durante este tiempo. Recomiendo encarecidamente hacer Yagyas Nacionales para la promoci\u00f3n de todas sus actividades en la vida.\"    - Noruega <\/p>\n\n\n\n<strong>Me siento protegido<\/strong><br \/> \u201cTengo la experiencia de estar profundamente conectado al grupo de los Pandits V\u00e9dicos Maharishi en el Brahmasthan. Tambi\u00e9n me siento protegido, siento que no me he quedado como una hoja a merced del viento durante los duros tiempos que pas\u00e9. A trav\u00e9s de m\u00ed, esta protecci\u00f3n y bendiciones van a mi familia y a los amigos cercanos y a  sus familias. Experimento mi Ser como beneficiario directo de este proyecto y como parte de una gran familia mundial y me hace ver los grandes beneficios del grupo de los Pandits V\u00e9dicos Maharishi para todo el mundo.\u201d   \u2014 Serbia<\/p>\n\n\n\n<strong>Surgieron nuevas oportunidades <\/strong><br \/> \u201cMis contribuciones a las primeras Yagyas Nacionales fueron modestas, pero me di cuenta de un mayor apoyo de la Naturaleza cada mes. Los problemas y contratiempos comenzaron a resolverse a mi favor. Surgen nuevas oportunidades. Mis ingresos lentamente comenzaron a subir y en los \u00faltimos tres meses se han duplicado cada mes. El mes pasado pude donar 1.250 d\u00f3lares -qu\u00e9 diferencia al recitar mi nombre durante la Yagya. Es una vida diferente.\u201d \u2014 EE.UU<\/p>\n\n\n\n<strong>Desde este Yagya nuestro negocio ha subido como la espuma<\/strong><br \/> \u201cPed\u00ed una Yagya Nacional de Nueva Zelanda con mi naci\u00f3n, mi familia y nuestras necesidades empresariales en mente. La recesi\u00f3n aqu\u00ed, sobre todo en 2011, ha sido muy dura para todos, incluso para nuestro propio negocio. \u00a1Desde este Yagya nuestro negocio ha subido como la espuma! Mi marido trabaja much\u00edsimo y tambi\u00e9n trabajamos mucho m\u00e1s en las \u00e1reas que necesitan mejorar, pero est\u00e1 claro que el \u00e9xito no solo ha venido por nuestras llamadas a los clientes que ya ten\u00edamos, sino m\u00e1s bien de gente nueva que llaman por tel\u00e9fono. Nuestra licitaci\u00f3n es m\u00e1s precisa y no perdemos contratos muy grandes por solo 400 d\u00f3lares (lo cual puede ser absolutamente desmoralizador). La competencia en el sector privado es menor. La gente nos hace los encargos y est\u00e1 dispuesta a esperar. No hacemos ning\u00fan marketing o publicidad excepto en nuestros veh\u00edculos de la empresa y el sitio web. Incluso hemos tenido que rechazar trabajo y eso NUNCA ha sucedido antes.\u201d \u2014 Nueva Zelanda <\/p>\n\n\n\n<strong>Una parte esencial de nuestro negocio <\/strong><br \/>\u201cHemos disfrutado de un mayor \u00e9xito en nuestro negocio y una conexi\u00f3n real con la Ley Natural. Este es otro gran regalo y oportunidad de Maharishi que ahora consideramos como una parte esencial de nuestro negocio.\u201d \u2014 EE.UU<\/p>\n\n\n\n<strong>La vida tal como deber\u00eda ser<\/strong><br \/> \u201cMi cuerpo, mis emociones y mis actividades diarias parecen m\u00e1s fluidos y f\u00e1ciles durante los Yagyas. Incluso las situaciones m\u00e1s dif\u00edciles, sean personales o en el trabajo o con la familia, parecen arreglarse solas sin esfuerzo. Esta es la vida, tal como deber\u00eda ser.\u201d \u2014 EE.UU<\/p>\n\n\n\n<strong>Tres semanas m\u00e1s tarde, recib\u00ed un aumento de sueldo<\/strong><br \/> \u201cRealic\u00e9 una Yagya para la prosperidad para todo el personal de la empresa para la que trabajo, a principios de enero. \u00a1Tres semanas m\u00e1s tarde, recib\u00ed un aumento salarial de 12% bruto! \u00a1El Yagya que se ha hecho por la compa\u00f1\u00eda se recuper\u00f3 pronto!\u201d \u2014 Pa\u00edses Bajos <\/p>\n\n\n\n\n<\/div>\n\n\n\n[\/accordion_entry]\n[\/accordion]\n--><br \/>\n<div class=\"border-line\">&nbsp;<\/div>\n<div class=\"grid-holder\">\n<div class=\"grid grid-desktop-50 grid-mobile-100\"><div class=\"holder\"><h4 id=\"testimonials\">CAMBIOS EN UN PA\u00cdS<\/h4>\n<p>A continuaci\u00f3n puede leer acerca de los cambios en la situaci\u00f3n econ\u00f3mica y pol\u00edtica de los pa\u00edses a ra\u00edz de la realizaci\u00f3n de una Yagya Nacional.\u00a0Las Yagyas Nacionales se llevan a cabo con un prop\u00f3sito seleccionado por el pa\u00eds. Ejemplos de objetivos espec\u00edficos son el aumento del progreso econ\u00f3mico, mejoras de la salud, la armon\u00eda nacional o reducir problemas tales como los desastres naturales, la violencia o la econom\u00eda en crisis.\u00a0Usted puede optar por patrocinar el costo total de una Yagya Nacional.\u00a0En este caso, usted o su empresa se les nombrar\u00e1 en la Yagya y usted puede elegir la finalidad prevista de la Yagya.<\/p>\n<\/div><\/div>\n<div class=\"grid grid-desktop-50 grid-mobile-100\"><div class=\"holder\"><p><img loading=\"lazy\" decoding=\"async\" class=\"alignright wp-image-2189\" src=\"\/wp-content\/uploads\/2015\/01\/testimonial_sized_small-300x226.jpg\" alt=\"testimonial_sized_small\" width=\"376\" height=\"284\" srcset=\"https:\/\/donation.vedicpandits.org\/wp-content\/uploads\/2015\/01\/testimonial_sized_small-300x226.jpg 300w, https:\/\/donation.vedicpandits.org\/wp-content\/uploads\/2015\/01\/testimonial_sized_small.jpg 408w\" sizes=\"auto, (max-width: 376px) 100vw, 376px\" \/><\/p>\n<\/div><\/div>\n<\/div>\n<div class=\"box-quote\">\nL\u00cdBANO 2014<br \/>\n\u201cCreo que todo el mundo ha o\u00eddo hablar de los terroristas que est\u00e1n en Siria y recientemente en Iraq. Declararon que atacar\u00edan a algunas ciudades del L\u00edbano. En los \u00faltimos 10 d\u00edas se prepararon tres ataques, pero todos fracasaron porque fueron descubiertos a tiempo por el ej\u00e9rcito y la polic\u00eda. En todas partes las noticias dijeron: El L\u00edbano se salv\u00f3 de un tercer ataque terrorista que result\u00f3 fallido: esto es inexplicable; esta es una Providencia Divina. Hemos experimentado muchas situaciones similares anteriormente. Esta no es la primera vez. Esta protecci\u00f3n en el L\u00edbano es claramente debida a los efectos acumulados de las Yagyas Nacionales Maharishi en los \u00faltimos 3 a\u00f1os. Tenemos Yagyas Nacionales en cada ciclo de Yagya &#8211; dos veces al mes. Continuaremos as\u00ed para mantener al L\u00edbano siempre protegido. Toda nuestra gratitud a los programas de Maharishi y los Pandits V\u00e9dicos Maharishi en el Brahmasthan de la India.\u201d <em>Salim Haddad &#8211; Embajador para el L\u00edbano<\/em><\/p>\n<p>USA, 2012<br \/>\nLas Yagyas Nacionales fueron dise\u00f1adas expresamente para atraer la lluvia a las zonas m\u00e1s secas de todo el pa\u00eds, produciendo adem\u00e1s una mejora constante en el crecimiento econ\u00f3mico (ahora en el 3,1%), menor desempleo, aumento de la producci\u00f3n industrial, aumento de la confianza del consumidor, unas elecciones muy suaves y coherentes e incluso el temido 21 de diciembre lo pasamos con enorme positividad.<\/p>\n<p><\/em><\/p>\n<\/div>\n<div class=\"accordion\"><div class=\"accordion-entry\"><em><a href=\"#\">&gt; Read More: CAMBIOS EN UN PA\u00cdS<\/a><\/em><div class=\"hidden-content\">\n<div class=\"box-quote\">\n<!--REINO UNIDO, 2013<br \/>\nLa excelente evoluci\u00f3n de la econom\u00eda en el Reino Unido ha confundido completamente las predicciones de los banqueros y economistas.\n\nUCRANIA 2014<br \/>\n\"\u00a1GRACIAS a toda la familia mundial de Maharishi y los pa\u00edses que est\u00e1n apoyando a Ucrania con las Yagyas Nacionales! Cada vez vemos claramente su efecto - menos violencia y muertes, y m\u00e1s negociaciones para la paz. Esta\u00eds salvando vidas, literalmente.\" <em>Natalia Lukyanenko \u2013 Embajadora y Secretario Nacional de la Oficina Nacional de Ucrania  <\/em>\n\n\nPORTUGAL, 2012<br \/>\nHubo un levantamiento popular contra un nuevo y duro \"impuesto social \u00fanico\". Despu\u00e9s de la realizaci\u00f3n de una Yagya Nacional se resolvi\u00f3 de una manera no violenta, pac\u00edfica y completamente unificadora a nivel nacional.\n\nL\u00cdBANO, 2012<br \/>\nLas Yagyas Nacionales regulares comenzaron en enero de 2011. Las tensiones y los conflictos internos se redujeron significativamente, fracasaron muchos intentos de asesinato de pol\u00edticos, hubo planes terroristas que fueron descubiertos y evitados, as\u00ed como conflictos armados que fueron prevenidos. Donantes de Yagyas reportaron beneficios personales maravillosos. Incluso el Presidente del L\u00edbano anunci\u00f3: \"El L\u00edbano est\u00e1 viviendo en una condici\u00f3n de estabilidad inesperada desde enero de 2011 hasta ahora.\" --><\/p>\n<p>COLUMBIA 2013<br \/>\n\u00abLas Yagyas Nacionales Maharishi para nuestro pa\u00eds son una de las mayores bendiciones que hemos recibido. Nos sorprendemos de c\u00f3mo, durante y despu\u00e9s de la realizaci\u00f3n de nuestras Yagyas Nacionales, las experiencias de los meditadores y sidhas son excelentes, y en particular para nuestros donantes, mientras que todo el pa\u00eds goza de un mayor nivel de coherencia y apoyo en diferentes \u00e1reas de la vida nacional. Vemos en las noticias que la intenci\u00f3n espec\u00edfica o Sankalpa del Yagya Nacional se refleja en las decisiones pertinentes tomadas por los l\u00edderes de los pa\u00edses. Creemos que el Programa de Yagyas Nacionales Maharishi es una poderosa t\u00e9cnica para aprovechar el poder organizador infinito de la Ley Natural a nivel nacional, as\u00ed como en \u00e1reas espec\u00edficas. Estamos muy agradecidos a Maharishi y Guru Dev por poner a disposici\u00f3n esta poderosa tecnolog\u00eda para influir positivamente en las tendencias del tiempo.\u00bb <em>Paul Fabre &#8211; Embajador para Columbia<\/em><\/p>\n<p>SERBIA 2014<br \/>\n\u00abSerbia sufri\u00f3 inundaciones devastadoras hace unos meses. Llego de las manos de generosos donantes un apoyo inesperado para las Yagyas Nacionales justo antes de las pr\u00f3ximas inundaciones pronosticadas. Durante este tiempo los pol\u00edticos dec\u00edan con asombro lo afortunados que \u00e9ramos porque la segunda ola de inundaciones no lleg\u00f3. Somos los \u00fanicos que saben que esta suerte fue apoyada por las Yagyas Nacionales Maharishi.\u00bb <em>Voja Trajkovic &#8211; Embajador para Serbia <\/p>\n<p>GHANA 2012<br \/>\n\u201cTe env\u00edo esta noticia sobre las \u00faltimas elecciones de Ghana, que se celebraron despu\u00e9s de realizar nuestra \u00faltima Yagya Nacional. Internamente han sido descritas como las mejores y las m\u00e1s pac\u00edficas en la historia de la naci\u00f3n. Es relevante esta noticia saliendo de \u00c1frica. Estamos muy agradecidos a nuestro propio Maharishi Ji por habernos dejado este gran conocimiento. Tambi\u00e9n esperamos poder intentar colaborar con la paz desde nuestra peque\u00f1a posibilidad.\u201d <em>Director Nacional del Programa de Meditaci\u00f3n Trascendental en Ghana.<\/em>\n<\/div>\n<a href=\"#\" class=\"close\">Close Section<\/a><\/div><\/div>\n<\/div>\n<div class=\"border-line\">&nbsp;<\/div>\n<div class=\"grid-holder\">\n<div class=\"grid grid-desktop-50 grid-mobile-100\"><div class=\"holder\"><h4 id=\"testimonials\">EXPERIENCIAS &#8211; YAGYAS ESPECIALES<br \/>\n<\/h4>\n<p>Las Yagyas Especiales son diferentes a las Yagyas Nacionales.\u00a0Maharishi ha dise\u00f1ado una serie de actuaciones de Yagyas Especiales para disfrutar en momentos importantes y de transici\u00f3n en la vida de una persona. <a title=\"Special Yagya page\" href=\"https:\/\/donation.vedicpandits.org\/es\/yagya\/special-yagya\/\">Las Yagyas Especiales<\/a> son para:<\/p>\n<ul>\n<li>Cumplea\u00f1os: realizado en el cumplea\u00f1os.<\/li>\n<li>la Yagya del Bienestar: se puede realizar en cualquier d\u00eda. <\/li>\n<li>Boda: realizado el d\u00eda de la boda.<\/li>\n<li>Aniversario de Boda: realizado en el aniversario.<\/li>\n<li>Reci\u00e9n Nacido: realizado para el beb\u00e9, 40 d\u00edas despu\u00e9s del nacimiento.<\/li>\n<\/ul>\n<p>A continuaci\u00f3n puede leer  las experiencias de los participantes de las Yagyas de Cumplea\u00f1os y Aniversarios de Boda.<\/p>\n<\/div><\/div>\n<div class=\"grid grid-desktop-50 grid-mobile-100\"><div class=\"holder\"><p><img loading=\"lazy\" decoding=\"async\" class=\"alignright size-full wp-image-2345\" src=\"\/wp-content\/uploads\/2015\/01\/testimonials_specialyagya.jpg\" alt=\"testimonials_specialyagya\" width=\"408\" height=\"308\" srcset=\"https:\/\/donation.vedicpandits.org\/wp-content\/uploads\/2015\/01\/testimonials_specialyagya.jpg 408w, https:\/\/donation.vedicpandits.org\/wp-content\/uploads\/2015\/01\/testimonials_specialyagya-300x226.jpg 300w\" sizes=\"auto, (max-width: 408px) 100vw, 408px\" \/><\/p>\n<\/div><\/div>\n<\/div>\n<div class=\"box-quote\">\n<strong>Todo estaba funcionando sin esfuerzo \u00a0<\/strong><br \/> \u201cMe sorprendi\u00f3 la profundidad de la sensaci\u00f3n de que todo estaba funcionando a mi alrededor sin esfuerzo, de forma pac\u00edfica y suavemente en mi cumplea\u00f1os. Era notablemente diferente de otros cumplea\u00f1os. \u00a1Gracias a los que lo han organizado!\u201d \u00a0 Canada<\/p>\n<p><strong>Lo m\u00e1s feliz que puedo recordar <\/strong><br \/>\u00a0 \u00abAlgunas situaciones que se estaban estancando comenzaron a moverse en la direcci\u00f3n correcta. En cuanto a mi cumplea\u00f1os, era el m\u00e1s feliz que puedo recordar en muchos a\u00f1os. Fue una semana llena de celebraciones, algo que probablemente no tuve ni siquiera en mis mejores d\u00edas durante la adolescencia. Estoy muy contento con los resultados de esta Yagya. Deseo que el pr\u00f3ximo cumplea\u00f1os llegue pronto.\u00bb \u00a0 Italy<\/p>\n<p><strong>Me siento bendecido \u00a0 <\/strong><br \/>\u201cHubo un cambio definitivo en mi conciencia a partir de la Yagya. Me siento muy bendecido. Definitivamente estoy deseando tener una Yagya de cumplea\u00f1os cada a\u00f1o.\u201d \u00a0Reino Unido<\/p>\n<p><strong>La Sonrisa C\u00f3smica <\/strong>\u00a0<br \/>\u00a0 \u201cLa experiencia es realmente c\u00f3smica y unifica todos los niveles de la existencia humana en la Sonrisa C\u00f3smica y uno se siente como si se vertiera Polvo de Oro sobre uno mismo. Gracias a todos los Pandits V\u00e9dicos que realizan Yagyas y toda la Tradici\u00f3n V\u00e9dica que nos trajo este Conocimiento Puro Divino.\u201d\u00a0 Serbia<\/p>\n<\/div>\n<div class=\"accordion\"><div class=\"accordion-entry\"><em><a href=\"#\">&gt; Read More Experiences after a Special Yagya<\/a><\/em><div class=\"hidden-content\">\n<div class=\"box-quote\">\n<strong> Fue una experiencia maravillosa <\/strong>\u00a0<br \/>\u00a0 \u201cEsta fue mi primera Yagya Maharishi y fue una experiencia maravillosa. Mi plan es tener una cada a\u00f1o. A partir de la noche antes de mi cumplea\u00f1os sent\u00ed intensas olas de felicidad. En el tiempo transcurrido desde entonces se resolvieron muchos asuntos problem\u00e1ticos que hab\u00eda estado teniendo durante mucho tiempo (fue un alivio) y tambi\u00e9n me he sentido m\u00e1s feliz y satisfecho. Si surgen obst\u00e1culos en el d\u00eda a d\u00eda parecen disolverse m\u00e1s f\u00e1cilmente y mis acciones parecen ser m\u00e1s eficaces. Gracias por hacer que estas Yagyas est\u00e9n disponibles.\u201d \u00a0Canada<\/p>\n<p><strong>El impacto fue evidente <\/strong>\u00a0<br \/>\u00a0 \u201cNo esper\u00e1bamos que la Yagya nos afectara de manera tan directa, pero el impacto era evidente. Me record\u00f3 el impacto de un curso de rondas (de MT en residencia). Dif\u00edcil de describir, pero imposible de ignorar.\u201d \u00a0EE.UU<\/p>\n<p><strong>Algo muy especial sucedi\u00f3 <\/strong><br \/>\u00a0\u00a0 \u201cEn el momento en que pagu\u00e9 por la Yagya para el Aniversario de Boda, sucedi\u00f3 algo muy especial en nuestra relaci\u00f3n. Ahora es como si todo es muy claro y transparente. Es una maravilla que una Yagya puede funcionar, s\u00f3lo por pagar por ello.\u201d\u00a0 Pa\u00edses Bajos<\/p>\n<p><strong>Anclado en el Absoluto \u00a0<\/strong><br \/>\u00a0 \u201cNos sentimos anclados en el absoluto todo el tiempo: la sensaci\u00f3n de que est\u00e1bamos inm\u00f3viles, verdaderamente. No hace falta decir que estamos deseando que llegue la siguiente Yagya.\u201d\u00a0 EE.UU<\/p>\n<p><strong>La Yagya elimin\u00f3 cansancio y miedo \u00a0\u00a0<\/strong><br \/>\u00abTen\u00eda buenas experiencias durante ese d\u00eda. Me sent\u00ed muy feliz, suave y todas mis actividades fueron m\u00e1s tranquilas y relajadas de lo habitual. Todav\u00eda me siento con m\u00e1s esperanza y mi vida diaria entera parece apoyada por &#8216;otro&#8217; poder. Pero lo mejor es que mi coraz\u00f3n se ha abierto m\u00e1s y las meditaciones son m\u00e1s profundas que antes.  \u00a1Parece que la Yagya elimin\u00f3 el cansancio y el miedo del pasado!\u201d   Alemania<\/p>\n<p><strong>La vida fluye m\u00e1s suavemente <\/strong><br \/>\u00a0\u00a0 \u201cEl efecto de las Yagyas es incre\u00edble, muchos con los que he hablado me han contado la misma calidad de las experiencias que tengo. La vida fluye de forma mucho m\u00e1s suave, el apoyo de la naturaleza es constante en las peque\u00f1as y grandes cosas, las barreras se est\u00e1n levantando. Me puedo sentir en paz con todo.\u201d\u00a0 EE.UU<\/p>\n<\/div>\n<a href=\"#\" class=\"close\">Close Section<\/a><\/div><\/div>\n<\/div>\n","protected":false},"excerpt":{"rendered":"<p>EXPERIENCIAS DE LOS EFECTOS DE LAS YAGYAS NACIONALES Durante una Yagya Nacional, su pa\u00eds se beneficia de su apoyo y de acuerdo con el principio de reciprocidad \u00abAs\u00ed como siembras, as\u00ed cosechar\u00e1s\u00bb, usted tambi\u00e9n puede notar alg\u00fan beneficio.\u00a0En la antigua tradici\u00f3n v\u00e9dica,\u00a0se dice que\u00a0los participantes de una Yagya son los beneficiarios.\u00a0A continuaci\u00f3n se presentan las [&hellip;]<\/p>\n","protected":false},"author":3,"featured_media":2394,"parent":0,"menu_order":0,"comment_status":"closed","ping_status":"closed","template":"","meta":{"om_disable_all_campaigns":false,"_monsterinsights_skip_tracking":false,"_monsterinsights_sitenote_active":false,"_monsterinsights_sitenote_note":"","_monsterinsights_sitenote_category":0,"footnotes":""},"class_list":["post-3895","page","type-page","status-publish","has-post-thumbnail","hentry"],"_links":{"self":[{"href":"https:\/\/donation.vedicpandits.org\/es\/wp-json\/wp\/v2\/pages\/3895","targetHints":{"allow":["GET"]}}],"collection":[{"href":"https:\/\/donation.vedicpandits.org\/es\/wp-json\/wp\/v2\/pages"}],"about":[{"href":"https:\/\/donation.vedicpandits.org\/es\/wp-json\/wp\/v2\/types\/page"}],"author":[{"embeddable":true,"href":"https:\/\/donation.vedicpandits.org\/es\/wp-json\/wp\/v2\/users\/3"}],"replies":[{"embeddable":true,"href":"https:\/\/donation.vedicpandits.org\/es\/wp-json\/wp\/v2\/comments?post=3895"}],"version-history":[{"count":16,"href":"https:\/\/donation.vedicpandits.org\/es\/wp-json\/wp\/v2\/pages\/3895\/revisions"}],"predecessor-version":[{"id":11287,"href":"https:\/\/donation.vedicpandits.org\/es\/wp-json\/wp\/v2\/pages\/3895\/revisions\/11287"}],"wp:featuredmedia":[{"embeddable":true,"href":"https:\/\/donation.vedicpandits.org\/es\/wp-json\/wp\/v2\/media\/2394"}],"wp:attachment":[{"href":"https:\/\/donation.vedicpandits.org\/es\/wp-json\/wp\/v2\/media?parent=3895"}],"curies":[{"name":"wp","href":"https:\/\/api.w.org\/{rel}","templated":true}]}}