{"id":51638,"date":"2021-03-13T18:45:09","date_gmt":"2021-03-13T18:45:09","guid":{"rendered":"https:\/\/vedicpandits.org\/maharishi-veda-app\/"},"modified":"2023-01-24T10:50:07","modified_gmt":"2023-01-24T10:50:07","slug":"maharishi-veda-app","status":"publish","type":"page","link":"https:\/\/donation.vedicpandits.org\/es\/maharishi-veda-app\/","title":{"rendered":"Maharishi Veda App"},"content":{"rendered":"<div class=\"box-quote\">\n<h4>Maharishi Veda App<\/h4>\n<p>Esta aplicaci\u00f3n tiene una enorme biblioteca de grabaciones muy auspiciosas y beneficiosas, realizadas por los expertos Pandits V\u00e9dicos Maharishi. La aplicaci\u00f3n tambi\u00e9n incluye una gran biblioteca de m\u00fasica cl\u00e1sica india (Gandharva Veda) que presenta seis instrumentos musicales grabados por algunos de los m\u00e1s renombrados m\u00fasicos de Gandharva Veda.<\/p>\n<p>&nbsp;<\/p>\n<div class=\"grid-holder\">\n<div class=\"grid grid-desktop-50 grid-mobile-100\"><div class=\"holder\"><div style=\"padding: 10px; background-color: white;\">\n<div style=\"border-size: 5px; border-style: solid; border-color: #e4bb4b;\">\n<div style=\"text-align: center; padding: 10px 5px 0 5px;\">\n<h4><em>DAR COMO REGALO<\/em><\/h4>\n<p>&nbsp;<\/p>\n<\/div>\n<\/div>\n<\/div>\n<\/div><\/div>\n<div class=\"grid grid-desktop-50 grid-mobile-100\"><div class=\"holder\"><div style=\"padding: 10px; background-color: white;\">\n<div style=\"border-size: 5px; border-style: solid; border-color: #e4bb4b;\">\n<div style=\"text-align: center; padding: 10px 5px 0 5px;\">\n<h4><em>SUSCRIBIR<\/em><\/h4>\n<p>&nbsp;<\/p>\n<\/div>\n<\/div>\n<\/div>\n<\/div><\/div>\n<\/div>\n<p>&nbsp;<\/p>\n<p>La Maharishi Veda App es gratuita durante el primer mes y luego cuesta 3,99 d\u00f3lares al mes. Est\u00e1 disponible para iPhone y Android, y ahora tambi\u00e9n para ordenadores.<\/p>\n<p style=\"text-align: center;\"><a href=\"https:\/\/desktop.maharishivedaapp.com\/\"><img loading=\"lazy\" decoding=\"async\" style=\"margin: 0 10px 15px !important;\" src=\"https:\/\/donation.vedicpandits.org\/wp-content\/uploads\/2021\/03\/ES-button_computer.jpg\" width=\"169\" height=\"49\" \/><\/a> <a href=\"https:\/\/apps.apple.com\/us\/app\/maharishi-veda\/id977489377\"><img loading=\"lazy\" decoding=\"async\" style=\"margin: 0 10px 15px !important;\" src=\"https:\/\/donation.vedicpandits.org\/wp-content\/uploads\/2021\/03\/ES-button_mac_store.jpg\" alt=\"\" width=\"169\" height=\"49\" \/><\/a> <a href=\"https:\/\/play.google.com\/store\/apps\/details?id=com.entertainment.maharishiveda&amp;hl=en_US\"><img loading=\"lazy\" decoding=\"async\" style=\"margin: 0 10px 15px !important;\" src=\"https:\/\/donation.vedicpandits.org\/wp-content\/uploads\/2021\/03\/ES-button_google_play.jpg\" alt=\"\" width=\"169\" height=\"49\" \/><\/a><\/p>\n<p>&nbsp;<\/p>\n<p>Todas las ganancias benefician a los Pandits V\u00e9dicos Maharishi para crear la paz mundial.<br \/>\n<div class=\"border-line\">&nbsp;<\/div>\n<div class=\"accordion\"><div class=\"accordion-entry\"><em><a href=\"#\">PREGUNTAS FRECUENTES SOBRE LA MAHARISHI VEDA APP<\/a><\/em><div class=\"hidden-content\">\n<p><strong>\u00bfPor qu\u00e9 suscribirse a la Maharishi Veda App para recitaciones v\u00e9dicas y m\u00fasica cl\u00e1sica de India?<\/strong><\/p>\n<p style=\"text-align: left;\">Siempre que se escuchan recitaciones v\u00e9dicas, las leyes fundamentales de la Naturaleza comienzan a pulsar en el cuerpo humano, avivando todas sus partes y alineando la mente individual y la fisiolog\u00eda con la Ley Natural Total. Esto trae equilibrio, paz, armon\u00eda y alegr\u00eda a la vida. La Maharishi Veda App ofrece una gran biblioteca de recitaciones v\u00e9dicas de alta calidad por Pandits V\u00e9dicos Maharishi especialmente entrenados.<\/p>\n<p style=\"text-align: left;\">La m\u00fasica cl\u00e1sica de India (Gandharva Veda) crea equilibrio en la Naturaleza y paz en el mundo. Utiliza el sonido, la melod\u00eda y el ritmo para restaurar el equilibrio y la armon\u00eda en la mente, el cuerpo, el comportamiento y el medio ambiente. Estas hermosas melod\u00edas en la Maharishi Veda App han sido grabadas por algunos de los mejores m\u00fasicos de Gandharva Veda en India.<\/p>\n<p><strong>\u00bfQu\u00e9 es el Veda?<\/strong><\/p>\n<p style=\"text-align: left;\">Veda significa conocimiento; conocimiento del nivel eterno, omnipresente, inmanifiesto y absoluto de la vida \u2014el Campo Unificado de todas las leyes de la Naturaleza\u2014 y de sus valores expresados; todos los diversos campos del conocimiento.<\/p>\n<p style=\"text-align: left;\">Veda, el Conocimiento Total, es la realidad interior de la vida de todos. Veda es la totalidad de la Ley Natural, y es la fuente de todas las ramas del conocimiento, de todas las ciencias, de todas las religiones. La sabidur\u00eda v\u00e9dica es independiente del tiempo y nunca puede perderse, porque tiene su base hol\u00edstica en el eterno campo trascendental inmanifiesto de la vida.<\/p>\n<p><strong>\u00bfQu\u00e9 son las recitaciones v\u00e9dicas?<\/strong><\/p>\n<p style=\"text-align: left;\">Las recitaciones v\u00e9dicas son los sonidos eternos del Campo Unificado de todas las leyes de la Naturaleza\u2014el campo de la Conciencia Pura. En ese oc\u00e9ano de Conciencia Pura, existe la memoria. La memoria es el flujo eterno de la Conciencia Pura dentro de ese campo. Como hay flujo o movimiento, surge el sonido de manera natural. Estos son los sonidos del Veda que se escuchan en las recitaciones v\u00e9dicas.<\/p>\n<p style=\"text-align: left;\">Siempre que se escuchan estos sonidos, esas Leyes fundamentales de la Naturaleza tambi\u00e9n comienzan a pulsar en el cuerpo humano, avivando todas sus diversas partes y alineando toda la fisiolog\u00eda con la totalidad de Ley Natural. Esto trae equilibrio, paz, armon\u00eda y alegr\u00eda a la vida individual.<\/p>\n<p><strong>Beneficios de la recitaci\u00f3n v\u00e9dica<\/strong><\/p>\n<p style=\"text-align: left;\">En la Maharishi Veda App normalmente hemos enumerado uno o dos beneficios principales o cualidades tradicionalmente asociadas con recitaciones espec\u00edficas. Estas listas no fueron dise\u00f1adas para incluir todo, sino m\u00e1s bien para dar alguna indicaci\u00f3n de las principales experiencias espec\u00edficas registradas a lo largo de innumerables siglos.<\/p>\n<p style=\"text-align: left;\">Animamos a todos los usuarios a experimentar las distintas recitaciones por s\u00ed mismos. Es frecuente que ciertas recitaciones resuenen m\u00e1s y den mayores experiencias subjetivas basadas en la propia individualidad.<\/p>\n<p style=\"text-align: left;\">Escuchar los sonidos v\u00e9dicos nunca sustituye el consejo m\u00e9dico profesional y\/o los procedimientos recomendados.<\/p>\n<p><strong>\u00bfQu\u00e9 son los devatas v\u00e9dicos?<\/strong><\/p>\n<p style=\"text-align: left;\">Los devatas v\u00e9dicos son los impulsos de la Inteligencia Creativa responsable de la creaci\u00f3n, mantenimiento y evoluci\u00f3n de todo en el universo. De dimensi\u00f3n c\u00f3smica, impregnan toda la creaci\u00f3n, desde lo m\u00e1s peque\u00f1o a lo m\u00e1s grande. Los devatas v\u00e9dicos no son conceptos religiosos, filos\u00f3ficos o po\u00e9ticos, sino una realidad cient\u00edfica.<\/p>\n<p style=\"text-align: left;\">Los devatas v\u00e9dicos est\u00e1n activos en cada part\u00edcula de la creaci\u00f3n. De la misma manera que la ley de la gravedad ejerce su &#8216;gobierno&#8217; sobre la atracci\u00f3n entre masas, los devatas v\u00e9dicos ejercen su papel administrativo sobre cada forma y funci\u00f3n en la creaci\u00f3n. Por ejemplo, el devata v\u00e9dico que administra el silencio es llamado Shiva, y el devata v\u00e9dico que administra el dinamismo es Vishnu.<\/p>\n<p style=\"text-align: left;\">Los devatas v\u00e9dicos no est\u00e1n separados de la realidad \u00faltima del Ser (Atma en el lenguaje v\u00e9dico) que es el Campo Unificado de la Ley Natural. Cada punto de la creaci\u00f3n &#8211; manifiesto o no manifiesto, animado o inanimado, microsc\u00f3pico o c\u00f3smico en dimensi\u00f3n &#8211; en su realidad \u00faltima no es m\u00e1s que el Campo Unificado, de la misma manera que cualquier ola es esencialmente inseparable del oc\u00e9ano ilimitado.<\/p>\n<p><strong><br \/>\nLos devatas v\u00e9dicos en la fisiolog\u00eda humana<\/strong><\/p>\n<p style=\"text-align: left;\">Los devatas v\u00e9dicos son aspectos integrales de nuestra propia fisiolog\u00eda humana. Est\u00e1n encarnados en cada ser humano y tienen las mismas formas y funciones como se describe en la literatura v\u00e9dica.<\/p>\n<p style=\"text-align: left;\">Los devatas v\u00e9dicos est\u00e1n presentes en cada uno, independientemente de su origen o lugar de nacimiento. Escuchar las recitaciones v\u00e9dicas aviva la conexi\u00f3n entre las cualidades de los devatas v\u00e9dicos en nuestras fisiolog\u00edas individuales con sus contrapartes c\u00f3smicas.<\/p>\n<p style=\"text-align: left;\">Las estructuras y funciones de los devatas v\u00e9dicos c\u00f3smicos registrados en los textos v\u00e9dicos han sido precisamente correlacionados con las estructuras, sistemas y funciones de los diferentes aspectos de la fisiolog\u00eda humana. Para m\u00e1s informaci\u00f3n, por favor refi\u00e9rase a este monumental trabajo del Dr. Tony Nader, MD, PhD, MARR, bajo la gu\u00eda de Maharishi.<\/p>\n<p><strong>C\u00f3mo escuchar las recitaciones v\u00e9dicas<\/strong><\/p>\n<p style=\"text-align: left;\">Lo mejor es sentarse tranquilamente y, de manera confortable, con los ojos cerrados. Es importante no esforzarse para intentar comprender el significado de las recitaciones. El valor de la recitaci\u00f3n no est\u00e1 en el nivel intelectual. En esa forma de consciencia f\u00e1cil y sencilla, dejamos inocentemente que nuestra consciencia flote en los sonidos.<\/p>\n<p style=\"text-align: left;\">Se puede tener una recitaci\u00f3n v\u00e9dica de su preferencia sonando de fondo. Sin embargo, si est\u00e1 realizando alguna otra actividad mientras las recitaciones est\u00e1n sonando, por favor note si siente alguna tensi\u00f3n al dividir su atenci\u00f3n &#8211; si es as\u00ed, es mejor no continuar. No se recomienda escucharlas mientras se conduce.<\/p>\n<p><strong>Maharishi Mahesh Yogi &#8211; MT y Ciencia V\u00e9dica y su aplicaci\u00f3n para la paz<\/strong><\/p>\n<p style=\"text-align: left;\">Maharishi Mahesh Yogi es reconocido por ense\u00f1ar la t\u00e9cnica de la Meditaci\u00f3n Trascendental, una sencilla t\u00e9cnica mental para reducir el estr\u00e9s y aumentar la calma, la creatividad, la energ\u00eda, la claridad mental y la felicidad. La meditaci\u00f3n y el camino hacia la iluminaci\u00f3n han sido malinterpretados durante siglos, incluso en India. Se consideraban, en gran medida, dominio de la religi\u00f3n o la filosof\u00eda, y la mayor\u00eda de las veces se asociaban a la renuncia. Maharishi sac\u00f3 a la luz de nuevo la verdad v\u00e9dica de que la meditaci\u00f3n no se basa en el esfuerzo y la concentraci\u00f3n, y que puede ser practicada por cualquier persona, independientemente de su edad, estilo de vida o religi\u00f3n. Traz\u00f3 un camino sistem\u00e1tico para el desarrollo de estados superiores de conciencia con la pr\u00e1ctica de la meditaci\u00f3n diaria como n\u00facleo.<\/p>\n<p style=\"text-align: left;\">Inspirados por Maharishi, los investigadores empezaron a estudiar los beneficios de la Meditaci\u00f3n Trascendental. Desde 1970, cuando se public\u00f3 la primera investigaci\u00f3n, m\u00e1s de 600 estudios cient\u00edficos realizados en m\u00e1s de 200 instituciones de investigaci\u00f3n independientes en 35 pa\u00edses han documentado los beneficios de la Meditaci\u00f3n Trascendental para la mente, el cuerpo y la sociedad en su conjunto. Muchos de estos estudios han sido publicados en las principales revistas cient\u00edficas, m\u00e9dicas y profesionales. Un meta-an\u00e1lisis publicado de 42 estudios cient\u00edficos inform\u00f3 que, \u00abEl tama\u00f1o del efecto de la MT en la autorrealizaci\u00f3n general fue aproximadamente 3 veces mayor que el de otras formas de meditaci\u00f3n y relajaci\u00f3n.\u00bb<\/p>\n<p style=\"text-align: left;\">Es importante destacar que quienes practican la MT aprenden a trascender sin esfuerzo, es decir, a ir m\u00e1s all\u00e1 del nivel superficial de conciencia. De este modo, se familiarizan cada vez m\u00e1s con el nivel silencioso, interior e ilimitado de la vida &#8211; El Campo Unificado de todas las leyes de la Naturaleza &#8211; que es la base del conocimiento del Veda.<\/p>\n<p style=\"text-align: left;\">Al introducir la Meditaci\u00f3n Trascendental y el programa Sidhi de la Meditaci\u00f3n Trascendental, Maharishi dio al mundo una tecnolog\u00eda a trav\u00e9s de la cual incluso una proporci\u00f3n muy peque\u00f1a de la poblaci\u00f3n puede crear una influencia pac\u00edfica y coherente en toda la sociedad, reduciendo de manera fiable los \u00edndices de criminalidad, enfermedad y accidentes. Cuando se aplica a escala global, la pr\u00e1ctica grupal de este programa ofrece el primer m\u00e9todo cient\u00edficamente validado para crear la paz mundial.<\/p>\n<p style=\"text-align: left;\">Maharishi es ampliamente reconocido como el erudito v\u00e9dico y cient\u00edfico de la conciencia m\u00e1s importante de la era moderna. En el coraz\u00f3n de la Ciencia V\u00e9dica Maharishi se encuentra su redescubrimiento de que las vibraciones o sonidos del Veda &#8211; directamente escuchados o reconocidos por los veedores v\u00e9dicos en su profunda meditaci\u00f3n &#8211; son de hecho las fluctuaciones del Campo Unificado de la Ley Natural.<\/p>\n<p style=\"text-align: left;\">Maharishi ha revivido completamente este entendimiento y su aplicaci\u00f3n incluyendo el enfoque v\u00e9dico de la salud, Ayurveda Maharishi; el enfoque v\u00e9dico de la construcci\u00f3n y el dise\u00f1o, Sthapatya Veda Maharishi; y la Educaci\u00f3n Basada en la Conciencia. Los programas pr\u00e1cticos que desarroll\u00f3 en estas \u00e1reas ofrecen a todo el mundo la promesa de una vida completa\u2014 la vida en iluminaci\u00f3n, paz, riqueza y buena salud.<\/p>\n<p style=\"text-align: left;\">Entre los mayores logros de Maharishi est\u00e1 el de la creaci\u00f3n de grandes grupos de pandits v\u00e9dicos para crear y mantener la paz mundial permanentemente. Para \u00e9sto, \u00e9l dise\u00f1\u00f3 la Iniciativa de Paz Global. La Iniciativa de Paz Global est\u00e1 estableciendo un gran grupo de pandits v\u00e9dicos especialmente entrenados cuya pr\u00e1ctica diaria de Meditaci\u00f3n Trascendental (Yoga) junto con su desempe\u00f1o de recitaciones v\u00e9dicas (Yagya) pueden crear una profunda y medible influencia de paz para el mundo.<\/p>\n<p style=\"text-align: left;\">En 2008, Maharishi fund\u00f3 la Fundaci\u00f3n Brahmananda Saraswati para apoyar a perpetuidad a este grupo de pacificadores profesionales.<\/p>\n<p>Todos los beneficios de esta aplicaci\u00f3n se destinan a apoyar a esta fundaci\u00f3n.<\/p>\n<p><strong>\u00bfQui\u00e9nes son los Pandits V\u00e9dicos Maharishi?<\/strong><\/p>\n<p style=\"text-align: left;\">Los Pandits V\u00e9dicos Maharishi est\u00e1n en el centro de la antigua sabidur\u00eda v\u00e9dica y las tecnolog\u00edas para crear paz a trav\u00e9s de su pr\u00e1ctica diaria de meditaci\u00f3n (Yoga) y recitaciones v\u00e9dicas (Yagya). Para asegurar su efectividad, Maharishi reconoci\u00f3 la necesidad de restaurar la ense\u00f1anza a su pureza original y completa. Desde temprana edad, los estudiantes de las familias v\u00e9dicas tradicionales de India siguen un entrenamiento sistem\u00e1tico para convertirse en profesionales de la paz: Pandits V\u00e9dicos Maharishi.<\/p>\n<p style=\"text-align: left;\">Ellos siguen un programa especial de estudio que incluye la Meditaci\u00f3n Trascendental y el programa MT-Sidhi as\u00ed como el Vuelo Y\u00f3guico. Estudian s\u00e1nscrito y adquieren destreza en la realizaci\u00f3n de yagyas, las recitaciones v\u00e9dicas tradicionales que otorgan buena fortuna y paz. Sus estudios diarios obtienen cr\u00e9ditos para programas de licenciatura, maestr\u00eda y doctorado otorgados por Maharishi Mahesh Yogi Vedic Vishwavidyalaya, una universidad estatutaria establecida por el Gobierno del Estado de Madhya Pradesh en 1995.<\/p>\n<p><strong>\u00bfQu\u00e9 es la m\u00fasica cl\u00e1sica india o Gandharva Veda?<\/strong><\/p>\n<p style=\"text-align: left;\">Como aspecto del conocimiento v\u00e9dico, el Gandharva Veda es una interpretaci\u00f3n musical tradicional que reproduce las vibraciones de la Naturaleza a diferentes horas del d\u00eda y de la noche, y durante las distintas estaciones del a\u00f1o. Son los ritmos y melod\u00edas de la Naturaleza expresados como m\u00fasica. Maharishi revivi\u00f3 esta m\u00fasica eterna de la Naturaleza e inspir\u00f3 a muchos de los m\u00fasicos m\u00e1s renombrados de India para bendecir al mundo con la m\u00fasica Maharishi Gandharva Veda.<\/p>\n<p style=\"text-align: left;\">Gandharva Veda se utiliza para crear equilibrio en la Naturaleza y paz en el mundo. Utiliza el sonido, la melod\u00eda y el ritmo para restaurar el equilibrio y la armon\u00eda en la mente, el cuerpo, el comportamiento y el medio ambiente. Estas hermosas melod\u00edas en la Maharishi Veda App han sido grabadas por algunos de los mejores m\u00fasicos de Gandharva Veda en India.<\/p>\n<p style=\"text-align: left;\">Como el gran Gandharvan, Devabrata Chaudhuri explic\u00f3: \u201cSi pudieras escuchar las frecuencias cambiantes presentes en el primer despertar del amanecer, en la din\u00e1mica del mediod\u00eda, o en el profundo silencio de la medianoche, estar\u00edas escuchando las frecuencias de la m\u00fasica Gandharva Veda. Estas melod\u00edas sublimes neutralizan el estr\u00e9s y la falta de armon\u00eda en el entorno, y restablecen suavemente los ritmos biol\u00f3gicos al sintonizar la fisiolog\u00eda con los ciclos de la naturaleza que subyacen a cada hora del d\u00eda y a cada estaci\u00f3n del a\u00f1o\u201d.<\/p>\n<p><strong>\u00bfCu\u00e1ndo escuchar los diferentes temas de Gandharva Veda?<\/strong><\/p>\n<p style=\"text-align: left;\">El conocimiento de cu\u00e1ndo tocar cada melod\u00eda se basa en periodos de tres horas llamados Praharas, que corresponden a las frecuencias cambiantes de la Naturaleza a lo largo del d\u00eda. Maharishi Gandharva Veda proporciona m\u00fasica para crear equilibrio en el entorno a lo largo de los ocho Praharas del d\u00eda \u2014 amanecer, ma\u00f1ana, mediod\u00eda, tarde, atardecer, vespertino, medianoche y madrugada. Adem\u00e1s, hay ciertos ragas (melod\u00edas) que pueden interpretarse en cualquier momento del d\u00eda o de la noche. Cada parte del d\u00eda, o Prahara, se asocia a diferentes beneficios.<\/p>\n<p style=\"text-align: left;\">El siguiente cuadro enumera estas ventajas:<\/p>\n<table class=\"praharas\">\n<tbody>\n<tr>\n<th>Praharas del d\u00eda<\/th>\n<th>Beneficios<\/th>\n<\/tr>\n<tr>\n<td>Sandhi Prakash (Transici\u00f3n de la luz) 4-7 h.<\/td>\n<td>Ternura, refinamiento del nivel de sentimientos m\u00e1s sutil, paz, claridad mental, integraci\u00f3n de todos los niveles de la vida, mayor apoyo de la Naturaleza.<\/td>\n<\/tr>\n<tr>\n<td>La ma\u00f1ana, de 7 a 10 h.<\/td>\n<td>Alegr\u00eda, compasi\u00f3n, amor y devoci\u00f3n, paciencia, nutrir y respaldo del coraz\u00f3n.<\/td>\n<\/tr>\n<tr>\n<td>Mediod\u00eda, de 10 h a 13 h.<\/td>\n<td>Potencia en la acci\u00f3n, mayor energ\u00eda, \u00e9xito en la actividad, conocimiento y sabidur\u00eda.<\/td>\n<\/tr>\n<tr>\n<td>Tarde, de 13.00 a 16.00 horas<\/td>\n<td>Logros, \u00e9xito, creatividad, riqueza y prosperidad, realizaci\u00f3n de deseos.<\/td>\n<\/tr>\n<tr>\n<td>Sandhi Prakash (Transici\u00f3n de la luz) 16.00-19.00 h.<\/td>\n<td>Armon\u00eda, funcionamiento coherente del sistema nervioso, paz, claridad mental, integraci\u00f3n de todos los niveles de la vida, mayor apoyo de la Naturaleza.<\/td>\n<\/tr>\n<tr>\n<td>Vespertino, de 19.00 a 22.00 horas<\/td>\n<td>Celebraci\u00f3n, expansi\u00f3n, serenidad, asentamiento en preparaci\u00f3n para el sue\u00f1o.<\/td>\n<\/tr>\n<tr>\n<td>Medianoche, de 22.00 a 1.00 horas<\/td>\n<td>Descanso y relajaci\u00f3n profundos, mejor sue\u00f1o, purificaci\u00f3n, renovaci\u00f3n y rejuvenecimiento.<\/td>\n<\/tr>\n<tr>\n<td>Madrugada, de 1 a 4 h.<\/td>\n<td>Calma, tranquilidad, fuerza interior, mente y cuerpo sanos.<\/td>\n<\/tr>\n<\/tbody>\n<\/table>\n<a href=\"#\" class=\"close\">Close Section<\/a><\/div><\/div>\n<\/div>\n<div class=\"border-line\">&nbsp;<\/div>\n<h4 id=\"Flavours\">CLIPS DE 30 SEGUNDOS<\/h4>\n<p>&nbsp;<\/p>\n<h4 style=\"margin-bottom: -25px;\">Recitaciones V\u00e9dicas<\/h4>\n<div class=\"grid-holder\">\n<div class=\"pagecol3\"><strong>Brahmana Suktas <\/strong><br \/>\n\t<a href=\"https:\/\/donation.vedicpandits.org\/es\/maharishi-veda-app\/?image_video=https%3A%2F%2Fplayer.vimeo.com%2Fvideo%2F772253937%3Fh%3D32b34efc8e\" class=\"video-link \"><img decoding=\"async\" class=\"alignnone size-full wp-image-285\" src=\"https:\/\/donation.vedicpandits.org\/wp-content\/uploads\/2022\/11\/brahmanas_recitation.png\" width=\"200\" \/><\/a>\n\n\t<\/div>\n<div class=\"pagecol3\"><strong>Sama Veda Medha Sukta <\/strong><br \/>\n\t<a href=\"https:\/\/donation.vedicpandits.org\/es\/maharishi-veda-app\/?image_video=https%3A%2F%2Fplayer.vimeo.com%2Fvideo%2F772269388%3Fh%3Dc36201da68\" class=\"video-link \"><img decoding=\"async\" class=\"alignnone size-full wp-image-285\" src=\"https:\/\/donation.vedicpandits.org\/wp-content\/uploads\/2022\/11\/sama_ved_flavour_image2.png\" width=\"200\" \/><\/a>\n\n\t<\/div>\n<div class=\"pagecol3\"><strong>Rik Veda 5\u00aa Mandala <\/strong><br \/>\n\t<a href=\"https:\/\/donation.vedicpandits.org\/es\/maharishi-veda-app\/?image_video=https%3A%2F%2Fplayer.vimeo.com%2Fvideo%2F772890625%3Fh%3Df5dff81366\" class=\"video-link \"><img decoding=\"async\" class=\"alignnone size-full wp-image-285\" src=\"https:\/\/donation.vedicpandits.org\/wp-content\/uploads\/2022\/11\/rik_veda_flavour.png\" width=\"200\" \/><\/a>\n\n\t<\/div>\n<\/div>\n<p><!--row 2--><\/p>\n<h4 style=\"margin-bottom: -25px;\">Bhagavad Gita<\/h4>\n<div class=\"grid-holder\">\n<div class=\"pagecol3\"><strong>Comentario sobre el Bhagavad Gita<\/strong><br \/>\n\t<a href=\"https:\/\/donation.vedicpandits.org\/es\/maharishi-veda-app\/?image_video=https%3A%2F%2Fplayer.vimeo.com%2Fvideo%2F772256991%3Fh%3D1c3f81fa70\" class=\"video-link \"><img decoding=\"async\" class=\"alignnone size-full wp-image-285\" src=\"https:\/\/donation.vedicpandits.org\/wp-content\/uploads\/2022\/11\/vernon_maharishi3_710x702.png\" width=\"200\" \/><\/a>\n\n\t<\/div>\n<div class=\"pagecol3\"><strong>Bhagavad Gita Cap\u00edtulo 1<\/strong><br \/>\n\t<a href=\"https:\/\/donation.vedicpandits.org\/es\/maharishi-veda-app\/?image_video=https%3A%2F%2Fplayer.vimeo.com%2Fvideo%2F772263750%3Fh%3D5edc98042f\" class=\"video-link \"><img decoding=\"async\" class=\"alignnone size-full wp-image-285\" src=\"https:\/\/donation.vedicpandits.org\/wp-content\/uploads\/2022\/11\/bhagavad_gita_ch1_image_flavours.png\" width=\"200\" \/><\/a>\n\n\t<\/div>\n<div class=\"pagecol3\"><strong>Bhagavad Gita Cap\u00edtulo 2<\/strong><br \/>\n\t<a href=\"https:\/\/donation.vedicpandits.org\/es\/maharishi-veda-app\/?image_video=https%3A%2F%2Fplayer.vimeo.com%2Fvideo%2F775545609%3Fh%3D2bac0fa94f\" class=\"video-link \"><img decoding=\"async\" class=\"alignnone size-full wp-image-285\" src=\"https:\/\/donation.vedicpandits.org\/wp-content\/uploads\/2022\/11\/BGita_ch2_flavour.png\" width=\"200\" \/><\/a>\n\n\t<\/div>\n<\/div>\n<p><!--row 3--><\/p>\n<h4 style=\"margin-bottom: -25px;\">Gandharva Ved<\/h4>\n<div class=\"grid-holder\">\n<div class=\"pagecol3\"><strong>Gandharva Ved &#8211; Flauta de bamb\u00fa<\/strong><br \/>\n\t<a href=\"https:\/\/donation.vedicpandits.org\/es\/maharishi-veda-app\/?image_video=https%3A%2F%2Fplayer.vimeo.com%2Fvideo%2F772891944%3Fh%3Db50882dc2b\" class=\"video-link \"><img decoding=\"async\" class=\"alignnone size-full wp-image-285\" src=\"https:\/\/donation.vedicpandits.org\/wp-content\/uploads\/2022\/11\/bamboo_flute_flavour.png\" width=\"200\" \/><\/a>\n\n\t<\/div>\n<div class=\"pagecol3\"><strong>Melodia de la lluvia <\/strong><br \/>\n\t<a href=\"https:\/\/donation.vedicpandits.org\/es\/maharishi-veda-app\/?image_video=https%3A%2F%2Fplayer.vimeo.com%2Fvideo%2F772893048%3Fh%3D3e29244a2d\" class=\"video-link \"><img decoding=\"async\" class=\"alignnone size-full wp-image-285\" src=\"https:\/\/donation.vedicpandits.org\/wp-content\/uploads\/2022\/11\/rain_melody_flavour.png\" width=\"200\" \/><\/a>\n\n\t<\/div>\n<div class=\"pagecol3\"><strong>M\u00fasica Gandharva Ved &#8211; Sitar<\/strong><br \/>\n\t<a href=\"https:\/\/donation.vedicpandits.org\/es\/maharishi-veda-app\/?image_video=https%3A%2F%2Fplayer.vimeo.com%2Fvideo%2F772893920%3Fh%3Df1d59dd173\" class=\"video-link \"><img decoding=\"async\" class=\"alignnone size-full wp-image-285\" src=\"https:\/\/donation.vedicpandits.org\/wp-content\/uploads\/2022\/11\/Screen-Shot-2022-11-19-at-6.44.34-PM.png\" width=\"200\" \/><\/a>\n\n\t<\/div>\n<\/div>\n<\/div>\n","protected":false},"excerpt":{"rendered":"<p>Maharishi Veda App Esta aplicaci\u00f3n tiene una enorme biblioteca de grabaciones muy auspiciosas y beneficiosas, realizadas por los expertos Pandits V\u00e9dicos Maharishi. La aplicaci\u00f3n tambi\u00e9n incluye una gran biblioteca de m\u00fasica cl\u00e1sica india (Gandharva Veda) que presenta seis instrumentos musicales grabados por algunos de los m\u00e1s renombrados m\u00fasicos de Gandharva Veda. &nbsp; &nbsp; La Maharishi [&hellip;]<\/p>\n","protected":false},"author":3,"featured_media":72691,"parent":0,"menu_order":0,"comment_status":"closed","ping_status":"closed","template":"","meta":{"om_disable_all_campaigns":false,"_monsterinsights_skip_tracking":false,"_monsterinsights_sitenote_active":false,"_monsterinsights_sitenote_note":"","_monsterinsights_sitenote_category":0,"footnotes":""},"class_list":["post-51638","page","type-page","status-publish","has-post-thumbnail","hentry"],"_links":{"self":[{"href":"https:\/\/donation.vedicpandits.org\/es\/wp-json\/wp\/v2\/pages\/51638","targetHints":{"allow":["GET"]}}],"collection":[{"href":"https:\/\/donation.vedicpandits.org\/es\/wp-json\/wp\/v2\/pages"}],"about":[{"href":"https:\/\/donation.vedicpandits.org\/es\/wp-json\/wp\/v2\/types\/page"}],"author":[{"embeddable":true,"href":"https:\/\/donation.vedicpandits.org\/es\/wp-json\/wp\/v2\/users\/3"}],"replies":[{"embeddable":true,"href":"https:\/\/donation.vedicpandits.org\/es\/wp-json\/wp\/v2\/comments?post=51638"}],"version-history":[{"count":17,"href":"https:\/\/donation.vedicpandits.org\/es\/wp-json\/wp\/v2\/pages\/51638\/revisions"}],"predecessor-version":[{"id":74087,"href":"https:\/\/donation.vedicpandits.org\/es\/wp-json\/wp\/v2\/pages\/51638\/revisions\/74087"}],"wp:featuredmedia":[{"embeddable":true,"href":"https:\/\/donation.vedicpandits.org\/es\/wp-json\/wp\/v2\/media\/72691"}],"wp:attachment":[{"href":"https:\/\/donation.vedicpandits.org\/es\/wp-json\/wp\/v2\/media?parent=51638"}],"curies":[{"name":"wp","href":"https:\/\/api.w.org\/{rel}","templated":true}]}}