{"id":51769,"date":"2018-02-07T09:37:39","date_gmt":"2018-02-07T09:37:39","guid":{"rendered":"https:\/\/vedicpandits.org\/open-yagya-day\/"},"modified":"2025-05-03T16:36:11","modified_gmt":"2025-05-03T16:36:11","slug":"open-yagya-day","status":"publish","type":"page","link":"https:\/\/donation.vedicpandits.org\/es\/open-yagya-day\/","title":{"rendered":"Open Yagya Day"},"content":{"rendered":"<h1 style=\"text-align: center;\">OPEN YAGYA DAY<\/h1>\n<div style=\"text-align: center; margin-top: -16px;\"><\/div>\n<p>&nbsp;<\/p>\n<div style=\"text-align: center;\"><img loading=\"lazy\" decoding=\"async\" class=\"alignnone\" src=\"\/wp-content\/uploads\/2018\/02\/3_pics_to_test_for_ar_page-1.png\" alt=\"post-img-12\" width=\"750\" height=\"275\" \/><\/div>\n<h4 style=\"text-align: center; margin-top: 20px;\">S\u00e1bado 7 de junio de 2025 &#8211; ZOOM WEBINAR<\/h4>\n\t<p style=\"text-align: center\">\n\t\t<a href=\"\"   class=\"btn btn-large \" > > \n\t\t\tLas inscripciones estar\u00e1n disponibles pr\u00f3ximamente.\t\t<\/a>\n\t<\/p>\n\n\t\n<h4 id=\"schedule\" style=\"margin-top: 15px;\">Horario para el s\u00e1bado 7 de junio de 2025 <\/h4>\n<p>(Zona horaria: Europa Central &#8211; Madrid, Amsterdam etc.)<\/p>\n<p>09:00 Hora de Super Radiance de la ma\u00f1ana (despegue)<\/p>\n<p>10:00 &#8211; 12:30 Hanuman &#8211; en el Palacio de la Paz de Maharishi<br \/>\n12:30 &#8211; 14:30 Almuerzo<br \/>\n14.30 &#8211; 16.15 Reuni\u00f3n de la tarde<\/p>\n<ul>\n<li>Video inspirador con una charla de Maharishi<\/li>\n<li>Oradores invitados especiales<\/li>\n<li>Noticias e inspiraci\u00f3n<\/li>\n<li>Recitaci\u00f3n v\u00e9dica en vivo<\/li>\n<\/ul>\n<p>&nbsp;<\/p>\n<h4>Pr\u00f3ximas fechas de los OPEN YAGYA DAY para 2025<\/h4>\n<p>2025: 7 de junio, 5 de julio, 2 de agosto, 6 de septiembre, 4 de octubre, 8 de noviembre y 6 de diciembre<br \/>\n&nbsp;<\/p>\n<ul>\n<li><a href=\"https:\/\/us7.campaign-archive.com\/?u=0cc687d83ddcd228ddb1e46aa&amp;id=3e7c1197ff\" target=\"_blank\" rel=\"noopener noreferrer\">Espa\u00f1ol:<\/a> Leer las instrucciones para usar Zoom y aprender a encontrar la traducci\u00f3n simult\u00e1nea en su idioma.<\/li>\n<\/ul>\n<p><!--\n<a href=\"https:\/\/mailchi.mp\/maharishi\/juntos-y-en-lnea-da-de-invencibilidad-open-yagya-day-dr-tony-nader-en-directo-3-de-abril\" target=\"_blank\" rel=\"noopener\">Hacer clic aqu\u00ed<\/a> para leer la invitaci\u00f3n para el 3 de abril de 2021--><\/p>\n<p>Nuestras \u2018Open Yagya Days\u2019 (recepciones mensuales de los embajadores) tienen lugar en la casa donde vivi\u00f3 Maharishi \u2013 el Palacio de Paz \u2013 con recitaciones en directo a cargo de los pandits que viven all\u00ed, noticias recientes y conocimiento. Nuestros coordinadores nacionales \u2013 o \u00abEmbajadores\u00bb \u2013 de todo el mundo, los donantes y sus invitados, as\u00ed como cualquier persona que quiera experimentar profundamente este penetrante enfoque para crear paz en el mundo, est\u00e1n invitados a asistir en l\u00ednea.<\/p>\n<div class=\"border-line\">&nbsp;<\/div>\n<p style=\"margin-top: 15px;\">ARCHIVOS CON TRADUCCI\u00d3N AL ESPA\u00d1OL<\/p>\n<p>6 de abril de 2024 &#8211; \t<a href=\"https:\/\/donation.vedicpandits.org\/es\/open-yagya-day\/?image_video=https%3A%2F%2Fplayer.vimeo.com%2Fvideo%2F933222946%3Fh%3D32e3ac9712\" class=\"video-link no-pointer\">Mira todo el OYD<\/a>\n\n\t <span style=\"margin-left: 15px;\"> (113 minutos)<\/span><\/p>\n<p>3 de febrero de 2024 &#8211; \t<a href=\"https:\/\/donation.vedicpandits.org\/es\/open-yagya-day\/?image_video=https%3A%2F%2Fplayer.vimeo.com%2Fvideo%2F911808181%3Fh%3D25e29fe2ec\" class=\"video-link no-pointer\">Mira todo el OYD<\/a>\n\n\t <span style=\"margin-left: 15px;\"> (94 minutos)<\/span><\/p>\n<p>9 de diciembre de 2023 &#8211; \t<a href=\"https:\/\/donation.vedicpandits.org\/es\/open-yagya-day\/?image_video=https%3A%2F%2Fplayer.vimeo.com%2Fvideo%2F893284603%3Fh%3D6c67a680a5\" class=\"video-link no-pointer\">Mira todo el OYD<\/a>\n\n\t <span style=\"margin-left: 15px;\"> (78 minutos)<\/span><\/p>\n<p>6 de novembre 2021 &#8211; \t<a href=\"https:\/\/donation.vedicpandits.org\/es\/open-yagya-day\/?image_video=https%3A%2F%2Fplayer.vimeo.com%2Fvideo%2F645231822%3Fh%3De9c8931240\" class=\"video-link no-pointer\">Ver Raja Harris<\/a>\n\n\t <span style=\"margin-left: 15px;\"> (9 minutos)<\/span><\/p>\n<p>2 de octubre de 2021 &#8211; \t<a href=\"https:\/\/donation.vedicpandits.org\/es\/open-yagya-day\/?image_video=https%3A%2F%2Fplayer.vimeo.com%2Fvideo%2F631955900%3Fh%3D0762755cfd\" class=\"video-link no-pointer\">Ver ahora OYD <\/a>\n\n\t (2 horas)<\/p>\n<p>2 de octubre de 2021 &#8211; \t<a href=\"https:\/\/donation.vedicpandits.org\/es\/open-yagya-day\/?image_video=https%3A%2F%2Fplayer.vimeo.com%2Fvideo%2F631967947%3Fh%3D3602cdef18\" class=\"video-link no-pointer\">Ver ahora Dr. Schachinger <\/a>\n\n\t (58 minutos)<\/p>\n<p>2 de octubre de 2021 &#8211; \t<a href=\"https:\/\/donation.vedicpandits.org\/es\/open-yagya-day\/?image_video=https%3A%2F%2Fplayer.vimeo.com%2Fvideo%2F631981372%3Fh%3D864cc39694\" class=\"video-link no-pointer\">Ver ahora Raja Harris <\/a>\n\n\t (9 minutos)<\/p>\n<p>4 de septiembre de 2021 &#8211; \t<a href=\"https:\/\/donation.vedicpandits.org\/es\/open-yagya-day\/?image_video=https%3A%2F%2Fvimeo.com%2F601067340%2F23635899af\" class=\"video-link no-pointer\">Ver ahora OYD <\/a>\n\n\t (2 horas)<\/p>\n<p>4 de septiembre de 2021 &#8211; \t<a href=\"https:\/\/donation.vedicpandits.org\/es\/open-yagya-day\/?image_video=https%3A%2F%2Fvimeo.com%2F600251338%2F9a23e300d5\" class=\"video-link no-pointer\">Ver ahora Raja Harris <\/a>\n\n\t (12 minutos)<\/p>\n<p>7 de agosto de 2021 &#8211; \t<a href=\"https:\/\/donation.vedicpandits.org\/es\/open-yagya-day\/?image_video=https%3A%2F%2Fvimeo.com%2F589139456%2F525c44631c%3Cbr+%2F%3E%0A\" class=\"video-link no-pointer\">Ver ahora OYD <\/a>\n\n\t (107 minutos)<\/p>\n<p>7 de agosto de 2021 &#8211; \t<a href=\"https:\/\/donation.vedicpandits.org\/es\/open-yagya-day\/?image_video=https%3A%2F%2Fplayer.vimeo.com%2Fvideo%2F589122542\" class=\"video-link no-pointer\">Ver ahora Rena Boone<\/a>\n\n\t (47 minutos)<\/p>\n<p>7 de agosto de 2021 &#8211; \t<a href=\"https:\/\/donation.vedicpandits.org\/es\/open-yagya-day\/?image_video=https%3A%2F%2Fvimeo.com%2F589117451%2F8d673c544c\" class=\"video-link no-pointer\">Ver ahora Raja Harris<\/a>\n\n\t (20 minutos)<\/p>\n<p>3 de julio de 2021 &#8211; \t<a href=\"https:\/\/donation.vedicpandits.org\/es\/open-yagya-day\/?image_video=https%3A%2F%2Fvimeo.com%2F572527470%2Fab29747ac7\" class=\"video-link no-pointer\">Ver ahora Dr. Neil Paterson<\/a>\n\n\t (47 minutos)<\/p>\n<p>3 de Julio de 2021 &#8211; \t<a href=\"https:\/\/donation.vedicpandits.org\/es\/open-yagya-day\/?image_video=https%3A%2F%2Fvimeo.com%2F573055888%2F4133b07306\" class=\"video-link no-pointer\">Ver ahora Raja Harris Kaplan <\/a>\n\n\t (18 minutos)<\/p>\n<p>3 de julio de 2021 &#8211; \t<a href=\"https:\/\/donation.vedicpandits.org\/es\/open-yagya-day\/?image_video=https%3A%2F%2Fvimeo.com%2F573013691%2Fb1f2f19e41\" class=\"video-link no-pointer\"> Sesi\u00f3n de la tarde Dr Susie Swan <\/a>\n\n\t (15 min.)<\/p>\n<p>5 de junio de 2021 &#8211; \t<a href=\"https:\/\/donation.vedicpandits.org\/es\/open-yagya-day\/?image_video=https%3A%2F%2Fvimeo.com%2F562520002%2Fb5bfde41ec\" class=\"video-link no-pointer\"> Sesi\u00f3n de la tarde (v\u00eddeo completo) <\/a>\n\n\t\n<p>5 de junio de 2021 &#8211; \t<a href=\"https:\/\/donation.vedicpandits.org\/es\/open-yagya-day\/?image_video=https%3A%2F%2Fvimeo.com%2F562471496%2Fa8ae4428df\" class=\"video-link no-pointer\"> Raja Harris con novedades de India <\/a>\n\n\t (28 min.)<\/p>\n<p>5 de junio de 2021 &#8211; \t<a href=\"https:\/\/donation.vedicpandits.org\/es\/open-yagya-day\/?image_video=https%3A%2F%2Fvimeo.com%2F562474416%2F7c37d4c392\" class=\"video-link no-pointer\"> El Dr. Peter Swan da las \u00faltimas noticias sobre medio ambiente <\/a>\n\n\t (41 min.)<\/p>\n<p>1 de mayo de 2021 \t<a href=\"https:\/\/donation.vedicpandits.org\/es\/open-yagya-day\/?image_video=https%3A%2F%2Fvimeo.com%2F546443130%2F4cc1d1b8fc\" class=\"video-link no-pointer\"> Dr. Paul Morehead &#8211; Conocimiento y asanas y Raja Harris con novedades de India <\/a>\n\n\t (2 horas)<\/p>\n<p>1 de mayo de 2021 \t<a href=\"https:\/\/donation.vedicpandits.org\/es\/open-yagya-day\/?image_video=https%3A%2F%2Fvimeo.com%2F547906278%2Ff82bb1aaea\" class=\"video-link no-pointer\"> Raja Harris con novedades de India <\/a>\n\n\t (17 minutos)<\/p>\n<p>3 de abril de 2021 &#8211; \t<a href=\"https:\/\/donation.vedicpandits.org\/es\/open-yagya-day\/?image_video=https%3A%2F%2Fvimeo.com%2F535790152%2Fcf0dabd21e\" class=\"video-link no-pointer\"> Entrevista al Dr. Nader <\/a>\n\n\t (37 min.)<\/p>\n<p>3 de abril de 2021 &#8211; \t<a href=\"https:\/\/donation.vedicpandits.org\/es\/open-yagya-day\/?image_video=https%3A%2F%2Fvimeo.com%2F535782297%2Fa93fb4aea3\" class=\"video-link no-pointer\"> Sesi\u00f3n de la tarde (v\u00eddeo completo) <\/a>\n\n\t\n<p>6 de marzo de 2021 &#8211; \t<a href=\"https:\/\/donation.vedicpandits.org\/es\/open-yagya-day\/?image_video=https%3A%2F%2Fvimeo.com%2F510526219%2F4de7361191\" class=\"video-link no-pointer\"> Sesi\u00f3n de la tarde <\/a>\n\n\t\n<p>6 de febrero de 2021 &#8211; \t<a href=\"https:\/\/donation.vedicpandits.org\/es\/open-yagya-day\/?image_video=https%3A%2F%2Fvimeo.com%2F510526219%2F4de7361191\" class=\"video-link no-pointer\"> Sesi\u00f3n de la tarde <\/a>\n\n\t\n<p>5 de diciembre de 2020 &#8211; \t<a href=\"https:\/\/donation.vedicpandits.org\/es\/open-yagya-day\/?image_video=https%3A%2F%2Fvimeo.com%2F490232211%2Fe430749923\" class=\"video-link no-pointer\"> Sesi\u00f3n de la tarde <\/a>\n\n\t\n<p>7 de novembre 2020 &#8211; \t<a href=\"https:\/\/donation.vedicpandits.org\/es\/open-yagya-day\/?image_video=https%3A%2F%2Fvimeo.com%2F481841334%2Fb9f7bdfbe8\" class=\"video-link no-pointer\">Sesi\u00f3n de la tarde<\/a>\n\n\t <span style=\"margin-left: 15px;\"> David Lynch (4 minutos)<\/span><\/p>\n<p>7 de novembre 2020 &#8211; \t<a href=\"https:\/\/donation.vedicpandits.org\/es\/open-yagya-day\/?image_video=https%3A%2F%2Fvimeo.com%2F481840935%2F425aa10850\" class=\"video-link no-pointer\">Sesi\u00f3n de la tarde<\/a>\n\n\t <span style=\"margin-left: 15px;\"> Bob Roth (2 minutos)<\/span><\/p>\n<p>5 de septiembre de 2020 &#8211; \t<a href=\"https:\/\/donation.vedicpandits.org\/es\/open-yagya-day\/?image_video=https%3A%2F%2Fvimeo.com%2F456593366%2F80c6d66172\" class=\"video-link no-pointer\"> Sesi\u00f3n de la tarde <\/a>\n\n\t\n<p>1 de agosto de 2020 &#8211; \t<a href=\"https:\/\/donation.vedicpandits.org\/es\/open-yagya-day\/?image_video=https%3A%2F%2Fvimeo.com%2F452728777%2F06956be2cf\" class=\"video-link no-pointer\"> Sesi\u00f3n de la tarde <\/a>\n\n\t\n<p>2 de mayo de 2020 &#8211; \t<a href=\"https:\/\/donation.vedicpandits.org\/es\/open-yagya-day\/?image_video=https%3A%2F%2Fvimeo.com%2F416052632%2F8327e1f2b5\" class=\"video-link no-pointer\"> Sesi\u00f3n de la tarde <\/a>\n\n\t\n<div class=\"border-line\">&nbsp;<\/div>\n<h4 style=\"margin-top: 15px;\">HORARIO DE LOS EVENTOS<\/h4>\n<p>(las horas son CET)<\/p>\n<p>09:00 Hora de la ma\u00f1ana para el vuelo y\u00f3guico (despegue)<br \/>\n10.00 &#8211; 12:30 Rudrabhishek en el Brahmasthan del Palacio de Paz de Maharishi<br \/>\n12:30 &#8211; 14.30 Intermedio de dos horas<br \/>\n14.30 &#8211; 16.00 Reuni\u00f3n de la tarde<\/p>\n<ul>\n<li>Charla de Maharishi<\/li>\n<li>Invitados especiales<\/li>\n<li>Noticias mundiales de coherencia en l\u00ednea y la Iniciativa de Paz Global<\/li>\n<li>Recitaci\u00f3n en directo por los Pandits V\u00e9dicos Maharishi en MERU<\/li>\n<\/ul>\n<p>&nbsp;<\/p>\n<p>BUSCAR ARCHIVOS COMPLETOS EN INGL\u00c9S<br \/>\n<a href=\"https:\/\/donation.vedicpandits.org\/archives-for-2016-17\/\" target=\"_blank\" rel=\"noopener noreferrer\">Hacer clic aqu\u00ed<\/a> para los archivos completos de los Open Yagya Days del 2020, 2019, 2018, 2017, 2016 y 2015 (anteriormente llamados &#8216;Recepci\u00f3n de Embajadores&#8217;)<\/p>\n","protected":false},"excerpt":{"rendered":"<p>OPEN YAGYA DAY &nbsp; S\u00e1bado 7 de junio de 2025 &#8211; ZOOM WEBINAR Horario para el s\u00e1bado 7 de junio de 2025 (Zona horaria: Europa Central &#8211; Madrid, Amsterdam etc.) 09:00 Hora de Super Radiance de la ma\u00f1ana (despegue) 10:00 &#8211; 12:30 Hanuman &#8211; en el Palacio de la Paz de Maharishi 12:30 &#8211; 14:30 [&hellip;]<\/p>\n","protected":false},"author":3,"featured_media":0,"parent":0,"menu_order":0,"comment_status":"closed","ping_status":"closed","template":"","meta":{"om_disable_all_campaigns":false,"_monsterinsights_skip_tracking":false,"_monsterinsights_sitenote_active":false,"_monsterinsights_sitenote_note":"","_monsterinsights_sitenote_category":0,"footnotes":""},"class_list":["post-51769","page","type-page","status-publish","hentry"],"_links":{"self":[{"href":"https:\/\/donation.vedicpandits.org\/es\/wp-json\/wp\/v2\/pages\/51769","targetHints":{"allow":["GET"]}}],"collection":[{"href":"https:\/\/donation.vedicpandits.org\/es\/wp-json\/wp\/v2\/pages"}],"about":[{"href":"https:\/\/donation.vedicpandits.org\/es\/wp-json\/wp\/v2\/types\/page"}],"author":[{"embeddable":true,"href":"https:\/\/donation.vedicpandits.org\/es\/wp-json\/wp\/v2\/users\/3"}],"replies":[{"embeddable":true,"href":"https:\/\/donation.vedicpandits.org\/es\/wp-json\/wp\/v2\/comments?post=51769"}],"version-history":[{"count":135,"href":"https:\/\/donation.vedicpandits.org\/es\/wp-json\/wp\/v2\/pages\/51769\/revisions"}],"predecessor-version":[{"id":100353,"href":"https:\/\/donation.vedicpandits.org\/es\/wp-json\/wp\/v2\/pages\/51769\/revisions\/100353"}],"wp:attachment":[{"href":"https:\/\/donation.vedicpandits.org\/es\/wp-json\/wp\/v2\/media?parent=51769"}],"curies":[{"name":"wp","href":"https:\/\/api.w.org\/{rel}","templated":true}]}}