{"id":6405,"date":"2014-09-08T07:02:34","date_gmt":"2014-09-08T07:02:34","guid":{"rendered":"https:\/\/vedicpandits.org\/?page_id=6405"},"modified":"2020-12-13T17:56:04","modified_gmt":"2020-12-13T17:56:04","slug":"home","status":"publish","type":"page","link":"https:\/\/donation.vedicpandits.org\/et\/","title":{"rendered":"Home"},"content":{"rendered":"<p><!--<img loading=\"lazy\" decoding=\"async\" src=\"\/wp-content\/uploads\/2014\/04\/ecardslidere-new1.jpg\" width=\"912\" height=\"364\" class=\"alignleft size-full wp-image-1800\" \/><a class=\"ecardbutton\" href=\"https:\/\/donation.vedicpandits.org\/ecard\/\"> > Uus! Tasuta e-kaardid, mida nautida<\/a>--><\/p>\n<h4> VEDA TEADVUSTEHNIKAD MAAILMA RAHU HEAKS<\/h4>\n<p>Suur grupp Maharishi Veedapanditeid on kogunenud Indiasse looma harmoonia kasvu terves maailmas. Nelik\u00fcmmend aastat teaduslikke uuringuid on t\u00f5estanud, et 9000 panditist koosnev grupp kutsub esile v\u00f5imsa elu paranemise efekti kogu maakeral. T\u00e4nu enam kui 90 riigi heldetele toetajatele on India Brahmasthanis (geograafilises keskpunktis) asuvas linnakus panditite grupp viimastel aastatel kasvanud \u00fcle 2000. Meie eesm\u00e4rk on kasvatada aastane toetus 9000 Veedapanditist koosneva grupini ja seej\u00e4rel rajada toetusfond, mis kindlustaks gruppi p\u00fcsivalt, tuues maailma alatiseks rahu.<\/p>\n<p>UNESCO on kuulutanud Veedade retsiteerimise inimkonna suulise ja vaimse kultuurip\u00e4randi meistriteoseks.<\/p>\n<div style=\"width:200px;\"  class=\"align right\">\n\t<a href=\"https:\/\/donation.vedicpandits.org\/et\/?image_video=https%3A%2F%2Fwww.youtube.com%2Fwatch%3Fv%3D7Pm5T3JrpsE%3Frel%3D0\" class=\"video-link \"><img decoding=\"async\" class=\"alignnone size-full wp-image-285\" src=\"https:\/\/donation.vedicpandits.org\/wp-content\/uploads\/2018\/03\/Tall-blue-globe-copy.jpeg\" alt=\"landscape format of blue globe with pandits\" width=\"200\" \/><\/a>\n\n\t<\/div>\n<h4 style=\"margin-top:25px;\">video<\/h4>\n<p>Vaadake 14-minutist eestikeelset videot.<\/p>\n<p><!--\n\n<h4>E-KAARDID<\/h4>\n\n\nK\u00f5ik e-kaardid on t\u00e4is kauneid pilte Maharishi Veedapandititest, mida t\u00e4iendavad Maharishi Veedapanditite retsitatsioonide heli- ning videosalvestised ja\/v\u00f5i slaidiesitlused (slaidishowd). Loodame, et naudite neid lummavaid <a href=\"https:\/\/donation.vedicpandits.org\/ecard\/\">TASUTA Maharishi Veedapanditite e-kaarte<\/a> ning jagate neid oma s\u00f5pradega.--><\/p>\n","protected":false},"excerpt":{"rendered":"<p>VEDA TEADVUSTEHNIKAD MAAILMA RAHU HEAKS Suur grupp Maharishi Veedapanditeid on kogunenud Indiasse looma harmoonia kasvu terves maailmas. Nelik\u00fcmmend aastat teaduslikke uuringuid on t\u00f5estanud, et 9000 panditist koosnev grupp kutsub esile v\u00f5imsa elu paranemise efekti kogu maakeral. T\u00e4nu enam kui 90 riigi heldetele toetajatele on India Brahmasthanis (geograafilises keskpunktis) asuvas linnakus panditite grupp viimastel aastatel kasvanud [&hellip;]<\/p>\n","protected":false},"author":3,"featured_media":0,"parent":0,"menu_order":0,"comment_status":"open","ping_status":"closed","template":"template-home.php","meta":{"om_disable_all_campaigns":false,"_monsterinsights_skip_tracking":false,"_monsterinsights_sitenote_active":false,"_monsterinsights_sitenote_note":"","_monsterinsights_sitenote_category":0,"footnotes":""},"class_list":["post-6405","page","type-page","status-publish","hentry"],"_links":{"self":[{"href":"https:\/\/donation.vedicpandits.org\/et\/wp-json\/wp\/v2\/pages\/6405","targetHints":{"allow":["GET"]}}],"collection":[{"href":"https:\/\/donation.vedicpandits.org\/et\/wp-json\/wp\/v2\/pages"}],"about":[{"href":"https:\/\/donation.vedicpandits.org\/et\/wp-json\/wp\/v2\/types\/page"}],"author":[{"embeddable":true,"href":"https:\/\/donation.vedicpandits.org\/et\/wp-json\/wp\/v2\/users\/3"}],"replies":[{"embeddable":true,"href":"https:\/\/donation.vedicpandits.org\/et\/wp-json\/wp\/v2\/comments?post=6405"}],"version-history":[{"count":23,"href":"https:\/\/donation.vedicpandits.org\/et\/wp-json\/wp\/v2\/pages\/6405\/revisions"}],"predecessor-version":[{"id":49741,"href":"https:\/\/donation.vedicpandits.org\/et\/wp-json\/wp\/v2\/pages\/6405\/revisions\/49741"}],"wp:attachment":[{"href":"https:\/\/donation.vedicpandits.org\/et\/wp-json\/wp\/v2\/media?parent=6405"}],"curies":[{"name":"wp","href":"https:\/\/api.w.org\/{rel}","templated":true}]}}