{"id":6413,"date":"2014-09-08T07:09:10","date_gmt":"2014-09-08T07:09:10","guid":{"rendered":"https:\/\/vedicpandits.org\/?page_id=6413"},"modified":"2015-12-29T10:46:44","modified_gmt":"2015-12-29T10:46:44","slug":"maharishi","status":"publish","type":"page","link":"https:\/\/donation.vedicpandits.org\/et\/maharishi\/","title":{"rendered":"Maharishi"},"content":{"rendered":"<h4>MAHARISHI MAHESH YOGI<\/h4>\n<p>Maharishi Mahesh Yogi on laialdaselt tunnustatud kui t\u00e4nap\u00e4eva maailma t\u00e4htsaim veeda\u00f5petlane, samuti kui juhtiv teadvust uuriv teadlane. Termin \u201cveeda\u201d viitab Indias loodud eheda, t\u00e4iusliku teadmise ajatule traditsioonile.<br \/>\nMaharishi on tuntud Transtsendentaalse Meditatsiooni programmi \u00f5petajana, mis on k\u00f5ige p\u00f5hjalikumalt uuritud ning t\u00f5hus enesearengu tehnika (vaata allpool). Lisaks taastas ta India veeda traditsiooni t\u00e4ieliku teadmise ja praktilised programmid nende eheduses ja terviklikkuses, nii et iga\u00fcks igal pool v\u00f5iks elada t\u00e4iel rinnal veeda elu \u2013 elu rahus, k\u00fclluses ning hea tervisega.<br \/>\nMaharishi taaselustas mitmed unustatud v\u00f5i valesti m\u00f5istetud veedateaduse aspektid ning arendas v\u00e4lja programmid, millega tuua eesm\u00e4rkide teostumist tervishoius, hariduses, riigikaitses, halduses, arhitektuuris ja paljudel teistel kaasaegse elu aladel.<\/p>\n<div class=\"border-line\">&nbsp;<\/div>\n<h4>S\u00dcSTEMAATILINE L\u00c4HENEMINE VALGUSTATUSE SAAVUTAMISELE<\/h4>\n<p>Meditatsioon ning tee valgustatusele on olnud sajandeid valesti m\u00f5istetud, seda isegi Indias. Neid arvati enamalt jaolt religiooni v\u00f5i filosoofia valdkonda, mis sageli seotud ilmalikust elust lahti \u00fctlemisega. Maharishi t\u00f5i p\u00e4evavalgele veeda t\u00f5e, et meditatsioon ei p\u00f5hine j\u00f5upingutustel ega keskendumisel vaid pigem leiab aset spontaanselt ning loomulikul teel, kui meelele on kord juba \u00f5ige start antud. Ta n\u00e4itas k\u00e4tte s\u00fcstemaatilise otsetee k\u00f5rgemate teadvuse tasandite arendamiseks, milles meie t\u00e4ielik kosmiline potentsiaal muutub igap\u00e4evaelu t\u00f5siasjaks.<\/p>\n<p>Maharishist innustatuna hakkasid teadlased uurima Transtsendentaalse Meditatsiooni kasulikkust. Alates esimese uuringu avaldamisest 1970 aastal on 35 riigi enam kui 200 s\u00f5ltumatus uurimisinstituudis l\u00e4bi viidud \u00fcle 600 teadusliku uuringu dokumentaalselt t\u00f5estanud Transtsendentaalse Meditatsiooni kasulikkust meelele, kehale ning \u00fchiskonnale tervikuna. Paljud neist uuringutest on avaldatud maailma juhtivates teadusajakirjades.<\/p>\n<div class=\"border-line\">&nbsp;<\/div>\n<h4>OTSETEE MAAILMA RAHUNI<\/h4>\n<p>K\u00f5rgema taseme TM-Sidhi programmide ning eriti Joogalendamise \u00fchisharjutuse v\u00e4lja arendamisega andis Maharishi maailmale tehnika \u00fcksk\u00f5ik millise rahvuse kollektiivses teadvuses rahu ja harmoonia kasvatamiseks, kasutades selleks rahvastikust vaid \u00fcliv\u00e4ikest osa. Suures mastaabis rakendatuna pakub Joogalendamise \u00fchisharjutus esimest teaduslikult t\u00f5estatud meetodit maailmas rahu loomiseks. Lisaks on v\u00e4liuuringud kindlaks teinud, et ka paljud teised elualad \u2013 nagu tervishoid, \u00fchiskondlik k\u00e4itumine ning j\u00f5ukus \u2013 paranevad.<\/p>\n<p>Selle v\u00f5imsa efekti loomiseks ning j\u00e4\u00e4valt alal hoidmiseks kavandas Maharishi \u00dclemaailmse Rahu Algatuse (Global Peace Initiative) &#8211; see on projekt, mis on keskendunud suure, spetsiaalselt v\u00e4lja \u00f5petatud Veedapanditite grupi loomisele. Nii nende igap\u00e4evased TM ja TM-Sidhi programmid kui ka veeda yagyate sooritamine levitab maailmas s\u00fcgavat ja m\u00f5\u00f5detavat kasulikku efekti. Et sellise grupi p\u00fcsivaks toetuseks vahendeid hankida, rajas ta 2008 aastal Brahmananda Saraswati Fondi.<\/p>\n<div class=\"border-line\">&nbsp;<\/div>\n<h4 id=\"audios\">AUDIO<\/h4>\n<p>Maharishi k\u00f5neleb Veda Pandititest:<\/p>\n<p><em><a href=\"https:\/\/donation.vedicpandits.org\/et\/maharishi\/?audio_link=%2Fwp-content%2Fuploads%2F2015%2F03%2F01nTraining-Vedic-Pandits-to-Create-Harmony-in-Society-pushing-the-Devatas-buttons-May-18-051.mp3\" class=\"audio-link\">&gt; Training Vedic Pandits to create harmony in society. (Audio 21:02 min)<\/a>\n<p><b><\/b><a href=\"https:\/\/donation.vedicpandits.org\/et\/maharishi\/?audio_link=%2Fwp-content%2Fuploads%2F2015%2F03%2F04n-Specialty-of-the-Vedic-Pandits-March-16-053.mp3\" class=\"audio-link\">&gt; Specialty of Vedic Pandits. (Audio 7:18 min)<\/a><\/em><\/br><\/p>\n<p>Maharishi k\u00f5neleb Yagyate v\u00e4est::<\/p>\n<p><em><a href=\"https:\/\/donation.vedicpandits.org\/et\/maharishi\/?audio_link=%2Fwp-content%2Fuploads%2F2015%2F03%2F03n-Using-Collective-Yagyas-to-Prevent-the-Danger.mp3\" class=\"audio-link\">&gt; Using collective Yagyas to prevent the danger that has not yet come. (Audio 8:56 min)<\/a>\n<p><b><\/b><a href=\"https:\/\/donation.vedicpandits.org\/et\/maharishi\/?audio_link=%2Fwp-content%2Fuploads%2F2015%2F03%2F02n-Yagyas%C3%A2%C2%80%C2%94powerful-Vedic-performances-March-23-051.mp3\" class=\"audio-link\">&gt; Yagyas \u2013 powerful Vedic performances arising from the silent level of consciousness of the Vedic Pandits. (Audio 7:26 min)<\/a>\n<p><b><\/b><a href=\"https:\/\/donation.vedicpandits.org\/et\/maharishi\/?audio_link=%2Fwp-content%2Fuploads%2F2015%2F03%2F06n-Difference-between-practising-TM-and-listening-to-Vedic-R.mp3\" class=\"audio-link\">&gt; The difference between practicing TM and listening to Vedic recitation. (Audio 4:42 min)<\/a><\/em><\/p>\n","protected":false},"excerpt":{"rendered":"<p>MAHARISHI MAHESH YOGI Maharishi Mahesh Yogi on laialdaselt tunnustatud kui t\u00e4nap\u00e4eva maailma t\u00e4htsaim veeda\u00f5petlane, samuti kui juhtiv teadvust uuriv teadlane. Termin \u201cveeda\u201d viitab Indias loodud eheda, t\u00e4iusliku teadmise ajatule traditsioonile. Maharishi on tuntud Transtsendentaalse Meditatsiooni programmi \u00f5petajana, mis on k\u00f5ige p\u00f5hjalikumalt uuritud ning t\u00f5hus enesearengu tehnika (vaata allpool). Lisaks taastas ta India veeda traditsiooni t\u00e4ieliku [&hellip;]<\/p>\n","protected":false},"author":3,"featured_media":149,"parent":0,"menu_order":0,"comment_status":"open","ping_status":"closed","template":"","meta":{"om_disable_all_campaigns":false,"_monsterinsights_skip_tracking":false,"_monsterinsights_sitenote_active":false,"_monsterinsights_sitenote_note":"","_monsterinsights_sitenote_category":0,"footnotes":""},"class_list":["post-6413","page","type-page","status-publish","has-post-thumbnail","hentry"],"_links":{"self":[{"href":"https:\/\/donation.vedicpandits.org\/et\/wp-json\/wp\/v2\/pages\/6413","targetHints":{"allow":["GET"]}}],"collection":[{"href":"https:\/\/donation.vedicpandits.org\/et\/wp-json\/wp\/v2\/pages"}],"about":[{"href":"https:\/\/donation.vedicpandits.org\/et\/wp-json\/wp\/v2\/types\/page"}],"author":[{"embeddable":true,"href":"https:\/\/donation.vedicpandits.org\/et\/wp-json\/wp\/v2\/users\/3"}],"replies":[{"embeddable":true,"href":"https:\/\/donation.vedicpandits.org\/et\/wp-json\/wp\/v2\/comments?post=6413"}],"version-history":[{"count":4,"href":"https:\/\/donation.vedicpandits.org\/et\/wp-json\/wp\/v2\/pages\/6413\/revisions"}],"predecessor-version":[{"id":7758,"href":"https:\/\/donation.vedicpandits.org\/et\/wp-json\/wp\/v2\/pages\/6413\/revisions\/7758"}],"wp:featuredmedia":[{"embeddable":true,"href":"https:\/\/donation.vedicpandits.org\/et\/wp-json\/wp\/v2\/media\/149"}],"wp:attachment":[{"href":"https:\/\/donation.vedicpandits.org\/et\/wp-json\/wp\/v2\/media?parent=6413"}],"curies":[{"name":"wp","href":"https:\/\/api.w.org\/{rel}","templated":true}]}}