{"id":6417,"date":"2014-09-08T07:09:17","date_gmt":"2014-09-08T07:09:17","guid":{"rendered":"https:\/\/vedicpandits.org\/?page_id=6417"},"modified":"2015-09-16T14:48:39","modified_gmt":"2015-09-16T14:48:39","slug":"peace-creating-group","status":"publish","type":"page","link":"https:\/\/donation.vedicpandits.org\/et\/peace-creating-group\/","title":{"rendered":"Peace-creating group"},"content":{"rendered":"<h4> 9000 MAHARISHI VEEDAPANDITIT MAAILMA RAHU SAAVUTAMISEKS<\/h4>\n<p>Maharishi Mahesh Yogi valis rahu loova grupi liikmeteks Veedapanditid, sest juba iidsetest aegadest on just nemad olnud \u00fchiskonna harmoonia ning looduse tasakaalu s\u00e4ilimise eest vastutava veedatarkuse traditsioonilised haldajad. T\u00e4nu t\u00e4helepanule, mis Maharishi p\u00f6\u00f6ras veedateadmiste t\u00e4ieliku m\u00f5istmise avalikuks tegemisele, on rahu loomise teadvustehnikad taastatud nende algses t\u00f5hususes ning p\u00f5hjalike teaduslike uuringutega kinnitatud. See v\u00f5imaldab Veedapandititel peale nende teadvustehnikate v\u00e4lja\u00f5ppe l\u00e4bimist taaskord t\u00e4ita oma traditsioonilist rolli maailmale harmoonia, rahu ja tasakaalu loojatena.<\/p>\n<p>2008 aasta jaanuaris asutas Maharishi Brahmananda Saraswati Fondi, mille eesm\u00e4rk on kindlustada ja rahaliselt toetada suurt Maharishi Veedapanditite gruppi India Brahmasthanis (geograafilises keskpunktis) asuvas linnakus. Siht on toetada 9000 Panditit. H\u00fcppelauana on l\u00e4himaks eesm\u00e4rgiks r\u00fchma suurendamine praeguselt 2000-lt 3500-ni \u2013 see on arv, millest piisab, et luua kogu Indiale kasutoovat efekti ning kindel vundament l\u00f5ppsihi \u2013 9000 &#8211; saavutamisele.<\/p>\n<div class=\"border-line\">&nbsp;<\/div>\n<div class=\"grid-holder\">\n<div class=\"grid grid-desktop-50 grid-mobile-100\"><div class=\"holder\">\t<a href=\"https:\/\/donation.vedicpandits.org\/et\/peace-creating-group\/?image_video=https%3A%2F%2Fwww.youtube.com%2Fwatch%3Fv%3DoLNxrO4z9GQ%3Frel%3D0\" class=\"video-link \"><img loading=\"lazy\" decoding=\"async\" class=\"alignnone size-full wp-image-103\" src=\"\/wp-content\/uploads\/2014\/04\/post-img-11.jpg\" alt=\"post-img-11\" width=\"432\" height=\"312\" srcset=\"https:\/\/donation.vedicpandits.org\/wp-content\/uploads\/2014\/04\/post-img-11.jpg 432w, https:\/\/donation.vedicpandits.org\/wp-content\/uploads\/2014\/04\/post-img-11-300x216.jpg 300w\" sizes=\"auto, (max-width: 432px) 100vw, 432px\" \/><\/a>\n\n\t\n\t<a href=\"https:\/\/donation.vedicpandits.org\/et\/peace-creating-group\/?image_video=https%3A%2F%2Fwww.youtube.com%2Fwatch%3Fv%3DoLNxrO4z9GQ%3Frel%3D0\" class=\"video-link no-pointer\"><em>&gt; Watch Maharishi Mahesh Yogi speaking about this phenomenon.<\/em><\/a>\n\n\t\n<\/div><\/div>\n<div class=\"grid grid-desktop-50 grid-mobile-100\"><div class=\"holder\"><h4>  RAHU \u00dcLEKANDUMISE EFEKT<\/h4>\n<p>On laialdaselt tunnistust leidnud, et Transtsendentaalse Meditatsiooniga tegelejad kogevad eneses suuremat rahu. Seda kogemust on teaduslikult seostatud ajutegevuse suurema korrastatusega. <\/p>\n<p>Ent asjaolu, mida nii laialdaselt ei teata, on see, et kui suhteliselt v\u00e4ike osa linna v\u00f5i riigi rahvastikust praktiseerib TM-i, kandub rahutunde efekt \u00fcle \u00fcmbritsevatele inimestele. Seda fenomeni on t\u00f5estanud 23 teaduslikku uuringut ning leiti, et eriti v\u00f5imas on see k\u00f5rgema taseme TM-Sidhi \u00fchisprogrammide korral.<\/p>\n<p>Selle tehnika t\u00f6\u00f6sse rakendamine on \u00dclemaailmse Rahu Algatuse programmi p\u00f5hituum.<\/p>\n<\/div><\/div>\n<\/div>\n","protected":false},"excerpt":{"rendered":"<p>9000 MAHARISHI VEEDAPANDITIT MAAILMA RAHU SAAVUTAMISEKS Maharishi Mahesh Yogi valis rahu loova grupi liikmeteks Veedapanditid, sest juba iidsetest aegadest on just nemad olnud \u00fchiskonna harmoonia ning looduse tasakaalu s\u00e4ilimise eest vastutava veedatarkuse traditsioonilised haldajad. T\u00e4nu t\u00e4helepanule, mis Maharishi p\u00f6\u00f6ras veedateadmiste t\u00e4ieliku m\u00f5istmise avalikuks tegemisele, on rahu loomise teadvustehnikad taastatud nende algses t\u00f5hususes ning p\u00f5hjalike teaduslike [&hellip;]<\/p>\n","protected":false},"author":3,"featured_media":102,"parent":0,"menu_order":0,"comment_status":"open","ping_status":"closed","template":"","meta":{"om_disable_all_campaigns":false,"_monsterinsights_skip_tracking":false,"_monsterinsights_sitenote_active":false,"_monsterinsights_sitenote_note":"","_monsterinsights_sitenote_category":0,"footnotes":""},"class_list":["post-6417","page","type-page","status-publish","has-post-thumbnail","hentry"],"_links":{"self":[{"href":"https:\/\/donation.vedicpandits.org\/et\/wp-json\/wp\/v2\/pages\/6417","targetHints":{"allow":["GET"]}}],"collection":[{"href":"https:\/\/donation.vedicpandits.org\/et\/wp-json\/wp\/v2\/pages"}],"about":[{"href":"https:\/\/donation.vedicpandits.org\/et\/wp-json\/wp\/v2\/types\/page"}],"author":[{"embeddable":true,"href":"https:\/\/donation.vedicpandits.org\/et\/wp-json\/wp\/v2\/users\/3"}],"replies":[{"embeddable":true,"href":"https:\/\/donation.vedicpandits.org\/et\/wp-json\/wp\/v2\/comments?post=6417"}],"version-history":[{"count":3,"href":"https:\/\/donation.vedicpandits.org\/et\/wp-json\/wp\/v2\/pages\/6417\/revisions"}],"predecessor-version":[{"id":6420,"href":"https:\/\/donation.vedicpandits.org\/et\/wp-json\/wp\/v2\/pages\/6417\/revisions\/6420"}],"wp:featuredmedia":[{"embeddable":true,"href":"https:\/\/donation.vedicpandits.org\/et\/wp-json\/wp\/v2\/media\/102"}],"wp:attachment":[{"href":"https:\/\/donation.vedicpandits.org\/et\/wp-json\/wp\/v2\/media?parent=6417"}],"curies":[{"name":"wp","href":"https:\/\/api.w.org\/{rel}","templated":true}]}}