{"id":6421,"date":"2014-09-08T07:09:29","date_gmt":"2014-09-08T07:09:29","guid":{"rendered":"https:\/\/vedicpandits.org\/?page_id=6421"},"modified":"2018-08-22T08:52:46","modified_gmt":"2018-08-22T08:52:46","slug":"maharishi-vedic-pandits","status":"publish","type":"page","link":"https:\/\/donation.vedicpandits.org\/et\/peace-creating-group\/maharishi-vedic-pandits\/","title":{"rendered":"Maharishi vedic pandits"},"content":{"rendered":"<h4>MAHARISHI VEEDAPANDITITE S\u00dcSTEMAATILINE V\u00c4LJA\u00d5PE<\/h4>\n<p>Juba varasest east alustavad India traditsioonilistest veeda perekondadest p\u00e4rinevad \u00f5pilased s\u00fcstemaatilist v\u00e4lja\u00f5pet, et saada elukutselisteks rahut\u00f6\u00f6tajateks \u2013 Maharishi Veedapandititeks. 10-dast 20 eluaastani l\u00e4bivad nad Maharishi kavandatud spetsiaalse \u00f5ppeprogrammi. See h\u00f5lmab Transtsendentaalse Meditatsiooni ning TM-Sidhi programmi ja Joogalendamise \u00f5ppimist, sanskriti keele \u00f5pet ning vilumuse saavutamist yagyate l\u00e4biviimisel, mis on head \u00f5nne ja rahu kindlustavad traditsioonilised veeda toimingud. Nende igap\u00e4evased \u00f5pingud annavad ainepunkte bakalaureuse, magistri ja doktori kraadi omandamiseks 1995 aastal Madhya Pradeshi osariigi valitsuse rajatud Maharishi Mahesh Yogi Veda Vishwavidyalaya nime kandvas riiklikus \u00fclikoolis. <\/p>\n<div class=\"border-line\">&nbsp;<\/div>\n<div class=\"grid-holder\">\n<div class=\"grid grid-desktop-50 grid-mobile-100\"><div class=\"holder\"><p><img loading=\"lazy\" decoding=\"async\" class=\"alignnone size-full wp-image-105\" src=\"\/wp-content\/uploads\/2014\/04\/post-img-12.jpg\" alt=\"post-img-12\" width=\"432\" height=\"312\" srcset=\"https:\/\/donation.vedicpandits.org\/wp-content\/uploads\/2014\/04\/post-img-12.jpg 432w, https:\/\/donation.vedicpandits.org\/wp-content\/uploads\/2014\/04\/post-img-12-300x216.jpg 300w\" sizes=\"auto, (max-width: 432px) 100vw, 432px\" \/><\/p>\n<\/div><\/div>\n<div class=\"grid grid-desktop-50 grid-mobile-100\"><div class=\"holder\"><h4>JOOGA EKSPERDID \u2013 TRANSTSENDENTAALNE MEDITATSIOON NING JOOGALENDAMINE<\/h4>\n<p>Iga p\u00e4ev tegelevad Maharishi Veedapanditid Brahmasthanis mitu tundi jooga p\u00f5hiolemuse \u2013 Transtsendentaalse Meditatsiooni ning TM-Sidhi programmiga. TM-Sidhi programmi koos Joogalendamisega sai Maharishi Patanjali jooga suutratest, mis on jooga filosoofia peamine tekst.<br \/>\nSee programm arendab v\u00f5imet tegutseda teadvuse m\u00e4rksa vaiksematelt ja \u00fchtsematelt tasanditelt. Kui panditite v\u00f5ime peenematelt teadvustasanditelt toimida kasvab, muutuvad nad oma igap\u00e4evastes maailma rahu heaks tehtavates veeda toimingutes v\u00e4ga t\u00f5husaks.<\/p>\n<\/div><\/div>\n<\/div>\n<div class=\"border-line\">&nbsp;<\/div>\n<div class=\"grid-holder\">\n<div class=\"grid grid-desktop-100\"><div class=\"holder\"><p>Jooga keskne veeda tekst \u2013 jooga suutrad \u2013 kirjeldab transtsendentaalse kogemuse potentsiaali keskkonda rahu loomisel:<\/p>\n<div class=\"box-info\">\n<h5><em>Tat sannidhau vairatyagah<\/em><\/h5>\n<h4>&#8220;Jooga l\u00e4hedus (transtsendentaalse teadvuse, \u00fchendv\u00e4lja kogemine) v\u00e4listab vaenulikkuse ja lahkhelid&#8221;<\/h4>\n<h6>\u2013 Yoga sutra 2.35<\/h6>\n<\/div>\n<p>Kui piisavalt suur grupp on k\u00f5rgema taseme meditatsiooniga transtsendentaalse teadvuse elavdanud, laieneb \u201cjooga l\u00e4hedus\u201d kogu maailmale. See ongi \u00dclemaailmse Rahu Algatuse strateegia.<\/p>\n<\/div><\/div>\n<\/div>\n<div class=\"border-line\">&nbsp;<\/div>\n<div class=\"grid-holder\">\n<div class=\"grid grid-desktop-50 grid-mobile-100\"><div class=\"holder\"><h4>YAGYA EKSPERDID \u2013 VEEDATOIMINGUTE SOORITAMISE LAIAULATUSLIK V\u00c4LJA\u00d5PE<\/h4>\n<p>Sadades k\u00fclakestes \u00fcle kogu India l\u00f5i Maharishi Veedapandititeks saada soovivatele \u00f5pilastele juhendajate v\u00f5rgustiku.Igas sellises k\u00fclas alustavad Guru Ji-na tuntud \u00f5petajad panditi\u00f5pilaste koolitamist alates 10 eluaastast. 14 aastaselt on neil v\u00f5imalus asuda \u00f5ppima \u00fchte 46-st piirkondlikust \u00f5ppeasutusest \u00fcle kogu India ning saada juhendust meisterlike acharyade (\u00f5petajate) j\u00e4relevalve all. \u00d5pilased j\u00e4rgivad Maharishi koostatud s\u00fcstemaatilist ja \u00fcksikasjalikku koolitusprogrammi, kuhu kuuluvad nii videolindid kui arvuti toel tehtav \u00f5pe, tagamaks iga panditi \u00fchtlaselt k\u00f5rget v\u00e4lja\u00f5ppe taset. Umbes 20-selt kooli l\u00f5petades on nad saavutanud yagyate sooritamises t\u00e4iuslikkuse.<br \/>\nYagya on veedatraditsioonist p\u00e4rinev ajatu tehnika. Yagyaid sooritavad panditid, et kindlal moel ning konkreetsele vajadusele vastavalt elavdada universumit haldavaid loodusseadusi v\u00e4lja valitud soovi t\u00e4itumisele kaasaaitamiseks. N\u00e4iteks koguneb India Brahmastanis iga p\u00e4ev 1331 panditit sooritama Atirudrabhisheki, v\u00f5imsat yagyat maailma rahu heaks.<br \/>\nUNESCO on ametlikult kirjeldanud veeda retsitatsioone inimkonna vaimse kultuurip\u00e4randina.<\/p>\n<\/div><\/div>\n<div class=\"grid grid-desktop-50 grid-mobile-100\"><div class=\"holder\"><p><img loading=\"lazy\" decoding=\"async\" class=\"alignnone size-full wp-image-107\" src=\"\/wp-content\/uploads\/2014\/04\/post-img-13.jpg\" alt=\"post-img-13\" width=\"435\" height=\"482\" srcset=\"https:\/\/donation.vedicpandits.org\/wp-content\/uploads\/2014\/04\/post-img-13.jpg 435w, https:\/\/donation.vedicpandits.org\/wp-content\/uploads\/2014\/04\/post-img-13-270x300.jpg 270w, https:\/\/donation.vedicpandits.org\/wp-content\/uploads\/2014\/04\/post-img-13-300x332.jpg 300w\" sizes=\"auto, (max-width: 435px) 100vw, 435px\" \/><\/p>\n<\/div><\/div>\n<\/div>\n<div class=\"border-line\">&nbsp;<\/div>\n<div class=\"grid-holder\">\n<div class=\"grid grid-desktop-50 grid-mobile-100\"><div class=\"holder\">\t<a href=\"https:\/\/donation.vedicpandits.org\/et\/peace-creating-group\/maharishi-vedic-pandits\/?image_video=https%3A%2F%2Fwww.youtube.com%2Fwatch%3Fv%3DZQOxpwHk0fQ\" class=\"video-link \">\n<img loading=\"lazy\" decoding=\"async\" class=\"alignnone size-full wp-image-92\" src=\"\/wp-content\/uploads\/2014\/05\/einzelner_pandit_432bright.png\" alt=\"post-img-14\" width=\"432\" height=\"243\" \/><br \/>\n<\/a>\n\n\t\n<\/div><\/div>\n<div class=\"grid grid-desktop-50 grid-mobile-100\"><div class=\"holder\"><h4 id=\"atirudrabhishek\">PILDID JA HELID<\/h4>\n<p>Et anda aimu Maharishi Veedapanditite tegutsemisest, on siin heliribaga slaidiprogramm yagyaid sooritavatest pandititest.<\/p>\n<\/div><\/div>\n<\/div>\n","protected":false},"excerpt":{"rendered":"<p>MAHARISHI VEEDAPANDITITE S\u00dcSTEMAATILINE V\u00c4LJA\u00d5PE Juba varasest east alustavad India traditsioonilistest veeda perekondadest p\u00e4rinevad \u00f5pilased s\u00fcstemaatilist v\u00e4lja\u00f5pet, et saada elukutselisteks rahut\u00f6\u00f6tajateks \u2013 Maharishi Veedapandititeks. 10-dast 20 eluaastani l\u00e4bivad nad Maharishi kavandatud spetsiaalse \u00f5ppeprogrammi. See h\u00f5lmab Transtsendentaalse Meditatsiooni ning TM-Sidhi programmi ja Joogalendamise \u00f5ppimist, sanskriti keele \u00f5pet ning vilumuse saavutamist yagyate l\u00e4biviimisel, mis on head \u00f5nne ja [&hellip;]<\/p>\n","protected":false},"author":3,"featured_media":202,"parent":6417,"menu_order":1,"comment_status":"open","ping_status":"closed","template":"","meta":{"om_disable_all_campaigns":false,"_monsterinsights_skip_tracking":false,"_monsterinsights_sitenote_active":false,"_monsterinsights_sitenote_note":"","_monsterinsights_sitenote_category":0,"footnotes":""},"class_list":["post-6421","page","type-page","status-publish","has-post-thumbnail","hentry"],"_links":{"self":[{"href":"https:\/\/donation.vedicpandits.org\/et\/wp-json\/wp\/v2\/pages\/6421","targetHints":{"allow":["GET"]}}],"collection":[{"href":"https:\/\/donation.vedicpandits.org\/et\/wp-json\/wp\/v2\/pages"}],"about":[{"href":"https:\/\/donation.vedicpandits.org\/et\/wp-json\/wp\/v2\/types\/page"}],"author":[{"embeddable":true,"href":"https:\/\/donation.vedicpandits.org\/et\/wp-json\/wp\/v2\/users\/3"}],"replies":[{"embeddable":true,"href":"https:\/\/donation.vedicpandits.org\/et\/wp-json\/wp\/v2\/comments?post=6421"}],"version-history":[{"count":6,"href":"https:\/\/donation.vedicpandits.org\/et\/wp-json\/wp\/v2\/pages\/6421\/revisions"}],"predecessor-version":[{"id":15283,"href":"https:\/\/donation.vedicpandits.org\/et\/wp-json\/wp\/v2\/pages\/6421\/revisions\/15283"}],"up":[{"embeddable":true,"href":"https:\/\/donation.vedicpandits.org\/et\/wp-json\/wp\/v2\/pages\/6417"}],"wp:featuredmedia":[{"embeddable":true,"href":"https:\/\/donation.vedicpandits.org\/et\/wp-json\/wp\/v2\/media\/202"}],"wp:attachment":[{"href":"https:\/\/donation.vedicpandits.org\/et\/wp-json\/wp\/v2\/media?parent=6421"}],"curies":[{"name":"wp","href":"https:\/\/api.w.org\/{rel}","templated":true}]}}