{"id":6425,"date":"2014-09-08T09:14:28","date_gmt":"2014-09-08T09:14:28","guid":{"rendered":"https:\/\/vedicpandits.org\/?page_id=6425"},"modified":"2019-01-07T10:45:47","modified_gmt":"2019-01-07T10:45:47","slug":"science-2","status":"publish","type":"page","link":"https:\/\/donation.vedicpandits.org\/et\/peace-creating-group\/science-2\/","title":{"rendered":"Science"},"content":{"rendered":"<h4>TEADUSLIK UURING KINNITAB PANDITITE GRUPI T\u00d5HUSUST<\/h4>\n<p>Suure Veedapanditite grupi loomise peamine eesm\u00e4rk on luua maailma teadvuses \u00fchtsuse ja harmoonia efekt.<\/p>\n<p>Teaduslik uuring on n\u00e4idanud, et mil iganes piisavalt suur hulk inimesi praktiseerib Transtsendentaalset Meditatsiooni ja k\u00f5rgema taseme TM-Sidhi programmi, negatiivsed suundumused kahanevad ning positiivsed suundumused tugevnevad. <\/p>\n<p>Selliseid kasulikke efekte on t\u00e4heldatud, kui<\/p>\n<ul>\n<li>1% rahvastikust on \u00f5ppinud Transtsendentaalset Meditatsiooni v\u00f5i<\/li>\n<li>ruutjuur 1% rahvastikust tegeleb \u00fches ja samas kohas TM-Sidhi programmiga, Joogalendamine kaasa arvatud<\/li>\n<\/ul>\n<p>Seda n\u00e4htust nimetatakse Maharishi Efektiks, Maharishi auks, kes seda ette ennustas 1960-l aastal, viisteist aastat enne, kui teaduslikud uuringud seda empiiriliselt kinnitama hakkasid.<br \/>\n<div class=\"grid-holder\">\n<div class=\"grid grid-desktop-50 grid-mobile-100 zoom-image-holder\"><div class=\"holder\"><h4>WASHINGTONI UURING<\/h4>\n<p>Washington DC-s v\u00e4henes v\u00e4givallakuritegude arv peaaegu 25% kui 4000 Joogalendajat 1993 aasta suvel mitmeks n\u00e4dalaks sinna kogunes (vaata allolevat diagrammi). See uuring avaldati 1999 aastal eelretsenseeritud ajakirjas Social Indicators Research. <em>Social Indicators Research 1999 47(2):153-201.<\/em><\/p>\n<p><a href=\"\/wp-content\/uploads\/2016\/05\/estonian-washington.jpg\"><img loading=\"lazy\" decoding=\"async\" class=\"alignnone size-full wp-image-83\" src=\"\/wp-content\/uploads\/2016\/05\/estonian-washington.jpg\" alt=\"post-img-2\" width=\"320\" height=\"250\" \/><\/a><\/p>\n<\/div><\/div>\n<div class=\"grid grid-desktop-50 grid-mobile-100\"><div class=\"holder\"><p><img loading=\"lazy\" decoding=\"async\" class=\"alignnone size-full wp-image-85\" src=\"\/wp-content\/uploads\/2014\/04\/post-img-1.jpg\" alt=\"post-img-1\" width=\"435\" height=\"400\" srcset=\"https:\/\/donation.vedicpandits.org\/wp-content\/uploads\/2014\/04\/post-img-1.jpg 435w, https:\/\/donation.vedicpandits.org\/wp-content\/uploads\/2014\/04\/post-img-1-300x275.jpg 300w\" sizes=\"auto, (max-width: 435px) 100vw, 435px\" \/><\/p>\n<\/div><\/div>\n<\/div>\n<h4>MAAILMA MASTAAPI \u00dcMBER ARVUTAMINE<\/h4>\n<p>T\u00f5endid n\u00e4itavad, et Joogalendajate grupp, mille suurus v\u00f5rdub ruutjuurega 1% rahvastikust, toob rahu kogu \u00fchiskonnale. Kuna ruutjuur maailma 7 miljardise rahvaarvu 1%-st on 8400, seati eesm\u00e4rgiks 9000 Veedapanditist koosnev grupp.<\/p>\n<div class=\"border-line\">&nbsp;<\/div>\n<h4>RAHULOOVATE GRUPPIDE TEADUSLIK TEOORIA<\/h4>\n<p>Teoreetilised selgitused sellele, kuidas \u00fchismeditatsioon kuritegevust ja sotsiaalset stressi nii v\u00f5imsalt m\u00f5jutab, sisaldavad \u201cteadvuse v\u00e4lja\u201d m\u00f5istet, mille j\u00e4rgi teadvus oma s\u00fcgavaimal tasemel on k\u00f5ige aluseks olev ning k\u00f5iki \u00fchiskonna liikmeid \u00fchendav v\u00e4li. Selline teooria on koosk\u00f5las uusimate avastustega f\u00fc\u00fcsika, f\u00fcsioloogia ning neuroteaduse vallas.<\/p>\n<div class=\"grid-holder\">\n<div class=\"grid grid-desktop-50 grid-mobile-100\"><div class=\"holder\"><p>N\u00e4iteks leidsid t\u00e4nap\u00e4eva f\u00fc\u00fcsikud looduse j\u00e4rjest \u00fchtsemaid, v\u00e4iksemas aja ning ruumi m\u00f5\u00f5tkavas toimivaid tasandeid, mis kulmineerus k\u00f5ige aluseks oleva ning k\u00f5iki universumi erinevaid j\u00f5ude ja osakesi \u00fchendava \u00fchendv\u00e4lja (\u201csuperstringi v\u00e4lja\u201d) avastamisega (vaata k\u00f5rvalolevat joonist).<\/p>\n<p>Sarnaselt kogeb Transtsendentaalses Meditatsioonis ja TM-Sidhi programmis j\u00e4rjest vaiksemaid, s\u00fcgavamaid m\u00f5ttetasandeid, mis kulmineerub k\u00f5ige aluseks oleva \u00fchendv\u00e4lja kogemisega. \u00dchisprogramm elavdab seda kollektiivse teadvuse \u00fcle\u00fcldist \u00fchendv\u00e4lja, suurendades koosk\u00f5la kogu \u00fchiskonnas.<\/p>\n<\/div><\/div>\n<div class=\"grid grid-desktop-50 grid-mobile-100 zoom-image-holder\"><div class=\"holder\"><p><a href=\"\/wp-content\/uploads\/2014\/05\/uf-chart.jpg\"><img loading=\"lazy\" decoding=\"async\" class=\"alignnone size-full wp-image-90\" src=\"\/wp-content\/uploads\/2014\/05\/uf-chart.jpg\" alt=\"post-img-3\" width=\"320\" height=\"250\" \/><\/a><\/p>\n<\/div><\/div>\n<\/div>\n<p>Transtsendentaalse Meditatsiooni m\u00f5ju \u00fchiskonnale m\u00f5\u00f5tnud teaduslikud uuringud on tuvastanud, et TM \u00fchisprogrammi rahuedendav m\u00f5ju on v\u00f5rdeline ruuduga r\u00fchmas osalejate arvust. Kui r\u00fchm koosneb Joogalendajatest \u2013 neist, kes on \u00f5ppinud k\u00f5rgema taseme TM-Sidhi programmi \u2013 n\u00e4itavad uuringud, et m\u00e4rkimisv\u00e4\u00e4rse kasuliku m\u00f5ju loomiseks piisab ruutjuur 1%-st rahvaarvust.<\/p>\n<p>See t\u00e4hendab, et vaid m\u00f5nisada v\u00f5i m\u00f5ni tuhat isikut on vaja, et anda \u00fcmberkaudses kogukonnas \u00e4\u00e4rmiselt v\u00f5imas ning teaduslikult m\u00f5\u00f5detav rahu, harmoonia ning j\u00f5ukuse efekt &#8211; seda isegi riiklikul v\u00f5i \u00fclemaailmsel tasandil. Kogu maailma m\u00f5jutamiseks vajamineva r\u00fchma suuruseks on 9000 (laias laastus ruutjuur 1% maailma rahvaarvust). See arv on meie Indias asuva Maharishi Veedapanditite r\u00fchma suuruse sihtm\u00e4rgiks. <\/p>\n<div class=\"border-line\">&nbsp;<\/div>\n<h4>TEADVUSE V\u00c4LJAEFFEKT<\/h4>\n<p>Kuidas on see v\u00f5imalik, et kas \u00fcksinda oma kodus v\u00f5i kontoris v\u00f5i siis \u00fchises r\u00fchmas Transtsendentaalse Meditatsiooniga tegelejad v\u00f5ivad m\u00f5jutada teisi inimesi \u00fcle kogu linna, \u00fcle kogu maa v\u00f5i isegi \u00fcle kogu maailma \u2013 kes ise \u00fcldsegi ei mediteeri?<\/p>\n<div class=\"grid-holder\">\n<div class=\"grid grid-desktop-50 grid-mobile-100\"><div class=\"holder\">\t<a href=\"https:\/\/donation.vedicpandits.org\/et\/peace-creating-group\/science-2\/?image_video=https%3A%2F%2Fwww.youtube.com%2Fwatch%3Fv%3DyVFa6Wtuxu8\" class=\"video-link \">\n<img loading=\"lazy\" decoding=\"async\" class=\"alignnone size-full wp-image-92\" src=\"\/wp-content\/uploads\/2014\/04\/post-img-14.jpg\" alt=\"post-img-14\" width=\"433\" height=\"321\" srcset=\"https:\/\/donation.vedicpandits.org\/wp-content\/uploads\/2014\/04\/post-img-14.jpg 433w, https:\/\/donation.vedicpandits.org\/wp-content\/uploads\/2014\/04\/post-img-14-300x222.jpg 300w\" sizes=\"auto, (max-width: 433px) 100vw, 433px\" \/><br \/>\n<\/a>\n\n\t\n<\/div><\/div>\n<div class=\"grid grid-desktop-50 grid-mobile-100\"><div class=\"holder\"><p>Mediteeriva r\u00fchma m\u00f5ju liigub l\u00e4bi k\u00f5ige aluseks oleva v\u00e4lja \u2013 samamoodi nagu sa kuuled teisel pool maakera asuva raadiojaama saadet. Sel juhul \u00fchendab raadiojaama sinu raadioga elektromagnetv\u00e4li. Teisel juhul \u00fchendab mediteerijat \u00fclej\u00e4\u00e4nud inimestega teadvuse v\u00e4li. Rahuloovatelt r\u00fchmadelt l\u00e4htuvad koherentsuse (koosk\u00f5lalisuse) lained levivad \u00fcle teadvuse v\u00e4lja, m\u00f5jutades kasutoovalt ning m\u00f5\u00f5detavalt kogu \u00fchiskonda.<\/p>\n\t<a href=\"https:\/\/donation.vedicpandits.org\/et\/peace-creating-group\/science-2\/?image_video=https%3A%2F%2Fwww.youtube.com%2Fwatch%3Fv%3DyVFa6Wtuxu8\" class=\"video-link no-pointer\"> Watch a video with quantum physicist John Hagelin explaining the \ufb01eld effect.<\/a>\n\n\t\n<\/div><\/div>\n<\/div>\n<p>&nbsp;<\/p>\n<h5>KOHERENTSED S\u00dcSTEEMID ON PALJU V\u00d5IMSAMAD \u2013 LASERI N\u00c4ITEL<\/h5>\n<p>Miks on kogu rahvastikule kasutoova m\u00f5ju loomiseks vaja vaid suhteliselt v\u00e4ikest arvu inimesi? F\u00fc\u00fcsikud on tuvastanud, et koherentselt toimiv s\u00fcsteem on palju v\u00f5imsam kui mittekoherentne.<\/p>\n<p>V\u00f5tame n\u00e4iteks laservalguse, s.t. valguslained, mis on pandud toimima koherentselt, nii et iga laine hari ja n\u00f5gu on \u00fches taktis k\u00f5igi teiste lainetega, neil on \u00fchesugune v\u00f5nkesagedus. Laservalgus on palju v\u00f5imsam kui tavalise elektripirni tekitatud valgus. Tegelikult on laservalguse efekti suurus v\u00f5rdeline lainete arvu ruuduga \u2013 n\u00e4iteks 100 koherentset lainet annavad sama efekti mis 10 000  (100<sup>2<\/sup>) tavalist lainet.<\/p>\n<p>Samal moel elavdab suur TM-Sidhi \u00fchisprogrammi tegev inimgrupp teadvuse v\u00e4lja vaiksel ja koherentsel tasandil, tekitades rahuloova efekti, mis on kaugelt v\u00f5imsam, kui seda suutnuks need samad inimesed  omaette tegutsedes.<\/p>\n","protected":false},"excerpt":{"rendered":"<p>TEADUSLIK UURING KINNITAB PANDITITE GRUPI T\u00d5HUSUST Suure Veedapanditite grupi loomise peamine eesm\u00e4rk on luua maailma teadvuses \u00fchtsuse ja harmoonia efekt. Teaduslik uuring on n\u00e4idanud, et mil iganes piisavalt suur hulk inimesi praktiseerib Transtsendentaalset Meditatsiooni ja k\u00f5rgema taseme TM-Sidhi programmi, negatiivsed suundumused kahanevad ning positiivsed suundumused tugevnevad. Selliseid kasulikke efekte on t\u00e4heldatud, kui 1% rahvastikust on [&hellip;]<\/p>\n","protected":false},"author":3,"featured_media":3087,"parent":6417,"menu_order":2,"comment_status":"open","ping_status":"closed","template":"template-science.php","meta":{"om_disable_all_campaigns":false,"_monsterinsights_skip_tracking":false,"_monsterinsights_sitenote_active":false,"_monsterinsights_sitenote_note":"","_monsterinsights_sitenote_category":0,"footnotes":""},"class_list":["post-6425","page","type-page","status-publish","has-post-thumbnail","hentry"],"_links":{"self":[{"href":"https:\/\/donation.vedicpandits.org\/et\/wp-json\/wp\/v2\/pages\/6425","targetHints":{"allow":["GET"]}}],"collection":[{"href":"https:\/\/donation.vedicpandits.org\/et\/wp-json\/wp\/v2\/pages"}],"about":[{"href":"https:\/\/donation.vedicpandits.org\/et\/wp-json\/wp\/v2\/types\/page"}],"author":[{"embeddable":true,"href":"https:\/\/donation.vedicpandits.org\/et\/wp-json\/wp\/v2\/users\/3"}],"replies":[{"embeddable":true,"href":"https:\/\/donation.vedicpandits.org\/et\/wp-json\/wp\/v2\/comments?post=6425"}],"version-history":[{"count":5,"href":"https:\/\/donation.vedicpandits.org\/et\/wp-json\/wp\/v2\/pages\/6425\/revisions"}],"predecessor-version":[{"id":20250,"href":"https:\/\/donation.vedicpandits.org\/et\/wp-json\/wp\/v2\/pages\/6425\/revisions\/20250"}],"up":[{"embeddable":true,"href":"https:\/\/donation.vedicpandits.org\/et\/wp-json\/wp\/v2\/pages\/6417"}],"wp:featuredmedia":[{"embeddable":true,"href":"https:\/\/donation.vedicpandits.org\/et\/wp-json\/wp\/v2\/media\/3087"}],"wp:attachment":[{"href":"https:\/\/donation.vedicpandits.org\/et\/wp-json\/wp\/v2\/media?parent=6425"}],"curies":[{"name":"wp","href":"https:\/\/api.w.org\/{rel}","templated":true}]}}