{"id":6429,"date":"2014-09-08T07:09:41","date_gmt":"2014-09-08T07:09:41","guid":{"rendered":"https:\/\/vedicpandits.org\/?page_id=6429"},"modified":"2015-12-29T10:39:24","modified_gmt":"2015-12-29T10:39:24","slug":"scope","status":"publish","type":"page","link":"https:\/\/donation.vedicpandits.org\/et\/peace-creating-group\/scope\/","title":{"rendered":"EESM\u00c4RK"},"content":{"rendered":"<p>Meie projekt h\u00f5lmab p\u00f5higruppi ning sellega seotud v\u00e4lja\u00f5ppeprogrammi grupi suurendamiseks ja t\u00e4iendamiseks.<br \/>\n<div class=\"border-line\">&nbsp;<\/div>\n<div class=\"grid-holder\">\n<div class=\"grid grid-desktop-50 grid-mobile-100\"><div class=\"holder\"><h4>P\u00d5HIGRUPP<\/h4>\n<p>Veedapanditite valimisel meie projekti India grupi koostamiseks on nii traditsiooniline kui ka praktiline p\u00f5hjus. Iidsetel aegadel olid traditsiooniliselt just Veedapanditid vastutavad \u00fchiskonna harmoonia ning looduse tasakaalu alalhoidmise eest. Ja t\u00e4nap\u00e4eva India pakub majanduslikult soodsat keskkonda, mist\u00f5ttu just Veedapanditite professionaalseteks rahuloojateks v\u00e4lja\u00f5petamise strateegia on ka praktiline.<\/p>\n<p>Eesm\u00e4rgiks on 9000 Maharishi Veedapanditit \u00fche grupina, et luua \u00fclemaailmne rahu efekt. Selle grupi toetuseks tehtavad annetused kasutatakse palkadeks ning t\u00e4ieliku linnaku rajamiseks, kus on korralik infrastruktuur, majutus, treeningpaigad, s\u00f6\u00f6gikohad, aga ka meierei ning k\u00f6\u00f6giviljaaed.<\/p>\n<p>K\u00e4esoleval hetkel elab Madhya Pradeshi osariigis, Jabalpuri l\u00e4hedal, India Brahmasthanis \u2013 geograafilises keskpunktis \u2013 asuvas p\u00f5hilinnakus enam kui 2000 panditit.<\/p>\n<\/div><\/div>\n<div class=\"grid grid-desktop-50 grid-mobile-100 zoom-image-holder\"><div class=\"holder\"><p><a href=\"\/wp-content\/uploads\/2014\/04\/map-of-india.jpg\"><img loading=\"lazy\" decoding=\"async\" class=\"alignleft size-full wp-image-595\" src=\"\/wp-content\/uploads\/2014\/04\/map-of-india.jpg\" alt=\"map-of-india\" width=\"550\" height=\"523\" srcset=\"https:\/\/donation.vedicpandits.org\/wp-content\/uploads\/2014\/04\/map-of-india.jpg 550w, https:\/\/donation.vedicpandits.org\/wp-content\/uploads\/2014\/04\/map-of-india-300x285.jpg 300w\" sizes=\"auto, (max-width: 550px) 100vw, 550px\" \/><\/a><\/p>\n<\/div><\/div>\n<\/div>\n<div class=\"border-line\">&nbsp;<\/div>\n<div class=\"grid-holder\">\n<div class=\"grid grid-desktop-50 grid-mobile-100 zoom-image-holder\"><div class=\"holder\"><p><a href=\"\/wp-content\/uploads\/2014\/04\/131207_training_chart_web-Kopie.jpg\"><img loading=\"lazy\" decoding=\"async\" class=\"alignnone size-medium wp-image-250\" src=\"\/wp-content\/uploads\/2014\/04\/131207_training_chart_web-Kopie.jpg\" alt=\"\" width=\"432\" height=\"211\" \/><\/a><\/p>\n<\/div><\/div>\n<div class=\"grid grid-desktop-50 grid-mobile-100\"><div class=\"holder\"><h4>PANDITITE V\u00c4LJA\u00d5PPEPROGRAMM<\/h4>\n<p>P\u00f5higrupi \u00fclesehitamiseks ning seej\u00e4rel loomuliku v\u00e4ljalangemise korvamiseks rajas Maharishi kogu Indiat h\u00f5lmava panditite v\u00e4lja\u00f5ppeprogrammi.<br \/>\nSee toetab ning t\u00e4iendab Brahmasthanis asuvat gruppi ning on m\u00f5eldud j\u00e4rgmisele \u00f5pilaste arvule:<br \/>\n\u2013 20,000 oma k\u00fclas \u00f5ppivat nooremat \u00f5pilast<br \/>\n\u2013 10,000 \u00f5ppeasutustes \u00f5ppivat vanemat \u00f5pilast.<br \/>\nProgrammi kohaselt peaks igal aastal l\u00f5petama 1200-1500 panditit, mis tagab p\u00f5higrupi arvu alalise p\u00fcsimise \u00fcle 9000.<\/p>\n<\/div><\/div>\n<\/div>\n","protected":false},"excerpt":{"rendered":"<p>Meie projekt h\u00f5lmab p\u00f5higruppi ning sellega seotud v\u00e4lja\u00f5ppeprogrammi grupi suurendamiseks ja t\u00e4iendamiseks.<\/p>\n","protected":false},"author":3,"featured_media":196,"parent":6417,"menu_order":4,"comment_status":"open","ping_status":"closed","template":"","meta":{"om_disable_all_campaigns":false,"_monsterinsights_skip_tracking":false,"_monsterinsights_sitenote_active":false,"_monsterinsights_sitenote_note":"","_monsterinsights_sitenote_category":0,"footnotes":""},"class_list":["post-6429","page","type-page","status-publish","has-post-thumbnail","hentry"],"_links":{"self":[{"href":"https:\/\/donation.vedicpandits.org\/et\/wp-json\/wp\/v2\/pages\/6429","targetHints":{"allow":["GET"]}}],"collection":[{"href":"https:\/\/donation.vedicpandits.org\/et\/wp-json\/wp\/v2\/pages"}],"about":[{"href":"https:\/\/donation.vedicpandits.org\/et\/wp-json\/wp\/v2\/types\/page"}],"author":[{"embeddable":true,"href":"https:\/\/donation.vedicpandits.org\/et\/wp-json\/wp\/v2\/users\/3"}],"replies":[{"embeddable":true,"href":"https:\/\/donation.vedicpandits.org\/et\/wp-json\/wp\/v2\/comments?post=6429"}],"version-history":[{"count":4,"href":"https:\/\/donation.vedicpandits.org\/et\/wp-json\/wp\/v2\/pages\/6429\/revisions"}],"predecessor-version":[{"id":7757,"href":"https:\/\/donation.vedicpandits.org\/et\/wp-json\/wp\/v2\/pages\/6429\/revisions\/7757"}],"up":[{"embeddable":true,"href":"https:\/\/donation.vedicpandits.org\/et\/wp-json\/wp\/v2\/pages\/6417"}],"wp:featuredmedia":[{"embeddable":true,"href":"https:\/\/donation.vedicpandits.org\/et\/wp-json\/wp\/v2\/media\/196"}],"wp:attachment":[{"href":"https:\/\/donation.vedicpandits.org\/et\/wp-json\/wp\/v2\/media?parent=6429"}],"curies":[{"name":"wp","href":"https:\/\/api.w.org\/{rel}","templated":true}]}}