{"id":6433,"date":"2014-09-08T07:09:46","date_gmt":"2014-09-08T07:09:46","guid":{"rendered":"https:\/\/vedicpandits.org\/?page_id=6433"},"modified":"2015-12-29T10:54:52","modified_gmt":"2015-12-29T10:54:52","slug":"cost","status":"publish","type":"page","link":"https:\/\/donation.vedicpandits.org\/et\/peace-creating-group\/cost\/","title":{"rendered":"Cost"},"content":{"rendered":"<h4>P\u00dcSIV RAHU MURDOSAGA T\u00c4NAP\u00c4EVA RELVAJ\u00d5UDUDE MAKSUMUSEST<\/h4>\n<p>\u00dclemaailmse Rahu Algatus v\u00f5ib olla k\u00f5ige tasuvam ja edukam rahusaavutamise programm, mis kaasajal ette v\u00f5etud. Kogu projekti p\u00fcsivaks varustamiseks vajalik rahasumma on v\u00e4iksem kui see, mille kulutavad kogu maailma relvaj\u00f5ud v\u00e4hem kui kuue tunniga ning v\u00e4hem kui pool \u00fche B-2 pommitaja hinnast.<br \/>\nEhkki s\u00f5jav\u00e4e eelarvega v\u00f5rreldes tilluke, on projektile vajalik rahastus siiski m\u00e4rkimisv\u00e4\u00e4rne. \u00dclemaailmse Rahu Algatuse t\u00e4ielikuks t\u00e4ideviimiseks vajalik toetussumma on 45,5 miljonit USD aastas. See aastane toetussumma koosneb kahest osast:<\/p>\n<p>1. 9000-se Maharishi Veedapanditite grupi \u00fclalpidamine Kesk-Indias asuvas linnakus.<br \/>\n2. Maharishi Veedapanditite v\u00e4lja\u00f5ppeprogrammi \u00fclalpidamine.<\/p>\n<p>Kuna keskne linnak ja v\u00e4lja\u00f5ppeprogrammid on n\u00fc\u00fcdseks oma rakendusj\u00e4rgus, on eelarvet moodustavad kuluosad h\u00e4sti teada ning allpool \u00fcldjoontes kirjeldatud.<\/p>\n<div class=\"border-line\">&nbsp;<\/div>\n<div class=\"grid-holder grid-border-50\">\n<div class=\"grid grid-desktop-50 grid-mobile-100\"><div class=\"holder\"><p><img loading=\"lazy\" decoding=\"async\" src=\"\/wp-content\/uploads\/2014\/04\/2146-432.jpg\" alt=\"2146 - 432\" width=\"432\" height=\"253\" class=\"alignleft size-full wp-image-577\" srcset=\"https:\/\/donation.vedicpandits.org\/wp-content\/uploads\/2014\/04\/2146-432.jpg 432w, https:\/\/donation.vedicpandits.org\/wp-content\/uploads\/2014\/04\/2146-432-300x175.jpg 300w, https:\/\/donation.vedicpandits.org\/wp-content\/uploads\/2014\/04\/2146-432-430x253.jpg 430w\" sizes=\"auto, (max-width: 432px) 100vw, 432px\" \/><\/p>\n<h4>1.9000-SE P\u00d5HIGRUPI \u00dcLAL PIDAMINE<\/h4>\n<p>250 USD kuus piisab, et tagada \u00fchele panditile majutus koos toitlustusega, arstiabi, riided, toetus edasisteks eriala\u00f5pinguteks ning ka tagasihoidlik stipendium tema perekonnale. Sinna hulka on arvatud ka haldus- ja majanduskulud ning muud tema India Brahmasthanis viibimise ajal tekkivad v\u00e4ljaminekud.<br \/>\n9000 Veedapanditiga, kes linnakuprojektis osalevad, on kogumaksumus 27 miljonit USD aastas.<\/p>\n<\/div><\/div>\n<div class=\"grid grid-desktop-50 grid-mobile-100\"><div class=\"holder\"><p><a href=\"\/wp-content\/uploads\/2014\/04\/9297-432.jpg\"><img loading=\"lazy\" decoding=\"async\" src=\"\/wp-content\/uploads\/2014\/04\/9297-432.jpg\" alt=\"9297 - 432\" width=\"432\" height=\"253\" class=\"alignleft size-full wp-image-579\" srcset=\"https:\/\/donation.vedicpandits.org\/wp-content\/uploads\/2014\/04\/9297-432.jpg 432w, https:\/\/donation.vedicpandits.org\/wp-content\/uploads\/2014\/04\/9297-432-300x175.jpg 300w, https:\/\/donation.vedicpandits.org\/wp-content\/uploads\/2014\/04\/9297-432-430x253.jpg 430w\" sizes=\"auto, (max-width: 432px) 100vw, 432px\" \/><\/a><\/p>\n<h4>2.PANDITITE V\u00c4LJA\u00d5PPEPROGRAMM<\/h4>\n<p>Tagamaks Kesk-India p\u00f5higrupile pidev Maharishi Veedapanditite t\u00e4iendus, on v\u00e4lja\u00f5ppeprogrammi kavandatud kulutused:\u2013 20,000 noort \u00f5pilast oma koduk\u00fclas l\u00e4heb maksma 12 USD \u00f5pilase kohta kuus \u2013 10,000 vanemat \u00f5pilast v\u00e4lja\u00f5ppekeskustes l\u00e4heb<br \/>\nmaksma 130 USD \u00f5pilase kohta kuus.<br \/>\nV\u00e4lja\u00f5ppeprogrammi aastane maksumus on 18.5 miljonit USD.<\/p>\n<\/div><\/div>\n<\/div>\n<h4 style=\"text-align: center; margin-top: 20px;\">KOGUEELARVE<\/h4>\n<p style=\"text-align: center;\">P\u00f5higrupi ja v\u00e4lja\u00f5ppeprogrammi \u00fchine aastane eelarve on 45.5 miljonit USD.<\/p>\n<div class=\"border-line\">&nbsp;<\/div>\n<p style=\"text-align: center; color: #e07e27;\"><em>Kui soovite toetada panditit v\u00f5i meie projekti rahastamist, vajutage allolevale lingile.<\/em><\/p>\n\t<p style=\"text-align: center\">\n\t\t<a href=\"https:\/\/donate.vedicpandits.org\/ipgeo\/ipgeo.php\"   class=\"btn btn-large \" > > \n\t\t\tTOETAGE MEIE PROJEKTI\t\t<\/a>\n\t<\/p>\n\n\t\n","protected":false},"excerpt":{"rendered":"<p>P\u00dcSIV RAHU MURDOSAGA T\u00c4NAP\u00c4EVA RELVAJ\u00d5UDUDE MAKSUMUSEST \u00dclemaailmse Rahu Algatus v\u00f5ib olla k\u00f5ige tasuvam ja edukam rahusaavutamise programm, mis kaasajal ette v\u00f5etud. Kogu projekti p\u00fcsivaks varustamiseks vajalik rahasumma on v\u00e4iksem kui see, mille kulutavad kogu maailma relvaj\u00f5ud v\u00e4hem kui kuue tunniga ning v\u00e4hem kui pool \u00fche B-2 pommitaja hinnast. Ehkki s\u00f5jav\u00e4e eelarvega v\u00f5rreldes tilluke, on projektile [&hellip;]<\/p>\n","protected":false},"author":3,"featured_media":192,"parent":6417,"menu_order":5,"comment_status":"open","ping_status":"closed","template":"","meta":{"om_disable_all_campaigns":false,"_monsterinsights_skip_tracking":false,"_monsterinsights_sitenote_active":false,"_monsterinsights_sitenote_note":"","_monsterinsights_sitenote_category":0,"footnotes":""},"class_list":["post-6433","page","type-page","status-publish","has-post-thumbnail","hentry"],"_links":{"self":[{"href":"https:\/\/donation.vedicpandits.org\/et\/wp-json\/wp\/v2\/pages\/6433","targetHints":{"allow":["GET"]}}],"collection":[{"href":"https:\/\/donation.vedicpandits.org\/et\/wp-json\/wp\/v2\/pages"}],"about":[{"href":"https:\/\/donation.vedicpandits.org\/et\/wp-json\/wp\/v2\/types\/page"}],"author":[{"embeddable":true,"href":"https:\/\/donation.vedicpandits.org\/et\/wp-json\/wp\/v2\/users\/3"}],"replies":[{"embeddable":true,"href":"https:\/\/donation.vedicpandits.org\/et\/wp-json\/wp\/v2\/comments?post=6433"}],"version-history":[{"count":5,"href":"https:\/\/donation.vedicpandits.org\/et\/wp-json\/wp\/v2\/pages\/6433\/revisions"}],"predecessor-version":[{"id":7760,"href":"https:\/\/donation.vedicpandits.org\/et\/wp-json\/wp\/v2\/pages\/6433\/revisions\/7760"}],"up":[{"embeddable":true,"href":"https:\/\/donation.vedicpandits.org\/et\/wp-json\/wp\/v2\/pages\/6417"}],"wp:featuredmedia":[{"embeddable":true,"href":"https:\/\/donation.vedicpandits.org\/et\/wp-json\/wp\/v2\/media\/192"}],"wp:attachment":[{"href":"https:\/\/donation.vedicpandits.org\/et\/wp-json\/wp\/v2\/media?parent=6433"}],"curies":[{"name":"wp","href":"https:\/\/api.w.org\/{rel}","templated":true}]}}