{"id":6437,"date":"2014-09-08T07:09:52","date_gmt":"2014-09-08T07:09:52","guid":{"rendered":"https:\/\/vedicpandits.org\/?page_id=6437"},"modified":"2016-07-27T10:08:01","modified_gmt":"2016-07-27T10:08:01","slug":"progress","status":"publish","type":"page","link":"https:\/\/donation.vedicpandits.org\/et\/peace-creating-group\/progress\/","title":{"rendered":"Progress"},"content":{"rendered":"<h4>VERSTAPOSTID TEEL MEIE SIHI POOLE<\/h4>\n<ul>\n<li>9000 Maharishi Veedapanditi linnaku jaoks on ostetud Indias Madhya Pradeshi osariigis, Jabalpuri l\u00e4hedal 1700 aakrit (688 hektarit) maad. (\u00dclalolev pilt on tehtud 2013aastal.)<\/li>\n<li>2500 Maharishi Veedapanditi majutusruumid on juba valmis. Need h\u00f5lmavad infrastruktuuri, administratiivhooneid, s\u00f6\u00f6gi- ning yagya saale ja meiereid \u2013 k\u00f5ik ehitatud Stapathya Veda p\u00f5him\u00f5tteid j\u00e4rgides, mis on arhitektuuri veedateadus.<\/li>\n<li>\u00dcle 2000 t\u00e4ielikult v\u00e4lja\u00f5ppinud Maharishi Veedapanditi viibivad juba alaliselt kohal ning teevad oma igap\u00e4evaseid rahuloovaid toimetusi.<\/li>\n<li>T\u00e4iendavalt on alustatud eluruumide rajamist 5000 panditile, kuid selle l\u00f5pule viimine n\u00f5uab lisarahastust.<\/li>\n<li>Guru Ji programm panditi-\u00f5pilaste \u00f5petamiseks nende koduk\u00fclas algas k\u00fcmne aasta eest ning see kestab.<\/li>\n<li>Vanemate \u00f5pilaste v\u00e4lja\u00f5pe j\u00e4tkub 46 v\u00e4lja\u00f5ppekeskuses \u00fcle kogu India. Praegu on nimekirjas umbes 3000 \u00f5pilast.<\/li>\n<li>\u00dclemaailmse Rahu Algatuse toetuseks on loodud kaks rahakogumise organisatsiooni. Brahmananda Saraswati Fond USA-s ja Brahmananda Saraswati Trust Madalmaades on m\u00f5lemad oma riikides registreeritud heategevusorganisatsioonid. <\/li>\n<li>On moodustatud rahvuslike koordineerijate  (<a href=\"https:\/\/donation.vedicpandits.org\/contact\/\">\u2018Ambassadorid\u2019<\/a>) vabatahtlik v\u00f5rgustik, mis tutvustab seda algatust 90 riigi inimestele.\n<\/li>\n<li>Vaid m\u00f5ne aastaga on regulaarset igakuist annetamist edendav programm nii palju kasvanud, et praegu annab see kuus panditite toetuseks 430 000 USD.<\/li>\n<li>Paljud \u00fclemaailmse Transtsendentaalse Meditatsiooni liikumise sisesed rahvuslikud organisatsioonid koguvad samuti rahalisi vahendeid Maharishi Veedapanditite toetuseks.<\/li>\n<p>\t<!--\n\n<li>Ameerikas, Iowas, Maharishi Vedic Citys on US rahastajate toel loodud Maharishi Veedapanditite grupp.\n\n\n<\/li>\n\n-->\n<\/ul>\n","protected":false},"excerpt":{"rendered":"<p>VERSTAPOSTID TEEL MEIE SIHI POOLE 9000 Maharishi Veedapanditi linnaku jaoks on ostetud Indias Madhya Pradeshi osariigis, Jabalpuri l\u00e4hedal 1700 aakrit (688 hektarit) maad. (\u00dclalolev pilt on tehtud 2013aastal.) 2500 Maharishi Veedapanditi majutusruumid on juba valmis. Need h\u00f5lmavad infrastruktuuri, administratiivhooneid, s\u00f6\u00f6gi- ning yagya saale ja meiereid \u2013 k\u00f5ik ehitatud Stapathya Veda p\u00f5him\u00f5tteid j\u00e4rgides, mis on arhitektuuri [&hellip;]<\/p>\n","protected":false},"author":3,"featured_media":189,"parent":6417,"menu_order":6,"comment_status":"open","ping_status":"closed","template":"","meta":{"om_disable_all_campaigns":false,"_monsterinsights_skip_tracking":false,"_monsterinsights_sitenote_active":false,"_monsterinsights_sitenote_note":"","_monsterinsights_sitenote_category":0,"footnotes":""},"class_list":["post-6437","page","type-page","status-publish","has-post-thumbnail","hentry"],"_links":{"self":[{"href":"https:\/\/donation.vedicpandits.org\/et\/wp-json\/wp\/v2\/pages\/6437","targetHints":{"allow":["GET"]}}],"collection":[{"href":"https:\/\/donation.vedicpandits.org\/et\/wp-json\/wp\/v2\/pages"}],"about":[{"href":"https:\/\/donation.vedicpandits.org\/et\/wp-json\/wp\/v2\/types\/page"}],"author":[{"embeddable":true,"href":"https:\/\/donation.vedicpandits.org\/et\/wp-json\/wp\/v2\/users\/3"}],"replies":[{"embeddable":true,"href":"https:\/\/donation.vedicpandits.org\/et\/wp-json\/wp\/v2\/comments?post=6437"}],"version-history":[{"count":4,"href":"https:\/\/donation.vedicpandits.org\/et\/wp-json\/wp\/v2\/pages\/6437\/revisions"}],"predecessor-version":[{"id":8661,"href":"https:\/\/donation.vedicpandits.org\/et\/wp-json\/wp\/v2\/pages\/6437\/revisions\/8661"}],"up":[{"embeddable":true,"href":"https:\/\/donation.vedicpandits.org\/et\/wp-json\/wp\/v2\/pages\/6417"}],"wp:featuredmedia":[{"embeddable":true,"href":"https:\/\/donation.vedicpandits.org\/et\/wp-json\/wp\/v2\/media\/189"}],"wp:attachment":[{"href":"https:\/\/donation.vedicpandits.org\/et\/wp-json\/wp\/v2\/media?parent=6437"}],"curies":[{"name":"wp","href":"https:\/\/api.w.org\/{rel}","templated":true}]}}