{"id":6457,"date":"2014-09-08T07:10:00","date_gmt":"2014-09-08T07:10:00","guid":{"rendered":"https:\/\/vedicpandits.org\/?page_id=6457"},"modified":"2016-01-18T10:21:01","modified_gmt":"2016-01-18T10:21:01","slug":"yagya","status":"publish","type":"page","link":"https:\/\/donation.vedicpandits.org\/et\/yagya\/","title":{"rendered":"Yagya"},"content":{"rendered":"<h4>MAHARISHI YAGYAS<\/h4>\n<p>Indias paiknevale Maharishi Veedapanditite grupile tehtavad annetused panustavad samaaegselt panditite sooritatud erilistesse veeda toimingutesse, mida nimetatakse yagyaks. Need Yagyad kasutavad heliteadust, et luua rohkelt kasutoovaid m\u00f5jutusi teie riigile Rahvusyagya ja teile endale Eriyagya.<\/p>\n<div class=\"border-line\">&nbsp;<\/div>\n<div class=\"grid-holder\">\n<div class=\"grid grid-desktop-50 grid-mobile-100\">\n<div class=\"holder button\">\n<a class=\"btn btn-large btn-full\" href=\"https:\/\/donation.vedicpandits.org\/et\/yagya\/national-yagya\/\"> > Rahvusyagya <\/a>\n<\/div>\n<\/div>\n<div class=\"grid grid-desktop-50 grid-mobile-100\">\n<div class=\"holder button\">\n<a class=\"btn btn-large btn-full \" href=\"https:\/\/donation.vedicpandits.org\/et\/yagya\/special-yagya\/\"> > Eriyagya <\/a>\n<\/div>\n<\/div>\n<\/div>\n<p><\/p>\n<div class=\"border-line\">&nbsp;<\/div>\n<h4> MIS ON YAGYA?<\/h4>\n<p>Yagya on p\u00f5line ning m\u00f5jus veedatehnika probleemide \u00e4rahoidmiseks ning igal tasandil edu ja hea \u00f5nne suurendamiseks. UNESCO on kuulutanud veeda retsiteerimise traditsiooni inimkonna vaimseks kultuurip\u00e4randiks. <\/p>\n<div class=\"border-line\">&nbsp;<\/div>\n<div class=\"grid-holder\">\n<div class=\"grid grid-desktop-50 grid-mobile-100\"><div class=\"holder\"><h4> MIS ON ERILIST MAHARISHI YAGYAS? <\/h4>\n<p>Maharishi Mahesh Yogi p\u00fchendas palju aastaid yagya hoolikale, s\u00fcsteemsele taaselustamisele, taastades selle iidse tehnika t\u00e4isv\u00f5imsuse. Ta taaselustas eluliselt t\u00e4htsa arusaamise, et veeda mantraid tuleb lausuda transtsendentaalsele k\u00f5netasandile toetuvas teadvusseisundis, kus side heli ja kuju \u2013 soovi ja soovi t\u00e4itumise \u2013 vahel on eriti tihe ning tohutult v\u00f5imas. Maharishi m\u00e4\u00e4ratles kaks \u00f5igeks veedayagya l\u00e4biviimiseks h\u00e4davajalikku aspekti: <\/p>\n<p>Esiteks, l\u00e4bi oma igap\u00e4evaste TM ja TM-Sidhi programmide, kogevad Maharishi Veedapanditid l\u00e4binisti rahunenud teadvustasandeid. Tulemuseks on transtsendentaalse k\u00f5neallika elavdamine yagya retsiteerimise ja sooritamise eel. J\u00e4relikult esitavad panditid yagyaid sellelt v\u00e4ga rahunenud teadvustasandilt ning kaasavad loodusseaduse s\u00fcgavamaid tasandeid. <\/p>\n<p>Teiseks l\u00e4bivad Maharishi Veedapanditid unikaalse ja k\u00f5ikeh\u00f5lmava v\u00e4lja\u00f5ppe. Mitme aastak\u00fcmne jooksul tegi Maharishi tihedat koost\u00f6\u00f6d k\u00f5ige lugupeetumate Pandititega \u00fcle India, et rajada ning viimistleda t\u00e4iuslik Veedapanditite haridustee. See haridustee tagab, et nad \u00f5pivad \u00f5iget yagya l\u00e4biviimist ning h\u00e4\u00e4ldamist selle t\u00e4ielikus traditsioonilises t\u00f5hususes.<br \/>\nSellep\u00e4rast ongi Maharishi Yagyatel niiv\u00f5rd v\u00f5imas ja laiaulatuslik m\u00f5ju.<\/p>\n<\/div><\/div>\n<div class=\"grid grid-desktop-50 grid-mobile-100\"><div class=\"holder\"><p><img loading=\"lazy\" decoding=\"async\" class=\"alignright size-full wp-image-261\" src=\"\/wp-content\/uploads\/2014\/04\/CHANTING-PANDIT-EYES-CLOSED432.jpg\" alt=\"CHANTING PANDIT EYES CLOSED432\" width=\"432\" height=\"516\" srcset=\"https:\/\/donation.vedicpandits.org\/wp-content\/uploads\/2014\/04\/CHANTING-PANDIT-EYES-CLOSED432.jpg 432w, https:\/\/donation.vedicpandits.org\/wp-content\/uploads\/2014\/04\/CHANTING-PANDIT-EYES-CLOSED432-251x300.jpg 251w, https:\/\/donation.vedicpandits.org\/wp-content\/uploads\/2014\/04\/CHANTING-PANDIT-EYES-CLOSED432-300x358.jpg 300w\" sizes=\"auto, (max-width: 432px) 100vw, 432px\" \/><\/p>\n<\/div><\/div>\n<\/div>\n","protected":false},"excerpt":{"rendered":"<p>MAHARISHI YAGYAS Indias paiknevale Maharishi Veedapanditite grupile tehtavad annetused panustavad samaaegselt panditite sooritatud erilistesse veeda toimingutesse, mida nimetatakse yagyaks. Need Yagyad kasutavad heliteadust, et luua rohkelt kasutoovaid m\u00f5jutusi teie riigile Rahvusyagya ja teile endale Eriyagya. > Rahvusyagya > Eriyagya MIS ON YAGYA? Yagya on p\u00f5line ning m\u00f5jus veedatehnika probleemide \u00e4rahoidmiseks ning igal tasandil edu ja [&hellip;]<\/p>\n","protected":false},"author":3,"featured_media":183,"parent":0,"menu_order":0,"comment_status":"open","ping_status":"closed","template":"","meta":{"om_disable_all_campaigns":false,"_monsterinsights_skip_tracking":false,"_monsterinsights_sitenote_active":false,"_monsterinsights_sitenote_note":"","_monsterinsights_sitenote_category":0,"footnotes":""},"class_list":["post-6457","page","type-page","status-publish","has-post-thumbnail","hentry"],"_links":{"self":[{"href":"https:\/\/donation.vedicpandits.org\/et\/wp-json\/wp\/v2\/pages\/6457","targetHints":{"allow":["GET"]}}],"collection":[{"href":"https:\/\/donation.vedicpandits.org\/et\/wp-json\/wp\/v2\/pages"}],"about":[{"href":"https:\/\/donation.vedicpandits.org\/et\/wp-json\/wp\/v2\/types\/page"}],"author":[{"embeddable":true,"href":"https:\/\/donation.vedicpandits.org\/et\/wp-json\/wp\/v2\/users\/3"}],"replies":[{"embeddable":true,"href":"https:\/\/donation.vedicpandits.org\/et\/wp-json\/wp\/v2\/comments?post=6457"}],"version-history":[{"count":9,"href":"https:\/\/donation.vedicpandits.org\/et\/wp-json\/wp\/v2\/pages\/6457\/revisions"}],"predecessor-version":[{"id":7893,"href":"https:\/\/donation.vedicpandits.org\/et\/wp-json\/wp\/v2\/pages\/6457\/revisions\/7893"}],"wp:featuredmedia":[{"embeddable":true,"href":"https:\/\/donation.vedicpandits.org\/et\/wp-json\/wp\/v2\/media\/183"}],"wp:attachment":[{"href":"https:\/\/donation.vedicpandits.org\/et\/wp-json\/wp\/v2\/media?parent=6457"}],"curies":[{"name":"wp","href":"https:\/\/api.w.org\/{rel}","templated":true}]}}