{"id":6463,"date":"2014-09-10T12:56:25","date_gmt":"2014-09-10T12:56:25","guid":{"rendered":"https:\/\/vedicpandits.org\/?page_id=6463"},"modified":"2023-04-17T11:34:38","modified_gmt":"2023-04-17T11:34:38","slug":"national-yagya","status":"publish","type":"page","link":"https:\/\/donation.vedicpandits.org\/et\/yagya\/national-yagya\/","title":{"rendered":"National  Yagya"},"content":{"rendered":"<h4>MIS ON RAHVUSYAGYAD? <\/h4>\n<p>Rahvusyagya on eritehnika hea \u00f5nne suurendamiseks ning probleemide \u00e4rahoidmiseks kogu riigis. Neid yagyaid viivad l\u00e4bi India Brahmasthanis (geograafilises keskpunktis) asuvad suured Maharishi Veedapanditite grupid.<\/p>\n<div class=\"border-line\">&nbsp;<\/div>\n<div class=\"grid-holder\">\n<div class=\"grid grid-desktop-50 grid-mobile-100\"><div class=\"holder\"><p><img loading=\"lazy\" decoding=\"async\" class=\"alignleft size-full wp-image-277\" src=\"\/wp-content\/uploads\/2014\/04\/IMG_4957_reverse_web1.jpg\" alt=\"IMG_4957_reverse_web1\" width=\"432\" height=\"288\" srcset=\"https:\/\/donation.vedicpandits.org\/wp-content\/uploads\/2014\/04\/IMG_4957_reverse_web1.jpg 432w, https:\/\/donation.vedicpandits.org\/wp-content\/uploads\/2014\/04\/IMG_4957_reverse_web1-300x200.jpg 300w, https:\/\/donation.vedicpandits.org\/wp-content\/uploads\/2014\/04\/IMG_4957_reverse_web1-430x288.jpg 430w\" sizes=\"auto, (max-width: 432px) 100vw, 432px\" \/><\/p>\n<\/div><\/div>\n<div class=\"grid grid-desktop-50 grid-mobile-100\"><div class=\"holder\"><h4>KUIDAS NEID SOORITATAKSE? <\/h4>\n<p>Rahvusyagyaid sooritatakse teatava arvu p\u00e4evade v\u00f5i n\u00e4dalate jooksul, s\u00f5ltuvalt yagya ulatusest ning riigi valitud sihteesm\u00e4rgist. Erieesm\u00e4rgid on n\u00e4iteks majanduskasvu kiirenemine, tervise paranemine, rahvuslik \u00fchtsus v\u00f5i selliste probleemide nagu loodus\u00f5nnetused, v\u00e4givald v\u00f5i majandusraskused, v\u00e4hendamine v\u00f5i ennetamine. <\/p>\n\t\t<div class=\"hidden-video\">\t\t\t\t\t\t\t\t\t\t\t\t\n\t\t\t<div class=\"video-container\"> [videojs autoplay=&#8221;false&#8221; mp4=&#8221;\/wp-content\/uploads\/2014\/06\/5.-Kavach-Display-1.mp4&#8243; width=&#8221;400&#8243; height=&#8221;400&#8243;] <\/div>\n\t\t<\/div>\n\t\t<a href=\"https:\/\/donation.vedicpandits.org\/et\/yagya\/national-yagya\/?image_video=%2Fwp-content%2Fuploads%2F2014%2F06%2F5.-Kavach-Display-1.mp4\" class=\"video-link no-pointer\"><em>&gt; Kuulake Brahmasthanis riigi kaitseks Yagyat l\u00e4biviivaid Panditeid.<\/em><\/a>\n\n\t\n<\/div><\/div>\n<\/div>\n<div class=\"border-line\">&nbsp;<\/div>\n<p><a id=\"scienceofyagya\" name=\"scienceofyagya\"><\/a><\/p>\n<h4>YAGYA TEADUSLIK ALUS<\/h4>\n<p>Kuulake John Hegelini, kes on \u00fclemaailmselt tunnustatud kvantf\u00fc\u00fcsik, \u00f4ppej\u00f4ud ja juhtiv rahu eestk\u00f4neleja:<\/p>\n<div class=\"grid-holder\">\n<div class=\"grid grid-desktop-50 grid-mobile-100\"><div class=\"holder\"><p span style=\"margin-left: 15px;\">\t<a href=\"https:\/\/donation.vedicpandits.org\/et\/yagya\/national-yagya\/?image_video=https%3A%2F%2Fvimeo.com%2F80285421\" class=\"video-link \"><img decoding=\"async\" class=\"alignnone size-full wp-image-285\" src=\"https:\/\/donation.vedicpandits.org\/wp-content\/uploads\/2020\/02\/hagelin_5_videoimage.png\" alt=\"yagya_hagelin_1web1\" width=\"362\"  \/><\/a>\n\n\t\n\t<a href=\"https:\/\/donation.vedicpandits.org\/et\/yagya\/national-yagya\/?image_video=https%3A%2F%2Fvimeo.com%2F80285421\" class=\"video-link no-pointer\"><em>&gt; Video 1: What is Maharishi Yagya?<\/em><\/a>\n\n\t\n<\/div><\/div>\n<div class=\"grid grid-desktop-50 grid-mobile-100\"><div class=\"holder\">\t<a href=\"https:\/\/donation.vedicpandits.org\/et\/yagya\/national-yagya\/?image_video=https%3A%2F%2Fwww.youtube.com%2Fwatch%3Fv%3DPEEbpF59O4g%3Frel%3D0\" class=\"video-link \"><img loading=\"lazy\" decoding=\"async\" class=\"alignnone size-full wp-image-285\" src=\"https:\/\/donation.vedicpandits.org\/wp-content\/uploads\/2020\/02\/hagelin_yagya_charlie2.png\" alt=\"yagya_hagelin_2web2\" width=\"432\" height=\"242\" \/><\/a>\n\n\t\n\t<a href=\"https:\/\/donation.vedicpandits.org\/et\/yagya\/national-yagya\/?image_video=https%3A%2F%2Fwww.youtube.com%2Fwatch%3Fv%3DPEEbpF59O4g%3Frel%3D0\" class=\"video-link no-pointer\"><em>&gt; Video 2: The scientific basis of Yagya.<\/em><\/a>\n\n\t\n<\/div><\/div>\n<\/div>\n<div class=\"border-line\">&nbsp;<\/div>\n<h4 style=\"text-align: center;\">NELI P\u00d5HJUST MAHARISHI VEEDAPANDITITE JA RAHVUSYAGYATE TOETAMISEKS <\/h4>\n<h4 style=\"text-align: center;\">1. TOETATE OMA RIIKI <\/h4>\n<p style=\"text-align: center;\">Rahvusyagyad edendavad v\u00f5imsalt rahu, edu, j\u00f5ukust ning rahvuslikku puutumatust, mis on suunatud just teie riigi h\u00fcvanguks. <\/p>\n<h4 style=\"text-align: center;\">2. KAITSETE OMA MAAILMA, OMA KESKKONDA <\/h4>\n<p style=\"text-align: center;\">Palju Rahvusyagyaid koos avaldavad v\u00f5imsat positiivset m\u00f5ju kogu maailmale. Lisaks suurendavad teie annetused India Brahmastanis asuvat gruppi maailma rahu tagamiseks vajaliku tasemeni, mis on 9000 panditit. <\/p>\n<h4 style=\"text-align: center;\">3. KAITSETE ENNAST JA OMA PEREKONDA <\/h4>\n<p style=\"text-align: center;\">Teie riik saab kasu teie toetusest ning nii j\u00f5uab see kasu ka teie kui selle riigi kodanikuni. Me k\u00f5ik teame, kui t\u00f5ene on \u00fctlus: \u2018Kuidas k\u00fclvad, n\u00f5nda l\u00f5ikad\u2019. Iidne veeda traditsioon \u00fctleb, et yagyate toetajad on esimesed kasusaajad. <\/p>\n<h4 style=\"text-align: center;\">4. S\u00c4ILITATE VEEDA P\u00c4RANDIT <\/h4>\n<p style=\"text-align: center;\">Maharishi pani suurt r\u00f5hku veeda traditsiooni taastamisele, kuna see pakub teadmisi ja tehnikaid meie t\u00e4ieliku potentsiaali realiseerimiseks \u2013 nii \u00fcksikisikuna kui \u00fchiselt. K\u00f5ik annetused Rahvusyagyale toetavad samaaegselt ka panditeid ning kindlustavad selle teadmise k\u00e4ttesaadavust tulevastele p\u00f5lvedele.<\/p>\n<div class=\"border-line\">&nbsp;<\/div>\n\t<p style=\"text-align: center\">\n\t\t<a href=\"https:\/\/donate.vedicpandits.org\/ipgeo\/ipgeo.php\"   class=\"btn btn-large \" > > \n\t\t\tTOETA RAHVUSYAGYAT\t\t<\/a>\n\t<\/p>\n\n\t\n<div class=\"border-line\">&nbsp;<\/div>\n<h4>SAAGE YAGYAS NIMELISELT TUNNUSTATUD <\/h4>\n<p>Soovi korral v\u00f5ite toetuseks annetada ka terve Rahvusyagya maksumuse \u2013 1250 $ v\u00f5i rohkem. Sellisel juhul k\u00f5lab teie nimi Sankalpas (sihteesm\u00e4rk), mille Veedapanditid avaldavad yagya alguses. <\/p>\n<p>Rahvusyagya toetamine toob mitte ainult mitmekesiseid positiivseid m\u00f5jutusi teie riigile vaid kasu l\u00f5ikate ka teie \u00fcksikannetajana. <\/p>\n","protected":false},"excerpt":{"rendered":"<p>MIS ON RAHVUSYAGYAD? Rahvusyagya on eritehnika hea \u00f5nne suurendamiseks ning probleemide \u00e4rahoidmiseks kogu riigis. Neid yagyaid viivad l\u00e4bi India Brahmasthanis (geograafilises keskpunktis) asuvad suured Maharishi Veedapanditite grupid. YAGYA TEADUSLIK ALUS Kuulake John Hegelini, kes on \u00fclemaailmselt tunnustatud kvantf\u00fc\u00fcsik, \u00f4ppej\u00f4ud ja juhtiv rahu eestk\u00f4neleja: NELI P\u00d5HJUST MAHARISHI VEEDAPANDITITE JA RAHVUSYAGYATE TOETAMISEKS 1. TOETATE OMA RIIKI Rahvusyagyad [&hellip;]<\/p>\n","protected":false},"author":3,"featured_media":3256,"parent":6457,"menu_order":0,"comment_status":"open","ping_status":"closed","template":"","meta":{"om_disable_all_campaigns":false,"_monsterinsights_skip_tracking":false,"_monsterinsights_sitenote_active":false,"_monsterinsights_sitenote_note":"","_monsterinsights_sitenote_category":0,"footnotes":""},"class_list":["post-6463","page","type-page","status-publish","has-post-thumbnail","hentry"],"_links":{"self":[{"href":"https:\/\/donation.vedicpandits.org\/et\/wp-json\/wp\/v2\/pages\/6463","targetHints":{"allow":["GET"]}}],"collection":[{"href":"https:\/\/donation.vedicpandits.org\/et\/wp-json\/wp\/v2\/pages"}],"about":[{"href":"https:\/\/donation.vedicpandits.org\/et\/wp-json\/wp\/v2\/types\/page"}],"author":[{"embeddable":true,"href":"https:\/\/donation.vedicpandits.org\/et\/wp-json\/wp\/v2\/users\/3"}],"replies":[{"embeddable":true,"href":"https:\/\/donation.vedicpandits.org\/et\/wp-json\/wp\/v2\/comments?post=6463"}],"version-history":[{"count":9,"href":"https:\/\/donation.vedicpandits.org\/et\/wp-json\/wp\/v2\/pages\/6463\/revisions"}],"predecessor-version":[{"id":76635,"href":"https:\/\/donation.vedicpandits.org\/et\/wp-json\/wp\/v2\/pages\/6463\/revisions\/76635"}],"up":[{"embeddable":true,"href":"https:\/\/donation.vedicpandits.org\/et\/wp-json\/wp\/v2\/pages\/6457"}],"wp:featuredmedia":[{"embeddable":true,"href":"https:\/\/donation.vedicpandits.org\/et\/wp-json\/wp\/v2\/media\/3256"}],"wp:attachment":[{"href":"https:\/\/donation.vedicpandits.org\/et\/wp-json\/wp\/v2\/media?parent=6463"}],"curies":[{"name":"wp","href":"https:\/\/api.w.org\/{rel}","templated":true}]}}