{"id":6467,"date":"2014-09-10T12:57:22","date_gmt":"2014-09-10T12:57:22","guid":{"rendered":"https:\/\/vedicpandits.org\/?page_id=6467"},"modified":"2023-03-15T14:25:33","modified_gmt":"2023-03-15T14:25:33","slug":"special-yagya","status":"publish","type":"page","link":"https:\/\/donation.vedicpandits.org\/et\/yagya\/special-yagya\/","title":{"rendered":"Special Yagya"},"content":{"rendered":"<h4>Maharishi Eriyagyad <\/h4>\n<p>Maharishi kavandas ainulaadse valiku Eriyagyaid, mis toovad saajatele head \u00f5nne ning \u00fcle\u00fcldist toetust isiklikule arengule. Need Eriyagyad toovad looduse \u00f5nnistust \u00fcksikisikutele ja perekondadele. S\u00fcnnip\u00e4eva, Abiellumise, Pulma-aastap\u00e4eva ning Lapse s\u00fcnni Yagyad viiakse l\u00e4bi \u00fcleminekuaegadel kui erilised, toetavad loodusj\u00f5ud on eriti elavdatud ning ligip\u00e4\u00e4setavad.<\/p>\n<p>Me tegime hiljuti k\u00e4ttesaadavaks uue Eriyagya \u2013 Heaoluyagya &#8211; mida v\u00f5ib l\u00e4bi viia peaaegu igal teie valitud p\u00e4eval. Neid v\u00f5ib l\u00e4bi viia aasta jooksul nii mitu korda kui te soovite, kasv\u00f5i iga kuu. Tellides valite teie eelistatud kuup\u00e4eva Heaoluyagya jaoks. Yagya meeskond Indias m\u00e4\u00e4rab selle l\u00e4bi viimiseks ideaalselt sobiva t\u00e4pse kuup\u00e4eva teie poolt m\u00e4\u00e4ratud aja l\u00e4heduses.<\/p>\n<p>K\u00f5iki Eriyagyaid saab tellida endale, oma pereliikmetele v\u00f5i s\u00f5pradele. Iga\u00fcks neist t\u00e4htsatest Yagyatest m\u00f5jutab elu s\u00fcgavalt \u2013 \u00fchendv\u00e4lja enda fundamentaalselt tasandilt. Nii tehes ei t\u00f5sta need mitte \u00fcksnes isiklikku heaolu vaid aitavad ka lahendada ebak\u00f5lasid ning edendavad rahu ja progressi kogu \u00fchiskonnas.<\/p>\n<p>&nbsp;<\/p>\n<div style=\"padding:10px; background-color:white;\">\n<div style=\"border-size:2px;border-style:solid;border-color:#e4bb4b;\">\n<div style=\"text-align: center; padding-top:10px; padding-right:5px; padding-bottom:0px; padding-left:5px;\">\n&nbsp;<\/p>\n<h4>RAJA HARRISE ERITEADE \u2013 PIKENDATUD P\u00c4EVAD<\/h4>\n<\/div>\n<div style=\"text-align: left; padding-top:20px; padding-right:20px; padding-bottom:40px; padding-left:20px;\">Oma positiivsete kogemuste p\u00f5hjal Special Yagyatega on paljud k\u00fcsinud, kas neid Yagyaid saaks pikendada rohkem kui \u00fcheks p\u00e4evaks. Olles konsulteerinud Panditite juhtidega, pakume v\u00e4lja Special Yagyaid ka teiseks ja kolmandaks p\u00e4evaks. Selle v\u00f5imaluse k\u00e4ttesaadavaks tegemiseks, on nende Yagyate p\u00e4evast maksumust v\u00e4hendatud.<\/p>\n<\/div>\n<\/div>\n<\/div>\n<p>&nbsp;<br \/>\n<div class=\"grid-holder\">\n<div class=\"grid grid-desktop-50 grid-mobile-100\"><div class=\"holder\"><p><strong>Vajutage allpool Yagya t\u00fc\u00fcbi valimiseks:<\/strong><br \/>\nIga k\u00f5rgema astme Yagyaga on h\u00f5ivatud j\u00e4rjest rohkem panditeid, mis teeb need m\u00e4rkimisv\u00e4\u00e4rselt v\u00f5imsamaks.<\/p>\n<ul>\n<li>\t<a href=\"https:\/\/sponsor.specialyagyas.org\/bwb.php?site=vp&amp;bwb=birthday\" class=\"tooltipster\" title=\"Special Yagyas are administered by Brahmananda Saraswati Yagya Foundation, a US based registered charity. Click here and we will transfer you to that website.\">\n\t\tS\u00fcnnip\u00e4ev: sooritatakse \u00fchele inimesele tema s\u00fcnnip\u00e4eval\t<\/a>\n\t\n<p>\u00dchep\u00e4evane Yagya: Toetuse astmed:  $1,000 | $2,500<br \/>\nKahep\u00e4evane Yagya: Toetuse astmed: $1,500 | $3,000<br \/>\nKolmep\u00e4evane Yagya: Toetuse astmed:$2,000 | $3,500<\/p>\n<li>\t<a href=\"https:\/\/sponsor.specialyagyas.org\/bwb.php?site=vp&amp;bwb=well-being\" class=\"tooltipster\" title=\"Special Yagyas are administered by Brahmananda Saraswati Yagya Foundation, a US based registered charity. Click here and we will transfer you to that website.\">\n\t\tHeaolu: Viiakse l\u00e4bi igal ajal\t<\/a>\n\t\n<p>\u00dchep\u00e4evane Yagya: Toetuse astmed:  $1,000 | $2,500<br \/>\nKahep\u00e4evane Yagya: Toetuse astmed: $1,500 | $3,000<br \/>\nKolmep\u00e4evane Yagya: Toetuse astmed:$2,000 | $3,500<\/p>\n<li>\t<a href=\"https:\/\/sponsor.specialyagyas.org\/wedding.php?site=vp&amp;waw=w\" class=\"tooltipster\" title=\"Special Yagyas are administered by Brahmananda Saraswati Yagya Foundation, a US based registered charity. Click here and we will transfer you to that website.\">\n\t\tAbiellumine: sooritatakse kahele inimesele nende pulmap\u00e4eval\t<\/a>\n\t\n<p>\u00dchep\u00e4evane Yagya: Toetuse astmed: $1,500 | $3,000<br \/>\nKahep\u00e4evane Yagya: Toetuse astmed: $2,000 | $3,500<br \/>\nKolmep\u00e4evane Yagya: Toetuse astmed: $2,500 | $4,000<\/p>\n<li>\t<a href=\"https:\/\/sponsor.specialyagyas.org\/wedding.php?site=vp&amp;waw=wa\" class=\"tooltipster\" title=\"Special Yagyas are administered by Brahmananda Saraswati Yagya Foundation, a US based registered charity. Click here and we will transfer you to that website.\">\n\t\tPulma-aastap\u00e4ev: sooritatakse kahele nende aastap\u00e4eval\t<\/a>\n\t\n<p>\u00dchep\u00e4evane Yagya: Toetuse astmed: $1,500 | $3,000<br \/>\nKahep\u00e4evane Yagya: Toetuse astmed: $2,000 | $3,500<br \/>\nKolmep\u00e4evane Yagya: Toetuse astmed: $2,500 | $4,000<\/p>\n<li>\t<a href=\"https:\/\/sponsor.specialyagyas.org\/newborn.php?site=vp\" class=\"tooltipster\" title=\"Special Yagyas are administered by Brahmananda Saraswati Yagya Foundation, a US based registered charity. Click here and we will transfer you to that website.\">\n\t\tVasts\u00fcndinu: sooritatakse lapsele 40 p\u00e4eva peale s\u00fcndi\t<\/a>\n\t\n<p>\u00dchep\u00e4evane Yagya: Toetuse astmed:  $1,000 | $2,500<br \/>\nKahep\u00e4evane Yagya: Toetuse astmed: $1,500 | $3,000<br \/>\nKolmep\u00e4evane Yagya: Toetuse astmed:$2,000 | $3,500\n<\/ul>\n<\/div><\/div>\n<div class=\"grid grid-desktop-50 grid-mobile-100\"><div class=\"holder\"><p><img loading=\"lazy\" decoding=\"async\" class=\"alignleft size-full wp-image-423\" src=\"\/wp-content\/uploads\/2014\/04\/pandits_5320.jpg\" alt=\"pandits_5320\" width=\"432\" height=\"326\" srcset=\"https:\/\/donation.vedicpandits.org\/wp-content\/uploads\/2014\/04\/pandits_5320.jpg 432w, https:\/\/donation.vedicpandits.org\/wp-content\/uploads\/2014\/04\/pandits_5320-300x226.jpg 300w\" sizes=\"auto, (max-width: 432px) 100vw, 432px\" \/><\/p>\n<\/div><\/div>\n<\/div>\n<p>Toetused l\u00e4hevad Brahmananda Saraswati Yagya Fondi (USA). U.S. maksumaksjatele on see tulumaksu vaba.<\/p>\n<div class=\"border-line\">&nbsp;<\/div>\n<h4>KUIDAS TELLIDA<\/h4>\n<p>Maharishi Eriyagya tellimine on lihtne. Kogu taotlemise ja tasumise saab teha arvutis. Vajutage allpool olevat oran\u017ei nuppu \u201eEriyagya tellimine\u201d.<\/p>\n<p><strong>Palun t\u00e4itke oma taotlus v\u00e4hemalt \u00fcks n\u00e4dal varem. <\/strong> Teil on vaja oma s\u00fcnniaega ja s\u00fcnnilinna.<\/p>\n<p>Enama informatsiooni saamiseks vaadake meie Korduma Kippuvate K\u00fcsimuste rubriiki selle lehek\u00fclje alumises osas. Igasuguste k\u00fcsimuste tekkimisel andke meile teada: <a href=\"mailto:specialyagyas@vedicpandits.org\">specialyagyas@vedicpandits.org<\/a><\/p>\n<p>Meil saab tasuda j\u00e4rgmiselt Visa, MasterCard, American Express ja PayPal.<\/p>\n<div class=\"border-line\">&nbsp;<\/div>\n\t<p style=\"text-align: center\">\n\t\t<a href=\"https:\/\/sponsor.specialyagyas.org\/apply.php?site=vp\"   class=\"btn btn-large tooltipster\" title=\"Special Yagyas are administered by Brahmananda Saraswati Yagya Foundation, a US based registered charity. We will transfer you to that website.\"> > \n\t\t\tERIYAGYA TELLIMINE\t\t<\/a>\n\t<\/p>\n\n\t\n<div class=\"border-line\">&nbsp;<\/div>\n<div class=\"box-quote\">\n<p><strong>See oli imeline kogemus\u00a0<\/strong><br \/>\u201cSee oli minu esimene Maharishi Yagya ning see oli imeline kogemus. Ma plaanin saada igal aastal \u00fche. Kui see \u00f6\u00f6l enne mu s\u00fcnnip\u00e4eva algas, tundsin intensiivseid \u00f5ndsuse laineid. Sellest ajas alates on paljud mu pikaaegsed t\u00fclik\u00fcsimused lahenenud (mis oli t\u00e4ielik kergendus) ning samuti olen end tundnud palju \u00f5nnelikuma ja rahulolevamana. Kui igap\u00e4eva toimetustes tekib takistusi, n\u00e4ivad need lahenevat palju lihtsamalt ning mu tegevus tundub palju t\u00f5husam. T\u00e4nan teid, et need yagyad k\u00e4ttesaadavaks tegite.\u201d<br \/>Canada<\/p>\n<\/div>\n<div class=\"accordion\"><div class=\"accordion-entry\"><em><a href=\"#\">&gt; Loe veel Eriyagyaid saanute kogemusi<\/a><\/em><div class=\"hidden-content\">\n<div class=\"box-quote\">\n<p><strong>K\u00f5ik toimis pingevabalt <\/strong><br \/>\u201cOlin \u00fcllatunud selle tunde s\u00fcgavusest, et s\u00fcnnip\u00e4eval toimis k\u00f5ik minu \u00fcmber pingevabalt, rahulikult ja pehmelt. See erines m\u00e4rkimisv\u00e4\u00e4rselt teistest s\u00fcnnip\u00e4evadest. T\u00e4nu neile, kes selle korraldasid.\u201d<br \/>Canada<\/p>\n<p><strong>K\u00f5ige \u00f5nnelikum, nii kaua kui ma m\u00e4letan<\/strong><br \/>&#8220;M\u00f5ningad takerduma j\u00e4\u00e4nud olukorrad hakkasid liikuma \u00f5iges suunas. Mis minu s\u00fcnnip\u00e4eva puutub, siis see oli k\u00f5ige \u00f5nnelikum paljude aastate jooksul, nii kaua kui ma m\u00e4letan. See oli n\u00e4dalat\u00e4is pidustusi, midagi sellist, mida mul ilmselt ei olnud isegi mu teismelise-ea staarip\u00e4evil. Ma olen selle Yagya l\u00e4bi viimise tagaj\u00e4rgede \u00fcle v\u00e4ga \u00f5nnelik. Soovin, et j\u00e4rgmine s\u00fcnnip\u00e4ev tuleks peagi.&#8221;<br \/>Itaalia<\/p>\n<p><strong>Ma tunnen end \u00f5nnistatult <\/strong><br \/>\u201cYagya p\u00f5hjustas teadvuses selge muutuse. Ma tunnen end t\u00f5eliselt \u00f5nnistatult. Ootan kannatamatult, et saada s\u00fcnnip\u00e4evayagyat igal aastal.\u201d<br \/>UK<\/p>\n<p><strong>Kosmiline Naeratus<\/strong><br \/>\u201cKogemus on t\u00f5eliselt kosmiline ning \u00fchendab inimeksistentsi k\u00f5ik tasandid Kosmilises Naeratuses ja tunned nagu oleks sind \u00fcle puistatud kuldse pulbriga. T\u00e4nud k\u00f5igile Veedapandititele, kes Yagyaid sooritavad ning kogu Veedatraditsioonile, mis selle jumaliku puhta tarkuse meieni t\u00f5i.\u201d<br \/>Serbia<\/p>\n<p><strong>See oli imeline kogemus\u00a0<\/strong><br \/>\u201cSee oli minu esimene Maharishi Yagya ning see oli imeline kogemus. Ma plaanin saada igal aastal \u00fche. Kui see \u00f6\u00f6l enne mu s\u00fcnnip\u00e4eva algas, tundsin intensiivseid \u00f5ndsuse laineid. Sellest ajas alates on paljud mu pikaaegsed t\u00fclik\u00fcsimused lahenenud (mis oli t\u00e4ielik kergendus) ning samuti olen end tundnud palju \u00f5nnelikuma ja rahulolevamana. Kui igap\u00e4eva toimetustes tekib takistusi, n\u00e4ivad need lahenevat palju lihtsamalt ning mu tegevus tundub palju t\u00f5husam. T\u00e4nan teid, et need yagyad k\u00e4ttesaadavaks tegite.\u201d<br \/>Canada<\/p>\n<p><strong>M\u00f5ju oli silmn\u00e4htav<\/strong><br \/>\u201cMe ei oodanud, et Yagya m\u00f5jutaks meid nii otseselt, kuid m\u00f5ju oli silmn\u00e4htav. See meenutas mulle pika raundimise kursuse m\u00f5ju. Raske kirjeldada, kuid v\u00f5imatu m\u00e4rkamata j\u00e4tta.\u201d<br \/>USA<\/p>\n<p><strong>Juhtus midagi v\u00e4ga erilist\u00a0<\/strong><br \/>\u201cNiipea, kui ma maksin Pulma Aastap\u00e4eva Yagya eest, juhtus meie suhtega midagi v\u00e4ga erilist. N\u00fc\u00fcd oleks nagu selles k\u00f5ik nii puhas, nii l\u00e4bipaistev. See on ime, kuidas \u00fcks Yagya v\u00f5ib toimida, ainu\u00fcksi selle eest makstes.\u201d<\/p>\n<p>Madalmaad<\/p>\n<p><strong>Absoluuti ankurdatud <\/strong><br \/>\u201cMe m\u00f5lemad tundsime end terve aja Absoluuti ankurdatuna: oli tunne, et oleme vankumatud \u2013 t\u00f5eliselt. Iseenesest selge, et ootame kannatamatult j\u00e4rgmist.\u201d<br \/>USA<\/p>\n<p><strong>Yagya p\u00fchkis minema v\u00e4simuse ja hirmu\u00a0<\/strong><br \/>&#8220;Kinkida endale mu \u201ckenaks kuuek\u00fcmnendaks\u201d s\u00fcnnip\u00e4evaks Yagya oli v\u00e4ga hea otsus. Mul oli terve selle p\u00e4eva jooksul kenasid kogemusi. Ma tundsin end v\u00e4ga \u00f5nnelikult, rahulikult ja k\u00f5ik mu toimingud laabusid palju vaiksemalt ning pingevabamalt kui tavaliselt. Tunnen end siiani palju lootusrikkamana ning kogu mu igap\u00e4evane elu tundub toetust saavat. Kuid parim on see, et mu s\u00fcda l\u00e4ks rohkem avali ning mu meditatsioonid on s\u00fcgavamad kui varem. Tundub, et Yagya p\u00fchkis ka minema minevikust p\u00e4rineva v\u00e4simuse ja hirmu, need on l\u00e4inud ning ma t\u00f5esti soovitan iga\u00fchel S\u00fcnnip\u00e4evayagya jaoks raha koguda!.&#8221;<br \/>Germany<\/p>\n<p><strong>Elu voolab palju pehmemalt<\/strong><br \/>\u201cYagyate efekt on h\u00e4mmastav \u2013 paljudel, kellega olen r\u00e4\u00e4kinud, on olnud samasuguseid kogemusi kui minul. Elu voolab nii palju pehmemalt, Looduse toetus on p\u00fcsiv nii v\u00e4ikestes kui suurtes asjades, t\u00f5kked langevad. Ma v\u00f5in tunda end k\u00f5igega rahujalal.\u201d<br \/>USA<\/p>\n<a href=\"#\" class=\"close\">Close Section<\/a><\/div><\/div>\n<\/div>\n<div class=\"border-line\">&nbsp;<\/div>\n<div class=\"grid-holder\">\n<div class=\"grid grid-desktop-50 grid-mobile-100\"><div class=\"holder\">\t<a href=\"https:\/\/donation.vedicpandits.org\/et\/yagya\/special-yagya\/?image_video=https%3A%2F%2Fplayer.vimeo.com%2Fvideo%2F802094787%3Fh%3D67dcf85f0f\" class=\"video-link \"><img loading=\"lazy\" decoding=\"async\" class=\"alignnone size-full wp-image-285\" src=\"https:\/\/donation.vedicpandits.org\/wp-content\/uploads\/2023\/02\/J_Hagelin_what-is-Yagya_video-600x321-1.png\" alt=\"yagya_hagelin_1web1\" width=\"432\" height=\"242\" \/><\/a>\n\n\t\n\t<a href=\"https:\/\/donation.vedicpandits.org\/et\/yagya\/special-yagya\/?image_video=https%3A%2F%2Fvimeo.com%2F555896870%2F8dd5626d13\" class=\"video-link no-pointer\"><em>&gt; Video 1: MIS ON MAHARISHI YAGYA?<\/em><\/a>\n\n\t\n<\/div><\/div>\n<div class=\"grid grid-desktop-50 grid-mobile-100\"><div class=\"holder\"><h4>MIS ON MAHARISHI YAGYA?<\/h4>\n<p>Maharishi Mahesh Yogi p\u00fchendas palju aastaid yagya hoolikale, s\u00fcsteemsele taaselustamisele, taastades selle iidse tehnika t\u00e4isv\u00f5imsuse. Ta taaselustas eluliselt t\u00e4htsa arusaamise, et veeda mantraid tuleb lausuda transtsendentaalsele k\u00f5netasandile toetuvas teadvusseisundis, kus side heli ja kuju \u2013 soovi ja soovi t\u00e4itumise \u2013 vahel on eriti tihe ning tohutult v\u00f5imas. <\/p>\n<p>L\u00e4bi oma igap\u00e4evaste TM ja TM-Sidhi programmide, kogevad Maharishi Veedapanditid l\u00e4binisti rahunenud teadvustasandeid. Tulemuseks on transtsendentaalse k\u00f5neallika elavdamine yagya retsiteerimise ja sooritamise eel. J\u00e4relikult esitavad panditid yagyaid sellelt v\u00e4ga rahunenud teadvustasandilt ning kaasavad loodusseaduse s\u00fcgavamaid tasandeid. Vaid Maharishi Veedapandititel on see \u00fclioluline v\u00e4lja\u00f4ppe ja oskused.<\/p>\n<p>T\u00e4ielikuma selgituse jaoks kuulake John Hegelini,kes on \u00fclemaailmselt tunnustatud kvantf\u00fc\u00fcsik, \u00f4ppej\u00f4ud ja juhtiv rahu eestk\u00f4neleja.<\/p>\n<\/div><\/div>\n<\/div>\n<div class=\"border-line\">&nbsp;<\/div>\n<div class=\"accordion\"><div class=\"accordion-entry\"><em><a href=\"#\">&gt; KORDUMA KIPPUVAD K\u00dcSIMUSED<\/a><\/em><div class=\"hidden-content\">\n<p>KUIDAS TOIMUB MAHARISHI VEEDAPANDITITE V\u00c4LJA\u00d5PE?<br \/>\nV\u00e4lja\u00f5pe algab varases nooruses, kui lapsed hakkavad \u00f5ppima oma vanematelt. Panditi-perekondadest p\u00e4rinevad noored poisid \u00fchinevad Maharishi ametliku v\u00e4lja\u00f5ppeprogrammiga nende kodukohas umbes 10 aastaselt \u00fches paljudest \u201eGuru Ji\u201d v\u00e4lja\u00f5ppekeskustest. Umbes 14-aastaselt liiguvad noored panditi\u00f5pilased edasi \u00fchte piirkodlikku \u00f5ppeasutusse erinevates paikades \u00fcle riigi. \u00dcldiselt liiguvad nad sealt edasi \u00fchte Maharishi Veedapanditite p\u00f5hilinnakutest. K\u00f5ik Panditid on Maharishi Mahesh Yogi Vedic Vishwavidyalaya \u00fclikooli nimekirjas. Nende s\u00fcstemaatiline v\u00e4lja\u00f5pe j\u00e4tkub doktorikraadi tasemel. K\u00f5ik meie Panditid praktiseerivad Transtsendentaalset Meditatsiooni ja TM-Sidhi programme.<\/p>\n<p>MIS SIIS, KUI MA EI TEA OMA T\u00c4PSET S\u00dcNNIAEGA?<br \/>\nPalun katsuge m\u00e4\u00e4ratleda s\u00fcnniaeg nii korralikult kui v\u00f5imalik. Kui teil ei ole t\u00e4pset aega teada, on vastuv\u00f5etav ka tervest m\u00f5istusest l\u00e4htuv ligikaudne aeg.<\/p>\n<p>KAS ON \u00d5IGEM TOETADA ERIYAGYAT V\u00d5I PANUSTADA RAHVUSYAGYASSE?<br \/>\nM\u00f5lemad on suurep\u00e4rased variandid ja m\u00f5lemad toetavad otseselt suuri Maharishi Veedapanditite gruppe. See s\u00f5ltub annetaja soovist. Rahvusyagya korral toetab annetaja oma riiki ning l\u00e4bi selle ka iseennast. Eriyagyaga on peaeesm\u00e4rgiks osaliste kasu. Ideaalis v\u00f5iks annetaja kaaluda Eriyagya l\u00e4biviimist \u00fcks v\u00f5i kaks korda aastas, kuid s\u00f5ltuvalt oma eelarvest toetades igakuiselt lahkelt ka Rahvusyagyaid.<\/p>\n<p>KUHU L\u00c4HEVAD ANNETUSED?<br \/>\nEriyagyate jaoks tehtavad annetused laekuvad Brahmananda Saraswati Yagya Fondi on USA mittetulundus organisatsioon, (under Section 501(c)(3) of the U.S. Internal Revenue Code). <\/p>\n<p>Eriyagyate jaoks annetatud vahendid l\u00e4hevad otse Maharishi Veedapanditite toetuseks.<\/p>\n<p>USA maksumaksjatele on annetused tulumaksuvabad. Iga annetuse kohta saadetakse teile teatis. <\/p>\n<p>Teiste riikide kodanikud peavad tulumaksuvabastuse kohta uurima oma maksun\u00f5ustajalt. Rohkemate k\u00fcsimuste korral aitavad teid meelsasti teie Rahvussaadikud. Kontakti v\u00f5tmiseks minge lehele Meist \/ Meie rahvusvaheline Saadikute v\u00f5rgustik.<\/p>\n<a href=\"#\" class=\"close\">Close Section<\/a><\/div><\/div>\n<\/div>\n","protected":false},"excerpt":{"rendered":"<p>Maharishi Eriyagyad Maharishi kavandas ainulaadse valiku Eriyagyaid, mis toovad saajatele head \u00f5nne ning \u00fcle\u00fcldist toetust isiklikule arengule. Need Eriyagyad toovad looduse \u00f5nnistust \u00fcksikisikutele ja perekondadele. S\u00fcnnip\u00e4eva, Abiellumise, Pulma-aastap\u00e4eva ning Lapse s\u00fcnni Yagyad viiakse l\u00e4bi \u00fcleminekuaegadel kui erilised, toetavad loodusj\u00f5ud on eriti elavdatud ning ligip\u00e4\u00e4setavad. Me tegime hiljuti k\u00e4ttesaadavaks uue Eriyagya \u2013 Heaoluyagya &#8211; mida v\u00f5ib [&hellip;]<\/p>\n","protected":false},"author":3,"featured_media":75954,"parent":6457,"menu_order":2,"comment_status":"open","ping_status":"closed","template":"","meta":{"om_disable_all_campaigns":false,"_monsterinsights_skip_tracking":false,"_monsterinsights_sitenote_active":false,"_monsterinsights_sitenote_note":"","_monsterinsights_sitenote_category":0,"footnotes":""},"class_list":["post-6467","page","type-page","status-publish","has-post-thumbnail","hentry"],"_links":{"self":[{"href":"https:\/\/donation.vedicpandits.org\/et\/wp-json\/wp\/v2\/pages\/6467","targetHints":{"allow":["GET"]}}],"collection":[{"href":"https:\/\/donation.vedicpandits.org\/et\/wp-json\/wp\/v2\/pages"}],"about":[{"href":"https:\/\/donation.vedicpandits.org\/et\/wp-json\/wp\/v2\/types\/page"}],"author":[{"embeddable":true,"href":"https:\/\/donation.vedicpandits.org\/et\/wp-json\/wp\/v2\/users\/3"}],"replies":[{"embeddable":true,"href":"https:\/\/donation.vedicpandits.org\/et\/wp-json\/wp\/v2\/comments?post=6467"}],"version-history":[{"count":29,"href":"https:\/\/donation.vedicpandits.org\/et\/wp-json\/wp\/v2\/pages\/6467\/revisions"}],"predecessor-version":[{"id":75996,"href":"https:\/\/donation.vedicpandits.org\/et\/wp-json\/wp\/v2\/pages\/6467\/revisions\/75996"}],"up":[{"embeddable":true,"href":"https:\/\/donation.vedicpandits.org\/et\/wp-json\/wp\/v2\/pages\/6457"}],"wp:featuredmedia":[{"embeddable":true,"href":"https:\/\/donation.vedicpandits.org\/et\/wp-json\/wp\/v2\/media\/75954"}],"wp:attachment":[{"href":"https:\/\/donation.vedicpandits.org\/et\/wp-json\/wp\/v2\/media?parent=6467"}],"curies":[{"name":"wp","href":"https:\/\/api.w.org\/{rel}","templated":true}]}}