{"id":6472,"date":"2015-09-15T14:34:07","date_gmt":"2015-09-15T14:34:07","guid":{"rendered":"https:\/\/vedicpandits.org\/?page_id=6472"},"modified":"2016-05-19T13:29:47","modified_gmt":"2016-05-19T13:29:47","slug":"testimonials","status":"publish","type":"page","link":"https:\/\/donation.vedicpandits.org\/et\/testimonials\/","title":{"rendered":"Testimonials"},"content":{"rendered":"<h4 id=\"testimonials\">RAHVUSYAGYA EFEKTIDE VAHETUD KIRJELDUSED<\/h4>\n<p style=\"text-align: left;\"> Rahvusyagya toimumisel saab teie riik kasu teie toetusest ja \u2013 vastavalt vastastikkuse m\u00f5ju p\u00f5him\u00f5ttele \u201eKuidas k\u00fclvad, n\u00f5nda l\u00f5ikad\u201d &#8211; v\u00f5ite ise samuti m\u00f5ningat tulu m\u00e4rgata. Iidses Veedatraditsioonis nimetatakse Yagya toetajaid kasusaajateks. Allpool on Rahvusyagyaid toetanute kogemusi.<\/p>\n<div class=\"box-quote\">\n<p><strong>See k\u00f5nek\u00e4\u00e4nd \u00fctleb \u00f5igust: Aita ennast ise, siis aitab sind ka taevas!<\/strong><br \/> \u201cVaid n\u00e4dal peale oma annetuse tegemist Rahvusyagyale m\u00e4\u00e4rati mulle t\u00f6\u00f6kohas sellised \u00fclesanded, mis mulle t\u00f5eliselt meeldivad ja mu suhted \u00fclemustega on imeliselt vaiksed, mida pole kunagi varem juhtunud. Ma tunnen ennast t\u00f6\u00f6l olles h\u00e4sti. See k\u00f5nek\u00e4\u00e4nd \u00fctleb \u00f5igust:  Aita ennast ise, siis aitab sind ka taevas. N\u00fc\u00fcd hakkan kindlasti p\u00fcsivalt Maharishi Pandititele igakuiseid annetusi tegema.\u201d<br \/> \u2014 Itaalia<\/p>\n<p><strong>Me oleme \u00e4\u00e4retult t\u00e4nulikud kosmilisele intellektile koost\u00f6\u00f6 eest meie katsumuse ajal.  <\/strong><br \/> \u201cMa t\u00e4nan teid minu v\u00e4imehe nimel tehtud Rahvusyagya eest. Ma tean, et Yagya muutis k\u00f5ike ning m\u00f5jutas igap\u00e4evast armu, mida me prekonnana saime l\u00e4bi rahalise toetuse, hooliva arsti, kes tegi rohkem kui otsesed t\u00f6\u00f6kohustused n\u00f5uavad, mu k\u00f5ike korraldanud t\u00fctre ja l\u00e4bi koduste s\u00f5prade, sugulaste ning paljude \u00fcksikisikute ja gruppide toetuse. Me oleme \u00e4\u00e4retult t\u00e4nulikud kosmilisele intellektile koost\u00f6\u00f6 eest meie katsumuse ajal. Meie v\u00e4imehel l\u00e4heb h\u00e4sti, ta naaseb nii normaalse elu juurde kui v\u00f5imalik. Meie s\u00fcdametes on piiritu t\u00e4nulikkus saadud piiritu armu eest.\u201d<br \/> \u2014 Trinidad ja Tobago<\/p>\n<p><strong>Mida rohkem ma andsin, seda rohkem raha ma sain<\/strong><br \/> \u201cKui sa kord juba tead, et on olemas tarkus, mis saab luua Maailmarahu ja Taeva Maa peal, siis m\u00f5tled: oh, ka minul on siin kohustus. Kuid koos sellega tuleb \u00f5nnistus ja r\u00f5\u00f5m ning sa saad rohkem kui \u00e4ra annad. \u2026nii et minu jaoks on see investeering\u2026 ja ma m\u00f5tlen seda s\u00f5na-s\u00f5nalt. Mida rohkem raha ma andsin, seda rohkem raha ma sain\u201d<br \/> \u2014 Belgia<\/p>\n<\/div>\n<div class=\"accordion\"><div class=\"accordion-entry\"><em><a href=\"#\">&gt; RAHVUSYAGYA EFEKTIDE VAHETUD KIRJELDUSED<\/a><\/em><div class=\"hidden-content\">\n<div class=\"box-quote\">\n<p><strong>Ma tunnen rohkem toetust<\/strong><br \/>\u201cIga kord kui ma\u00a0saan toetada Veedapanditeid oma pere poolt tehtud annetustega, on mul rohkem toetust mu elu erinevates valdkondades\u00a0ning see on nagu lumepall. See toetus voolab ka inimestele, keda kalliks pean, nii et oleme aina rohkem ja rohkem v\u00e4ike, \u00f5nnistust t\u00e4is j\u00f5gi, mis aitab k\u00f5ikjal meie \u00fcmber \u00f5ndsuse kasvule kaasa. T\u00e4nan teid veel kord, et aitate meid selles suures \u00fcrituses osaleda.\u201d<br \/>\u2014 Prantsusmaa\n<\/p>\n<p><strong>Politsei paljastas terve organiseeritud kuritegevuse ahela.<br \/>\n<\/strong><br \/>&#8220;Istusin parajasti koos oma s\u00f5pradega ja r\u00e4\u00e4kisin neile suurep\u00e4rasest toetusest, mida enda sponsoreeritud Rahvusyagya ajal kogesin kui \u00e4kki m\u00e4rkasin, et mu jalgratas (v\u00e4ga hinnaline \u2013 2009. aasta Jalgratas USA-s) on varastatud! \u00d5nneks oli ettekandja varast selgelt n\u00e4inud ja me saime anda politseile t\u00e4pse kirjelduse. T\u00e4nu sellele leidis politsei m\u00f5ne p\u00e4eva p\u00e4rast mu jalgratta koos veel seitsmega ning paljastas terve organiseeritud kuritegevuse ahela. Oma r\u00f5\u00f5muks sain ratta tagasi paremas seisus kui enne ning see n\u00e4gi v\u00e4lja peaaegu nagu uus! Sellest ajast alates pole minu linnas politseile teatatud \u00fchestki varastatud jalgrattast. Ma sain aru, kui palju koosk\u00f5la l\u00f5i Rahvusyagya meie riigis, minu kodulinnas ja isegi \u00fcksikisikute jaoks&#8221;<br \/>\u2014 Horvaatia<\/p>\n<p><strong>Ma tundsin ennast kogu aeg rahulolevalt<\/strong><br \/>\u201cEhkki ma tegin vaid tagasihoidliku, minimaalse annetuse, kogesin Rahvusyagya ajal \u00fclimat heaolu seisundit, mis oli nii v\u00f5imas, et tundsin end kogu aeg rahulolevalt, \u00fcksk\u00f5ik mida ma tegin v\u00f5i ei teinud. \u00a0See heaolu lubas mul suhelda teistega nii nagu oleks mu meel h\u00e4\u00e4lestatud kanalile, mis kuulub k\u00f5igile inimestele. See oli suhtlus, mis p\u00f5hines tavaliselt k\u00f5rgel hoitud &#8216;barj\u00e4\u00e4ri&#8217; maha l\u00f5hkuval usaldusel.\u201d<br \/>\u2014 Itaalia\n<\/p>\n<p><strong>Sellest Yagyast alates on meie \u00e4ri k\u00f5rgustesse s\u00f6\u00f6stnud<\/strong><br \/>\u201cMa tellisin Uus-Meremaale Rahvusyagya, pidades silmas oma rahvast, oma perekonda ja meie \u00e4ri. Majanduslangus, eriti 2011. aastal, on olnud siin k\u00f5igile v\u00e4ga raske, meie \u00e4ri kaasa arvatud. Sellest Yagyast alates on meie \u00e4ri k\u00f5rgustesse s\u00f6\u00f6stnud!  Me oleme pidanud isegi m\u00f5nedest t\u00f6\u00f6dest \u00e4ra \u00fctlema \u2013 seda ei ole KUNAGI varem juhtunud.\u201d <br \/>\u2014 Uus-Meremaa<\/p>\n<p><strong>T\u00f5eline \u00fchendus Loodusseadusega <\/strong><br \/>\u201cMe oleme nautinud suuremat edu oma ettev\u00f5ttes ning t\u00f5elist \u00fchendust Loodusseadusega. See on veel \u00fcks Maharishi antud suur kingitus ja v\u00f5imalus, mida me n\u00fc\u00fcd loeme oma ettev\u00f5tte olulisimaks osaks.\u201d \u2014 USA<\/p>\n<p><strong>Elu on minu vastu nii lahke olnud<\/strong><br \/> \u201cPalju, palju t\u00e4nu Rahvusyagyatele. Me oleme nautinud Taiwanil k\u00f5ige rahulikumat augustikuud 1947. aastast saadik. 2014. aasta augustis ei olnud \u00fchtegi taifuuni. See on meteoroloogidele lihtsalt uskumatu!\u00a0Elu on minu vastu lahke olnud ning ma lihtsalt naudin k\u00f5ike, mida teen. Ning ma usun, et selle eest peab tunnustama Rahvusyagyaid, mida oleme Taiwani jaoks teinud. K\u00f5ik on muutunud minu jaoks nii pingevabaks ning ma lihtsalt liigun oma dharma vooluga kaasa ja saavutan k\u00f5ik, mida teha soovin, \u00fcks teise j\u00e4rel, t\u00e4iuslikus korras. Uued v\u00f5imalused kerkivad j\u00e4tkuvalt esile ning mu sissetulek on aina parem ja parem.\u201d<br \/> \u2014 Taiwan<\/p>\n<p><strong>Sujuvam ning kergem<\/strong><br \/>\u201cMu keha, emotsioonid ja igap\u00e4evatoimetused tunduvad yagyate ajal palju sujuvamad ning kergemad. Isegi k\u00f5ige keerulisemad olukorrad, olgu siis isiklikud, t\u00f6\u00f6l v\u00f5i perekonnas, n\u00e4isid iseenesest laabuvat. See on elu nagu ta olema pidi.\u201d <br \/>\u2014 USA<\/p>\n<p><strong>K\u00f5ik j\u00e4\u00e4b pingevabaks<\/strong><br \/>\u201cEriti oma programmide ajal saan aru, et  Maharishi Rahvusyagyate algusest saadik j\u00e4\u00e4b ka meie elu dramaatilisemate s\u00fcndmuste ajal k\u00f5ik pingevabaks, ilma liiga suurte murranguteta. See efekt on palju v\u00f5imsam kui me tegelikult arvame ning see m\u00f5istmine teeb mind v\u00e4ga t\u00e4nulikuks ja r\u00f5\u00f5msaks!\u201d<br \/>\u2014 Madalmaad<br \/>\n\u00a0<\/p>\n<\/div>\n<a href=\"#\" class=\"close\">Close Section<\/a><\/div><\/div>\n<\/div>\n<div class=\"border-line\">&nbsp;<\/div>\n<div class=\"grid-holder\">\n<div class=\"grid grid-desktop-50 grid-mobile-100\"><div class=\"holder\"><h4 id=\"testimonials\">MUUTUSED RIIKIDES<\/h4>\n<p>Allpool saate lugeda Rahvusyagya l\u00e4bi viimisele j\u00e4rgnenud muutustest rahva majanduslikus ja poliitilises olukorras.  Rahvusyagyad viiakse l\u00e4bi selle riigi poolt valitud sihteesm\u00e4rgiga. Erinevad sihteesm\u00e4rgid on n\u00e4iteks kiirenenud majanduskasv, paranenud tervis, rahvuslik harmoonia v\u00f5i selliste probleemide nagu loodus\u00f5nnetused, v\u00e4givald v\u00f5i majanduslangus, v\u00e4hendamine. Teil on v\u00f5imalik valida ka \u00fche Rahvusyagya kogumaksumuse toetamine. Sel juhul nimetatakse teid v\u00f5i teie ettev\u00f5tet Yagyas ning te saate valida Yagya sihteesm\u00e4rgi.<\/p>\n<\/div><\/div>\n<div class=\"grid grid-desktop-50 grid-mobile-100\"><div class=\"holder\"><p><img loading=\"lazy\" decoding=\"async\" class=\"alignright wp-image-2189\" src=\"\/wp-content\/uploads\/2015\/01\/testimonial_sized_small-300x226.jpg\" alt=\"testimonial_sized_small\" width=\"376\" height=\"284\" srcset=\"https:\/\/donation.vedicpandits.org\/wp-content\/uploads\/2015\/01\/testimonial_sized_small-300x226.jpg 300w, https:\/\/donation.vedicpandits.org\/wp-content\/uploads\/2015\/01\/testimonial_sized_small.jpg 408w\" sizes=\"auto, (max-width: 376px) 100vw, 376px\" \/><\/p>\n<\/div><\/div>\n<\/div>\n<div class=\"box-quote\">\nTAIWAN 2015<br \/>\n&#8220;Muide, see k\u00e4imas olev Rahvusyagya on teinud juba v\u00e4ga v\u00f5imsat t\u00f6\u00f6d! Kaks taifuuni (CNN nimetas teist \u201cmonster taifuuniks\u201d) l\u00e4ksid just m\u00f6\u00f6da ega ei suutnud Taiwanile maanduda! Meil olid vaid m\u00f5ned tuulised p\u00e4evad  ning just nii palju vihma, et t\u00e4ita veenappuses reservuaarid. T\u00e4nu Rahvusyagyale siin k\u00f5igi ja k\u00f5ige ohutuses hoidmise eest. Halvim, mis juhtus, oli see, et m\u00f5ned lennud ning rongis\u00f5idud t\u00fchistati ning m\u00f5nede inimeste reisplaanid said rikutud.&#8221;<br \/><em> Chin-Fen Lee &#8211; Taiwani Saadik<\/em><\/p>\n<p>Uus-Meremaa 2015<br \/>\n\u201cPeale mitut toidu puhtuse heaks tehtud Yagyat on \u00fches meie suures ringkonnas toiduainete tootja l\u00e4inud \u00fcle GMO vabaks (m\u00fc\u00fcb ainult toiduaineid, mis ei sisisalda geneetiliselt muundatud osiseid). Peale selle, ehkki me olime vastakuti mitme v\u00f5imsa GMO-pooldajate lobir\u00fchmaga, kiitis Hastingsi Ringkonnan\u00f5ukogu heaks 10 aasta plaani, mis teeb igasugustest GMO-v\u00e4likatsetustest ja -taimekasvatusest keelatud tegevuse.<br \/>\nNeed on k\u00f5igi minusuguste GMO-vastaste kampaaniate tegijate jaoks suurep\u00e4rased uudised.\u201d<\/p>\n<p>Argentina 2015<br \/>\n&#8220;Oktoobris ja novembris tegime kaks v\u00e4ga suurt Rahvusyagyat meie riigi harmoonilise progressi heaks. 2015. aasta l\u00f5pus olime Argentinas tunnistajaks mitmele paljut\u00e4henduslikule s\u00fcndmusele: oktoobri ja novembrikuiste valimiste ajal toimunud poliitilised ja sotsiaalsed muutused viidi l\u00e4bi korrakohaselt ning pingevabalt.&#8221;<\/p>\n<\/div>\n<div class=\"accordion\"><div class=\"accordion-entry\"><em><a href=\"#\">&gt; Rahvusyagyale j\u00e4rgnenud s\u00fcndmused riikides<\/a><\/em><div class=\"hidden-content\">\n<div class=\"box-quote\">\n<p>LIIBANON 2014<br \/>\n\u201cMa arvan, et iga\u00fcks on kuulnud S\u00fc\u00fcrias tegutsevatest ning hiljaaegu Iraaki j\u00f5udnud terroristidest. Nad kuulutasid, et r\u00fcndavad peagi m\u00f5nigaid Liibanoni linnu. Viimasel 10 p\u00e4eval on olnud ettevalmistatud kolm r\u00fcnnakut, kuid k\u00f5ik need eba\u00f5nnestusid, sest avastati s\u00f5jav\u00e4e ning politsei poolt \u00f5igeaegselt. K\u00f5ikjal uudistes \u00f6eldi: Liibanon p\u00e4\u00e4ses kolmandast luhtunud terrorir\u00fcnnakust: see on seletamatu; see on jumalik hool. Me oleme paljusid sarnaseid olukordi kogenud varemgi. See ei ole esime kord. Selline kaitse Liibanonile on selgelt viimase 3 aasta Maharishi Rahvusyagyate kogunenud m\u00f5jude teene. Meil on Rahvusyagyad igas yagya-ts\u00fcklis \u2013 kaks korda kuus. Me j\u00e4tkame sellega, et hoida Liibanon alati kaitstuna. K\u00f5ik t\u00e4nud Maharishi programmidele ja Maharishi Veedapandititele India Brahmasthanis.\u201d<br \/><em>Salim Haddad &#8211; Liibanoni Saadik<br \/>\n<\/em><\/p>\n<p>COLOMBIA 2013<br \/>\n&#8220;Meie riigile tehtud Maharishi Rahvusyagyad on \u00fcks suurimatest \u00f5nnistustest, mida oleme saanud. Me oleme h\u00e4mmastunud, kui suurep\u00e4rased on meie Rahvusyagyate ajal ning j\u00e4rel mediteerijate ning Sidhade kogemused, ise\u00e4ranis neil, kes annetasid, samas kui kogu riik naudib suuresti t\u00f5usnud koosk\u00f5la ning toetuse taset riigielu erinevatel aladel. Me n\u00e4eme uudistes, et Rahvusyagya valitud sihteesm\u00e4rk ehk Sankalpa peegeldub riigi juhtide tehtud sobivates otsustes. Me tunneme, et Maharishi Rahvusyagya Programm on v\u00f5imas tehnika loodusseaduse l\u00f5putu korraldava j\u00f5u rakendamiseks riiklikult, aga samuti ka spetsiifilisematel aladel. Me oleme v\u00e4ga t\u00e4nulikud Maharishile, Guru Devile selle v\u00f5imsa tehnoloogia k\u00e4ttesaadavaks tegemise eest, et aja arengusuundi positiivselt m\u00f5jutada.&#8221;<br \/><em>Paul Fabre &#8211; Columbia Saadik<\/p>\n<p>USA, 2012<br \/>\nKogu maa p\u00f5uast k\u00f5rbenud aladele sadanud vihmale eelnesid spetsiaalselt vihma tooma m\u00f5eldud Rahvusyagyad, majanduskasv on pidevalt paranenud, olles n\u00fc\u00fcdseks 3.1%, t\u00f6\u00f6puuduse kahanemine, t\u00f6\u00f6stustoodangu kasv, tarbijate usalduse \u00f5itseng, ladusalt ja t\u00f5rgeteta toimunud valimised ning isegi kardetud 21. detsember m\u00f6\u00f6dus \u00fc\u00fcratult positiivselt.<\/p>\n<p>SERBIA 2014<br \/>\n&#8220;M\u00f5ne kuu eest kannatas Serbia laastavate \u00fcleujutuste k\u00e4es. Lahked annetajad ning ootamatu toetus Rahvusyagyatele tuli just enne j\u00e4rgmisi ennustatud \u00fcleujutusi. Samal ajal r\u00e4\u00e4kisid poliitikud h\u00e4mmastusega, kuidas meil vedas, et teist \u00fcleujutuste lainet ei tulnud. Meie oleme ainsad, kes teavad, et seda vedamist toetasid Maharishi Rahvusyagyad.&#8221;<br \/><em>Voja Trajkovic &#8211; Serbia Saadik<\/em><\/p>\n<p>GHANA 2012<br \/>\n\u201cMa saadan teile need uudised Ghana viimastest valimistest, mis toimusid peale meie viimast riigile m\u00e4\u00e4ratud yagyat. Uudistes on neid kirjeldatud kui k\u00f5ige paremaid ja k\u00f5ige rahulikumaid riigi ajaloos. Aafrikast tuleva teatena on see v\u00e4gagi k\u00f5nekas. Me oleme t\u00e4nulikud meie enda Maharishi JI-le, kes j\u00e4ttis meile selle suurep\u00e4rase teadmise. Samuti loodame anda omaenese v\u00e4iksel viisil panuse rahu heaks.\u201d Transtsendentaalse Meditatsiooni Organisatsiooni &#8211; Rahvuslik Direktor\n<\/div>\n<a href=\"#\" class=\"close\">Close Section<\/a><\/div><\/div>\n<\/div>\n<div class=\"border-line\">&nbsp;<\/div>\n<div class=\"grid-holder\">\n<div class=\"grid grid-desktop-50 grid-mobile-100\"><div class=\"holder\"><h4 id=\"testimonials\">VAHETUD KIRJELDUSED \u2013 ERIYAGYAD<\/h4>\n<p>Eriyagyad on teistsugused kui Rahvusyagyad. Maharishi kavandas rea Eriyagyaid, mida nautida isikliku elu t\u00e4htsatel ning \u00fcleminekuaegadel. Eriyagyad on: <a title=\"Special Yagya page\" href=\"https:\/\/donation.vedicpandits.org\/et\/yagya\/special-yagya\/\">Special Yagyas<\/a> are for:<\/p>\n<ul>\n<li>S\u00fcnnip\u00e4ev: sooritatakse \u00fchele inimesele tema s\u00fcnnip\u00e4eval<\/li>\n<li>Heaolu : viiakse l\u00e4bi igal ajal<\/li>\n<li>Abiellumine: sooritatakse kahele inimesele nende pulmap\u00e4eval<\/li>\n<li>Pulma-aastap\u00e4ev: sooritatakse kahele nende aastap\u00e4eval<\/li>\n<li>Vasts\u00fcndinu: sooritatakse lapsele 40 p\u00e4eva peale s\u00fcndi<\/li>\n<\/ul>\n<p>Allpool saate lugeda S\u00fcnnip\u00e4eva ja Pulma-aastap\u00e4eva saanute kogemusi.<\/p>\n<\/div><\/div>\n<div class=\"grid grid-desktop-50 grid-mobile-100\"><div class=\"holder\"><p><img loading=\"lazy\" decoding=\"async\" class=\"alignright size-full wp-image-2345\" src=\"\/wp-content\/uploads\/2015\/01\/testimonials_specialyagya.jpg\" alt=\"testimonials_specialyagya\" width=\"408\" height=\"308\" srcset=\"https:\/\/donation.vedicpandits.org\/wp-content\/uploads\/2015\/01\/testimonials_specialyagya.jpg 408w, https:\/\/donation.vedicpandits.org\/wp-content\/uploads\/2015\/01\/testimonials_specialyagya-300x226.jpg 300w\" sizes=\"auto, (max-width: 408px) 100vw, 408px\" \/><\/p>\n<\/div><\/div>\n<\/div>\n<div class=\"box-quote\">\n<p><strong>K\u00f5ik toimis pingevabalt <\/strong><br \/>\u201cOlin \u00fcllatunud selle tunde s\u00fcgavusest, et s\u00fcnnip\u00e4eval toimis k\u00f5ik minu \u00fcmber pingevabalt, rahulikult ja pehmelt. See erines m\u00e4rkimisv\u00e4\u00e4rselt teistest s\u00fcnnip\u00e4evadest. T\u00e4nu neile, kes selle korraldasid.\u201d<br \/>Canada<\/p>\n<p><strong>K\u00f5ige \u00f5nnelikum, nii kaua kui ma m\u00e4letan<\/strong><br \/>&#8220;M\u00f5ningad takerduma j\u00e4\u00e4nud olukorrad hakkasid liikuma \u00f5iges suunas. Mis minu s\u00fcnnip\u00e4eva puutub, siis see oli k\u00f5ige \u00f5nnelikum paljude aastate jooksul, nii kaua kui ma m\u00e4letan. See oli n\u00e4dalat\u00e4is pidustusi, midagi sellist, mida mul ilmselt ei olnud isegi mu teismelise-ea staarip\u00e4evil. Ma olen selle Yagya l\u00e4bi viimise tagaj\u00e4rgede \u00fcle v\u00e4ga \u00f5nnelik. Soovin, et j\u00e4rgmine s\u00fcnnip\u00e4ev tuleks peagi.&#8221;<br \/>Itaalia<\/p>\n<p><strong>Ma tunnen end \u00f5nnistatult <\/strong><br \/>\u201cYagya p\u00f5hjustas teadvuses selge muutuse. Ma tunnen end t\u00f5eliselt \u00f5nnistatult. Ootan kannatamatult, et saada s\u00fcnnip\u00e4evayagyat igal aastal.\u201d<br \/>UK<\/p>\n<p><strong>Kosmiline Naeratus<\/strong><br \/>\u201cKogemus on t\u00f5eliselt kosmiline ning \u00fchendab inimeksistentsi k\u00f5ik tasandid Kosmilises Naeratuses ja tunned nagu oleks sind \u00fcle puistatud kuldse pulbriga. T\u00e4nud k\u00f5igile Veedapandititele, kes Yagyaid sooritavad ning kogu Veedatraditsioonile, mis selle jumaliku puhta tarkuse meieni t\u00f5i.\u201d<br \/>Serbia<\/p>\n<\/div>\n<div class=\"accordion\"><div class=\"accordion-entry\"><em><a href=\"#\">&gt; Loe veel Eriyagyaid saanute kogemusi<\/a><\/em><div class=\"hidden-content\">\n<div class=\"box-quote\">\n<p><strong>See oli imeline kogemus\u00a0<\/strong><br \/>\u201cSee oli minu esimene Maharishi Yagya ning see oli imeline kogemus. Ma plaanin saada igal aastal \u00fche. Kui see \u00f6\u00f6l enne mu s\u00fcnnip\u00e4eva algas, tundsin intensiivseid \u00f5ndsuse laineid. Sellest ajas alates on paljud mu pikaaegsed t\u00fclik\u00fcsimused lahenenud (mis oli t\u00e4ielik kergendus) ning samuti olen end tundnud palju \u00f5nnelikuma ja rahulolevamana. Kui igap\u00e4eva toimetustes tekib takistusi, n\u00e4ivad need lahenevat palju lihtsamalt ning mu tegevus tundub palju t\u00f5husam. T\u00e4nan teid, et need yagyad k\u00e4ttesaadavaks tegite.\u201d<br \/>Canada<\/p>\n<p><strong>M\u00f5ju oli silmn\u00e4htav<\/strong><br \/>\u201cMe ei oodanud, et Yagya m\u00f5jutaks meid nii otseselt, kuid m\u00f5ju oli silmn\u00e4htav. See meenutas mulle pika raundimise kursuse m\u00f5ju. Raske kirjeldada, kuid v\u00f5imatu m\u00e4rkamata j\u00e4tta.\u201d<br \/>USA<\/p>\n<p><strong>Juhtus midagi v\u00e4ga erilist\u00a0<\/strong><br \/>\u201cNiipea, kui ma maksin Pulma Aastap\u00e4eva Yagya eest, juhtus meie suhtega midagi v\u00e4ga erilist. N\u00fc\u00fcd oleks nagu selles k\u00f5ik nii puhas, nii l\u00e4bipaistev. See on ime, kuidas \u00fcks Yagya v\u00f5ib toimida, ainu\u00fcksi selle eest makstes.\u201d<\/p>\n<p>Madalmaad<\/p>\n<p><strong>Absoluuti ankurdatud <\/strong><br \/>\u201cMe m\u00f5lemad tundsime end terve aja Absoluuti ankurdatuna: oli tunne, et oleme vankumatud \u2013 t\u00f5eliselt. Iseenesest selge, et ootame kannatamatult j\u00e4rgmist.\u201d<br \/>USA<\/p>\n<p><strong>Yagya p\u00fchkis minema v\u00e4simuse ja hirmu\u00a0<\/strong><br \/>&#8220;Kinkida endale mu \u201ckenaks kuuek\u00fcmnendaks\u201d s\u00fcnnip\u00e4evaks Yagya oli v\u00e4ga hea otsus. Mul oli terve selle p\u00e4eva jooksul kenasid kogemusi. Ma tundsin end v\u00e4ga \u00f5nnelikult, rahulikult ja k\u00f5ik mu toimingud laabusid palju vaiksemalt ning pingevabamalt kui tavaliselt. Tunnen end siiani palju lootusrikkamana ning kogu mu igap\u00e4evane elu tundub toetust saavat. Kuid parim on see, et mu s\u00fcda l\u00e4ks rohkem avali ning mu meditatsioonid on s\u00fcgavamad kui varem. Tundub, et Yagya p\u00fchkis ka minema minevikust p\u00e4rineva v\u00e4simuse ja hirmu, need on l\u00e4inud ning ma t\u00f5esti soovitan iga\u00fchel S\u00fcnnip\u00e4evayagya jaoks raha koguda!.&#8221;<br \/>Germany<\/p>\n<p><strong>Elu voolab palju pehmemalt<\/strong><br \/>\u201cYagyate efekt on h\u00e4mmastav \u2013 paljudel, kellega olen r\u00e4\u00e4kinud, on olnud samasuguseid kogemusi kui minul. Elu voolab nii palju pehmemalt, Looduse toetus on p\u00fcsiv nii v\u00e4ikestes kui suurtes asjades, t\u00f5kked langevad. Ma v\u00f5in tunda end k\u00f5igega rahujalal.\u201d<br \/>USA<\/p>\n<a href=\"#\" class=\"close\">Close Section<\/a><\/div><\/div>\n<\/div>\n","protected":false},"excerpt":{"rendered":"<p>RAHVUSYAGYA EFEKTIDE VAHETUD KIRJELDUSED Rahvusyagya toimumisel saab teie riik kasu teie toetusest ja \u2013 vastavalt vastastikkuse m\u00f5ju p\u00f5him\u00f5ttele \u201eKuidas k\u00fclvad, n\u00f5nda l\u00f5ikad\u201d &#8211; v\u00f5ite ise samuti m\u00f5ningat tulu m\u00e4rgata. Iidses Veedatraditsioonis nimetatakse Yagya toetajaid kasusaajateks. Allpool on Rahvusyagyaid toetanute kogemusi. See k\u00f5nek\u00e4\u00e4nd \u00fctleb \u00f5igust: Aita ennast ise, siis aitab sind ka taevas! \u201cVaid n\u00e4dal peale [&hellip;]<\/p>\n","protected":false},"author":3,"featured_media":2394,"parent":0,"menu_order":0,"comment_status":"closed","ping_status":"closed","template":"","meta":{"om_disable_all_campaigns":false,"_monsterinsights_skip_tracking":false,"_monsterinsights_sitenote_active":false,"_monsterinsights_sitenote_note":"","_monsterinsights_sitenote_category":0,"footnotes":""},"class_list":["post-6472","page","type-page","status-publish","has-post-thumbnail","hentry"],"_links":{"self":[{"href":"https:\/\/donation.vedicpandits.org\/et\/wp-json\/wp\/v2\/pages\/6472","targetHints":{"allow":["GET"]}}],"collection":[{"href":"https:\/\/donation.vedicpandits.org\/et\/wp-json\/wp\/v2\/pages"}],"about":[{"href":"https:\/\/donation.vedicpandits.org\/et\/wp-json\/wp\/v2\/types\/page"}],"author":[{"embeddable":true,"href":"https:\/\/donation.vedicpandits.org\/et\/wp-json\/wp\/v2\/users\/3"}],"replies":[{"embeddable":true,"href":"https:\/\/donation.vedicpandits.org\/et\/wp-json\/wp\/v2\/comments?post=6472"}],"version-history":[{"count":13,"href":"https:\/\/donation.vedicpandits.org\/et\/wp-json\/wp\/v2\/pages\/6472\/revisions"}],"predecessor-version":[{"id":8359,"href":"https:\/\/donation.vedicpandits.org\/et\/wp-json\/wp\/v2\/pages\/6472\/revisions\/8359"}],"wp:featuredmedia":[{"embeddable":true,"href":"https:\/\/donation.vedicpandits.org\/et\/wp-json\/wp\/v2\/media\/2394"}],"wp:attachment":[{"href":"https:\/\/donation.vedicpandits.org\/et\/wp-json\/wp\/v2\/media?parent=6472"}],"curies":[{"name":"wp","href":"https:\/\/api.w.org\/{rel}","templated":true}]}}