{"id":6476,"date":"2014-09-08T07:10:05","date_gmt":"2014-09-08T07:10:05","guid":{"rendered":"https:\/\/vedicpandits.org\/?page_id=6476"},"modified":"2024-06-09T20:22:03","modified_gmt":"2024-06-09T20:22:03","slug":"about-us","status":"publish","type":"page","link":"https:\/\/donation.vedicpandits.org\/et\/about-us\/","title":{"rendered":"About Us"},"content":{"rendered":"<h4> TRUST JA FOND <\/h4>\n<p>Maharishi Veedapanditite grupi rahastamist organiseerivad ja haldavad Brahmananda Saraswati Trust Madalmaades ja Brahmananda Saraswati Fond USA-s. <\/p>\n<p>Trusti ja Fondi \u00fclesannete hulka kuuluvad \u00fclemaailmse rahakogumisprogrammi juhendamine, annetuste vastuv\u00f5tmine ning toetusfondi investeeringute haldamine. Nad juhivad ja haldavad \u00fchiselt oma India partnerite kulutusi, et tagada projekti eesm\u00e4rkide saavutamine. Trusti ja fondi t\u00f6\u00f6d kontrollib maailma teadlastest, \u00f5petajatest ja \u00e4rimeestest koosnev n\u00f5ukogu. <\/p>\n<p>Need organisatsioonid asutas Maharishi Mahesh Yogi ning need on nimetatud Maharishi \u00f5petaja, Guru Devi, Brahmananda Saraswati auks, kes oli \u00fcks k\u00f5rgeimalt austatud India vaimseid juhte. Ta oli India Jyotir Mathi Shankaracharya \u2013 Veeda teadmiste traditsiooni t\u00e4htsaim esindaja.<br \/>\n<div class=\"border-line\">&nbsp;<\/div>\n<div class=\"grid-holder grid-border-50\">\n<div class=\"grid grid-desktop-50 grid-mobile-100\"><div class=\"holder\"><h4> BRAHMANANDA SARASWATI TRUST <\/h4>\n<p>2008. aastal Madalmaades mittetulundusorganisatsioonina asutatud Brahmananda Saraswati Trust (Usaldusfond) on keskendunud Euroopa pluss L\u00e4his-Ida, Aafrika ning Aasia riikidele. Annetused on maksuvabad mitmes Euroopa riigis.<\/p>\n<\/div><\/div>\n<div class=\"grid grid-desktop-50 grid-mobile-100\"><div class=\"holder\"><h4> BRAHMANANDA SARASWATI FOND (USA) <\/h4>\n<p>2008. aastal USA-s asutatud Brahmananda Saraswati Fond on \u00dchendriikide. 501(c)(3) mittetulundusorganisatsioon. Annetused on \u00dchendriikide maksumaksjale maksuvabad. <\/p>\n<\/div><\/div>\n<\/div>\n<div class=\"border-line\">&nbsp;<\/div>\n<strong>Brahmananda Saraswati Fondi president<\/strong><\/p>\n<p><img loading=\"lazy\" decoding=\"async\" src=\"https:\/\/globalpeaceproject.net\/wp-content\/uploads\/2020\/08\/Dr._Tony_Nader4.png\" alt=\"\" width=\"125\" height=\"164\" class=\"alignleft size-full wp-image-359\" \/><\/p>\n<p><strong>Toni Nader, MD PhD MARR <\/strong><\/p>\n<p style=\"margin-bottom:20px;\">Dr. Nader on Massachusettsi Tehnoloogiainstituudis (Ph.D. neuroteaduses) ja Harvardi \u00fclikoolis hariduse saanud meditsiinidoktor ning \u00fclemaailmselt tunnnustatud veeda\u00f5petlane. Maharishi Mahesh Yogi j\u00e4rglasena on dr. Nader rahvusvaheliste Transtsendentaalse Meditatsiooni\u00aeorganisatsioonide juht enam kui 100 riigis. Dr. Nader suunab Transtsendentaalse Meditatsiooni programme ning selle edasij\u00f5udnud praktikaid, et t\u00e4ita \u00fchiskonna k\u00f5rgeimaid p\u00fc\u00fcdlusi k\u00f5igil elualadel.<\/p>\n<div class=\"border-line\">&nbsp;<\/div>\n<p><strong>Brahmananda Saraswati Fondi juhatuse esimees<\/strong><\/p>\n<p><img loading=\"lazy\" decoding=\"async\" src=\"https:\/\/donation.vedicpandits.org\/wp-content\/uploads\/2020\/10\/DrMorris.jpg\" alt=\"\" width=\"125\" height=\"164\" class=\"alignleft size-full wp-image-359\" \/><\/p>\n<p style=\"margin-bottom:0px;\"><strong>Dr. Bevan Morris, D.S.C.I<\/strong><\/p>\n<p>Dr. Morris on l\u00f5petanud Cambridge \u00fclikooli Inglismaal. Ta oli esimene isik maailmas, kes sai Maharishilt Loova Intelligentsuse teaduste doktori kraadi. 36 aastat oli ta Fairfieldis, Iowas, USA-s Maharishi s\u00fclikooli president ning on n\u00fc\u00fcd emeriit-president ja Maharishi \u00fclikoolide rahvusvaheline president. Dr. Morris on Maharishi Teadvusel P\u00f5hineva Hariduse maailma suurim ekspert ning on esitlenud Maharishi programme enam kui 120 riigi avalikkusele ning valitsuse-, hariduse- ja \u00e4rieliidile.\n<\/p>\n<div class=\"border-line\">&nbsp;<\/div>\n<strong> Board of Brahmananda Saraswati Trusti juhatuse esimees ja Brahmananda Saraswati Fondi ja Trusti tegevdirektor<\/strong><\/p>\n<p><img loading=\"lazy\" decoding=\"async\" src=\"https:\/\/donation.vedicpandits.org\/wp-content\/uploads\/2020\/10\/harris_kaplan_4.jpg\" alt=\"\" width=\"125\" height=\"164\" class=\"alignleft size-full wp-image-359\" \/><\/p>\n<p><strong>Dr. Harris Kaplan, D.S.C.I <\/strong><\/p>\n<p style=\"margin-bottom:0px;\">Peale eduka investeerismifondi juhi karj\u00e4\u00e4ri l\u00f5petamist 1999. aastal p\u00fchendas Dr. Kaplan oma aja Transtsendentaalse Meditatsiooni organisatsioonide l\u00e4bi viidud programmide toetamisele kogu maailmas. 2006. aastast on ta olnud Transtsendentaalse Meditatsiooni organisatsiooni programmide peaadministraator Indias, sealhulgas tuhandete Maharishi Veedapanditite v\u00e4lja\u00f5pe ja toetus. Ta on olnud BSF tegevdirektor alates selle loomisest ning tegutseb ka selle finantskomitees, aidates Sihtkapitalil silma peal hoida. <\/p>\n<div class=\"border-line\">&nbsp;<\/div>\n<div class=\"grid-holder\">\n<div class=\"grid grid-desktop-50 grid-mobile-100\"><div class=\"holder\"><p><strong>BSF &#038; BST t\u00e4itevkomitee<\/strong><\/p>\n<ul>\n<li>Dr. Bevan Morris &#8211; \u00f5petaja<br \/>\n    Maharishi Vedic City, Iowa<\/p>\n<li>Harris Kaplan DSCI &#8211; erus investeerimisfondi juht<br \/>\n    Vlodrop, Madalmaad<\/p>\n<li>John Hagelin. Ph.D. \u2013 kvantf\u00fc\u00fcsik: \u00dclemaailmse Teadlased Rahu Eest Liidu president; Maharishi Rahvusvahelise              \u00dclikooli president, Fairfield, IA, USA\n<li> Robert LoPinto &#8211; \u00e4rimees ja administraator<br \/>\n     Rockville, MD, USA<\/p>\n<li>Steve Rubin \u2013 \u00e4rimees ja administraator<br \/>\n    Sebastian, FL, USA\n<\/ul>\n<\/div><\/div>\n<div class=\"grid grid-desktop-50 grid-mobile-100\"><div class=\"holder\"><p><strong>BSF juhatuse liikmed<\/strong><\/p>\n<ul>\n<li>Jose Luis Alvares \u2013 administraator<br \/>\n    Barcelona, Hispaania<\/p>\n<li>Antonio Bartolom\u00e9 \u2013 \u2013 \u00e4rimees<br \/>\n    Banast\u00e1s, Huesca, Hispaania<\/p>\n<li>Dr. Leslie Brooks, M.A. \u2013 administraator<br \/>\n    Lincoln, MA, USA<\/p>\n<li>Howard Martin Chandler, Ph.D. \u2013 \u00f5petaja<br \/>\n    Boston, MA , USA<\/p>\n<li>Rafael David &#8211;  \u00e4riettev\u00f5tja<br \/>\nVero Beach, FL, USA<\/p>\n<li>Dr. Arlene Kaplan \u2013 administraator<br \/>\n    Vlodrop, Madalmaad<\/p>\n<li>Dr. Neil Paterson  &#8211; \u2013 administraator<br \/>\n    Salt Spring Island, Kanada<\/p>\n<li>Rainer Picha, M.D. \u2013 kardioloog ja teadlane<br \/>\n    Viin, Austria<\/p>\n<li>Dr. Susie Swan  &#8211; administraator ja graafikakunstnik<br \/>\n    Madalmaad ja Cape Town, L\u00f5una-Aafrika<\/p>\n<li>Maureen Wynne, J.D. \u2013 advokaat<br \/>\n    Maharishi Vedic City, IA, USA\n<\/ul>\n<\/div><\/div>\n<\/div>\n<p id=\"esinvestmentcommittee\">\n<div class=\"border-line\">&nbsp;<\/div>\n<p><strong>BSF &#038; BST Investeerimiskomitee<\/strong><br \/>\n<div class=\"grid-holder\">\n<div class=\"grid grid-desktop-50 grid-mobile-100\"><div class=\"holder\"><ul>\n<li>Harris Kaplan, D.S.C.I<br \/>\nErus Investeerimisfondi juht Eastgate rajaja ning endine tegevdirektor<br \/>\nFounder and former CEO of Eastgate Financial Services Ltd., USA<\/p>\n<li>Robert LoPinto<br \/>\nErus \u00e4rimees<br \/>\nRockville, MD, USA<\/p>\n<li>Jeffrey S. Abramson<br \/>\nKinnisvaraarendaja<br \/>\nPartner, Tower Companies, USA<\/p>\n<li>Steve Rubin<br \/>\nErrul\u00e4inud \u00e4rijuht<br \/>\nEndine juhatuse esimees ja tegevdirektor,<br \/>\nUnited Fuels International Inc., USA<\/p>\n<\/div><\/div>\n<div class=\"grid grid-desktop-50 grid-mobile-100\"><div class=\"holder\"><li>Eric Schwartz<br \/>\nInvesteerimisn\u00f5ustaja<br \/>\nAsutaja tegevdirektor, Cambridge Investment Research, USA<\/p>\n<li>Ted Hirsch<br \/>\nMajandusteadlane &#8211; Portfellihaldur<br \/>\nVanderbilt Financial Group, New York, USA<\/p>\n<li>Michael Dreben<br \/>\nEttev\u00f5tte rahanduse ja \u00e4riarenduse juht<br \/>\nGrenadier Management, LLC tegevjuht\n<\/ul>\n<\/div><\/div>\n<\/div>\n","protected":false},"excerpt":{"rendered":"<p>TRUST JA FOND Maharishi Veedapanditite grupi rahastamist organiseerivad ja haldavad Brahmananda Saraswati Trust Madalmaades ja Brahmananda Saraswati Fond USA-s. Trusti ja Fondi \u00fclesannete hulka kuuluvad \u00fclemaailmse rahakogumisprogrammi juhendamine, annetuste vastuv\u00f5tmine ning toetusfondi investeeringute haldamine. Nad juhivad ja haldavad \u00fchiselt oma India partnerite kulutusi, et tagada projekti eesm\u00e4rkide saavutamine. Trusti ja fondi t\u00f6\u00f6d kontrollib maailma teadlastest, [&hellip;]<\/p>\n","protected":false},"author":3,"featured_media":68388,"parent":0,"menu_order":0,"comment_status":"open","ping_status":"closed","template":"template-about.php","meta":{"om_disable_all_campaigns":false,"_monsterinsights_skip_tracking":false,"_monsterinsights_sitenote_active":false,"_monsterinsights_sitenote_note":"","_monsterinsights_sitenote_category":0,"footnotes":""},"class_list":["post-6476","page","type-page","status-publish","has-post-thumbnail","hentry"],"_links":{"self":[{"href":"https:\/\/donation.vedicpandits.org\/et\/wp-json\/wp\/v2\/pages\/6476","targetHints":{"allow":["GET"]}}],"collection":[{"href":"https:\/\/donation.vedicpandits.org\/et\/wp-json\/wp\/v2\/pages"}],"about":[{"href":"https:\/\/donation.vedicpandits.org\/et\/wp-json\/wp\/v2\/types\/page"}],"author":[{"embeddable":true,"href":"https:\/\/donation.vedicpandits.org\/et\/wp-json\/wp\/v2\/users\/3"}],"replies":[{"embeddable":true,"href":"https:\/\/donation.vedicpandits.org\/et\/wp-json\/wp\/v2\/comments?post=6476"}],"version-history":[{"count":9,"href":"https:\/\/donation.vedicpandits.org\/et\/wp-json\/wp\/v2\/pages\/6476\/revisions"}],"predecessor-version":[{"id":78056,"href":"https:\/\/donation.vedicpandits.org\/et\/wp-json\/wp\/v2\/pages\/6476\/revisions\/78056"}],"wp:featuredmedia":[{"embeddable":true,"href":"https:\/\/donation.vedicpandits.org\/et\/wp-json\/wp\/v2\/media\/68388"}],"wp:attachment":[{"href":"https:\/\/donation.vedicpandits.org\/et\/wp-json\/wp\/v2\/media?parent=6476"}],"curies":[{"name":"wp","href":"https:\/\/api.w.org\/{rel}","templated":true}]}}