{"id":7367,"date":"2014-04-08T07:40:21","date_gmt":"2014-04-08T07:40:21","guid":{"rendered":"https:\/\/vedicpandits.org\/?page_id=7367"},"modified":"2015-11-16T16:25:18","modified_gmt":"2015-11-16T16:25:18","slug":"events","status":"publish","type":"page","link":"https:\/\/donation.vedicpandits.org\/et\/contact\/events\/","title":{"rendered":"Events"},"content":{"rendered":"<h4>MEIE LINNAKUD ON MAJUTANUD K\u00dcLALISI K\u00d5IKIDEST MAAILMA PAIKADEST. <\/h4>\n<p>Tuhanded inimesed on juba kasutanud v\u00f5imalust osaleda \u00fcritustel, kursustel ja ringreisidel kolmes peamises asupaigas.<br \/>\nMeil oleks hea meel tervitada teid \u00fches v\u00f5i mitmes neist keskustest, kus v\u00f5ite suure rahu-loova grupi l\u00e4heduses saada s\u00fcdamep\u00f5hjani liigutava s\u00fcgava vaikuse kogemuse osaliseks ning nautida Maharishi Veedapanditite retsitatsioone elavas esituses.<\/p>\n","protected":false},"excerpt":{"rendered":"<p>MEIE LINNAKUD ON MAJUTANUD K\u00dcLALISI K\u00d5IKIDEST MAAILMA PAIKADEST. Tuhanded inimesed on juba kasutanud v\u00f5imalust osaleda \u00fcritustel, kursustel ja ringreisidel kolmes peamises asupaigas. Meil oleks hea meel tervitada teid \u00fches v\u00f5i mitmes neist keskustest, kus v\u00f5ite suure rahu-loova grupi l\u00e4heduses saada s\u00fcdamep\u00f5hjani liigutava s\u00fcgava vaikuse kogemuse osaliseks ning nautida Maharishi Veedapanditite retsitatsioone elavas esituses.<\/p>\n","protected":false},"author":3,"featured_media":57,"parent":6491,"menu_order":0,"comment_status":"open","ping_status":"closed","template":"template-events.php","meta":{"om_disable_all_campaigns":false,"_monsterinsights_skip_tracking":false,"_monsterinsights_sitenote_active":false,"_monsterinsights_sitenote_note":"","_monsterinsights_sitenote_category":0,"footnotes":""},"class_list":["post-7367","page","type-page","status-publish","has-post-thumbnail","hentry"],"_links":{"self":[{"href":"https:\/\/donation.vedicpandits.org\/et\/wp-json\/wp\/v2\/pages\/7367","targetHints":{"allow":["GET"]}}],"collection":[{"href":"https:\/\/donation.vedicpandits.org\/et\/wp-json\/wp\/v2\/pages"}],"about":[{"href":"https:\/\/donation.vedicpandits.org\/et\/wp-json\/wp\/v2\/types\/page"}],"author":[{"embeddable":true,"href":"https:\/\/donation.vedicpandits.org\/et\/wp-json\/wp\/v2\/users\/3"}],"replies":[{"embeddable":true,"href":"https:\/\/donation.vedicpandits.org\/et\/wp-json\/wp\/v2\/comments?post=7367"}],"version-history":[{"count":3,"href":"https:\/\/donation.vedicpandits.org\/et\/wp-json\/wp\/v2\/pages\/7367\/revisions"}],"predecessor-version":[{"id":7370,"href":"https:\/\/donation.vedicpandits.org\/et\/wp-json\/wp\/v2\/pages\/7367\/revisions\/7370"}],"up":[{"embeddable":true,"href":"https:\/\/donation.vedicpandits.org\/et\/wp-json\/wp\/v2\/pages\/6491"}],"wp:featuredmedia":[{"embeddable":true,"href":"https:\/\/donation.vedicpandits.org\/et\/wp-json\/wp\/v2\/media\/57"}],"wp:attachment":[{"href":"https:\/\/donation.vedicpandits.org\/et\/wp-json\/wp\/v2\/media?parent=7367"}],"curies":[{"name":"wp","href":"https:\/\/api.w.org\/{rel}","templated":true}]}}