{"id":7377,"date":"2014-04-10T12:36:56","date_gmt":"2014-04-10T12:36:56","guid":{"rendered":"https:\/\/vedicpandits.org\/?page_id=7377"},"modified":"2023-06-14T18:48:13","modified_gmt":"2023-06-14T18:48:13","slug":"faq","status":"publish","type":"page","link":"https:\/\/donation.vedicpandits.org\/et\/contact\/faq\/","title":{"rendered":"FAQ"},"content":{"rendered":"<h5>MAHARISHI VEEDAPANDITITESSE PUUTUV<\/h5>\n<div class=\"faqstyle\"><em>MIKS ON SEE GRUPP KOOSTATUD VAID MAHARISHI VEEDAPANDITITEST?<br \/>\n<\/em><br \/>\nTeaduslikud uuringud on n\u00e4idanud, et \u00fcksk\u00f5ik millise eluala inimeste \u00fchine Joogalendamine suudab anda v\u00f5imsa rahuimpulsi, ent \u00fchiskonnas harmoonia tagamine on traditsiooniliselt Maharishi Veedapanditite amet. Nad ei tee seda mitte ainult pikkade meditatsiooni ja Joogalendamise sessioonidega vaid nad sooritavad ka erilisi yagyaid rahu heaks. Nende yagyate sooritamine iga p\u00e4ev loob p\u00fcsiva ning v\u00f5imsa rahuimpulsi, mis on Maharishi Veedapandititele ainuomane. <\/p>\n<\/div>\n<div class=\"faqstyle\"><em>MIS ON VAHET VEEDAPANDITITEL JA MAHARISHI VEEDAPANDITITEL?<br \/>\n<\/em><br \/>\nK\u00f5igepealt, Maharishi Veedapanditid tegelevad Transtsendentaalse Meditatsiooni ning TM-Sidhi programmiga, Joogalendamine kaasaarvatud. Need tehnikad annavad vahetu transtsendentaalse puhta teadvuse kogemuse, mis on kogu veeda tarkuse aluseks. <\/p>\n<p>Oma igap\u00e4evaste meditatsioonide tulemusena sooritavad Maharishi Veedapanditid yagyaid palju s\u00fcgavamalt teadvuse tasandilt. Nad kaasavad sellega loodusseaduse s\u00fcgavamaid tasandeid, nii et yagyatel on palju v\u00f5imsam m\u00f5ju. <\/p>\n<p>Lisaks tegi Maharishi mitme aastak\u00fcmne jooksul tihedat koost\u00f6\u00f6d k\u00f5ige lugupeetumate Pandititega, taastamaks Veedapanditite v\u00e4lja\u00f5pe, et nad \u00f5piksid \u00f5iget tegutsemist ja h\u00e4\u00e4ldamist selle t\u00e4ielikus traditsioonilises efektiivsuses. K\u00fclalised m\u00e4rgivad sageli kui aeglaselt ja pehmelt Maharishi Veedapanditid retsiteerivad. See annab veeda helidele elut\u00e4htsa terviklikkuse kui nad l\u00e4bi keskkonna kajavad. <\/p>\n<\/div>\n<div class=\"faqstyle\">\n<em>KUI PALJU ON PRAEGU MAHARISHI VEEDAPANDITEID? <\/em><br \/>\nIndia Brahmasthani linnakus on praegu umbes 2000 Maharishi Veedapanditit. 26 v\u00e4lja\u00f5ppekeskuses \u00fcle India elab rohkem kui 3000 edasij\u00f5udnud panditi\u00f5pilast.<\/p>\n<\/div>\n<div class=\"faqstyle\">\n<em>MIS ON VEEDA?<\/em><br \/>\nVeeda t\u00e4hendab teadmist. See on palju rohkem kui iidsed raamatud. Maharishi on selgitanud, et Veeda on teadmine ja korraldav j\u00f5ud, mis on kogu loomise aluseks ja valitsejaks. Veedas sisaldub teadmine sellest, kuidas juhtida inimese elu selle k\u00f5ige k\u00f5rgema ning t\u00e4iuslikuma seisundi \u2013 valgustatuse seisundi \u2013 saavutamiseni.<\/p>\n<\/div>\n<div class=\"faqstyle\">\n<em>MIS ON JOOGALENDAMINE?<\/em><br \/>\nJoogalendamine on osa edasij\u00f5udnud TM-Sidhi programmist. \u00dcksikisiku jaoks integreerib Joogalendamine aju s\u00fcgavas meditatsioonis leitud vaikse koherentsuse d\u00fcnaamilise aktiivsusega, aidates sellega k\u00f5rgemaid teadvustasandeid arendada. \u00dchiskonna jaoks on t\u00f5estatud, et \u00fchiselt Joogalendamisega tegelevad grupid levitavad koosk\u00f5la ja harmooniat \u00fcmbritsevale rahavastikule. See viimane efekt kujundab \u00dclemaailmse Rahu Algatuse aluse.<\/p>\n<\/div>\n<div class=\"faqstyle\">\n<em>MILLEGA VEEDAPANDITID TEGELEVAD? <\/em><br \/>\nNende p\u00e4evaprogrammi, nii nagu Maharishi selle kavandas, kuulub varane t\u00f5usmine, meditatsioon ja \u00fchislendamine, Maharishi Yagyate sooritamine, \u00fchine einestamine ning aeg puhkuseks.<\/p>\n<\/div>\n<div class=\"faqstyle\">\n<em>MIKS JUST INDIA BRAHMASTHAN? <\/em><br \/>\nBrahmasthan t\u00e4hendab mingi elamise ala nagu maja, linn v\u00f5i riik, keskpaika. Maharishi on \u00f6elnud, et suurima rahuloova m\u00f5ju jaoks peaks Joogalendajate grupp asuma riigi Brahmasthanis. Sel p\u00f5hjusel ehitati Maharishi Veedapanditite p\u00f5hilinnak India Brahmasthani Jabalpuri l\u00e4hedal Madhya Pradeshi osariigis. <\/p>\n<\/div>\n<div class=\"faqstyle\">\n<em>MIS JUHTUB KUI EESM\u00c4RGIKS OLEV 9000 MAHARISHI VEEDAPANDITIT ON SAAVUTATUD? <\/em><br \/>\nSiis me p\u00fchitseme seda. Uus maailma rahu ajastu on siis saabunud. Kuna alati on ruumi progressile, j\u00e4tkavad Trust ja Fond Indias \u00fchise Joogalendamise ning yagyate l\u00e4bi viimisega tegelevate panditite arvu suurendamist, nii et maailmas oleks veel rohkem rahu ja koosk\u00f5la. <\/p>\n<\/div>\n<div class=\"faqstyle\">\n<em>KUIDAS MA SAAKSIN UUDISEID PANDITITE GRUPI EDENEMISE KOHTA? <\/em><br \/>\nParim viis on lihtsalt tellida tasuta infoleht. Igal kuul saadab Dr Harris Kaplan, Brahmananda Saraswati Trusti peadirektor, k\u00f5igile tellijatele \u00fchelehelise e-maili. Kui hakkate sellel veebisaidil annetajaks, saate need uudiskirjad automaatselt. <\/p>\n<p>Samuti v\u00f5ite \u00fchendust v\u00f5tta oma riigi \u2018Brahmananda Saraswati Trusti Saadikuga\u2019 ning paluda hoida end kursis k\u00f5igi algatustega oma riigis. <\/p>\n<\/div>\n<div class=\"faqstyle\">\n<em>KAS MA SAAN TOETADA \u00dcHT KINDLAT MAHARISHI VEEDAPANDITIT? <\/em><br \/>\nMe julgustame k\u00f5iki toetama panditeid igakuiselt. Te v\u00f5ite valida n\u00e4iteks kas \u00fche panditi kogutoetuse v\u00f5i osa sellest summast. \u00dcht Maharishi Veedapanditit saab t\u00e4ielikult toetada 250 USD-ga kuus. Selles sisaldub majutus koos s\u00f6\u00f6giga, palk, halduskulud, yagya tarvikud ning juhuslikud v\u00e4ljaminekud. Ent selleks, et v\u00f5imaldada hoida pandititel oma t\u00e4helepanu nende igap\u00e4evakohustustel, ei ole loodud \u00fcks-\u00fchele suhet annetajate ning \u00fcksik-panditite vahel. <\/p>\n<\/div>\n<h5 style=\"margin-top:30px;\">ANNETUSTESSE JA RAHANDUSSE PUUTUV<br \/>\n<\/h5>\n<div class=\"faqstyle\">\n<em>MIS ON VAHET MAHARISHI RAHVUSYAGYALE NING MAHARISHI VEEDAPANDIDITELE ANNETAMISE VAHEL?<br \/>\n<\/em><br \/>\nK\u00f5ik Maharishi Veedapanditite toeks tehtavad annetused arvestatakse automaatselt Rahvusyagya programmi. <\/p>\n<\/div>\n<div class=\"faqstyle\">\n<em>KAS MINU ANNETUS ON MAKSUVABA? <\/em><br \/>\nEU annetajatele: Stichting Brahmananda Saraswati Trustil (Madalmaad) on ANBI (Institution Aimed at the Common Good) (\u00fcldiseks h\u00fcvanguks t\u00f6\u00f6tav asutus) staatus, nii et Trustile tehtud annetused on Madalmaade elanikele ja n\u00fc\u00fcd ka teiste EU riikide kodanikele maksuvabad. Ent mitte k\u00f5ik EU riigid ei ole rakendanud maksuvabastust v\u00e4lismaistele asutustele tehtud annetustele. Nii et teiste EU riikide elanikud peale Madalmaade, palun k\u00fcsige oma Saadikult.<br \/>\nUS annetajatele: Brahmananda Saraswati Fond (US) on a 501 (c) (3) organisatsioon ning talle tehtavad annetused on US maksumaksjatele maksuvabad.<br \/>\nTeistele riikidele: M\u00f5ned rahvuslikud heategevusorganisatsioonid pakuvad Maharishi Veedapanditite annetustele maksuvaba staatust. Selliseid on \u00dchendkuningriikides, Kanadas ja Uus-Meremaal. Vajuta riigi nimele, et rohkem teada saada, kuidas l\u00e4bi oma rahvusorganisatsiooni annetust teha. Isegi kui sinu riik ei ole allpool maksusoodustusi pakkuvate riikide nimekirjas, saad siiski toetada Maharishi Veedapanditeid igast maailma riigist, tehes online annetuse Brahmananda Saraswati Trustile v\u00f5i Fondile. <\/p>\n<\/div>\n<div class=\"faqstyle\">\n<em>MIKS ON NII OLULINE ANNETADA IGAL KUUL? <\/em><br \/>\n\u00dchekordsed annetused on soojalt teretulnud ning alati abiks. Ent Maharishi Veedapanditid on palgatud Brahmasthani linnakusse t\u00f6\u00f6le ning kui me nad juba t\u00f6\u00f6le v\u00f5tame, tahame olla kindlad, et suudame neid p\u00fcsivalt usaldusv\u00e4\u00e4rselt toetada. Nii julgustame oma annetajaid tegema igakuiseid p\u00fcsiannetusi ning looma stabiilset annetajate baasi, millele 9000 gruppi ehitada. <\/p>\n<\/div>\n<div class=\"faqstyle\">\n<em>MILLINE PROTSENT MINU ANNETUSEST L\u00c4HEB VEEDAPANDITITE TOETUSEKS?<br \/>\n<\/em><br \/>\n\u00dcle 90% regulaarsetest annetustest l\u00e4heb Indiasse Maharishi Veedapanditite toetuseks. V\u00e4hem kui 10% kasutakse krediitkaardi, \u00fclekannete ning halduskuludeks. Heategevusorganisatsioonides peetakse v\u00e4hem kui 10% madalaks kuluks. <\/p>\n<\/div>\n<div class=\"faqstyle\">\n<em>KUI PALJU RIIKE ANNETAB MAHARISHI VEEDAPANDITITELE? <\/em><br \/>\nMaharishi Veedapanditeid toetavad annetajad enam kui 100 riigist.<\/p>\n<\/div>\n<div class=\"faqstyle\">\n<em>Kuidas sihtkapitali hallatakse? <\/em><br \/>\nToetusfondi tehtavad annetused ei l\u00e4he mitte Indiasse vaid investeeritakse. Panditite toetuseks kasutatakse vaid investeeringutelt tulev tulu, nii ei saa Toetusfond kunagi t\u00fchjaks. BSF-i ja BST-i investeerimiskomiteed juhib r\u00fchm kogenud administraatoreid erinevatest ettev\u00f5tetest ja finantsasutustest. <a href=\"https:\/\/donation.vedicpandits.org\/et\/about-us\/#esinvestmentcommittee\" rel=\"noopener\" target=\"_blank\">Investeerimiskomitee vaatamiseks kl\u00f5psake siin.<\/a><\/p>\n<\/div>\n","protected":false},"excerpt":{"rendered":"<p>MAHARISHI VEEDAPANDITITESSE PUUTUV MIKS ON SEE GRUPP KOOSTATUD VAID MAHARISHI VEEDAPANDITITEST? Teaduslikud uuringud on n\u00e4idanud, et \u00fcksk\u00f5ik millise eluala inimeste \u00fchine Joogalendamine suudab anda v\u00f5imsa rahuimpulsi, ent \u00fchiskonnas harmoonia tagamine on traditsiooniliselt Maharishi Veedapanditite amet. Nad ei tee seda mitte ainult pikkade meditatsiooni ja Joogalendamise sessioonidega vaid nad sooritavad ka erilisi yagyaid rahu heaks. Nende [&hellip;]<\/p>\n","protected":false},"author":3,"featured_media":165,"parent":6491,"menu_order":0,"comment_status":"open","ping_status":"closed","template":"","meta":{"om_disable_all_campaigns":false,"_monsterinsights_skip_tracking":false,"_monsterinsights_sitenote_active":false,"_monsterinsights_sitenote_note":"","_monsterinsights_sitenote_category":0,"footnotes":""},"class_list":["post-7377","page","type-page","status-publish","has-post-thumbnail","hentry"],"_links":{"self":[{"href":"https:\/\/donation.vedicpandits.org\/et\/wp-json\/wp\/v2\/pages\/7377","targetHints":{"allow":["GET"]}}],"collection":[{"href":"https:\/\/donation.vedicpandits.org\/et\/wp-json\/wp\/v2\/pages"}],"about":[{"href":"https:\/\/donation.vedicpandits.org\/et\/wp-json\/wp\/v2\/types\/page"}],"author":[{"embeddable":true,"href":"https:\/\/donation.vedicpandits.org\/et\/wp-json\/wp\/v2\/users\/3"}],"replies":[{"embeddable":true,"href":"https:\/\/donation.vedicpandits.org\/et\/wp-json\/wp\/v2\/comments?post=7377"}],"version-history":[{"count":11,"href":"https:\/\/donation.vedicpandits.org\/et\/wp-json\/wp\/v2\/pages\/7377\/revisions"}],"predecessor-version":[{"id":78057,"href":"https:\/\/donation.vedicpandits.org\/et\/wp-json\/wp\/v2\/pages\/7377\/revisions\/78057"}],"up":[{"embeddable":true,"href":"https:\/\/donation.vedicpandits.org\/et\/wp-json\/wp\/v2\/pages\/6491"}],"wp:featuredmedia":[{"embeddable":true,"href":"https:\/\/donation.vedicpandits.org\/et\/wp-json\/wp\/v2\/media\/165"}],"wp:attachment":[{"href":"https:\/\/donation.vedicpandits.org\/et\/wp-json\/wp\/v2\/media?parent=7377"}],"curies":[{"name":"wp","href":"https:\/\/api.w.org\/{rel}","templated":true}]}}