{"id":7383,"date":"2015-03-11T10:43:55","date_gmt":"2015-03-11T10:43:55","guid":{"rendered":"https:\/\/vedicpandits.org\/?page_id=7383"},"modified":"2017-07-17T09:21:20","modified_gmt":"2017-07-17T09:21:20","slug":"intermediary-donation-page","status":"publish","type":"page","link":"https:\/\/donation.vedicpandits.org\/et\/intermediary-donation-page\/","title":{"rendered":"Intermediary Donation Page"},"content":{"rendered":"<h2 style=\"margin-bottom: 30px; color: white; background: none repeat scroll 0 0 #e37d22; font-size: 17px; text-align: center; padding-top: 10px;\">TEIE TOETUS MAHARISHI VEEDAPANDITITELE ANNAB MAAILMALE V\u00d5IMSA RAHUIMPULSI<\/h2>\n<div class=\"grid grid-desktop-30 grid-mobile-100\">\n<div class=\"holder\"><img loading=\"lazy\" decoding=\"async\" class=\"alignleft size-full wp-image-2490\" src=\"\/wp-content\/uploads\/2015\/03\/photo_pandit_donatepage1.jpg\" alt=\"photo_pandit_donatepage\" width=\"234\" height=\"284\" \/><\/div>\n<\/div>\n<div class=\"grid grid-desktop-70 grid-mobile-100\">\n<div class=\"holder\">\n<h4>ANNETAMINE<\/h4>\n<p>Allpool saate liikuda edasi toetuste lehek\u00fcljele, kus saate teha otse<br \/>\nannetuse Maharishi Veedapandititele. Annetuse saate teha<br \/>\nkrediitkaardiga. V\u00f5i v\u00f5ite kasutada PayPali.<\/p>\n<p>Toetuste lehek\u00fclg on t\u00e4ielikult inglisekeelne. V\u00e4ljade t\u00e4itmisel \u00e4rge<br \/>\nkasutage t\u00e4pit\u00e4hti.<\/p>\n<p style=\"text-align: center;\"><a class=\"btn btn-large\" href=\"https:\/\/aro.vedicpandits.org\/donate\">&gt; TOETAGE MEIE PROJEKTI<\/a><\/p>\n<\/div>\n<\/div>\n","protected":false},"excerpt":{"rendered":"<p>TEIE TOETUS MAHARISHI VEEDAPANDITITELE ANNAB MAAILMALE V\u00d5IMSA RAHUIMPULSI ANNETAMINE Allpool saate liikuda edasi toetuste lehek\u00fcljele, kus saate teha otse annetuse Maharishi Veedapandititele. Annetuse saate teha krediitkaardiga. V\u00f5i v\u00f5ite kasutada PayPali. Toetuste lehek\u00fclg on t\u00e4ielikult inglisekeelne. V\u00e4ljade t\u00e4itmisel \u00e4rge kasutage t\u00e4pit\u00e4hti. &gt; TOETAGE MEIE PROJEKTI<\/p>\n","protected":false},"author":3,"featured_media":0,"parent":0,"menu_order":0,"comment_status":"closed","ping_status":"closed","template":"","meta":{"om_disable_all_campaigns":false,"_monsterinsights_skip_tracking":false,"_monsterinsights_sitenote_active":false,"_monsterinsights_sitenote_note":"","_monsterinsights_sitenote_category":0,"footnotes":""},"class_list":["post-7383","page","type-page","status-publish","hentry"],"_links":{"self":[{"href":"https:\/\/donation.vedicpandits.org\/et\/wp-json\/wp\/v2\/pages\/7383","targetHints":{"allow":["GET"]}}],"collection":[{"href":"https:\/\/donation.vedicpandits.org\/et\/wp-json\/wp\/v2\/pages"}],"about":[{"href":"https:\/\/donation.vedicpandits.org\/et\/wp-json\/wp\/v2\/types\/page"}],"author":[{"embeddable":true,"href":"https:\/\/donation.vedicpandits.org\/et\/wp-json\/wp\/v2\/users\/3"}],"replies":[{"embeddable":true,"href":"https:\/\/donation.vedicpandits.org\/et\/wp-json\/wp\/v2\/comments?post=7383"}],"version-history":[{"count":10,"href":"https:\/\/donation.vedicpandits.org\/et\/wp-json\/wp\/v2\/pages\/7383\/revisions"}],"predecessor-version":[{"id":11252,"href":"https:\/\/donation.vedicpandits.org\/et\/wp-json\/wp\/v2\/pages\/7383\/revisions\/11252"}],"wp:attachment":[{"href":"https:\/\/donation.vedicpandits.org\/et\/wp-json\/wp\/v2\/media?parent=7383"}],"curies":[{"name":"wp","href":"https:\/\/api.w.org\/{rel}","templated":true}]}}