{"id":1341,"date":"2014-04-08T07:10:05","date_gmt":"2014-04-08T07:10:05","guid":{"rendered":"https:\/\/vedicpandits.org\/?page_id=1341"},"modified":"2024-06-26T13:05:36","modified_gmt":"2024-06-26T13:05:36","slug":"about-us","status":"publish","type":"page","link":"https:\/\/donation.vedicpandits.org\/fr\/about-us\/","title":{"rendered":"QUI SOMMES NOUS?"},"content":{"rendered":"<h4>LE FONDS ET LA FONDATION  <\/h4>\n<p>Le financement du groupe de pandits v\u00e9diques Maharishi est g\u00e9r\u00e9 par le Fonds Brahmananda Saraswati aux Pays-Bas et par la Fondation Brahmananda Saraswati aux \u00c9tats-Unis.<\/p>\n<p>Le Fonds et la Fondation ont pour mission de superviser le programme de collecte de dons au niveau mondial et de g\u00e9rer les investissements du fonds de dotation. Conjointement, ils effectuent toutes les mises \u00e0 disposition de fonds \u00e0 leurs partenaires en Inde et en contr\u00f4lent l\u2019utilisation pour veiller \u00e0 ce que les objectifs du projet soient atteints. Le Fonds et la Fondation sont dirig\u00e9s par un conseil compos\u00e9 de scientifiques, d&rsquo;enseignants et de chefs d\u2019entreprise du monde entier.<\/p>\n<p>Ces deux organismes ont \u00e9t\u00e9 mis en place par Maharishi Mahesh Yogi et nomm\u00e9s ainsi en hommage au ma\u00eetre de Maharishi, Guru Dev, Brah-mananda Saraswati, l&rsquo;un des ma\u00eetres spirituels les plus v\u00e9n\u00e9r\u00e9s de l\u2019Inde. Il porta notamment le titre de Shankaracharya de Jyotir Math (Inde), le plus haut repr\u00e9sentant de la tradition v\u00e9dique.<\/p>\n<div class=\"border-line\">&nbsp;<\/div>\n<div class=\"grid-holder grid-border-50\">\n<div class=\"grid grid-desktop-50 grid-mobile-100\"><div class=\"holder\"><h4>Fonds Brahmananda Saraswati<\/h4>\n<p>Cr\u00e9\u00e9 aux Pays-Bas en 2008 en tant qu&rsquo;organisme \u00e0 but non lucratif, le Fonds Brahmananda Saraswati (Stichting) \u00e9tend ses activit\u00e9s \u00e0 l&rsquo;Europe, au Moyen-Orient ainsi qu\u2019aux pays africains et asiatiques. Les dons font l&rsquo;objet d&rsquo;une d\u00e9duction d&rsquo;imp\u00f4ts dans plusieurs pays europ\u00e9ens. Veuillez v\u00e9rifier aupr\u00e8s de votre conseiller fiscal.<\/p>\n<\/div><\/div>\n<div class=\"grid grid-desktop-50 grid-mobile-100\"><div class=\"holder\"><h4>Fondation BRAHMANANDA SARASWATI<\/h4>\n<p>Mise en place aux \u00c9tats-Unis en 2008, la Fondation Brahmananda Saraswati est un organisme \u00e0 but non lucratif, tel que d\u00e9fini \u00e0 l&rsquo;article 501(c)(3) du code f\u00e9d\u00e9ral des imp\u00f4ts am\u00e9ricains (Internal Revenue Code). Les dons sont d\u00e9ductibles pour les contribuables am\u00e9ricains .<\/p>\n<\/div><\/div>\n<\/div>\n<p style=\"text-align: center;\"><a href=\"#frfinancialstatements\">Cliquez ici<\/a>  pour consulter les comptes annuels contr\u00f4l\u00e9s de BST Netherlands et de BSF USA. <\/p>\n<div class=\"border-line\">&nbsp;<\/div>\n<strong>Pr\u00e9sident de la Fondation Brahmananda Saraswati <\/strong><\/p>\n<p><img loading=\"lazy\" decoding=\"async\" src=\"https:\/\/globalpeaceproject.net\/wp-content\/uploads\/2020\/08\/Dr._Tony_Nader4.png\" alt=\"\" width=\"125\" height=\"164\" class=\"alignleft size-full wp-image-359\" \/><\/p>\n<p><strong>Tony Nader, MD PhD MARR <\/strong><\/p>\n<p style=\"margin-bottom:20px;\">Le Dr. Nader est un m\u00e9decin form\u00e9 au Massachusetts Institute of Technology (docteur en neurosciences) et \u00e0 l&rsquo;Universit\u00e9 de Harvard, et un sp\u00e9cialiste v\u00e9dique de renomm\u00e9e mondiale. En tant que successeur de Maharishi Mahesh Yogi, le Dr Nader dirige les organisations internationales de M\u00e9ditation Transcendantale\u00ae dans plus de 100 pays. Il guide le programme de M\u00e9ditation Transcendantale et de ses pratiques avanc\u00e9es dans le but de r\u00e9pondre aux plus hautes aspirations de la soci\u00e9t\u00e9 dans tous les domaines de la vie nationale.<\/p>\n<div class=\"border-line\">&nbsp;<\/div>\n<p><strong> Pr\u00e9sident du conseil d&rsquo;administration de la Fondation Brahmananda Saraswati<\/strong><\/p>\n<p><img loading=\"lazy\" decoding=\"async\" src=\"https:\/\/donation.vedicpandits.org\/wp-content\/uploads\/2020\/10\/DrMorris.jpg\" alt=\"\" width=\"125\" height=\"164\" class=\"alignleft size-full wp-image-359\" \/><\/p>\n<p><strong>Dr. Bevan Morris, D.S.C.I<\/strong><\/p>\n<p style=\"margin-bottom:0px;\">Le Dr. Morris est dipl\u00f4m\u00e9 de l&rsquo;Universit\u00e9 de Cambridge, Angleterre. Il a \u00e9t\u00e9 la premi\u00e8re personne au monde \u00e0 recevoir le doctorat en science de l&rsquo;intelligence cr\u00e9atrice de Maharishi. Pendant 36 ans, il a pr\u00e9sid\u00e9 l&rsquo;Universit\u00e9 Maharishi de management \u00e0 Fairfield, Iowa, \u00c9tats-Unis, et est d\u00e9sormais pr\u00e9sident \u00e9m\u00e9rite et pr\u00e9sident international des universit\u00e9s de management Maharishi. Le Dr. Morris est le plus grand expert au monde de l\u2019\u00e9ducation Maharishi fond\u00e9e sur la conscience et a pr\u00e9sent\u00e9 les programmes de Maharishi dans plus de 120 pays au public, ainsi qu\u2019aux responasables de gouvernements, de l\u2019\u00e9ducation et des entreprises.<\/p>\n<div class=\"border-line\">&nbsp;<\/div>\n<strong> Pr\u00e9sident du conseil d&rsquo;administration de Brahmananda Saraswati Trust et PDG de Brahmananda Saraswati Foundation and Trust (The Netherlands)<\/strong><\/p>\n<p><img loading=\"lazy\" decoding=\"async\" src=\"https:\/\/donation.vedicpandits.org\/wp-content\/uploads\/2020\/10\/harris_kaplan_4.jpg\" alt=\"\" width=\"125\" height=\"164\" class=\"alignleft size-full wp-image-359\" \/><\/p>\n<p><strong>Dr. Harris Kaplan, D.S.C.I <\/strong><\/p>\n<p style=\"margin-bottom:0px;\">Apr\u00e8s avoir pris sa retraite en 1999 \u00e0 la suite d&rsquo;une carri\u00e8re r\u00e9ussie en tant que gestionnaire de fonds d&rsquo;investissement, le Dr. Kaplan a consacr\u00e9 son temps au soutien des programmes men\u00e9s par des organisations de M\u00e9ditation Transcendantale dans le monde. Depuis 2006, il est l&rsquo;administrateur principal des projets d&rsquo;organisation de la M\u00e9ditation Transcendantale en Inde, notamment de la formation et du soutien de milliers de pandits v\u00e9diques Maharishi. Il est PDG de BSF depuis sa cr\u00e9ation et si\u00e8ge \u00e9galement \u00e0 sa commission des finances, aidant \u00e0 superviser les dotations. <\/p>\n<div class=\"border-line\">&nbsp;<\/div>\n<p><strong>Comit\u00e9 Ex\u00e9cutif de BSF &#038; BST<\/strong><\/p>\n<ul>\n<li>Dr. Bevan Morris &#8211; \u00c9ducateur<br \/>\n    Maharishi Vedic City, Iowa \u00c9tats-Unis<\/p>\n<li>Harris Kaplan DSCI &#8211; Gestionnaire de fonds d&rsquo;investissement \u00e0 la retraite<br \/>\n     Vlodrop, Pays-Bas<\/p>\n<li>John Hagelin \u2013 docteur en physique quantique : pr\u00e9sident de l&rsquo;Union mondiale des scientifiques pour la paix ; Pr\u00e9sident de Maharishi International University, Fairfield, IA, \u00c9tats-Unis\n<li> Robert LoPinto &#8211; Homme d&rsquo;affaires et administrateur<br \/>\n     Rockville, MD, \u00c9tats-Unis<\/p>\n<li>Steve Rubin \u2013 Homme d&rsquo;affaires et administrateur<br \/>\n    Sebastian, FL, USA\n<\/ul>\n<div class=\"border-line\">&nbsp;<\/div>\n<h4>Membres du conseil d&rsquo;administration de BSF<\/h4>\n<div class=\"grid-holder\">\n<div class=\"grid grid-desktop-50 grid-mobile-100\"><div class=\"holder\"><ul>\n<li>Jose Luis Alvares \u2013 Administrateur<br \/>\n    Barcelone, Espagne<\/p>\n<li>Antonio Bartolom\u00e9 \u2013 Homme d&rsquo;affaires<br \/>\n    Banast\u00e1s, Huesca, Espagne<\/p>\n<li>Dr. Leslie Brooks, M.A. \u2013 Administrateur<br \/>\n    Lincoln, MA, \u00c9tats-Unis<\/p>\n<li>Howard Martin Chandler, Ph.D. \u2013 \u00c9ducateur<br \/>\n    Boston, MA , \u00c9tats-Unis<\/p>\n<li>Rafael David &#8211; Entrepreneur en affaires<br \/>\nVero Beach, FL, \u00c9tats-Unis<\/p>\n<\/div><\/div>\n<div class=\"grid grid-desktop-50 grid-mobile-100\"><div class=\"holder\"><li>Dr. Arlene Kaplan \u2013 Administratrice<br \/>\n    Vlodrop, The Netherlands<\/p>\n<li>Dr. Neil Paterson  &#8211; Administrateur<br \/>\n    Salt Spring Island, Canada<\/p>\n<li>Rainer Picha, M.D. \u2013 Cardiologue et chercheur<br \/>\n    Vienna, Autriche<\/p>\n<li>Dr. Susie Swan  &#8211; Administratrice et graphiste<br \/>\n    Pays-Bas et Cape Town, Afrique du Sud<\/p>\n<li>Maureen Wynne, J.D. \u2013 Avocat<br \/>\n    Maharishi Vedic City, IA, \u00c9tats-Unis\n<\/ul>\n<\/div><\/div>\n<\/div>\n<p id=\"comite_financier\">\n<div class=\"border-line\">&nbsp;<\/div>\n<h4>Comit\u00e9 financier de BSF &#038; BST<\/h4>\n<div class=\"grid-holder\">\n<div class=\"grid grid-desktop-50 grid-mobile-100\"><div class=\"holder\"><ul>\n<li>Harris Kaplan, D.S.C.I<br \/>\nGestionnaire de fonds d&rsquo;investissement \u00e0 la retraite<br \/>\nFondateur et ancien PDG d&rsquo;Eastgate Financial Services Ltd., \u00c9tats-Unis<\/p>\n<li>Robert LoPinto<br \/>\nHomme d&rsquo;affaires \u00e0 la retraite<br \/>\nRockville, MD, \u00c9tats-Unis<\/p>\n<li>Jeffrey S. Abramson<br \/>\nPromoteur immobilier<br \/>\nAssoci\u00e9, Tower Companies, \u00c9tats-Unis<\/p>\n<li>Steve Rubin<br \/>\nDirigeant d&rsquo;entreprise \u00e0 la retraite<br \/>\nAncien pr\u00e9sident-directeur g\u00e9n\u00e9ral, United Fuels International Inc., \u00c9tats-Unis<\/p>\n<\/div><\/div>\n<div class=\"grid grid-desktop-50 grid-mobile-100\"><div class=\"holder\"><li>Ted Hirsch<br \/>\n\u00c9conomiste et gestionnaire de portefeuille<br \/>\nVanderbilt Financial Group, New York, \u00c9tats-Unis<\/p>\n<li>Eric Schwartz<br \/>\nConseiller financier<br \/>\nFondateur et CEO, Cambridge Investment Research, USA<\/p>\n<li>Michael Dreben<br \/>\nCharg\u00e9e de Financement d&rsquo;Entreprise et de D\u00e9veloppement des Affaires<br \/>\nCEO, Grenadier Management, LLC\n<\/ul>\n<\/div><\/div>\n<div class=\"grid grid-desktop-50 grid-mobile-100\"><div class=\"holder\"><\/div><\/div>\n<\/div>\n","protected":false},"excerpt":{"rendered":"<p>LE FONDS ET LA FONDATION Le financement du groupe de pandits v\u00e9diques Maharishi est g\u00e9r\u00e9 par le Fonds Brahmananda Saraswati aux Pays-Bas et par la Fondation Brahmananda Saraswati aux \u00c9tats-Unis. Le Fonds et la Fondation ont pour mission de superviser le programme de collecte de dons au niveau mondial et de g\u00e9rer les investissements du [&hellip;]<\/p>\n","protected":false},"author":3,"featured_media":52794,"parent":0,"menu_order":0,"comment_status":"open","ping_status":"closed","template":"template-about.php","meta":{"om_disable_all_campaigns":false,"_monsterinsights_skip_tracking":false,"_monsterinsights_sitenote_active":false,"_monsterinsights_sitenote_note":"","_monsterinsights_sitenote_category":0,"footnotes":""},"class_list":["post-1341","page","type-page","status-publish","has-post-thumbnail","hentry"],"_links":{"self":[{"href":"https:\/\/donation.vedicpandits.org\/fr\/wp-json\/wp\/v2\/pages\/1341","targetHints":{"allow":["GET"]}}],"collection":[{"href":"https:\/\/donation.vedicpandits.org\/fr\/wp-json\/wp\/v2\/pages"}],"about":[{"href":"https:\/\/donation.vedicpandits.org\/fr\/wp-json\/wp\/v2\/types\/page"}],"author":[{"embeddable":true,"href":"https:\/\/donation.vedicpandits.org\/fr\/wp-json\/wp\/v2\/users\/3"}],"replies":[{"embeddable":true,"href":"https:\/\/donation.vedicpandits.org\/fr\/wp-json\/wp\/v2\/comments?post=1341"}],"version-history":[{"count":14,"href":"https:\/\/donation.vedicpandits.org\/fr\/wp-json\/wp\/v2\/pages\/1341\/revisions"}],"predecessor-version":[{"id":90880,"href":"https:\/\/donation.vedicpandits.org\/fr\/wp-json\/wp\/v2\/pages\/1341\/revisions\/90880"}],"wp:featuredmedia":[{"embeddable":true,"href":"https:\/\/donation.vedicpandits.org\/fr\/wp-json\/wp\/v2\/media\/52794"}],"wp:attachment":[{"href":"https:\/\/donation.vedicpandits.org\/fr\/wp-json\/wp\/v2\/media?parent=1341"}],"curies":[{"name":"wp","href":"https:\/\/api.w.org\/{rel}","templated":true}]}}