{"id":1365,"date":"2014-04-08T07:02:34","date_gmt":"2014-04-08T07:02:34","guid":{"rendered":"https:\/\/vedicpandits.org\/?page_id=1365"},"modified":"2025-05-03T16:22:08","modified_gmt":"2025-05-03T16:22:08","slug":"home","status":"publish","type":"page","link":"https:\/\/donation.vedicpandits.org\/fr\/","title":{"rendered":"Accueil"},"content":{"rendered":"<h4>TECHNOLOGIES VEDIQUES DE LA CONSCIENCE ET PAIX MONDIALE<\/h4>\n<p>Un important groupe de pandits v\u00e9diques Maharishi est en cours de constitution en Inde dans le but d\u2019exercer une influence positive sur le monde entier. Plus de 40 ann\u00e9es de recherches scientifiques ont prouv\u00e9 qu\u2019un groupe de 9 000 pandits am\u00e9liorera consid\u00e9rablement la qualit\u00e9 de la vie \u00e0 l&rsquo;\u00e9chelle mondiale.<\/p>\n<p>Gr\u00e2ce aux dons g\u00e9n\u00e9reux venus de plus de 90 pays, le nombre de pandits d\u00e9passe aujourd&rsquo;hui la barre des 2 000 sur le campus du Brahmasthan (ou centre g\u00e9ographique) de l&rsquo;Inde. Notre objectif est de financer un groupe de 9 000 pandits v\u00e9diques par des dons mensuels r\u00e9guliers et de cr\u00e9er ensuite un fonds de dotation qui s\u00e9curisera d\u00e9finitivement ce soutien et garantira durablement la paix mondiale.<\/p>\n<p>L\u2019UNESCO a inscrit les r\u00e9citations v\u00e9diques sur la liste du patrimoine culturel immat\u00e9riel de l&rsquo;humanit\u00e9.<\/p>\n<div style=\"width:200px; margin-top:50px; margin-left:10px;\"  class=\"align right\">\n\t<a href=\"https:\/\/donation.vedicpandits.org\/fr\/?image_video=https%3A%2F%2Fwww.youtube.com%2Fwatch%3Fv%3DZehYn3Sanow%3Frel%3D0\" class=\"video-link \"><img decoding=\"async\" class=\"alignnone size-full wp-image-285\" src=\"https:\/\/donation.vedicpandits.org\/wp-content\/uploads\/2018\/03\/Tall-blue-globe-copy.jpeg\" alt=\"landscape format of blue globe with pandits\" width=\"200\" \/><\/a>\n\n\t<\/div>\n<h4 style=\"margin-top:25px;\">Une br\u00e8ve vid\u00e9o<\/h4>\n<p>En seulement quatorze minutes, vous comprendrez comment la M\u00e9ditation Transcendantale et ses techniques avanc\u00e9s peuvent effectivement cr\u00e9er un monde en paix. Cette br\u00e8ve vid\u00e9o explique de mani\u00e8re simple et claire, avec des animations, des exemples et des recherches scientifiques, les diff\u00e9rentes \u00e9tapes de ta r\u00e9alisation de la paix mondiale. Veuillez cliquer sur l&rsquo;image pour visionner les 14 mn de la vid\u00e9o d&rsquo;introduction<\/p>\n<p><!--\n\n<h4>CARTES \u00c9LECTRONIQUES<\/h4>\n\n\nToutes les cartes \u00e9lectroniques pr\u00e9sentent de belles photos des pandits v\u00e9diques Maharishi, mises en valeur par les r\u00e9citations des pandits v\u00e9diques Maharishi en mode audio, vid\u00e9o et\/ou des diapositives. Nous esp\u00e9rons que vous appr\u00e9cierez ces <a href=\"https:\/\/donation.vedicpandits.org\/ecard\/\">cartes \u00e9lectroniques<\/a> et que vous pourrez les partager avec vos amis.--><\/p>\n","protected":false},"excerpt":{"rendered":"<p>TECHNOLOGIES VEDIQUES DE LA CONSCIENCE ET PAIX MONDIALE Un important groupe de pandits v\u00e9diques Maharishi est en cours de constitution en Inde dans le but d\u2019exercer une influence positive sur le monde entier. Plus de 40 ann\u00e9es de recherches scientifiques ont prouv\u00e9 qu\u2019un groupe de 9 000 pandits am\u00e9liorera consid\u00e9rablement la qualit\u00e9 de la vie [&hellip;]<\/p>\n","protected":false},"author":3,"featured_media":0,"parent":0,"menu_order":0,"comment_status":"open","ping_status":"closed","template":"template-home.php","meta":{"om_disable_all_campaigns":false,"_monsterinsights_skip_tracking":false,"_monsterinsights_sitenote_active":false,"_monsterinsights_sitenote_note":"","_monsterinsights_sitenote_category":0,"footnotes":""},"class_list":["post-1365","page","type-page","status-publish","hentry"],"_links":{"self":[{"href":"https:\/\/donation.vedicpandits.org\/fr\/wp-json\/wp\/v2\/pages\/1365","targetHints":{"allow":["GET"]}}],"collection":[{"href":"https:\/\/donation.vedicpandits.org\/fr\/wp-json\/wp\/v2\/pages"}],"about":[{"href":"https:\/\/donation.vedicpandits.org\/fr\/wp-json\/wp\/v2\/types\/page"}],"author":[{"embeddable":true,"href":"https:\/\/donation.vedicpandits.org\/fr\/wp-json\/wp\/v2\/users\/3"}],"replies":[{"embeddable":true,"href":"https:\/\/donation.vedicpandits.org\/fr\/wp-json\/wp\/v2\/comments?post=1365"}],"version-history":[{"count":50,"href":"https:\/\/donation.vedicpandits.org\/fr\/wp-json\/wp\/v2\/pages\/1365\/revisions"}],"predecessor-version":[{"id":100349,"href":"https:\/\/donation.vedicpandits.org\/fr\/wp-json\/wp\/v2\/pages\/1365\/revisions\/100349"}],"wp:attachment":[{"href":"https:\/\/donation.vedicpandits.org\/fr\/wp-json\/wp\/v2\/media?parent=1365"}],"curies":[{"name":"wp","href":"https:\/\/api.w.org\/{rel}","templated":true}]}}