{"id":1370,"date":"2014-04-08T07:09:10","date_gmt":"2014-04-08T07:09:10","guid":{"rendered":"https:\/\/vedicpandits.org\/?page_id=1370"},"modified":"2015-05-02T09:20:05","modified_gmt":"2015-05-02T09:20:05","slug":"maharishi","status":"publish","type":"page","link":"https:\/\/donation.vedicpandits.org\/fr\/maharishi\/","title":{"rendered":"Maharishi"},"content":{"rendered":"<h4>MAHARISHI MAHESH YOGI<\/h4>\n<p>Maharishi Mahesh Yogi est le sp\u00e9cialiste v\u00e9dique le plus reconnu de notre \u00e9poque et un scientifique majeur dans le domaine de la conscience. Le terme \u00ab v\u00e9dique \u00bb se r\u00e9f\u00e8re \u00e0 la connaissance pure et compl\u00e8te de la tradition \u00e9ternelle de l\u2019Inde.<br \/>\nMaharishi est connu pour son enseignement de la M\u00e9ditation Transcendantale, la technique de d\u00e9veloppement personnel qui a fait l\u2019objet du plus grand nombre de recherches scientifiques (voir ci-dessous). Maharishi a en outre redonn\u00e9 toute sa puret\u00e9 \u00e0 la tradition v\u00e9dique, \u00e0 savoir \u00e0 la connaissance v\u00e9dique et aux programmes qui en \u00e9manent. Il a mis en place des programmes concrets de fa\u00e7on \u00e0 ce que chacun, partout, puisse vivre la pleine promesse de la vie v\u00e9dique : une vie en paix, dans l\u2019abondance et en pleine sant\u00e9.<br \/>\nMaharishi a remis \u00e0 jour plusieurs aspects oubli\u00e9s ou mal interpr\u00e9t\u00e9s de la science v\u00e9dique. Il a mis en place des programmes, notamment dans la sant\u00e9, l&rsquo;enseignement, la d\u00e9fense, l&rsquo;administration, l&rsquo;architecture.<\/p>\n<div class=\"border-line\">&nbsp;<\/div>\n<h4>UNE APPROCHE SYSTEMATIQUE POUR ATTEINDRE L&rsquo;ILLUMINATION<\/h4>\n<p>Pendant des si\u00e8cles, la m\u00e9ditation et la voie pour atteindre l&rsquo;illumination ont \u00e9t\u00e9 mal interpr\u00e9t\u00e9es, y compris en Inde. Elles relevaient, pensait-on, de la religion ou de la philosophie et \u00e9taient souvent associ\u00e9es \u00e0 l&rsquo;id\u00e9e de renoncement. Maharishi a mis en lumi\u00e8re la v\u00e9rit\u00e9 v\u00e9dique selon laquelle la m\u00e9ditation ne requiert ni effort ni concentration. D\u00e8s que l\u2019esprit commence la pratique correctement, la m\u00e9ditation se d\u00e9roule spontan\u00e9ment, de fa\u00e7on ais\u00e9e et naturelle. Maharishi a con\u00e7u un programme syst\u00e9matique pour d\u00e9velopper les \u00e9tats de conscience sup\u00e9rieurs gr\u00e2ce auxquels la vie quotidienne est v\u00e9cue dans l\u2019unit\u00e9.<\/p>\n<p>Maharishi a inspir\u00e9 les scientifiques \u00e0 se pencher sur les bienfaits de la M\u00e9ditation Transcendantale. Plus de 600 \u00e9tudes ont \u00e9t\u00e9 publi\u00e9es par 200 organismes ind\u00e9pendants dans 35 pays depuis la parution en 1970 de la premi\u00e8re recherche scientifique sur le sujet. Ces \u00e9tudes montrent que la M\u00e9ditation Transcendantale est \u00e0 la base de nombreux bienfaits pour la sant\u00e9, la psychologie et en sociologie. Une grande partie de ces \u00e9tudes est publi\u00e9e dans des revues scientifiques, m\u00e9dicales et professionnelles r\u00e9put\u00e9es.<\/p>\n<div class=\"border-line\">&nbsp;<\/div>\n<h4>UN RACCOURCI VERS LA PAIX MONDIALE<\/h4>\n<p>Par le programme avanc\u00e9 de MT-Sidhi, notamment la pratique en groupe du vol yogique, Maharishi propose une technologie qui peut apporter coh\u00e9rence et paix dans la conscience collective de n\u2019importe quel pays. Soulignons que ce programme n\u2019implique la participation que d\u2019un pourcentage restreint de la population. A grande \u00e9chelle, la pratique en groupe du vol yogique est le premier moyen de b\u00e2tir la paix mondiale qui ait fait l\u2019objet d\u2019une validation scientifique. Les recherches effectu\u00e9es sur le terrain ont en outre d\u00e9montr\u00e9 que cette pratique am\u00e9liore, entre autres, la sant\u00e9, le comportement social ou encore le niveau de vie.<\/p>\n<p>Pour que ce programme soit appliqu\u00e9 en permanence, Maharishi a lanc\u00e9 \u00ab l&rsquo;Initiative pour la Paix Mondiale \u00bb, un projet dont le but est de constituer un groupe important de pandits v\u00e9diques qui, par leur pratique quotidienne du programme de MT et de MT-Sidhi et la r\u00e9alisation de yagyas v\u00e9diques, exerceront une influence b\u00e9n\u00e9fique, profonde et quantifiable sur le monde entier. Afin d\u2019apporter \u00e0 ce groupe une assise financi\u00e8re permanente, Maharishi a cr\u00e9\u00e9 en 2008 le Fonds Brahmananda Saraswati.<\/p>\n<div class=\"border-line\">&nbsp;<\/div>\n<h4 id=\"audios\">AUDIO<\/h4>\n<p>Commentaire de Maharishi sure les pandits v\u00e9diques (en anglais):<\/p>\n<p><em><a href=\"https:\/\/donation.vedicpandits.org\/fr\/maharishi\/?audio_link=%2Fwp-content%2Fuploads%2F2015%2F03%2F01nTraining-Vedic-Pandits-to-Create-Harmony-in-Society-pushing-the-Devatas-buttons-May-18-051.mp3\" class=\"audio-link\">&gt; Training Vedic Pandits to create harmony in society. (Audio 21:02 min)<\/a>\n<p><b><\/b><a href=\"https:\/\/donation.vedicpandits.org\/fr\/maharishi\/?audio_link=%2Fwp-content%2Fuploads%2F2015%2F03%2F04n-Specialty-of-the-Vedic-Pandits-March-16-053.mp3\" class=\"audio-link\">&gt; Specialty of Vedic Pandits. (Audio 7:18 min)<\/a><\/em><\/br><\/p>\n<p>Maharishi talks about the power of Yagyas:<\/p>\n<p><em><a href=\"https:\/\/donation.vedicpandits.org\/fr\/maharishi\/?audio_link=%2Fwp-content%2Fuploads%2F2015%2F03%2F03n-Using-Collective-Yagyas-to-Prevent-the-Danger.mp3\" class=\"audio-link\">&gt; Using collective Yagyas to prevent the danger that has not yet come. (Audio 8:56 min)<\/a>\n<p><b><\/b><a href=\"https:\/\/donation.vedicpandits.org\/fr\/maharishi\/?audio_link=%2Fwp-content%2Fuploads%2F2015%2F03%2F02n-Yagyas%C3%A2%C2%80%C2%94powerful-Vedic-performances-March-23-051.mp3\" class=\"audio-link\">&gt; Yagyas \u2013 powerful Vedic performances arising from the silent level of consciousness of the Vedic Pandits. (Audio 7:26 min)<\/a>\n<p><b><\/b><a href=\"https:\/\/donation.vedicpandits.org\/fr\/maharishi\/?audio_link=%2Fwp-content%2Fuploads%2F2015%2F03%2F06n-Difference-between-practising-TM-and-listening-to-Vedic-R.mp3\" class=\"audio-link\">&gt; The difference between practicing TM and listening to Vedic recitation. (Audio 4:42 min)<\/a><\/em>\t\u2022<\/p>\n","protected":false},"excerpt":{"rendered":"<p>MAHARISHI MAHESH YOGI Maharishi Mahesh Yogi est le sp\u00e9cialiste v\u00e9dique le plus reconnu de notre \u00e9poque et un scientifique majeur dans le domaine de la conscience. Le terme \u00ab v\u00e9dique \u00bb se r\u00e9f\u00e8re \u00e0 la connaissance pure et compl\u00e8te de la tradition \u00e9ternelle de l\u2019Inde. Maharishi est connu pour son enseignement de la M\u00e9ditation Transcendantale, [&hellip;]<\/p>\n","protected":false},"author":3,"featured_media":149,"parent":0,"menu_order":0,"comment_status":"open","ping_status":"closed","template":"","meta":{"om_disable_all_campaigns":false,"_monsterinsights_skip_tracking":false,"_monsterinsights_sitenote_active":false,"_monsterinsights_sitenote_note":"","_monsterinsights_sitenote_category":0,"footnotes":""},"class_list":["post-1370","page","type-page","status-publish","has-post-thumbnail","hentry"],"_links":{"self":[{"href":"https:\/\/donation.vedicpandits.org\/fr\/wp-json\/wp\/v2\/pages\/1370","targetHints":{"allow":["GET"]}}],"collection":[{"href":"https:\/\/donation.vedicpandits.org\/fr\/wp-json\/wp\/v2\/pages"}],"about":[{"href":"https:\/\/donation.vedicpandits.org\/fr\/wp-json\/wp\/v2\/types\/page"}],"author":[{"embeddable":true,"href":"https:\/\/donation.vedicpandits.org\/fr\/wp-json\/wp\/v2\/users\/3"}],"replies":[{"embeddable":true,"href":"https:\/\/donation.vedicpandits.org\/fr\/wp-json\/wp\/v2\/comments?post=1370"}],"version-history":[{"count":10,"href":"https:\/\/donation.vedicpandits.org\/fr\/wp-json\/wp\/v2\/pages\/1370\/revisions"}],"predecessor-version":[{"id":3857,"href":"https:\/\/donation.vedicpandits.org\/fr\/wp-json\/wp\/v2\/pages\/1370\/revisions\/3857"}],"wp:featuredmedia":[{"embeddable":true,"href":"https:\/\/donation.vedicpandits.org\/fr\/wp-json\/wp\/v2\/media\/149"}],"wp:attachment":[{"href":"https:\/\/donation.vedicpandits.org\/fr\/wp-json\/wp\/v2\/media?parent=1370"}],"curies":[{"name":"wp","href":"https:\/\/api.w.org\/{rel}","templated":true}]}}