{"id":1375,"date":"2014-04-08T07:09:17","date_gmt":"2014-04-08T07:09:17","guid":{"rendered":"https:\/\/vedicpandits.org\/?page_id=1375"},"modified":"2015-05-22T10:24:03","modified_gmt":"2015-05-22T10:24:03","slug":"peace-creating-group","status":"publish","type":"page","link":"https:\/\/donation.vedicpandits.org\/fr\/peace-creating-group\/","title":{"rendered":"Groupe cr\u00e9ateur de paix"},"content":{"rendered":"<h4>9,000 PANDITS V\u00c9DIQUES MAHARISHI POUR LA PAIX DANS LE MONDE<\/h4>\n<p>Maharishi Mahesh Yogi a estim\u00e9 n\u00e9cessaire que ce soient les pandits v\u00e9diques qui composent le groupe pour la paix. En effet, ce sont eux qui, dans les temps anciens, assumaient le r\u00f4le de gardiens de la sagesse v\u00e9dique, veillant \u00e0 maintenir l&rsquo;harmonie dans la soci\u00e9t\u00e9 et l&rsquo;\u00e9quilibre dans la nature. Gr\u00e2ce \u00e0 Maharishi qui a souhait\u00e9 mettre en lumi\u00e8re la compr\u00e9hension pleine et enti\u00e8re de la connaissance v\u00e9dique, les techniques de conscience pour la paix ont retrouv\u00e9 leur efficacit\u00e9 initiale, confirm\u00e9e en cela par une approche scientifique rigoureuse. Apr\u00e8s une formation \u00e0 ces techniques de la conscience, les pandits v\u00e9diques sont \u00e0 nouveau \u00e0 m\u00eame d&rsquo;assumer leur r\u00f4le traditionnel qui consiste \u00e0 insuffler harmonie, paix et \u00e9quilibre dans le monde entier.<\/p>\n<p>En janvier 2008, Maharishi a cr\u00e9\u00e9 le fonds Brahmananda Saraswati, destin\u00e9 \u00e0 financer un grand groupe de pandits v\u00e9diques Maharishi au campus du Brahmasthan (centre g\u00e9ographique) de l&rsquo;Inde. Objectif : soutenir 9 000 pandits. La premi\u00e8re \u00e9tape consiste \u00e0 passer de 2 000 \u00e0 3 500 pandits, nombre suffisant pour exercer une influence b\u00e9n\u00e9fique sur l&rsquo;Inde et constituer une base solide en vue de l&rsquo;objectif de 9 000.<\/p>\n<div class=\"border-line\">&nbsp;<\/div>\n<div class=\"grid-holder\">\n<div class=\"grid grid-desktop-50 grid-mobile-100\"><div class=\"holder\">\t<a href=\"https:\/\/donation.vedicpandits.org\/fr\/peace-creating-group\/?image_video=https%3A%2F%2Fwww.youtube.com%2Fwatch%3Fv%3Dnirc8SfwIO8%3Frel%3D0\" class=\"video-link \"><img loading=\"lazy\" decoding=\"async\" class=\"alignnone size-full wp-image-103\" src=\"\/wp-content\/uploads\/2014\/04\/post-img-11.jpg\" alt=\"post-img-11\" width=\"432\" height=\"312\" srcset=\"https:\/\/donation.vedicpandits.org\/wp-content\/uploads\/2014\/04\/post-img-11.jpg 432w, https:\/\/donation.vedicpandits.org\/wp-content\/uploads\/2014\/04\/post-img-11-300x216.jpg 300w\" sizes=\"auto, (max-width: 432px) 100vw, 432px\" \/><\/a>\n\n\t\n<\/div><\/div>\n<div class=\"grid grid-desktop-50 grid-mobile-100\"><div class=\"holder\"><h4>EFFET BOULE DE NEIGE<\/h4>\n<p>Il est largement admis que les personnes qui pratiquent la M\u00e9ditation Transcendantale ressentent une paix int\u00e9rieure profonde. D\u2019un point de vue scientifique, cette exp\u00e9rience correspond \u00e0 un ordre accru du cerveau.<\/p>\n<p>Ce qui reste moins connu est l\u2019effet \u00ab boule de neige \u00bb constat\u00e9 par plus de 23 recherches scientifiques. Lorsqu\u2019un nombre relativement limit\u00e9 de personnes, dans une ville ou un pays, pratique la MT, une influence de paix s\u2019\u00e9tend \u00e0 l\u2019ensemble de la population. Ce ph\u00e9nom\u00e8ne est plus accentu\u00e9 encore lorsque le programme de MT-Sidhi est pratiqu\u00e9 en groupe.<\/p>\n<p>Ces techniques sont la base m\u00eame de l\u2019Initiative Globale pour la Paix.<\/p>\n\t<a href=\"https:\/\/donation.vedicpandits.org\/fr\/peace-creating-group\/?image_video=https%3A%2F%2Fwww.youtube.com%2Fwatch%3Fv%3Dnirc8SfwIO8%3Frel%3D0\" class=\"video-link no-pointer\"><em>&gt; (En anglais avec sous-titres fran\u00e7ais) \u00c9coutez Maharishi Mahesh Yogi qui explique ce ph\u00e9nom\u00e8ne dans la vid\u00e9o ci-contre.<\/em><\/a>\n\n\t\n<\/div><\/div>\n<\/div>\n","protected":false},"excerpt":{"rendered":"<p>9,000 PANDITS V\u00c9DIQUES MAHARISHI POUR LA PAIX DANS LE MONDE Maharishi Mahesh Yogi a estim\u00e9 n\u00e9cessaire que ce soient les pandits v\u00e9diques qui composent le groupe pour la paix. En effet, ce sont eux qui, dans les temps anciens, assumaient le r\u00f4le de gardiens de la sagesse v\u00e9dique, veillant \u00e0 maintenir l&rsquo;harmonie dans la soci\u00e9t\u00e9 [&hellip;]<\/p>\n","protected":false},"author":3,"featured_media":102,"parent":0,"menu_order":0,"comment_status":"open","ping_status":"closed","template":"","meta":{"om_disable_all_campaigns":false,"_monsterinsights_skip_tracking":false,"_monsterinsights_sitenote_active":false,"_monsterinsights_sitenote_note":"","_monsterinsights_sitenote_category":0,"footnotes":""},"class_list":["post-1375","page","type-page","status-publish","has-post-thumbnail","hentry"],"_links":{"self":[{"href":"https:\/\/donation.vedicpandits.org\/fr\/wp-json\/wp\/v2\/pages\/1375","targetHints":{"allow":["GET"]}}],"collection":[{"href":"https:\/\/donation.vedicpandits.org\/fr\/wp-json\/wp\/v2\/pages"}],"about":[{"href":"https:\/\/donation.vedicpandits.org\/fr\/wp-json\/wp\/v2\/types\/page"}],"author":[{"embeddable":true,"href":"https:\/\/donation.vedicpandits.org\/fr\/wp-json\/wp\/v2\/users\/3"}],"replies":[{"embeddable":true,"href":"https:\/\/donation.vedicpandits.org\/fr\/wp-json\/wp\/v2\/comments?post=1375"}],"version-history":[{"count":13,"href":"https:\/\/donation.vedicpandits.org\/fr\/wp-json\/wp\/v2\/pages\/1375\/revisions"}],"predecessor-version":[{"id":4465,"href":"https:\/\/donation.vedicpandits.org\/fr\/wp-json\/wp\/v2\/pages\/1375\/revisions\/4465"}],"wp:featuredmedia":[{"embeddable":true,"href":"https:\/\/donation.vedicpandits.org\/fr\/wp-json\/wp\/v2\/media\/102"}],"wp:attachment":[{"href":"https:\/\/donation.vedicpandits.org\/fr\/wp-json\/wp\/v2\/media?parent=1375"}],"curies":[{"name":"wp","href":"https:\/\/api.w.org\/{rel}","templated":true}]}}