{"id":1381,"date":"2014-04-08T07:09:29","date_gmt":"2014-04-08T07:09:29","guid":{"rendered":"https:\/\/vedicpandits.org\/?page_id=1381"},"modified":"2018-09-06T14:22:37","modified_gmt":"2018-09-06T14:22:37","slug":"maharishi-vedic-pandits","status":"publish","type":"page","link":"https:\/\/donation.vedicpandits.org\/fr\/peace-creating-group\/maharishi-vedic-pandits\/","title":{"rendered":"Pandits V\u00e9diques Maharishi"},"content":{"rendered":"<h4>FORMATION DES PANDITS V\u00c9DIQUES MAHARISHI  <\/h4>\n<p>D\u00e8s leur jeune \u00e2ge, les \u00e9l\u00e8ves issus de familles v\u00e9diques traditionnelles en Inde suivent une formation compl\u00e8te pour devenir des professionnels de la paix : les pandits v\u00e9diques Maharishi. Entre 10 et 20 ans, ils suivent un programme d&rsquo;\u00e9tude \u00e9labor\u00e9 par Maharishi, avec notamment, l&rsquo;apprentissage de la M\u00e9ditation Transcendantale et du programme de MT-Sidhi, le vol yogique et l&rsquo;\u00e9tude du sanscrit. Les \u00e9tudiants apprennent \u00e0 ma\u00eetriser les Yagyas, \u00e0 savoir les r\u00e9citations v\u00e9diques traditionnelles propices au bonheur et \u00e0 la paix. Ce programme les m\u00e8ne \u00e0 l\u2019obtention d\u2019une licence, d\u2019un master et d\u2019un doctorat d\u00e9cern\u00e9 par l\u2019universit\u00e9 \u00ab Maharishi Mahesh Yogi Vedic Vishwavidyalaya \u00bb, \u00e9tablissement d\u2019enseignement sup\u00e9rieur reconnu par l&rsquo;Etat du Madhya Pradesh en 1995.<\/p>\n<div class=\"border-line\">&nbsp;<\/div>\n<div class=\"grid-holder\">\n<div class=\"grid grid-desktop-50 grid-mobile-100\"><div class=\"holder\"><p><img loading=\"lazy\" decoding=\"async\" class=\"alignnone size-full wp-image-105\" src=\"\/wp-content\/uploads\/2014\/04\/post-img-12.jpg\" alt=\"post-img-12\" width=\"432\" height=\"312\" srcset=\"https:\/\/donation.vedicpandits.org\/wp-content\/uploads\/2014\/04\/post-img-12.jpg 432w, https:\/\/donation.vedicpandits.org\/wp-content\/uploads\/2014\/04\/post-img-12-300x216.jpg 300w\" sizes=\"auto, (max-width: 432px) 100vw, 432px\" \/><\/p>\n<\/div><\/div>\n<div class=\"grid grid-desktop-50 grid-mobile-100\"><div class=\"holder\"><h4>L\u2019ESSENCE DU YOGA  &#8211; M\u00c9DITATION TRANSCENDANTALE ET VOL YOGIQUE<\/h4>\n<p>Plusieurs heures par jour, au Brahmasthan, les pandits v\u00e9diques Maharishi pratiquent l&rsquo;essence m\u00eame du Yoga : la M\u00e9ditation Transcendantale et le programme de MT-Sidhi. Maharishi a \u00e9labor\u00e9 ce programme, qui comprend le vol yogique, sur la base des Yogas Sutras de Patanjali, le texte majeur de la philosophie du Yoga. Ce programme permet d\u2019agir depuis des niveaux de conscience plus silencieux et plus coh\u00e9rents. Les pandits d\u00e9veloppent ainsi leur capacit\u00e9 \u00e0 agir sur la base de niveaux plus fins de la conscience et renforcent par l\u00e0 m\u00eame l\u2019efficacit\u00e9 de leurs r\u00e9citations v\u00e9diques quotidiennes pour la paix mondiale.<\/p>\n<\/div><\/div>\n<\/div>\n<div class=\"border-line\">&nbsp;<\/div>\n<div class=\"grid-holder\">\n<div class=\"grid grid-desktop-100\"><div class=\"holder\"><p>Le principal texte v\u00e9dique du Yoga, les Yoga Sutras, d\u00e9crit la transcendance et son influence sur la paix :<\/p>\n<div class=\"box-info\">\n<h5><em>Tat sannidhau vairatyagah<\/em><\/h5>\n<h4>\u00ab\u00a0Aux abords du Yoga (l&rsquo;exp\u00e9rience de la conscience transcendantale, le Champ Unifi\u00e9), les tendances hostiles et conflictuelles sont \u00e9limin\u00e9es.\u00a0\u00bb<\/h4>\n<h6>\u2013 Yoga sutra 2.35<\/h6>\n<\/div>\n<p>Par la m\u00e9ditation, lorsque la conscience transcendantale est anim\u00e9e par un groupe suffisamment important, les \u00ab abords du Yoga \u00bb s&rsquo;\u00e9tendent au monde entier. C\u2019est pr\u00e9cis\u00e9ment sur cette base que r\u00e9side la strat\u00e9gie de l&rsquo;Initiative pour la Paix Mondiale.<\/p>\n<\/div><\/div>\n<\/div>\n<div class=\"border-line\">&nbsp;<\/div>\n<div class=\"grid-holder\">\n<div class=\"grid grid-desktop-50 grid-mobile-100\"><div class=\"holder\"><h4>YAGYA : FORMATION COMPL\u00c8TE AUX R\u00c9CITATIONS V\u00c9DIQUES <\/h4>\n<p>Dans de nombreux villages en Inde, Maharishi a mis en place un r\u00e9seau \u00e9ducatif destin\u00e9 aux jeunes qui souhaitent devenir pandit v\u00e9dique Maharishi. Dans chaque village, des enseignants, connus sous le nom de \u00ab guru ji \u00bb, forment les \u00e9l\u00e8ves d\u00e8s l\u2019\u00e2ge de 10 ans. \u00c0 14 ans, ils peuvent int\u00e9grer l\u2019un des nombreux centres r\u00e9gionaux de l\u2019Inde afin d\u2019y suivre un enseignement aupr\u00e8s de professeurs accomplis (acharyas).<br \/>\nLes \u00e9l\u00e8ves suivent une formation compl\u00e8te \u00e9labor\u00e9e par Maharishi. L\u2019emploi de vid\u00e9os et d\u2019ordinateurs garantit \u00e0 chaque pandit un niveau de formation \u00e9lev\u00e9 et standardis\u00e9. A l\u2019obtention de leur dipl\u00f4me vers l&rsquo;\u00e2ge de 20 ans, ils disposent des hautes comp\u00e9tences n\u00e9cessaires \u00e0 la r\u00e9alisation de Yaygas.<br \/>\nLes Yagyas sont une technique \u00e9ternelle issue de la tradition v\u00e9dique. R\u00e9alis\u00e9s par des pandits, les Yagyas animent les lois de la nature qui r\u00e9gissent l&rsquo;univers de fa\u00e7on sp\u00e9cifique et contribuent \u00e0 r\u00e9aliser des aspirations pr\u00e9cises. A titre d\u2019exemple, chaque jour au Brahmasthan de l&rsquo;Inde, 1 331 Pandits se r\u00e9unissent pour accomplir l\u2019Atirudrabhishek, le puissant Yagya pour la paix mondiale.<br \/>\nL\u2019UNESCO a officiellement inscrit les r\u00e9citations v\u00e9diques v\u00e9diques \u00e0 la liste du patrimoine culturel immat\u00e9riel de l&rsquo;humanit\u00e9.<\/p>\n<\/div><\/div>\n<div class=\"grid grid-desktop-50 grid-mobile-100\"><div class=\"holder\"><p><img loading=\"lazy\" decoding=\"async\" class=\"alignnone size-full wp-image-107\" src=\"\/wp-content\/uploads\/2014\/04\/post-img-13.jpg\" alt=\"post-img-13\" width=\"435\" height=\"482\" srcset=\"https:\/\/donation.vedicpandits.org\/wp-content\/uploads\/2014\/04\/post-img-13.jpg 435w, https:\/\/donation.vedicpandits.org\/wp-content\/uploads\/2014\/04\/post-img-13-270x300.jpg 270w, https:\/\/donation.vedicpandits.org\/wp-content\/uploads\/2014\/04\/post-img-13-300x332.jpg 300w\" sizes=\"auto, (max-width: 435px) 100vw, 435px\" \/><\/p>\n<\/div><\/div>\n<\/div>\n<div class=\"border-line\">&nbsp;<\/div>\n<div class=\"grid-holder\">\n<div class=\"grid grid-desktop-50 grid-mobile-100\"><div class=\"holder\">\t<a href=\"https:\/\/donation.vedicpandits.org\/fr\/peace-creating-group\/maharishi-vedic-pandits\/?image_video=https%3A%2F%2Fwww.youtube.com%2Fwatch%3Fv%3DZQOxpwHk0fQ\" class=\"video-link \">\n<img loading=\"lazy\" decoding=\"async\" class=\"alignnone size-full wp-image-92\" src=\"\/wp-content\/uploads\/2014\/05\/einzelner_pandit_432bright.png\" alt=\"post-img-14\" width=\"432\" height=\"243\" \/><br \/>\n<\/a>\n\n\t\n<\/div><\/div>\n<div class=\"grid grid-desktop-50 grid-mobile-100\"><div class=\"holder\"><h4 id=\"atirudrabhishek\">SON ET LUMIERE<\/h4>\n<p>Cliquer sur ce lien pour d\u00e9couvrir les pandits v\u00e9diques Maharishi effectuant des Yagyas (Diapositives et son)<\/p>\n<\/div><\/div>\n<\/div>\n","protected":false},"excerpt":{"rendered":"<p>FORMATION DES PANDITS V\u00c9DIQUES MAHARISHI D\u00e8s leur jeune \u00e2ge, les \u00e9l\u00e8ves issus de familles v\u00e9diques traditionnelles en Inde suivent une formation compl\u00e8te pour devenir des professionnels de la paix : les pandits v\u00e9diques Maharishi. Entre 10 et 20 ans, ils suivent un programme d&rsquo;\u00e9tude \u00e9labor\u00e9 par Maharishi, avec notamment, l&rsquo;apprentissage de la M\u00e9ditation Transcendantale et [&hellip;]<\/p>\n","protected":false},"author":3,"featured_media":202,"parent":1375,"menu_order":1,"comment_status":"open","ping_status":"closed","template":"","meta":{"om_disable_all_campaigns":false,"_monsterinsights_skip_tracking":false,"_monsterinsights_sitenote_active":false,"_monsterinsights_sitenote_note":"","_monsterinsights_sitenote_category":0,"footnotes":""},"class_list":["post-1381","page","type-page","status-publish","has-post-thumbnail","hentry"],"_links":{"self":[{"href":"https:\/\/donation.vedicpandits.org\/fr\/wp-json\/wp\/v2\/pages\/1381","targetHints":{"allow":["GET"]}}],"collection":[{"href":"https:\/\/donation.vedicpandits.org\/fr\/wp-json\/wp\/v2\/pages"}],"about":[{"href":"https:\/\/donation.vedicpandits.org\/fr\/wp-json\/wp\/v2\/types\/page"}],"author":[{"embeddable":true,"href":"https:\/\/donation.vedicpandits.org\/fr\/wp-json\/wp\/v2\/users\/3"}],"replies":[{"embeddable":true,"href":"https:\/\/donation.vedicpandits.org\/fr\/wp-json\/wp\/v2\/comments?post=1381"}],"version-history":[{"count":11,"href":"https:\/\/donation.vedicpandits.org\/fr\/wp-json\/wp\/v2\/pages\/1381\/revisions"}],"predecessor-version":[{"id":15795,"href":"https:\/\/donation.vedicpandits.org\/fr\/wp-json\/wp\/v2\/pages\/1381\/revisions\/15795"}],"up":[{"embeddable":true,"href":"https:\/\/donation.vedicpandits.org\/fr\/wp-json\/wp\/v2\/pages\/1375"}],"wp:featuredmedia":[{"embeddable":true,"href":"https:\/\/donation.vedicpandits.org\/fr\/wp-json\/wp\/v2\/media\/202"}],"wp:attachment":[{"href":"https:\/\/donation.vedicpandits.org\/fr\/wp-json\/wp\/v2\/media?parent=1381"}],"curies":[{"name":"wp","href":"https:\/\/api.w.org\/{rel}","templated":true}]}}