{"id":1389,"date":"2014-04-08T09:14:28","date_gmt":"2014-04-08T09:14:28","guid":{"rendered":"https:\/\/vedicpandits.org\/?page_id=1389"},"modified":"2024-04-11T14:38:00","modified_gmt":"2024-04-11T14:38:00","slug":"science-2","status":"publish","type":"page","link":"https:\/\/donation.vedicpandits.org\/fr\/peace-creating-group\/science-2\/","title":{"rendered":"Aspects scientifiques"},"content":{"rendered":"<h4>La recherche scientifique confirme l\u2019efficacit\u00e9 des groupes de pandits<\/h4>\n<p>La mise en place d\u2019un important groupe de pandits v\u00e9diques a pour objectif de cr\u00e9er un effet de coh\u00e9rence et d&rsquo;harmonie dans la conscience mondiale.<\/p>\n<p>Les recherches scientifiques d\u00e9montrent que les influences n\u00e9gatives diminuent et que les influences positives se renforcent d\u00e8s qu\u2019un nombre suffisant de personnes se r\u00e9unit pour pratiquer la M\u00e9ditation Transcendantale et le programme de MT-Sidhi.<\/p>\n<p>Ces effets b\u00e9n\u00e9fiques sont constat\u00e9s d\u00e8s que<\/p>\n<ul>\n<li>1% d\u2019une population apprend la M\u00e9ditation Transcendantale, ou que<\/li>\n<li>la racine carr\u00e9e de 1% d\u2019une population pratique, en un m\u00eame lieu, le programme de MT-Sidhi, y compris le vol yogique<\/li>\n<\/ul>\n<p>Ce ph\u00e9nom\u00e8ne est connu sous le nom d\u2019 \u00ab Effet Maharishi \u00bb, en hommage \u00e0 Maharishi Mahesh Yogi qui l\u2019avait pr\u00e9dit en 1960, quinze ans avant qu&rsquo;il ne soit constat\u00e9 et confirm\u00e9 par la recherche scientifique.<br \/>\n<div class=\"grid-holder\">\n<div class=\"grid grid-desktop-50 grid-mobile-100 zoom-image-holder\"><div class=\"holder\"><h4>\u00c9TUDE \u00c0 WASHINGTON<\/h4>\n<p>Au cours de l&rsquo;\u00e9t\u00e9 1993 \u00e0 Washington, un groupe de 4 000 experts de la technologie du vol yogique s&rsquo;est rassembl\u00e9 pendant plusieurs semaines. R\u00e9sultat : La criminalit\u00e9 avec violence a diminu\u00e9 de pr\u00e8s de 25% \u00e0 Washington DC (voir diagramme ci-dessous). Cette recherche a \u00e9t\u00e9 publi\u00e9e en 1999 dans Social Indicators Research, revue ind\u00e9pendante avec comit\u00e9 de lecture.<\/p>\n<p><a href=\"\/wp-content\/uploads\/2014\/04\/french_washington_crime_chart_21.12.14_jpg1.jpg\"><img loading=\"lazy\" decoding=\"async\" class=\"alignnone size-medium wp-image-1882\" src=\"\/wp-content\/uploads\/2014\/04\/french_washington_crime_chart_21.12.14_jpg1-300x192.jpg\" alt=\"french_washington_crime_chart_21.12.14_jpg\" width=\"300\" height=\"192\" srcset=\"https:\/\/donation.vedicpandits.org\/wp-content\/uploads\/2014\/04\/french_washington_crime_chart_21.12.14_jpg1-300x192.jpg 300w, https:\/\/donation.vedicpandits.org\/wp-content\/uploads\/2014\/04\/french_washington_crime_chart_21.12.14_jpg1.jpg 600w\" sizes=\"auto, (max-width: 300px) 100vw, 300px\" \/><\/a><\/p>\n<\/div><\/div>\n<div class=\"grid grid-desktop-50 grid-mobile-100\"><div class=\"holder\"><p><img loading=\"lazy\" decoding=\"async\" class=\"alignnone size-full wp-image-85\" src=\"\/wp-content\/uploads\/2014\/04\/post-img-1.jpg\" alt=\"post-img-1\" width=\"435\" height=\"400\" srcset=\"https:\/\/donation.vedicpandits.org\/wp-content\/uploads\/2014\/04\/post-img-1.jpg 435w, https:\/\/donation.vedicpandits.org\/wp-content\/uploads\/2014\/04\/post-img-1-300x275.jpg 300w\" sizes=\"auto, (max-width: 435px) 100vw, 435px\" \/><\/p>\n<\/div><\/div>\n<\/div>\n<h4>OBJECTIF : UN RAYONNEMENT MONDIAL<\/h4>\n<p>Ces r\u00e9sultats prouvent qu&rsquo;un territoire peut vivre en paix d\u00e8s que s\u2019y constitue un groupe d\u2019experts en vol yogique \u00e9quivalent \u00e0 la racine carr\u00e9e de 1% de sa population. La racine carr\u00e9e de la population mondiale \u2013 7 milliards de personnes \u2013 \u00e9tant de 8 400, le nombre de pandits v\u00e9diques \u00e0 r\u00e9unir a \u00e9t\u00e9 fix\u00e9 \u00e0 9 000.<\/p>\n<div class=\"border-line\">&nbsp;<\/div>\n<h4>GROUPES POUR LA PAIX ET THEORIE SCIENTIFIQUE<\/h4>\n<p>L&rsquo;impact puissant de la m\u00e9ditation de groupe sur la criminalit\u00e9 et le stress dans la soci\u00e9t\u00e9 trouve son explication dans la th\u00e9orie du \u00ab mod\u00e8le de champ de conscience \u00bb. La conscience, \u00e0 son niveau le plus subtil, est un champ sous-jacent qui relie chaque personne dans la soci\u00e9t\u00e9. Les derni\u00e8res d\u00e9couvertes en physique, physiologie et neurosciences viennent appuyer cette th\u00e9orie.<\/p>\n<div class=\"grid-holder\">\n<div class=\"grid grid-desktop-50 grid-mobile-100\"><div class=\"holder\"><p>A titre d\u2019exemple, la physique a d\u00e9cel\u00e9 des niveaux plus unifi\u00e9s du fonctionnement de la nature, \u00e0 des \u00e9chelles r\u00e9duites de l\u2019espace \u2013 temps. Ces recherches ont abouti \u00e0 la d\u00e9couverte du champ unifi\u00e9 (\u00ab super-corde \u00bb) qui relie toutes les forces et particules de l&rsquo;univers (voir tableau \u00e0 droite).<\/p>\n<p>De m\u00eame, la M\u00e9ditation Transcendantale et le programme de MT-Sidhi apportent l\u2019exp\u00e9rience directe de niveaux plus apais\u00e9s et plus profonds de la pens\u00e9e, jusqu&rsquo;\u00e0 atteindre le champ unifi\u00e9 qui se situe \u00e0 la base de l\u2019esprit et de la mati\u00e8re. La pratique de groupe stimule ce champ unifi\u00e9 universel de conscience collective, cr\u00e9ant ainsi une influence harmonieuse de coh\u00e9rence dans la soci\u00e9t\u00e9.<\/p>\n<\/div><\/div>\n<div class=\"grid grid-desktop-50 grid-mobile-100 zoom-image-holder\"><div class=\"holder\"><p><a href=\"\/wp-content\/uploads\/2014\/05\/uf-chart.jpg\"><img loading=\"lazy\" decoding=\"async\" class=\"alignnone size-full wp-image-90\" src=\"\/wp-content\/uploads\/2014\/05\/uf-chart.jpg\" alt=\"post-img-3\" width=\"320\" height=\"250\" \/><\/a><\/p>\n<\/div><\/div>\n<\/div>\n<p>Les \u00e9tudes scientifiques qui mesurent l&rsquo;effet de la M\u00e9ditation Transcendantale sur la soci\u00e9t\u00e9 ont confirm\u00e9 que l&rsquo;influence de paix g\u00e9n\u00e9r\u00e9e par un groupe pratiquant la MT cro\u00eet proportionnellement au carr\u00e9 de la taille du groupe. D&rsquo;apr\u00e8s ces \u00e9tudes, si le groupe est compos\u00e9 d\u2019experts en vol yogique (qui pratiquent le programme de MT-Sidhi), la racine carr\u00e9e de 1% d\u2019une population donn\u00e9e est suffisante pour cr\u00e9er une influence positive significative&rsquo;.<\/p>\n<p>Il suffit ainsi de quelques centaines ou de quelques milliers de personnes pour cr\u00e9er une influence de paix, d&rsquo;harmonie et de prosp\u00e9rit\u00e9 dans la soci\u00e9t\u00e9, y compris au niveau national ou mondial ; influence particuli\u00e8rement puissante et confirm\u00e9e scientifiquement. A l&rsquo;\u00e9chelle mondiale, un groupe de 9 000 personnes est n\u00e9cessaire (soit approximativement la racine carr\u00e9e de 1% de l\u2019ensemble de la population). D\u2019o\u00f9 le nombre de pandits v\u00e9diques Maharishi que nous souhaitons rassembler en Inde.<\/p>\n<div class=\"border-line\">&nbsp;<\/div>\n<h4 id=\"science_hagelin\">EFFET DE CHAMP ET CONSCIENCE<\/h4>\n<p>Comment les personnes qui pratiquent la M\u00e9ditation Transcendantale \u00e0 domicile ou au bureau, seules ou en groupes, peuvent avoir une influence sur les habitants d&rsquo;une ville, d&rsquo;un pays ou du monde entier?<\/p>\n<div class=\"grid-holder\">\n<div class=\"grid grid-desktop-50 grid-mobile-100\"><div class=\"holder\">\t<a href=\"https:\/\/donation.vedicpandits.org\/fr\/peace-creating-group\/science-2\/?image_video=https%3A%2F%2Fvimeo.com%2F354226820%2F485632a516\" class=\"video-link \">\n<img loading=\"lazy\" decoding=\"async\" class=\"alignnone size-full wp-image-92\" src=\"https:\/\/donation.vedicpandits.org\/wp-content\/uploads\/2019\/10\/John-hagelin-video-3.jpg\" alt=\"post-img-14\" width=\"433\" height=\"321\" \/><br \/>\n<\/a>\n\n\t\n<\/div><\/div>\n<div class=\"grid grid-desktop-50 grid-mobile-100\"><div class=\"holder\"><p>C\u2019est par le biais d\u2019un champ sous-jacent que la m\u00e9ditation a une influence sur l\u2019environnement, de la m\u00eame fa\u00e7on qu&rsquo;un programme radio \u00e9mis \u00e0 l&rsquo;extr\u00e9mit\u00e9 du monde peut \u00eatre \u00e9cout\u00e9 en direct sur votre poste. Le champ \u00e9lectromagn\u00e9tique relie la station \u00e9mettrice \u00e0 votre radio. Dans la m\u00e9ditation, le champ de conscience relie le m\u00e9ditant au reste de la population. Des ondes de coh\u00e9rence \u00e9manent du groupe pour la paix et se diffusent dans l\u2019ensemble du champ de conscience, g\u00e9n\u00e9rant ainsi une influence b\u00e9n\u00e9fique et quantifiable sur l\u2019ensemble de la soci\u00e9t\u00e9.<\/p>\n\t<a href=\"https:\/\/donation.vedicpandits.org\/fr\/peace-creating-group\/science-2\/?image_video=https%3A%2F%2Fvimeo.com%2F354226820%2F485632a516\" class=\"video-link no-pointer\"> \u27a2 Consultez la vid\u00e9o dans laquelle John Hagelin, physicien quantique, explique l&rsquo;effet de champ (en anglais).<\/a>\n\n\t\n<\/div><\/div>\n<\/div>\n<p>&nbsp;<\/p>\n<h5>PUISSANCE DES SYST\u00c8MES COH\u00c9RENTS \u2013 EXEMPLE DU LASER<\/h5>\n<p>Pour quelles raisons un groupe relativement restreint suffit \u00e0 influencer positivement la population mondiale ? Comme le d\u00e9montre la physique, un syst\u00e8me coh\u00e9rent est plus efficace qu&rsquo;un syst\u00e8me qui fonctionne de fa\u00e7on incoh\u00e9rente.<\/p>\n<p>Prenons l&rsquo;exemple du laser. Un laser est constitu\u00e9 d&rsquo;ondes lumineuses \u00ab coh\u00e9rentes \u00bb, c&rsquo;est-\u00e0-dire ajust\u00e9es de sorte que les pics et les creux de chaque onde soient en phase avec ceux des autres ondes. Le laser est bien plus puissant qu\u2019une ampoule ordinaire. L&rsquo;effet laser est proportionnel au carr\u00e9 du nombre d&rsquo;ondes. Par exemple, 100 ondes fonctionnant en coh\u00e9rence produiront l&rsquo;effet de 10 000 (100<sup>2<\/sup>) ondes ordinaires.<\/p>\n<p>Parall\u00e8lement, un grand groupe de personnes pratiquant le programme de MT-Sidhi anime le champ de conscience \u00e0 un niveau silencieux et coh\u00e9rent, produisant un effet apaisant bien plus puissant que si ces m\u00eames personnes \u00e9taient isol\u00e9es.<\/p>\n","protected":false},"excerpt":{"rendered":"<p>La recherche scientifique confirme l\u2019efficacit\u00e9 des groupes de pandits La mise en place d\u2019un important groupe de pandits v\u00e9diques a pour objectif de cr\u00e9er un effet de coh\u00e9rence et d&rsquo;harmonie dans la conscience mondiale. Les recherches scientifiques d\u00e9montrent que les influences n\u00e9gatives diminuent et que les influences positives se renforcent d\u00e8s qu\u2019un nombre suffisant de [&hellip;]<\/p>\n","protected":false},"author":3,"featured_media":0,"parent":1375,"menu_order":2,"comment_status":"open","ping_status":"closed","template":"template-science.php","meta":{"om_disable_all_campaigns":false,"_monsterinsights_skip_tracking":false,"_monsterinsights_sitenote_active":false,"_monsterinsights_sitenote_note":"","_monsterinsights_sitenote_category":0,"footnotes":""},"class_list":["post-1389","page","type-page","status-publish","hentry"],"_links":{"self":[{"href":"https:\/\/donation.vedicpandits.org\/fr\/wp-json\/wp\/v2\/pages\/1389","targetHints":{"allow":["GET"]}}],"collection":[{"href":"https:\/\/donation.vedicpandits.org\/fr\/wp-json\/wp\/v2\/pages"}],"about":[{"href":"https:\/\/donation.vedicpandits.org\/fr\/wp-json\/wp\/v2\/types\/page"}],"author":[{"embeddable":true,"href":"https:\/\/donation.vedicpandits.org\/fr\/wp-json\/wp\/v2\/users\/3"}],"replies":[{"embeddable":true,"href":"https:\/\/donation.vedicpandits.org\/fr\/wp-json\/wp\/v2\/comments?post=1389"}],"version-history":[{"count":16,"href":"https:\/\/donation.vedicpandits.org\/fr\/wp-json\/wp\/v2\/pages\/1389\/revisions"}],"predecessor-version":[{"id":88359,"href":"https:\/\/donation.vedicpandits.org\/fr\/wp-json\/wp\/v2\/pages\/1389\/revisions\/88359"}],"up":[{"embeddable":true,"href":"https:\/\/donation.vedicpandits.org\/fr\/wp-json\/wp\/v2\/pages\/1375"}],"wp:attachment":[{"href":"https:\/\/donation.vedicpandits.org\/fr\/wp-json\/wp\/v2\/media?parent=1389"}],"curies":[{"name":"wp","href":"https:\/\/api.w.org\/{rel}","templated":true}]}}