{"id":1395,"date":"2014-04-08T07:09:41","date_gmt":"2014-04-08T07:09:41","guid":{"rendered":"https:\/\/vedicpandits.org\/?page_id=1395"},"modified":"2015-03-06T13:58:20","modified_gmt":"2015-03-06T13:58:20","slug":"scope","status":"publish","type":"page","link":"https:\/\/donation.vedicpandits.org\/fr\/peace-creating-group\/scope\/","title":{"rendered":"Envergure du projet"},"content":{"rendered":"<p>La constitution d\u2019un groupe de pandits v\u00e9diques et leur formation sont les deux principaux axes de notre projet.<br \/>\n<div class=\"border-line\">&nbsp;<\/div>\n<div class=\"grid-holder\">\n<div class=\"grid grid-desktop-50 grid-mobile-100\"><div class=\"holder\"><h4>LE GROUPE PRINCIPAL<\/h4>\n<p>C\u2019est pour des raisons li\u00e9es \u00e0 la tradition et au budget que le choix s\u2019est port\u00e9 sur les pandits v\u00e9diques pour constituer ce groupe pour la paix. En effet, dans les temps anciens, le maintien de l\u2019harmonie dans la soci\u00e9t\u00e9 et de l\u2019\u00e9quilibre dans la nature incombait traditionnellement aux pandits v\u00e9diques. D\u2019autre part, le co\u00fbt de la vie en Inde facilite aujourd\u2019hui la formation des pandits en tant que professionnels de la paix.<\/p>\n<p>Notre objectif est de rassembler 9 000 pandits v\u00e9diques en un seul endroit pour avoir une influence de paix sur le monde entier. Le financement de ce groupe implique de verser des salaires, cr\u00e9er un campus avec infrastructure et logements adapt\u00e9s, dispenser une formation de pointe, fournir des repas et disposer d&rsquo;une laiterie et d&rsquo;un potager. Actuellement, environ 2 000 pandits vivent sur le campus principal du Brahmasthan, le centre g\u00e9ographique de l&rsquo;Inde, pr\u00e8s de Jabalpur, Madhya Pradesh.<\/p>\n<\/div><\/div>\n<div class=\"grid grid-desktop-50 grid-mobile-100 zoom-image-holder\"><div class=\"holder\"><p><a href=\"\/wp-content\/uploads\/2014\/04\/map-of-india.jpg\"><img loading=\"lazy\" decoding=\"async\" class=\"alignleft size-full wp-image-595\" src=\"\/wp-content\/uploads\/2014\/04\/map-of-india.jpg\" alt=\"map-of-india\" width=\"550\" height=\"523\" srcset=\"https:\/\/donation.vedicpandits.org\/wp-content\/uploads\/2014\/04\/map-of-india.jpg 550w, https:\/\/donation.vedicpandits.org\/wp-content\/uploads\/2014\/04\/map-of-india-300x285.jpg 300w\" sizes=\"auto, (max-width: 550px) 100vw, 550px\" \/><\/a><\/p>\n<\/div><\/div>\n<\/div>\n<div class=\"border-line\">&nbsp;<\/div>\n<div class=\"grid-holder\">\n<div class=\"grid grid-desktop-50 grid-mobile-100 zoom-image-holder\"><div class=\"holder\"><p><a href=\"\/wp-content\/uploads\/2014\/04\/131207_training_chart_web-Kopie.jpg\"><img loading=\"lazy\" decoding=\"async\" class=\"alignnone size-medium wp-image-250\" src=\"\/wp-content\/uploads\/2014\/04\/131207_training_chart_web-Kopie.jpg\" alt=\"\" width=\"432\" height=\"211\" \/><\/a><\/p>\n<\/div><\/div>\n<div class=\"grid grid-desktop-50 grid-mobile-100\"><div class=\"holder\"><h4>PROGRAMME DE FORMATION DES PANDITS<\/h4>\n<p>Dans le but de constituer le groupe principal et de compenser les d\u00e9parts naturels, un programme de formation des pandits a \u00e9t\u00e9 mis en place par Maharishi dans l&rsquo;Inde enti\u00e8re.<br \/>\nCe programme qui soutient et renouvelle le groupe du Brahmasthan est con\u00e7u pour accueillir :<br \/>\n\u2013 20 000 jeunes \u00e9l\u00e8ves en formation dans leur village<br \/>\n\u2013 10 000 \u00e9l\u00e8ves plus \u00e2g\u00e9s en formation en r\u00e9sidence.<br \/>\nGr\u00e2ce \u00e0 ce programme, 1 200 \u00e0 1 500 Pandits sont form\u00e9s chaque ann\u00e9e. A terme, le groupe principal d\u00e9passera ainsi 9 000 membres en permanence.<\/p>\n<\/div><\/div>\n<\/div>\n","protected":false},"excerpt":{"rendered":"<p>La constitution d\u2019un groupe de pandits v\u00e9diques et leur formation sont les deux principaux axes de notre projet.<\/p>\n","protected":false},"author":3,"featured_media":196,"parent":1375,"menu_order":4,"comment_status":"open","ping_status":"closed","template":"","meta":{"om_disable_all_campaigns":false,"_monsterinsights_skip_tracking":false,"_monsterinsights_sitenote_active":false,"_monsterinsights_sitenote_note":"","_monsterinsights_sitenote_category":0,"footnotes":""},"class_list":["post-1395","page","type-page","status-publish","has-post-thumbnail","hentry"],"_links":{"self":[{"href":"https:\/\/donation.vedicpandits.org\/fr\/wp-json\/wp\/v2\/pages\/1395","targetHints":{"allow":["GET"]}}],"collection":[{"href":"https:\/\/donation.vedicpandits.org\/fr\/wp-json\/wp\/v2\/pages"}],"about":[{"href":"https:\/\/donation.vedicpandits.org\/fr\/wp-json\/wp\/v2\/types\/page"}],"author":[{"embeddable":true,"href":"https:\/\/donation.vedicpandits.org\/fr\/wp-json\/wp\/v2\/users\/3"}],"replies":[{"embeddable":true,"href":"https:\/\/donation.vedicpandits.org\/fr\/wp-json\/wp\/v2\/comments?post=1395"}],"version-history":[{"count":12,"href":"https:\/\/donation.vedicpandits.org\/fr\/wp-json\/wp\/v2\/pages\/1395\/revisions"}],"predecessor-version":[{"id":2450,"href":"https:\/\/donation.vedicpandits.org\/fr\/wp-json\/wp\/v2\/pages\/1395\/revisions\/2450"}],"up":[{"embeddable":true,"href":"https:\/\/donation.vedicpandits.org\/fr\/wp-json\/wp\/v2\/pages\/1375"}],"wp:featuredmedia":[{"embeddable":true,"href":"https:\/\/donation.vedicpandits.org\/fr\/wp-json\/wp\/v2\/media\/196"}],"wp:attachment":[{"href":"https:\/\/donation.vedicpandits.org\/fr\/wp-json\/wp\/v2\/media?parent=1395"}],"curies":[{"name":"wp","href":"https:\/\/api.w.org\/{rel}","templated":true}]}}