{"id":1407,"date":"2014-04-08T07:09:46","date_gmt":"2014-04-08T07:09:46","guid":{"rendered":"https:\/\/vedicpandits.org\/?page_id=1407"},"modified":"2017-12-02T09:27:09","modified_gmt":"2017-12-02T09:27:09","slug":"cost","status":"publish","type":"page","link":"https:\/\/donation.vedicpandits.org\/fr\/peace-creating-group\/cost\/","title":{"rendered":"Financement"},"content":{"rendered":"<h4>UNE PAIX PERMANENTE POUR UNE INFIME FRACTION DES DEPENSES MILITAIRES<\/h4>\n<p>L&rsquo;Initiative pour la paix mondiale est la solution la moins co\u00fbteuse et la plus efficace de notre \u00e9poque. Le financement n\u00e9cessaire \u00e0 l\u2019ensemble du projet reste inf\u00e9rieur \u00e0 la somme des d\u00e9penses engag\u00e9es par les forces arm\u00e9es du monde entier toutes les six heures ou encore inf\u00e9rieur \u00e0 la moiti\u00e9 du prix d&rsquo;un bombardier B-2. Ce financement reste infime au regard des budgets militaires, mais demeure n\u00e9anmoins non n\u00e9gligeable. La somme annuelle n\u00e9cessaire \u00e0 l&rsquo;Initiative pour la paix mondiale est de 45,5 millions de dollars et comprend le financement :<\/p>\n<p>1. d\u2019un groupe de 9 000 pandits v\u00e9diques Maharishi au campus du centre de l&rsquo;Inde.<\/p>\n<p>2. du programme de formation pour les nouveaux pandits v\u00e9diques Maharishi.<\/p>\n<p>Les travaux du campus et les programmes de formation \u00e9tant d\u00e9sormais bien engag\u00e9s, il est possible d\u2019estimer avec pr\u00e9cision les diff\u00e9rents postes du projet. A savoir:<\/p>\n<div class=\"border-line\">&nbsp;<\/div>\n<div class=\"grid-holder grid-border-50\">\n<div class=\"grid grid-desktop-50 grid-mobile-100\"><div class=\"holder\"><p><img loading=\"lazy\" decoding=\"async\" class=\"alignleft size-full wp-image-577\" src=\"\/wp-content\/uploads\/2014\/04\/2146-432.jpg\" alt=\"2146 - 432\" width=\"432\" height=\"253\" srcset=\"https:\/\/donation.vedicpandits.org\/wp-content\/uploads\/2014\/04\/2146-432.jpg 432w, https:\/\/donation.vedicpandits.org\/wp-content\/uploads\/2014\/04\/2146-432-300x175.jpg 300w, https:\/\/donation.vedicpandits.org\/wp-content\/uploads\/2014\/04\/2146-432-430x253.jpg 430w\" sizes=\"auto, (max-width: 432px) 100vw, 432px\" \/><\/p>\n<h4>1.GROUPE DE 9 000 PANDITS<\/h4>\n<p>Une somme de 250 USD par mois et par pandit est suffisante pour couvrir les frais d&rsquo;h\u00e9bergement en pension compl\u00e8te, les soins m\u00e9dicaux, l\u2019habillement, la formation continue ainsi qu\u2019une modeste allocation pour la famille de chaque pandit. Ce montant inclut \u00e9galement les frais d\u2019entretien, de gestion et autres d\u00e9penses courantes au campus du Brahmasthan de l&rsquo;Inde. Le co\u00fbt total pour 9 000 pandits v\u00e9diques est de 27 millions USD par an.<\/p>\n<\/div><\/div>\n<div class=\"grid grid-desktop-50 grid-mobile-100\"><div class=\"holder\"><p><a href=\"\/wp-content\/uploads\/2014\/04\/9297-432.jpg\"><img loading=\"lazy\" decoding=\"async\" class=\"alignleft size-full wp-image-579\" src=\"\/wp-content\/uploads\/2014\/04\/9297-432.jpg\" alt=\"9297 - 432\" width=\"432\" height=\"253\" srcset=\"https:\/\/donation.vedicpandits.org\/wp-content\/uploads\/2014\/04\/9297-432.jpg 432w, https:\/\/donation.vedicpandits.org\/wp-content\/uploads\/2014\/04\/9297-432-300x175.jpg 300w, https:\/\/donation.vedicpandits.org\/wp-content\/uploads\/2014\/04\/9297-432-430x253.jpg 430w\" sizes=\"auto, (max-width: 432px) 100vw, 432px\" \/><\/a><\/p>\n<h4>2. PROGRAMME DE FORMATION DES PANDITS<\/h4>\n<p>Afin d\u2019assurer la continuit\u00e9 du groupe principal en Inde centrale, le programme de formation pr\u00e9voit :<br \/>\n\u2013 20 000 jeunes \u00e9l\u00e8ves scolaris\u00e9s dans leur village pour un co\u00fbt de 12 USD par mois par \u00e9l\u00e8ve.<br \/>\n\u2013 10 000 \u00e9l\u00e8ves plus \u00e2g\u00e9s dans des centres de formation en r\u00e9sidence pour un co\u00fbt de 130 USD par mois et par \u00e9l\u00e8ve.<br \/>\nLe co\u00fbt annuel de ces programmes de formation est de 18,5 millions USD.<\/p>\n<\/div><\/div>\n<\/div>\n<h4 style=\"text-align: center; margin-top: 20px;\">BUDGET TOTAL<\/h4>\n<p style=\"text-align: center;\">Le budget total annuel pour le groupe principal et le programme de formation est de 45,5 millions USD.<\/p>\n<div class=\"border-line\">&nbsp;<\/div>\n<p style=\"text-align: center; color: #e07e27;\"><em>Si vous souhaitez parrainer un pandit ou nous aider \u00e0 financer ce projet, cliquez ci-dessous.<\/em><\/p>\n\t<p style=\"text-align: center\">\n\t\t<a href=\"https:\/\/aro.vedicpandits.org\/fr\/donate\"   class=\"btn btn-large \" > > \n\t\t\tSOUTENIR NOTRE PROJET\t\t<\/a>\n\t<\/p>\n\n\t\n","protected":false},"excerpt":{"rendered":"<p>UNE PAIX PERMANENTE POUR UNE INFIME FRACTION DES DEPENSES MILITAIRES L&rsquo;Initiative pour la paix mondiale est la solution la moins co\u00fbteuse et la plus efficace de notre \u00e9poque. Le financement n\u00e9cessaire \u00e0 l\u2019ensemble du projet reste inf\u00e9rieur \u00e0 la somme des d\u00e9penses engag\u00e9es par les forces arm\u00e9es du monde entier toutes les six heures ou [&hellip;]<\/p>\n","protected":false},"author":3,"featured_media":192,"parent":1375,"menu_order":5,"comment_status":"open","ping_status":"closed","template":"","meta":{"om_disable_all_campaigns":false,"_monsterinsights_skip_tracking":false,"_monsterinsights_sitenote_active":false,"_monsterinsights_sitenote_note":"","_monsterinsights_sitenote_category":0,"footnotes":""},"class_list":["post-1407","page","type-page","status-publish","has-post-thumbnail","hentry"],"_links":{"self":[{"href":"https:\/\/donation.vedicpandits.org\/fr\/wp-json\/wp\/v2\/pages\/1407","targetHints":{"allow":["GET"]}}],"collection":[{"href":"https:\/\/donation.vedicpandits.org\/fr\/wp-json\/wp\/v2\/pages"}],"about":[{"href":"https:\/\/donation.vedicpandits.org\/fr\/wp-json\/wp\/v2\/types\/page"}],"author":[{"embeddable":true,"href":"https:\/\/donation.vedicpandits.org\/fr\/wp-json\/wp\/v2\/users\/3"}],"replies":[{"embeddable":true,"href":"https:\/\/donation.vedicpandits.org\/fr\/wp-json\/wp\/v2\/comments?post=1407"}],"version-history":[{"count":12,"href":"https:\/\/donation.vedicpandits.org\/fr\/wp-json\/wp\/v2\/pages\/1407\/revisions"}],"predecessor-version":[{"id":12321,"href":"https:\/\/donation.vedicpandits.org\/fr\/wp-json\/wp\/v2\/pages\/1407\/revisions\/12321"}],"up":[{"embeddable":true,"href":"https:\/\/donation.vedicpandits.org\/fr\/wp-json\/wp\/v2\/pages\/1375"}],"wp:featuredmedia":[{"embeddable":true,"href":"https:\/\/donation.vedicpandits.org\/fr\/wp-json\/wp\/v2\/media\/192"}],"wp:attachment":[{"href":"https:\/\/donation.vedicpandits.org\/fr\/wp-json\/wp\/v2\/media?parent=1407"}],"curies":[{"name":"wp","href":"https:\/\/api.w.org\/{rel}","templated":true}]}}