{"id":14194,"date":"2017-10-30T18:04:03","date_gmt":"2017-10-30T18:04:03","guid":{"rendered":"https:\/\/vedicpandits.org\/letters-for-newcomers\/"},"modified":"2019-01-17T17:19:53","modified_gmt":"2019-01-17T17:19:53","slug":"letters-for-newcomers","status":"publish","type":"page","link":"https:\/\/donation.vedicpandits.org\/fr\/letters-for-newcomers\/","title":{"rendered":"Letters for Newcomers"},"content":{"rendered":"<h1 style=\"text-align: center;\">LETTRES<\/h1>\n<div class=\"grid-holder\">\n<div class=\"grid grid-desktop-50 grid-mobile-100\"><div class=\"holder\"><h4>GPI PR\u00c9SENTE UNE NOUVELLE VID\u00c9O<\/h4>\n<p>Bienvenue au projet Initiative pour la Paix Mondiale. Nous vous offrons une s\u00e9rie de 8 lettres num\u00e9rot\u00e9es de 1 \u00e0 8. La premi\u00e8re lettre donne les bases de la vid\u00e9o d&rsquo;introduction GPI de 14 minutes. Vous pouvez la lire et visionner la vid\u00e9o en cliquant sur les liens \u00e0 droite.<\/p>\n<p>Cette vid\u00e9o de 14 minutes pr\u00e9sente d&rsquo;abord l&rsquo;exp\u00e9rience individuelle du fonctionnement coh\u00e9rent du cerveau durant la M\u00e9ditation Transcendantale, puis \u00e9largit cette exp\u00e9rience \u00e0 l&rsquo;effet de groupe, et explique comment ce principe est \u00e0 la base de l&rsquo;initiative mondiale de la paix. L&rsquo;approche scientifique de cette vid\u00e9o s&rsquo;adresse autant aux nouveaux m\u00e9ditants qu&rsquo;aux m\u00e9ditants de longue date.<\/p>\n<\/div><\/div>\n<div class=\"grid grid-desktop-50 grid-mobile-100\"><div class=\"holder\">\t<a href=\"https:\/\/donation.vedicpandits.org\/fr\/letters-for-newcomers\/?image_video=https%3A%2F%2Fwww.youtube.com%2Fwatch%3Fv%3DZehYn3Sanow%3Frel%3D0\" class=\"video-link \"><img loading=\"lazy\" decoding=\"async\" class=\"alignnone size-full wp-image-285\" src=\"https:\/\/donation.vedicpandits.org\/wp-content\/uploads\/2017\/07\/header-french-01.jpg\" alt=\"yagya_hagelin_1web1\" width=\"912\" height=\"363\" \/><\/a>\n\n\t\nLa vid\u00e9o d&rsquo;introduction GPI a \u00e9t\u00e9 cr\u00e9\u00e9e pour offrir un simple r\u00e9sum\u00e9 ou apercu du projet pour la paix.<\/p>\n<p><a href=\"https:\/\/us7.campaign-archive.com\/?e=&#038;u=0cc687d83ddcd228ddb1e46aa&#038;id=e06c03d379\" rel=\"noopener\" target=\"_blank\">Lisez la lettre ici.<\/a><br \/>\n\t<a href=\"https:\/\/donation.vedicpandits.org\/fr\/letters-for-newcomers\/?image_video=https%3A%2F%2Fwww.youtube.com%2Fwatch%3Fv%3DZehYn3Sanow%3Frel%3D0\" class=\"video-link no-pointer\"><em> Visionnez la video ici.<\/em><\/a>\n\n\t\n<\/div><\/div>\n<\/div>\n<div class=\"border-line\">&nbsp;<\/div>\n<div class=\"grid-holder\">\n<div class=\"grid grid-desktop-50 grid-mobile-100\"><div class=\"holder\"><p><img loading=\"lazy\" decoding=\"async\" src=\"https:\/\/donation.vedicpandits.org\/wp-content\/uploads\/2017\/11\/group_meditation.png\" width=\"290\" height=\"290\"\/><\/p>\n<p><img loading=\"lazy\" decoding=\"async\" src=\"https:\/\/donation.vedicpandits.org\/wp-content\/uploads\/2017\/10\/individuals_creating_world_peace.png\" width=\"290\" height=\"290\"\/><\/p>\n<p><img loading=\"lazy\" decoding=\"async\" src=\"https:\/\/donation.vedicpandits.org\/wp-content\/uploads\/2017\/11\/8_pandits.png\" width=\"290\" height=\"290\"\/><\/p>\n<p><img loading=\"lazy\" decoding=\"async\" src=\"https:\/\/donation.vedicpandits.org\/wp-content\/uploads\/2017\/11\/brahmasthan_india.png\" width=\"290\" height=\"290\"\/><\/p>\n<p><img loading=\"lazy\" decoding=\"async\" src=\"https:\/\/donation.vedicpandits.org\/wp-content\/uploads\/2017\/11\/pandit_group_with_embedded_world_map.png\" width=\"290\"  height=\"290\"\/><\/p>\n<\/div><\/div>\n<div class=\"grid grid-desktop-50 grid-mobile-100\"><div class=\"holder\"><h4>Science et paix mondiale<\/h4>\n<p>Cette s\u00e9rie de lettres introductives d\u00e9crit une m\u00e9thode efficace valid\u00e9e par les recherches scientifiques pour accro\u00eetre l&rsquo;harmonie dans le monde et apporter la paix.  Vous y apprendrez comment une personne pratiquant le programme de M\u00e9ditation Transcendantale peut avoir un effet positif sur la soci\u00e9t\u00e9 et comment le programme avanc\u00e9 de MT, pratiqu\u00e9 par de grands groupes de Pandits V\u00e9diques Maharishi, peut cr\u00e9er une paix durable.<\/p>\n<\/p>\n<h4>LETTRES POUR LES NOUVEAUX MEDITANTS<\/h4>\n<p>1. UN PROGRAMME EFFICACE POUR CREER LA PAIX INTERIEURE et EXTERIEURE <br \/><a href=\"https:\/\/us7.campaign-archive.com\/?e=&#038;u=0cc687d83ddcd228ddb1e46aa&#038;id=282ebce186\" rel=\"noopener\" target=\"_blank\">Lisez la lettre ici (France)<\/a><br \/>\n<a href=\"https:\/\/us7.campaign-archive.com\/?e=&#038;u=0cc687d83ddcd228ddb1e46aa&#038;id=7e8fb8d311\" rel=\"noopener\" target=\"_blank\">Lisez la lettre ici (Canada)<\/a><\/p>\n<p>2. 9000 MEDITANTS SUFFISENT POUR CREER LA PAIX<br \/> <a href=\"https:\/\/us7.campaign-archive.com\/?e=&#038;u=0cc687d83ddcd228ddb1e46aa&#038;id=a8720b21de\" rel=\"noopener\" target=\"_blank\">Lisez la lettre ici (France)<\/a><br \/>\n<a href=\"https:\/\/us7.campaign-archive.com\/?e=&#038;u=0cc687d83ddcd228ddb1e46aa&#038;id=40b3e88e91\" rel=\"noopener\" target=\"_blank\">Lisez la lettre ici (Canada)<\/a><\/p>\n<p>3. DES EXPERTS HAUTEMENT QUALIFI\u00c9S UTILISENT LAS SCIENCE ET LA TECHNOLOGIE ANCIENNES DE LA CONSCIENCE POUR CR\u00c9ER LA PAIX <br \/><a href=\"https:\/\/us7.campaign-archive.com\/?e=&#038;u=0cc687d83ddcd228ddb1e46aa&#038;id=e4a8e4785f\" rel=\"noopener\" target=\"_blank\">Lisez la lettre ici (France)<\/a><br \/>\n<a href=\"https:\/\/us7.campaign-archive.com\/?e=&#038;u=0cc687d83ddcd228ddb1e46aa&#038;id=8c32a91be5\" rel=\"noopener\" target=\"_blank\">Lisez la lettre ici (Canada)<\/a><\/p>\n<p>4. LES VENTS DE LA GUERRE FROIDE &#8230; SE TRANSFORMENT EN VENTS D&rsquo;ESPOIR <br \/><a href=\"https:\/\/us7.campaign-archive.com\/?e=&#038;u=0cc687d83ddcd228ddb1e46aa&#038;id=fe9ed44465\" rel=\"noopener\" target=\"_blank\">Lisez la lettre ici (France)<\/a><br \/>\n<a href=\"https:\/\/us7.campaign-archive.com\/?e=&#038;u=0cc687d83ddcd228ddb1e46aa&#038;id=f703dc8ebb\" rel=\"noopener\" target=\"_blank\">Lisez la lettre ici (Canada)<\/a><\/p>\n<p>5. LA TECHNOLOGIE DU SON<br \/><a href=\"https:\/\/us7.campaign-archive.com\/?e=&#038;u=0cc687d83ddcd228ddb1e46aa&#038;id=d9b7dcc9ad\" rel=\"noopener\" target=\"_blank\">Lisez la lettre ici (France)<\/a><br \/>\n<a href=\"https:\/\/us7.campaign-archive.com\/?e=&#038;u=0cc687d83ddcd228ddb1e46aa&#038;id=5746902a3c\" rel=\"noopener\" target=\"_blank\">Lisez la lettre ici (Canada)<\/a><\/p>\n<p>6. 9 000 EXPERTS EN CR\u00c9ATION DE LA PAIX R\u00c9SIDERONT DANS CETTE CAPITALE DU MONDE<br \/><a href=\"https:\/\/us7.campaign-archive.com\/?e=&#038;u=0cc687d83ddcd228ddb1e46aa&#038;id=b748dcf617\" rel=\"noopener\" target=\"_blank\">Lisez la lettre ici (France)<\/a><\/p>\n<p><!--\n\n\n\n\n<li>HOW TO ACHIEVE THE INVINCIBILITY NUMBER FOR WORLD PEACE <br \/><a href=\"http:\/\/mailchi.mp\/maharishi\/our-wish-for-you-today-bright-delight-usenm3l8fz-1355645\" rel=\"noopener\" target=\"_blank\">Lisez la lettre ici<\/a><\/li\n\n<\/ol>\n\n\n\n\n--><\/p>\n<\/div><\/div>\n<\/div>\n","protected":false},"excerpt":{"rendered":"<p>LETTRES<\/p>\n","protected":false},"author":3,"featured_media":0,"parent":0,"menu_order":0,"comment_status":"closed","ping_status":"closed","template":"","meta":{"om_disable_all_campaigns":false,"_monsterinsights_skip_tracking":false,"_monsterinsights_sitenote_active":false,"_monsterinsights_sitenote_note":"","_monsterinsights_sitenote_category":0,"footnotes":""},"class_list":["post-14194","page","type-page","status-publish","hentry"],"_links":{"self":[{"href":"https:\/\/donation.vedicpandits.org\/fr\/wp-json\/wp\/v2\/pages\/14194","targetHints":{"allow":["GET"]}}],"collection":[{"href":"https:\/\/donation.vedicpandits.org\/fr\/wp-json\/wp\/v2\/pages"}],"about":[{"href":"https:\/\/donation.vedicpandits.org\/fr\/wp-json\/wp\/v2\/types\/page"}],"author":[{"embeddable":true,"href":"https:\/\/donation.vedicpandits.org\/fr\/wp-json\/wp\/v2\/users\/3"}],"replies":[{"embeddable":true,"href":"https:\/\/donation.vedicpandits.org\/fr\/wp-json\/wp\/v2\/comments?post=14194"}],"version-history":[{"count":19,"href":"https:\/\/donation.vedicpandits.org\/fr\/wp-json\/wp\/v2\/pages\/14194\/revisions"}],"predecessor-version":[{"id":20421,"href":"https:\/\/donation.vedicpandits.org\/fr\/wp-json\/wp\/v2\/pages\/14194\/revisions\/20421"}],"wp:attachment":[{"href":"https:\/\/donation.vedicpandits.org\/fr\/wp-json\/wp\/v2\/media?parent=14194"}],"curies":[{"name":"wp","href":"https:\/\/api.w.org\/{rel}","templated":true}]}}