{"id":1428,"date":"2014-04-08T07:09:52","date_gmt":"2014-04-08T07:09:52","guid":{"rendered":"https:\/\/vedicpandits.org\/?page_id=1428"},"modified":"2016-07-27T10:03:19","modified_gmt":"2016-07-27T10:03:19","slug":"progress","status":"publish","type":"page","link":"https:\/\/donation.vedicpandits.org\/fr\/peace-creating-group\/progress\/","title":{"rendered":"Situation actuelle"},"content":{"rendered":"<h4>\u00c9TAT D\u2019AVANCEMENT DU PROJET<\/h4>\n<ul>\n<li>Un terrain de 688 hectares a \u00e9t\u00e9 acquis pr\u00e8s de Jabalpur, dans le Madhya Pradesh, en Inde, pour construire le campus des 9 000 pandits v\u00e9diques Maharishi (photo de 2013.)<\/li>\n<li>Aujourd\u2019hui, les logements sont termin\u00e9s pour accueillir 2 500 pandits v\u00e9diques Maharishi. Y compris b\u00e2timents administratifs, r\u00e9fectoires, halls de Yagyas et laiterie. Tous ces b\u00e2timents ont \u00e9t\u00e9 construits selon les principes du Sthapathya Veda, la science V\u00e9dique de l&rsquo;architecture.<\/li>\n<li>Environ 2 000 pandits v\u00e9diques Maharishi dipl\u00f4m\u00e9s suivent d\u00e9j\u00e0 sur place leur programme quotidien dans le but d&rsquo;apporter la paix dans le monde.<\/li>\n<li>La construction de logements destin\u00e9s \u00e0 accueillir 5 000 nouveaux pandits a commenc\u00e9 et n\u00e9cessite encore un financement compl\u00e9mentaire.<\/li>\n<li>Le programme Guru Ji sur l\u2019\u00e9ducation des jeunes pandits dans leur village a d\u00e9but\u00e9 il y a dix ans et continue.<\/li>\n<li>La formation en r\u00e9sidence des \u00e9l\u00e8ves plus \u00e2g\u00e9s se poursuit \u00e0 travers toute l&rsquo;Inde dans 46 centres. On y compte actuellement pr\u00e8s de 3 000 \u00e9l\u00e8ves.<\/li>\n<li>Deux organismes collectent actuellement des fonds en faveur de l&rsquo;Initiative pour la paix mondiale : la fondation Brahmananda Saraswati aux \u00c9tats-Unis et le fonds Brahmananda Saraswati aux Pays-Bas. Ces deux institutions caritatives sont d\u00e9clar\u00e9es dans leurs pays respectifs.<\/li>\n<li>Un r\u00e9seau de coordinateurs nationaux b\u00e9n\u00e9voles (<a title=\"Contact\" href=\"\/?page_id=170\">appel\u00e9s \u00ab Ambassadeurs \u00bb<\/a>) anime cette initiative dans 90 pays.<\/li>\n<li>Apr\u00e8s quelques ann\u00e9es, les dons r\u00e9guliers pour soutenir les pandits atteignent actuellement 430 000 USD par mois.<\/li>\n<li>De nombreuses organisations nationales au sein du mouvement de M\u00e9ditation Transcendantale collectent \u00e9galement des fonds pour soutenir les pandits v\u00e9diques Maharishi.<\/li>\n<p>\t<!--\n\n<li>Aux \u00c9tats-Unis, un groupe de pandits v\u00e9diques Maharishi, financ\u00e9 par des donateurs am\u00e9ricains, est implant\u00e9 \u00e0 Maharishi Vedic City, Iowa.<\/li>\n\n-->\n<\/ul>\n","protected":false},"excerpt":{"rendered":"<p>\u00c9TAT D\u2019AVANCEMENT DU PROJET Un terrain de 688 hectares a \u00e9t\u00e9 acquis pr\u00e8s de Jabalpur, dans le Madhya Pradesh, en Inde, pour construire le campus des 9 000 pandits v\u00e9diques Maharishi (photo de 2013.) Aujourd\u2019hui, les logements sont termin\u00e9s pour accueillir 2 500 pandits v\u00e9diques Maharishi. Y compris b\u00e2timents administratifs, r\u00e9fectoires, halls de Yagyas et [&hellip;]<\/p>\n","protected":false},"author":3,"featured_media":189,"parent":1375,"menu_order":6,"comment_status":"open","ping_status":"closed","template":"","meta":{"om_disable_all_campaigns":false,"_monsterinsights_skip_tracking":false,"_monsterinsights_sitenote_active":false,"_monsterinsights_sitenote_note":"","_monsterinsights_sitenote_category":0,"footnotes":""},"class_list":["post-1428","page","type-page","status-publish","has-post-thumbnail","hentry"],"_links":{"self":[{"href":"https:\/\/donation.vedicpandits.org\/fr\/wp-json\/wp\/v2\/pages\/1428","targetHints":{"allow":["GET"]}}],"collection":[{"href":"https:\/\/donation.vedicpandits.org\/fr\/wp-json\/wp\/v2\/pages"}],"about":[{"href":"https:\/\/donation.vedicpandits.org\/fr\/wp-json\/wp\/v2\/types\/page"}],"author":[{"embeddable":true,"href":"https:\/\/donation.vedicpandits.org\/fr\/wp-json\/wp\/v2\/users\/3"}],"replies":[{"embeddable":true,"href":"https:\/\/donation.vedicpandits.org\/fr\/wp-json\/wp\/v2\/comments?post=1428"}],"version-history":[{"count":7,"href":"https:\/\/donation.vedicpandits.org\/fr\/wp-json\/wp\/v2\/pages\/1428\/revisions"}],"predecessor-version":[{"id":8653,"href":"https:\/\/donation.vedicpandits.org\/fr\/wp-json\/wp\/v2\/pages\/1428\/revisions\/8653"}],"up":[{"embeddable":true,"href":"https:\/\/donation.vedicpandits.org\/fr\/wp-json\/wp\/v2\/pages\/1375"}],"wp:featuredmedia":[{"embeddable":true,"href":"https:\/\/donation.vedicpandits.org\/fr\/wp-json\/wp\/v2\/media\/189"}],"wp:attachment":[{"href":"https:\/\/donation.vedicpandits.org\/fr\/wp-json\/wp\/v2\/media?parent=1428"}],"curies":[{"name":"wp","href":"https:\/\/api.w.org\/{rel}","templated":true}]}}