{"id":1433,"date":"2014-04-08T07:10:00","date_gmt":"2014-04-08T07:10:00","guid":{"rendered":"https:\/\/vedicpandits.org\/?page_id=1433"},"modified":"2016-01-16T16:56:53","modified_gmt":"2016-01-16T16:56:53","slug":"yagya","status":"publish","type":"page","link":"https:\/\/donation.vedicpandits.org\/fr\/yagya\/","title":{"rendered":"Yagya"},"content":{"rendered":"<h4>DES YAGYAS MAHARISHI?<\/h4>\n<p>Les dons en faveur du groupe de pandits v\u00e9diques en Inde contribuent en outre \u00e0 organiser des r\u00e9citations v\u00e9diques, appel\u00e9es yagyas. Les yagyas recourent \u00e0 la science du son par laquelle ils g\u00e9n\u00e8rent des effets b\u00e9n\u00e9fiques \u00e0 la fois pour votre pays yagyas nationaux et pour vous-m\u00eame yagyas sp\u00e9cifiques.<\/p>\n<div class=\"border-line\">&nbsp;<\/div>\n<div class=\"grid-holder\">\n<div class=\"grid grid-desktop-50 grid-mobile-100\">\n<div class=\"holder button\">\n<a class=\"btn btn-large btn-full\" href=\"https:\/\/donation.vedicpandits.org\/yagya\/national-yagya\/\"> > YAGYAS NATIONAUX <\/a>\n<\/div>\n<\/div>\n<div class=\"grid grid-desktop-50 grid-mobile-100\">\n<div class=\"holder button\">\n<a class=\"btn btn-large btn-full \" href=\"https:\/\/donation.vedicpandits.org\/yagya\/special-yagya\/\"> > YAGYAS SP\u00c9CIFIQUES <\/a>\n<\/div>\n<\/div>\n<\/div>\n<p><\/p>\n<div class=\"border-line\">&nbsp;<\/div>\n<h4>YAGYAS : D\u00c9FINITION<\/h4>\n<p>Un yagya est une technique v\u00e9dique traditionnelle qui pr\u00e9vient avec efficacit\u00e9 les probl\u00e8mes et apporte succ\u00e8s et bonheur dans tous les domaines. L\u2019UNESCO a inscrit les r\u00e9citations v\u00e9diques sur la liste du patrimoine culturel immat\u00e9riel de l&rsquo;humanit\u00e9.<\/p>\n<div class=\"border-line\">&nbsp;<\/div>\n<div class=\"grid-holder\">\n<div class=\"grid grid-desktop-50 grid-mobile-100\"><div class=\"holder\"><h4>QUELLE EST LA SPECIFICITE DES YAGYAS MAHARISHI?<\/h4>\n<p>Maharishi Mahesh Yogi a consacr\u00e9 de nombreuses ann\u00e9es \u00e0 redonner toute sa puissance \u00e0 la technique ancestrale des Yagyas et ce, de fa\u00e7on syst\u00e9matique. Sa compr\u00e9hension des mantras v\u00e9diques est fondamentale : ils doivent \u00eatre r\u00e9cit\u00e9s sur la base d\u2019une conscience individuelle ancr\u00e9e au niveau du &lsquo;para&rsquo; (niveau transcendantal) de la parole. A ce niveau, le lien entre le son et la forme, le d\u00e9sir et la r\u00e9alisation du d\u00e9sir, est \u00e9troit et extr\u00eamement puissant. Maharishi a identifi\u00e9 deux aspects essentiels \u00e0 la bonne pratique des yagyas v\u00e9diques:<\/p>\n<p>En premier lieu, les pandits v\u00e9diques Maharishi, gr\u00e2ce \u00e0 leur pratique quotidienne de la MT et du programme de MT-Sidhi, parviennent \u00e0 des niveaux de conscience profond\u00e9ment apais\u00e9s. De ce fait, la source transcendantale de la parole est anim\u00e9e avant m\u00eame la r\u00e9citation des yagyas. Ainsi, les pandits r\u00e9citent les yagyas depuis ce niveau de conscience tr\u00e8s apais\u00e9 et animent la loi naturelle \u00e0 des niveaux plus profonds.<\/p>\n<p>En second lieu, les pandits v\u00e9diques Maharishi b\u00e9n\u00e9ficient d&rsquo;une formation unique et compl\u00e8te. Sur plusieurs d\u00e9cennies, Maharishi a travaill\u00e9 en \u00e9troite coop\u00e9ration avec les Ma\u00eetres pandits les plus v\u00e9n\u00e9r\u00e9s de l&rsquo;Inde pour perfectionner la formation des pandits. Ces derniers \u00e9tudient les yagyas de mani\u00e8re traditionnelle, en respectant \u00e0 la fois la pratique et la prononciation des r\u00e9citations v\u00e9diques, les rendant ainsi pleinement efficaces.<\/p>\n<p>Pour ces raisons, les Yagyas Maharishi ont une influence consid\u00e9rable.<\/p>\n<\/div><\/div>\n<div class=\"grid grid-desktop-50 grid-mobile-100\"><div class=\"holder\"><p><img loading=\"lazy\" decoding=\"async\" class=\"alignright size-full wp-image-261\" src=\"\/wp-content\/uploads\/2014\/04\/CHANTING-PANDIT-EYES-CLOSED432.jpg\" alt=\"CHANTING PANDIT EYES CLOSED432\" width=\"432\" height=\"516\" srcset=\"https:\/\/donation.vedicpandits.org\/wp-content\/uploads\/2014\/04\/CHANTING-PANDIT-EYES-CLOSED432.jpg 432w, https:\/\/donation.vedicpandits.org\/wp-content\/uploads\/2014\/04\/CHANTING-PANDIT-EYES-CLOSED432-251x300.jpg 251w, https:\/\/donation.vedicpandits.org\/wp-content\/uploads\/2014\/04\/CHANTING-PANDIT-EYES-CLOSED432-300x358.jpg 300w\" sizes=\"auto, (max-width: 432px) 100vw, 432px\" \/><\/p>\n<\/div><\/div>\n<\/div>\n","protected":false},"excerpt":{"rendered":"<p>DES YAGYAS MAHARISHI? Les dons en faveur du groupe de pandits v\u00e9diques en Inde contribuent en outre \u00e0 organiser des r\u00e9citations v\u00e9diques, appel\u00e9es yagyas. Les yagyas recourent \u00e0 la science du son par laquelle ils g\u00e9n\u00e8rent des effets b\u00e9n\u00e9fiques \u00e0 la fois pour votre pays yagyas nationaux et pour vous-m\u00eame yagyas sp\u00e9cifiques. > YAGYAS NATIONAUX [&hellip;]<\/p>\n","protected":false},"author":3,"featured_media":183,"parent":0,"menu_order":0,"comment_status":"open","ping_status":"closed","template":"","meta":{"om_disable_all_campaigns":false,"_monsterinsights_skip_tracking":false,"_monsterinsights_sitenote_active":false,"_monsterinsights_sitenote_note":"","_monsterinsights_sitenote_category":0,"footnotes":""},"class_list":["post-1433","page","type-page","status-publish","has-post-thumbnail","hentry"],"_links":{"self":[{"href":"https:\/\/donation.vedicpandits.org\/fr\/wp-json\/wp\/v2\/pages\/1433","targetHints":{"allow":["GET"]}}],"collection":[{"href":"https:\/\/donation.vedicpandits.org\/fr\/wp-json\/wp\/v2\/pages"}],"about":[{"href":"https:\/\/donation.vedicpandits.org\/fr\/wp-json\/wp\/v2\/types\/page"}],"author":[{"embeddable":true,"href":"https:\/\/donation.vedicpandits.org\/fr\/wp-json\/wp\/v2\/users\/3"}],"replies":[{"embeddable":true,"href":"https:\/\/donation.vedicpandits.org\/fr\/wp-json\/wp\/v2\/comments?post=1433"}],"version-history":[{"count":10,"href":"https:\/\/donation.vedicpandits.org\/fr\/wp-json\/wp\/v2\/pages\/1433\/revisions"}],"predecessor-version":[{"id":7878,"href":"https:\/\/donation.vedicpandits.org\/fr\/wp-json\/wp\/v2\/pages\/1433\/revisions\/7878"}],"wp:featuredmedia":[{"embeddable":true,"href":"https:\/\/donation.vedicpandits.org\/fr\/wp-json\/wp\/v2\/media\/183"}],"wp:attachment":[{"href":"https:\/\/donation.vedicpandits.org\/fr\/wp-json\/wp\/v2\/media?parent=1433"}],"curies":[{"name":"wp","href":"https:\/\/api.w.org\/{rel}","templated":true}]}}