{"id":1602,"date":"2014-04-10T12:56:25","date_gmt":"2014-04-10T12:56:25","guid":{"rendered":"https:\/\/vedicpandits.org\/?page_id=1602"},"modified":"2023-04-17T11:28:47","modified_gmt":"2023-04-17T11:28:47","slug":"national-yagya","status":"publish","type":"page","link":"https:\/\/donation.vedicpandits.org\/fr\/yagya\/national-yagya\/","title":{"rendered":"Yagyas nationaux"},"content":{"rendered":"<h4>YAGYAS NATIONAUX : D\u00c9FINITION<\/h4>\n<p>Les Yagyas nationaux ont pour vocation de pr\u00e9venir les difficult\u00e9s et d\u2019am\u00e9liorer la qualit\u00e9 de la vie, y compris au niveau d\u2019un pays entier. Ces Yagyas sont effectu\u00e9s par de grands groupes de pandits v\u00e9diques Maharishi au Brahmasthan (centre g\u00e9ographique) de l&rsquo;Inde.<\/p>\n<div class=\"border-line\">&nbsp;<\/div>\n<div class=\"grid-holder\">\n<div class=\"grid grid-desktop-50 grid-mobile-100\"><div class=\"holder\"><p><img loading=\"lazy\" decoding=\"async\" class=\"alignleft size-full wp-image-277\" src=\"\/wp-content\/uploads\/2014\/04\/IMG_4957_reverse_web1.jpg\" alt=\"IMG_4957_reverse_web1\" width=\"432\" height=\"288\" srcset=\"https:\/\/donation.vedicpandits.org\/wp-content\/uploads\/2014\/04\/IMG_4957_reverse_web1.jpg 432w, https:\/\/donation.vedicpandits.org\/wp-content\/uploads\/2014\/04\/IMG_4957_reverse_web1-300x200.jpg 300w, https:\/\/donation.vedicpandits.org\/wp-content\/uploads\/2014\/04\/IMG_4957_reverse_web1-430x288.jpg 430w\" sizes=\"auto, (max-width: 432px) 100vw, 432px\" \/><\/p>\n<\/div><\/div>\n<div class=\"grid grid-desktop-50 grid-mobile-100\"><div class=\"holder\"><h4>COMMENT SONT-ILS R\u00c9ALIS\u00c9S ?<\/h4>\n<p>Les Yagyas nationaux ont lieu sur plusieurs jours ou plusieurs semaines en fonction de l&rsquo;intensit\u00e9 du Yagya et de la finalit\u00e9 recherch\u00e9e (appel\u00e9e \u00ab Sankalpa \u00bb). Exemples : Croissance \u00e9conomique ; Am\u00e9lioration de la sant\u00e9 publique ; Harmonie dans la nation ; R\u00e9duction ou pr\u00e9vention de probl\u00e8mes, tels catastrophes naturelles, violence ou instabilit\u00e9 \u00e9conomique.<\/p>\n\t\t<div class=\"hidden-video\">\t\t\t\t\t\t\t\t\t\t\t\t\n\t\t\t<div class=\"video-container\"> [videojs autoplay=\u00a0\u00bbfalse\u00a0\u00bb mp4=\u00a0\u00bb\/wp-content\/uploads\/2014\/06\/5.-Kavach-Display-1.mp4&Prime; width=\u00a0\u00bb400&Prime; height=\u00a0\u00bb400&Prime;] <\/div>\n\t\t<\/div>\n\t\t<a href=\"https:\/\/donation.vedicpandits.org\/fr\/yagya\/national-yagya\/?image_video=%2Fwp-content%2Fuploads%2F2014%2F06%2F5.-Kavach-Display-1.mp4\" class=\"video-link no-pointer\"><em>&gt; Cliquez ici pour \u00e9couter les pandits v\u00e9diques effectuer un yagya.<\/em><\/a>\n\n\t\n<\/div><\/div>\n<\/div>\n<div class=\"border-line\">&nbsp;<\/div>\n<a id=\"scienceofyagya\" name=\"scienceofyagya\"><\/a><\/p>\n<h4>L&rsquo;EXPLICATION SCIENTIFIQUE DES YAGYAS<\/h4>\n<p>Ecoutez John Hagelin, Ph.D, physicien quantique de renomm\u00e9e mondiale, \u00e9ducateur, expert en politique publique, et responsable d&rsquo;un projet pour la paix.<\/br><br \/>\nSi les sous-titres fran\u00e7ais n&rsquo;apparaissent pas automatiquement cliquez sur \u00ab\u00a0CC\u00a0\u00bb dans le coin droit en bas de l&rsquo;\u00e9cran<\/p>\n<div class=\"grid-holder\">\n<div class=\"grid grid-desktop-50 grid-mobile-100\"><div class=\"holder\"><p span style=\"margin-left: 15px;\">\t<a href=\"https:\/\/donation.vedicpandits.org\/fr\/yagya\/national-yagya\/?image_video=https%3A%2F%2Fvimeo.com%2F557710985%2F8bb4653116\" class=\"video-link \"><img decoding=\"async\" class=\"alignnone size-full wp-image-285\" src=\"https:\/\/donation.vedicpandits.org\/wp-content\/uploads\/2020\/02\/hagelin_5_videoimage.png\" alt=\"yagya_hagelin_1web1\" width=\"362\" \/><\/a>\n\n\t\n\t<a href=\"https:\/\/donation.vedicpandits.org\/fr\/yagya\/national-yagya\/?image_video=https%3A%2F%2Fvimeo.com%2F557710985%2F8bb4653116\" class=\"video-link no-pointer\"><em>&gt; Video 1: Qu&rsquo;est ce qu&rsquo;un yagya Maharishi?<\/em><\/a>\n\n\t\n<\/div><\/div>\n<div class=\"grid grid-desktop-50 grid-mobile-100\"><div class=\"holder\">\t<a href=\"https:\/\/donation.vedicpandits.org\/fr\/yagya\/national-yagya\/?image_video=https%3A%2F%2Fwww.youtube.com%2Fwatch%3Fv%3DdFlLCJ5RRmg%3Frel%3D0\" class=\"video-link \"><img loading=\"lazy\" decoding=\"async\" class=\"alignnone size-full wp-image-285\" src=\"https:\/\/donation.vedicpandits.org\/wp-content\/uploads\/2020\/02\/hagelin_yagya_charlie2.png\" alt=\"yagya_hagelin_2web2\" width=\"432\" height=\"242\" \/><\/a>\n\n\t\n\t<a href=\"https:\/\/donation.vedicpandits.org\/fr\/yagya\/national-yagya\/?image_video=https%3A%2F%2Fwww.youtube.com%2Fwatch%3Fv%3DdFlLCJ5RRmg%3Frel%3D0\" class=\"video-link no-pointer\"><em>&gt; Video 2: Les fondements scientifiques du yagya.<\/em><\/a>\n\n\t\n<\/div><\/div>\n<\/div>\n<div class=\"border-line\">&nbsp;<\/div>\n<h4 style=\"text-align: center;\">QUATRE RAISONS DE SOUTENIR LES PANDITS V\u00c9DIQUES MAHARISHI ET LES YAGYAS NATIONAUX<\/h4>\n<h4 style=\"text-align: center;\">1. SOUTENIR VOTRE PAYS<\/h4>\n<p style=\"text-align: center;\">Les Yagyas nationaux favorisent efficacement la paix, le succ\u00e8s, la prosp\u00e9rit\u00e9 et l&rsquo;invincibilit\u00e9 d\u2019un pays.<\/p>\n<h4 style=\"text-align: center;\">2. PROT\u00c9GER LE MONDE ET VOTRE ENVIRONNEMENT<\/h4>\n<p style=\"text-align: center;\">La r\u00e9p\u00e9tition de Yagyas nationaux a une influence positive sur le monde entier. De plus, vos dons permettent au groupe du Brahmasthan de l&rsquo;Inde de se d\u00e9velopper pour atteindre le seuil critique de 9 000 pandits n\u00e9cessaires \u00e0 la paix mondiale.<\/p>\n<h4 style=\"text-align: center;\">3. VOUS PROT\u00c9GER VOUS ET VOS PROCHES<\/h4>\n<p style=\"text-align: center;\">Vous soutenez votre pays et, par cons\u00e9quent, en b\u00e9n\u00e9ficiez en tant que citoyen.<br \/>\nNous connaissons tous le dicton \u00ab On r\u00e9colte ce que l\u2019on s\u00e8me \u00bb.<br \/>\nDans la tradition v\u00e9dique, il est reconnu que les premiers b\u00e9n\u00e9ficiaires des Yagyas sont ceux qui y contribuent.<\/p>\n<h4 style=\"text-align: center;\">4. PR\u00c9SERVER L&rsquo;H\u00c9RITAGE V\u00c9DIQUE<\/h4>\n<p style=\"text-align: center;\">Maharishi a mis un accent tout particulier sur la restauration de la tradition v\u00e9dique. Celle-ci nous offre le savoir et les techniques n\u00e9cessaires au d\u00e9veloppement de notre plein potentiel, aussi bien sur le plan personnel que collectif. Les dons en faveur des Yagyas nationaux permettent de soutenir les pandits et de pr\u00e9server ce savoir pour les g\u00e9n\u00e9rations futures.<\/p>\n<div class=\"border-line\">&nbsp;<\/div>\n\t<p style=\"text-align: center\">\n\t\t<a href=\"https:\/\/aro.vedicpandits.org\/fr\/donate\"   class=\"btn btn-large \" > > \n\t\t\tCONTRIBUER A UN YAGYA NATIONAL\t\t<\/a>\n\t<\/p>\n\n\t\n<p><!--<a href=\"https:\/\/donation.vedicpandits.org\/fr\/intermediary-donation-page\/\">https:\/\/donation.vedicpandits.org\/fr\/intermediary-donation-page\/<\/a>--><\/p>\n<div class=\"border-line\">&nbsp;<\/div>\n<h4>FAITES CITER VOTRE NOM DANS UN YAGYA<\/h4>\n<p>Vous pouvez financer l&rsquo;int\u00e9gralit\u00e9 d&rsquo;un Yagya national pour un montant d&rsquo;environ $ 1,250.00. Dans ce cas, votre nom sera cit\u00e9 par les pandits v\u00e9diques lors du Sankalpa (l\u2019intention) qui est \u00e9nonc\u00e9 au d\u00e9but de chaque Yagya.<\/p>\n<p>Un yagya national a non seulement de nombreuses influences positives sur votre pays, mais aussi sur vous en tant que donateur.<\/p>\n","protected":false},"excerpt":{"rendered":"<p>YAGYAS NATIONAUX : D\u00c9FINITION Les Yagyas nationaux ont pour vocation de pr\u00e9venir les difficult\u00e9s et d\u2019am\u00e9liorer la qualit\u00e9 de la vie, y compris au niveau d\u2019un pays entier. Ces Yagyas sont effectu\u00e9s par de grands groupes de pandits v\u00e9diques Maharishi au Brahmasthan (centre g\u00e9ographique) de l&rsquo;Inde. L&rsquo;EXPLICATION SCIENTIFIQUE DES YAGYAS Ecoutez John Hagelin, Ph.D, physicien [&hellip;]<\/p>\n","protected":false},"author":3,"featured_media":3260,"parent":1433,"menu_order":0,"comment_status":"open","ping_status":"closed","template":"","meta":{"om_disable_all_campaigns":false,"_monsterinsights_skip_tracking":false,"_monsterinsights_sitenote_active":false,"_monsterinsights_sitenote_note":"","_monsterinsights_sitenote_category":0,"footnotes":""},"class_list":["post-1602","page","type-page","status-publish","has-post-thumbnail","hentry"],"_links":{"self":[{"href":"https:\/\/donation.vedicpandits.org\/fr\/wp-json\/wp\/v2\/pages\/1602","targetHints":{"allow":["GET"]}}],"collection":[{"href":"https:\/\/donation.vedicpandits.org\/fr\/wp-json\/wp\/v2\/pages"}],"about":[{"href":"https:\/\/donation.vedicpandits.org\/fr\/wp-json\/wp\/v2\/types\/page"}],"author":[{"embeddable":true,"href":"https:\/\/donation.vedicpandits.org\/fr\/wp-json\/wp\/v2\/users\/3"}],"replies":[{"embeddable":true,"href":"https:\/\/donation.vedicpandits.org\/fr\/wp-json\/wp\/v2\/comments?post=1602"}],"version-history":[{"count":45,"href":"https:\/\/donation.vedicpandits.org\/fr\/wp-json\/wp\/v2\/pages\/1602\/revisions"}],"predecessor-version":[{"id":76634,"href":"https:\/\/donation.vedicpandits.org\/fr\/wp-json\/wp\/v2\/pages\/1602\/revisions\/76634"}],"up":[{"embeddable":true,"href":"https:\/\/donation.vedicpandits.org\/fr\/wp-json\/wp\/v2\/pages\/1433"}],"wp:featuredmedia":[{"embeddable":true,"href":"https:\/\/donation.vedicpandits.org\/fr\/wp-json\/wp\/v2\/media\/3260"}],"wp:attachment":[{"href":"https:\/\/donation.vedicpandits.org\/fr\/wp-json\/wp\/v2\/media?parent=1602"}],"curies":[{"name":"wp","href":"https:\/\/api.w.org\/{rel}","templated":true}]}}