{"id":1609,"date":"2014-04-10T12:57:22","date_gmt":"2014-04-10T12:57:22","guid":{"rendered":"https:\/\/vedicpandits.org\/?page_id=1609"},"modified":"2023-03-16T01:38:51","modified_gmt":"2023-03-16T01:38:51","slug":"special-yagya","status":"publish","type":"page","link":"https:\/\/donation.vedicpandits.org\/fr\/yagya\/special-yagya\/","title":{"rendered":"Yagyas sp\u00e9cifiques"},"content":{"rendered":"<h4>Yagyas sp\u00e9cifiques Maharishi <\/h4>\n<p>Les yagyas sp\u00e9cifiques sont tout d\u2019abord un moyen pour cr\u00e9er la paix et la prosp\u00e9rit\u00e9 dans notre famille mondiale. Ils c\u00e9l\u00e8brent les b\u00e9n\u00e9ficiaires du yagya ainsi que les donateurs qui l\u2019ont financ\u00e9. Chacun de ces yagyas importants anime la vie \u00e0 partir du niveau fondamental de la conscience pure et illimit\u00e9e.<\/p>\n<p>Un nouveau yagya sp\u00e9cifique est maintenant disponible &#8211; yagya pour le bien-\u00eatre &#8211; qui peut \u00eatre r\u00e9alis\u00e9 le jour de votre choix. Ce yagya peut \u00eatre r\u00e9alis\u00e9 autant de fois que vous le d\u00e9sirez pendant l&rsquo;ann\u00e9e ou m\u00eame le mois. Lorsque vous commandez le yagya vous pouvez donner une date de votre choix pour sa r\u00e9alisation.<\/p>\n<p>Les yagyas sp\u00e9cifiques sont accomplis par les pandits v\u00e9diques Maharishi qui re\u00e7oivent une formation compl\u00e8te  (Yoga Yagya) \u00e9labor\u00e9e personnellement par Maharishi. Les demandes de  yagyas sp\u00e9cifiques sont un soutien essentiel pour les pandits v\u00e9diques Maharishi en Inde.<\/p>\n<p>Tous les yagyas sp\u00e9cifiques peuvent \u00eatre command\u00e9s pour vous-m\u00eame ou des membres de votre famille ou des amis. Tous ces yagyas ont un effet tr\u00e8s profond car ils stimulent le niveau fondamental de la vie, le champ unifi\u00e9, et ainsi, non seulement ils soutiennent l&rsquo;individu, mais ils participent \u00e9galement \u00e0 cr\u00e9er l&rsquo;harmonie, la paix et le progr\u00e8s social.<\/p>\n<p>&nbsp;<\/p>\n<div style=\"padding:10px; background-color:white;\">\n<div style=\"border-size:2px;border-style:solid;border-color:#e4bb4b;\">\n<div style=\"text-align: center; padding-top:10px; padding-right:5px; padding-bottom:0px; padding-left:5px;\">\n&nbsp;<\/p>\n<h4>ANNONCE SP\u00c9CIALE DE RAJA HARRIS &#8211; JOURN\u00c9ES SUPPL\u00c9MENTAIRES<\/h4>\n<\/div>\n<div style=\"text-align: left; padding-top:20px; padding-right:20px; padding-bottom:40px; padding-left:20px;\">Sur la base de leurs exp\u00e9riences positives avec les yagyas sp\u00e9cifiques, de nombreuses personnes ont demand\u00e9 si ces yagyas pouvaient \u00eatre prolong\u00e9es de plus d&rsquo;un jour. Apr\u00e8s consultation des chefs pandits, nous proposerons les options pour un deuxi\u00e8me et un troisi\u00e8me jour de yagya sp\u00e9cifique. Pour les rendre plus accessibles, le co\u00fbt journalier de ces yagyas a \u00e9t\u00e9 r\u00e9duit.<\/p>\n<\/div>\n<\/div>\n<\/div>\n<p>&nbsp;<\/p>\n<div class=\"grid-holder\">\n<div class=\"grid grid-desktop-50 grid-mobile-100\"><div class=\"holder\"><p>A chacune de ces \u00e9tapes, deux niveaux de yagyas sont possibles. Plus le niveau de yagya est \u00e9lev\u00e9, plus le nombre de pandits augmente, ce qui conf\u00e8re au yagya un effet significativement plus puissant. Les niveaux sont de don en USD.<\/p>\n<ul>\n<li>\t<a href=\"https:\/\/sponsor.specialyagyas.org\/bwb.php?site=vp&amp;bwb=birthday\" class=\"tooltipster\" title=\"Les Yagyas sp\u00e9ciaux sont administr\u00e9s par la Fondation Brahmananda Saraswati Yagya, une association \u00e0 but non lucratif enregistr\u00e9e aux \u00c9tats-Unis. Cliquez ici et nous vous renvoyons sur ce site.\">\n\t\tAnniversaire: effectu\u00e9 le jour de notre anniversaire\t<\/a>\n\t\n<p>Yagya d&rsquo;une journ\u00e9e: Les niveaux de don: $1,000 | $2,500<br \/>\nYagya sur deux jours: Les niveaux de don: $1,500 | $3,000<br \/>\nYagya sur trois jours:Les niveaux de don: $2,000 | $3,500<\/p>\n<li>\t<a href=\"https:\/\/sponsor.specialyagyas.org\/bwb.php?site=vp&amp;bwb=well-being\" class=\"tooltipster\" title=\"Les Yagyas sp\u00e9ciaux sont administr\u00e9s par la Fondation Brahmananda Saraswati Yagya, une association \u00e0 but non lucratif enregistr\u00e9e aux \u00c9tats-Unis. Cliquez ici et nous vous renvoyons sur ce site.\">\n\t\tYagya pour le bien-\u00eatre: r\u00e9alis\u00e9 le jour de votre choix.\t<\/a>\n\t\n<p>Yagya d&rsquo;une journ\u00e9e: Les niveaux de don: $1,000 | $2,500<br \/>\nYagya sur deux jours: Les niveaux de don: $1,500 | $3,000<br \/>\nYagya sur trois jours:Les niveaux de don: $2,000 | $3,500<\/p>\n<li>\t<a href=\"https:\/\/sponsor.specialyagyas.org\/wedding.php?site=vp&amp;waw=w\" class=\"tooltipster\" title=\"Les Yagyas sp\u00e9ciaux sont administr\u00e9s par la Fondation Brahmananda Saraswati Yagya, une association \u00e0 but non lucratif enregistr\u00e9e aux \u00c9tats-Unis. Cliquez ici et nous vous renvoyons sur ce site.\">\n\t\tMariage: effectu\u00e9 pour deux personnes le jour du mariage\t<\/a>\n\t\n<p>Yagya d&rsquo;une journ\u00e9e: Les niveaux de don: $1,500 | $3,000<br \/>\nYagya sur deux jours: Les niveaux de don: $2,000 | $3,500<br \/>\nYagya sur trois jours: Les niveaux de don: $2,500 | $4,000<\/p>\n<li>\t<a href=\"https:\/\/sponsor.specialyagyas.org\/wedding.php?site=vp&amp;waw=wa\" class=\"tooltipster\" title=\"Les Yagyas sp\u00e9ciaux sont administr\u00e9s par la Fondation Brahmananda Saraswati Yagya, une association \u00e0 but non lucratif enregistr\u00e9e aux \u00c9tats-Unis. Cliquez ici et nous vous renvoyons sur ce site.\">\n\t\tAnniversaire de mariage : effectu\u00e9 pour deux personnes le jour de l\u2019anniversaire de mariage\t<\/a>\n\t\n<p>Yagya d&rsquo;une journ\u00e9e: Les niveaux de don: $1,500 |$3,000<br \/>\nYagya sur deux jours: Les niveaux de don: $2,000 | $3,500<br \/>\nYagya sur trois jours: Les niveaux de don: $2,500 | $4,000<\/p>\n<li>\t<a href=\"https:\/\/sponsor.specialyagyas.org\/newborn.php?site=vp\" class=\"tooltipster\" title=\"Les Yagyas sp\u00e9ciaux sont administr\u00e9s par la Fondation Brahmananda Saraswati Yagya, une association \u00e0 but non lucratif enregistr\u00e9e aux \u00c9tats-Unis. Cliquez ici et nous vous renvoyons sur ce site.\">\n\t\tNaissance: effectu\u00e9 pour un nouveau-n\u00e9 40 jours apr\u00e8s sa naissance\t<\/a>\n\t\n<p>Yagya d&rsquo;une journ\u00e9e: Les niveaux de don: $1,000 | $2,500<br \/>\nYagya sur deux jours: Les niveaux de don: $1,500 | $3,000<br \/>\nYagya sur trois jours:Les niveaux de don: $2,000 | $3,500<\/p>\n<\/ul>\n<\/div><\/div>\n<div class=\"grid grid-desktop-50 grid-mobile-100\"><div class=\"holder\"><p><img loading=\"lazy\" decoding=\"async\" class=\"alignleft size-full wp-image-423\" src=\"\/wp-content\/uploads\/2014\/04\/pandits_5320.jpg\" alt=\"pandits_5320\" width=\"432\" height=\"326\" srcset=\"https:\/\/donation.vedicpandits.org\/wp-content\/uploads\/2014\/04\/pandits_5320.jpg 432w, https:\/\/donation.vedicpandits.org\/wp-content\/uploads\/2014\/04\/pandits_5320-300x226.jpg 300w\" sizes=\"auto, (max-width: 432px) 100vw, 432px\" \/><\/p>\n<\/div><\/div>\n<\/div>\nLes dons en faveur des Yagyas sp\u00e9cifiques sont vers\u00e9s \u00e0 la fondation Brahmananda Saraswati Yagya, organisme \u00e0 but non lucratif  du code f\u00e9d\u00e9ral des imp\u00f4ts am\u00e9ricains<br \/>\n<div class=\"border-line\">&nbsp;<\/div>\n<h4>COMMENT S&rsquo;INSCRIRE<\/h4>\n<p>Il est tr\u00e8s facile de commander un yagya sp\u00e9cifique Maharishi. L&rsquo;inscription et le paiement peuvent ais\u00e9ment se faire en ligne. Cliquez sur le bouton en dessous de \u00ab\u00a0commander un yagya sp\u00e9cifique\u00a0\u00bb<\/p>\n<p>Confirmez votre demande de yagya au moins une semaine avant. Vous aurez besoin de vos date et ville de naissance.<\/p>\n<p>Pour plus d&rsquo;information consultez les questions les plus fr\u00e9quentes en bas de cette page. Pour toute autre question contactez nous : <a href=\"mailto:specialyagyas@vedicpandits.org\">specialyagyas@vedicpandits.org<\/a><\/p>\n<p>Nous acceptons le r\u00e8glement par carte Visa, Master card, American Express et Pay Pal.<\/p>\n\t<p style=\"text-align: center\">\n\t\t<a href=\"https:\/\/sponsor.specialyagyas.org\/apply.php?site=vp\"   class=\"btn btn-large tooltipster\" title=\"Les Yagyas sp\u00e9ciaux sont administr\u00e9s par la Fondation Brahmananda Saraswati Yagya, une association \u00e0 but non lucratif enregistr\u00e9e aux \u00c9tats-Unis. Cliquez ici et nous vous renvoyons sur ce site.\"> > \n\t\t\tCOMMANDER UN YAGYA SPECIFIQUE\t\t<\/a>\n\t<\/p>\n\n\t\n<div class=\"border-line\">&nbsp;<\/div>\n<p>&nbsp;<br \/>\n<div class=\"grid-holder\">\n<div class=\"grid grid-desktop-50 grid-mobile-100\"><div class=\"holder\"><p><a href=\"https:\/\/designrr.page\/?id=152545&#038;token=1960363041&#038;h=2542\" rel=\"noopener\" target=\"_blank\"><img decoding=\"async\" class=\"alignleft size-full wp-image-423\" src=\"https:\/\/donation.vedicpandits.org\/wp-content\/uploads\/2022\/12\/fr_sy_flipbook_image2.png\" alt=\"pandits_5320\" width=\"432\" \/><\/a><\/p>\n<\/div><\/div>\n<div class=\"grid grid-desktop-50 grid-mobile-100\"><div class=\"holder\"><h4>T\u00e9moignages authentiques v\u00e9cus apr\u00e8s un Yagya personnel<\/h4>\n<p>Nous sommes ravis de partager ce nouveau flip-book qui vous donnera la saveur d&rsquo;exp\u00e9riences venant du monde entier.<\/p>\n<p>CLIQUEZ SUR LA COUVERTURE DU LIVRE POUR<br \/>\nCOMMENCER \u00c0 TOURNER LES PAGES<\/p>\n<p>Nous avons cr\u00e9\u00e9 une s\u00e9rie de flip-books donnant un aper\u00e7u des exp\u00e9riences qui se manifestent dans la vie des gens lors de leurs yagyas sp\u00e9cifiques.<\/p>\n<p><a href=\"https:\/\/designrr.page\/?id=152545&#038;token=1960363041&#038;h=2542\" rel=\"noopener\" target=\"_blank\">Cliquez sur la couverture du livre (ou ici) pour commencer \u00e0 tourner les pages<\/a> <\/p>\n<\/div><\/div>\n<\/div>\n<p><!--\n\n<p style=\"text-align: left;\"><strong> Ce fut une exp\u00e9rience merveilleuse <\/strong>\u00a0\u00a0 \u201cC\u2019\u00e9tait mon premier Yagya Maharishi et ce fut une exp\u00e9rience merveilleuse. J\u2019ai pr\u00e9vu de le refaire chaque ann\u00e9e. D\u00e8s la nuit pr\u00e9c\u00e9dant mon anniversaire, j\u2019ai ressenti d\u2019intenses vagues de b\u00e9atitude. Depuis lors, de nombreux probl\u00e8mes de longue date ont \u00e9t\u00e9 r\u00e9solus (un vrai soulagement) et je me suis senti plus content\u00e9 et heureux. Si des difficult\u00e9s apparaissent dans ma vie quotidienne, elles semblent se dissoudre plus facilement et mes actions semblent plus efficaces. Merci de nous avoir donn\u00e9 acc\u00e8s \u00e0 ces yagyas.\u201d \u00a0Canada<\/p>\n\n\n[accordion]\n[accordion_entry title=\"&gt; T\u00e9moignages authentiques v\u00e9cus apr\u00e8s un Yagya personnel \"]\n\n\n<p style=\"text-align: left;\"><strong>Tout se faisait sans effort\u00a0<\/strong> \u201cJ'ai \u00e9t\u00e9 surpris de voir \u00e0 quel point tout se faisait sans effort, de fa\u00e7on fluide et en douceur autour de moi le jour de mon anniversaire. J'ai ressenti une diff\u00e9rence r\u00e9elle par rapport \u00e0 mes pr\u00e9c\u00e9dents anniversaires. Merci \u00e0 mes proches qui m\u2019ont offert ce Yagya.\u201d\u00a0\u00a0 Canada<\/p>\n\n\n\n\n<p style=\"text-align: left;\"><strong>Le moment le plus heureux dont je me souvienne <\/strong>\u00a0 \"Certaines situations au point mort ont commenc\u00e9 \u00e0 \u00e9voluer dans la bonne direction. Par exemple, le jour de mon anniversaire fut le jour le plus heureux dont je me souvienne depuis de nombreuses ann\u00e9es. Ce fut une semaine compl\u00e8te de c\u00e9l\u00e9brations, quelque chose que je n\u2019avais jamais rencontr\u00e9 m\u00eame dans les meilleurs jours de mon adolescence. Je suis ravi des r\u00e9sultats de ce Yagya. J\u2019ai h\u00e2te d\u2019\u00eatre au prochain anniversaire.\" \u00a0 Italie<\/p>\n\n\n\n\n<p style=\"text-align: left;\"><strong>Je me suis senti b\u00e9ni\u00a0\u00a0 <\/strong>\u201cUn changement certain s'est op\u00e9r\u00e9 au niveau de ma conscience d\u00e8s le d\u00e9but du Yagya. Je me suis senti r\u00e9ellement b\u00e9ni. Je vais d\u00e9sormais attendre avec impatience les prochains Yagyas d\u2019anniversaire.\u201d \u00a0Royaume-Uni<\/p>\n\n\n\n\n<p style=\"text-align: left;\"><strong>Une exp\u00e9rience universelle<\/strong>\u00a0\u00a0 \u201cJ\u2019ai connu une exp\u00e9rience v\u00e9ritablement cosmique, qui unifie tous les niveaux de l'existence humaine dans une exp\u00e9rience universelle. J\u2019ai eu l'impression que de la poudre d'or me recouvrait. Merci \u00e0 tous les pandits v\u00e9diques qui r\u00e9citent les Yagyas et merci \u00e0 la tradition v\u00e9dique de nous avoir offert cette connaissance pure et divine.\u201d\u00a0 Serbie<\/p>\n\n\n\n\n<p style=\"text-align: left;\"><strong> Ce fut une exp\u00e9rience merveilleuse <\/strong>\u00a0\u00a0 \u201cC\u2019\u00e9tait mon premier Yagya Maharishi et ce fut une exp\u00e9rience merveilleuse. J\u2019ai pr\u00e9vu de le refaire chaque ann\u00e9e. D\u00e8s la nuit pr\u00e9c\u00e9dant mon anniversaire, j\u2019ai ressenti d\u2019intenses vagues de b\u00e9atitude. Depuis lors, de nombreux probl\u00e8mes de longue date ont \u00e9t\u00e9 r\u00e9solus (un vrai soulagement) et je me suis senti plus content\u00e9 et heureux. Si des difficult\u00e9s apparaissent dans ma vie quotidienne, elles semblent se dissoudre plus facilement et mes actions semblent plus efficaces. Merci de nous avoir donn\u00e9 acc\u00e8s \u00e0 ces yagyas.\u201d \u00a0Canada<\/p>\n\n\n\n\n<p style=\"text-align: left;\"><strong>L\u2019impact fut \u00e9vident <\/strong>\u00a0\u00a0 \u201cNous ne pensions pas que le Yagya pouvait nous influencer aussi directement, mais l\u2019impact fut \u00e9vident. Cela me rappela les effets des longs cycles d\u2019un cours en r\u00e9sidence. Difficile \u00e0 d\u00e9crire mais impossible de passer \u00e0 c\u00f4t\u00e9.\u201d \u00a0Etats-Unis<\/p>\n\n\n\n\n<p style=\"text-align: left;\"><strong>Notre relation a pris une nouvelle dimension <\/strong>\u00a0\u00a0 \u201cD\u00e8s le paiement du Yagya pour notre anniversaire de mariage, notre relation a pris une nouvelle dimension. Maintenant, c\u2019est comme si tout \u00e9tait devenu pur et fluide. Un simple paiement pour ce yagya et les effets sont l\u00e0, c\u2019est tr\u00e8s impressionnant.\u201d\u00a0 Pays-Bas<\/p>\n\n\n\n\n<p style=\"text-align: left;\"><strong>Ancr\u00e9s dans l\u2019absolu \u00a0<\/strong>\u00a0 \u201cNous nous sommes sentis tous deux ancr\u00e9s dans l\u2019absolu pendant toute la dur\u00e9e du Yagya : l\u2019impression que nous \u00e9tions immuables \u2013 vraiment. Inutile de dire combien nous attendons le prochain Yagya avec impatience.\u201d\u00a0 Etats-Unis<\/p>\n\n\n\n\n<p style=\"text-align: left;\"><strong>Les Yagya ont \u00e9vinc\u00e9 la fatigue et la peur\u00a0\u00a0<\/strong>\"Me faire le cadeau d'un yagya pour mes soixantes ans \u00e9tait une tr\u00e8s bonne id\u00e9e. J'ai eu de bonnes exp\u00e9riences pendant cette journ\u00e9e. Je me suis senti tr\u00e8s heureux, d\u00e9tendu et toutes mes activit\u00e9s sont devenues plus calmes et fluides que d'habitude. Encore maintenant je me sens soutenu dans la vie de tous les jours. Mais surtout, mon coeur est plus ouvert et mes m\u00e9ditations sont plus profondes qu'avant. On dirait que le Yagya a aussi \u00e9vinc\u00e9 la fatigue et la peur du pass\u00e9. Elles sont parties et je recommande vraiment \u00e0 tout le monde de s\u2019offrir un yagya d\u2019anniversaire!.\"\u00a0 Allemagne<\/p>\n\n\n\n\n<p style=\"text-align: left;\"><strong>Une vie plus douce<\/strong>\u00a0\u00a0 \u201cL'effet des yagyas est impressionnant. Les personnes avec lesquelles j'en ai parl\u00e9 ont ressenti la m\u00eame qualit\u00e9 d'exp\u00e9rience que moi. Une vie plus douce, un soutien de la nature omnipr\u00e9sent pour des d\u00e9tails ou des \u00e9v\u00e8nements importants, des obstacles \u00e9limin\u00e9s. Je me sens en paix dans toutes les situations.\u201d\u00a0 \u00c9tats-Unis<\/p>\n\n\n[\/accordion_entry]\n[\/accordion]--><br \/>\n<div class=\"border-line\">&nbsp;<\/div>\n<a id=\"jhagelin\"><\/a><br \/>\n<div class=\"grid-holder\">\n<div class=\"grid grid-desktop-50 grid-mobile-100\"><div class=\"holder\"><p span style=\"margin-left: 15px;\">\t<a href=\"https:\/\/donation.vedicpandits.org\/fr\/yagya\/special-yagya\/?image_video=https%3A%2F%2Fvimeo.com%2F557710985%2F8bb4653116\" class=\"video-link \"><img decoding=\"async\" class=\"alignnone size-full wp-image-285\" src=\"https:\/\/donation.vedicpandits.org\/wp-content\/uploads\/2023\/02\/J_Hagelin_what-is-Yagya_video-600x321-1.png\" alt=\"yagya_hagelin_1web1\" width=\"362\" \/><\/a>\n\n\t\n\t<a href=\"https:\/\/donation.vedicpandits.org\/fr\/yagya\/special-yagya\/?image_video=https%3A%2F%2Fvimeo.com%2F557710985%2F8bb4653116\" class=\"video-link no-pointer\"><em>&gt; Video 1: Qu&rsquo;est ce qu&rsquo;un yagya Maharishi?<\/em><\/a>\n\n\t\n<\/div><\/div>\n<div class=\"grid grid-desktop-50 grid-mobile-100\"><div class=\"holder\"><h4>Qu&rsquo;est ce qu&rsquo;un yagya Maharishi?<\/h4>\n<p>Maharishi Mahesh Yogi a consacr\u00e9 de nombreuses ann\u00e9es \u00e0 redonner toute sa puissance \u00e0 la technique ancestrale des Yagyas et ce, de fa\u00e7on syst\u00e9matique. Sa compr\u00e9hension des mantras v\u00e9diques est fondamentale : ils doivent \u00eatre r\u00e9cit\u00e9s sur la base d\u2019une conscience individuelle ancr\u00e9e au niveau du \u2018para\u2019 (niveau transcendantal) de la parole. A ce niveau, le lien entre le son et la forme, le d\u00e9sir et la r\u00e9alisation du d\u00e9sir, est \u00e9troit et extr\u00eamement puissant. Les pandits v\u00e9diques Maharishi, gr\u00e2ce \u00e0 leur pratique quotidienne de la MT et du programme de MT-Sidhi, parviennent \u00e0 des niveaux de conscience profond\u00e9ment apais\u00e9s. De ce fait, la source transcendantale de la parole est anim\u00e9e avant m\u00eame la r\u00e9citation des yagyas. Ainsi, les pandits r\u00e9citent les yagyas depuis ce niveau de conscience tr\u00e8s apais\u00e9 et animent la loi naturelle \u00e0 des niveaux plus profonds. Les pandits v\u00e9diques Maharishi b\u00e9n\u00e9ficient d\u2019une formation unique et compl\u00e8te.<\/p>\n<\/div><\/div>\n<\/div>\n<div class=\"border-line\">&nbsp;<\/div>\n<h4>EN SAVOIR PLUS SUR UN YAGYA PERSONNEL<\/h4>\n<div class=\"accordion\"><div class=\"accordion-entry\"><em><a href=\"#\">&gt; FAQ sur les Yagyas personnels <\/a><\/em><div class=\"hidden-content\">\n<p>Y A-T-IL UN YAGYA SP\u00c9CIFIQUE POUR LA SANT\u00c9?<br \/>\nNous n&rsquo;avons pas de yagya sp\u00e9cifique Maharishi pour la sant\u00e9. Les yagyas sp\u00e9cifiques sont con\u00e7us pour influencer de mani\u00e8re positive la vie et l&rsquo;\u00e9volution d&rsquo;une personne. Ils ne sont pas con\u00e7us pour r\u00e9soudre des probl\u00e8mes sp\u00e9cifiques dans le domaine de la sant\u00e9.<\/p>\n<p>EN QUOI CONSISTE LA FORMATION DES PANDITS V\u00c9DIQUES ?<br \/>\nLa formation d\u00e9bute \u00e0 l\u2019\u00e2ge o\u00f9 les enfants commencent \u00e0 tirer profit des enseignements de leurs parents. Les jeunes gar\u00e7ons issus de familles de pandits int\u00e8grent vers l&rsquo;\u00e2ge de 10 ans le programme officiel de formation organis\u00e9 par Maharishi dans l&rsquo;un des nombreux centres locaux de formation \u00ab Guru Ji \u00bb. Vers l&rsquo;\u00e2ge de 14 ans, les \u00e9l\u00e8ves poursuivent leur formation en r\u00e9sidence dans l\u2019un des campus de l\u2019Inde. De l\u00e0, ils rejoignent en g\u00e9n\u00e9ral l&rsquo;un des principaux campus des pandits v\u00e9diques Maharishi. Les pandits sont tous inscrits \u00e0 la \u00ab Maharishi Mahesh Yogi Vedic Vishwavidyaleya \u00bb, universit\u00e9 agr\u00e9\u00e9e en Inde. Leur formation les m\u00e8ne \u00e0 l\u2019obtention d\u2019un doctorat. Tous les pandits pratiquent la M\u00e9ditation Transcendantale\u00ae et le programme de MT-Sidhi\u00ae .<\/p>\n<p>QUE FAIRE SI VOUS NE CONNAISSEZ PAS VOTRE HEURE EXACTE DE NAISSANCE?<br \/>\nEssayez de d\u00e9terminer le plus pr\u00e9cis\u00e9ment possible l&rsquo;heure de votre naissance. Si vous ne connaissez pas l&rsquo;heure exacte, \u00e9valuez une heure approximative.<\/p>\n<p>EST-IL PR\u00c9F\u00c9RABLE DE FINANCER UN YAGYA SPECIFIQUE OU UN YAGYA NATIONAL?<br \/>\nCes deux types de Yagyas constituent une merveilleuse opportunit\u00e9 et viennent directement soutenir les grands groupes de pandits Maharishi. Le choix du type de Yagya d\u00e9pend du souhait du donateur. Dans le cas d&rsquo;un Yagya national, le donateur aide son pays, et par cette intention, en b\u00e9n\u00e9ficie aussi personnellement. Dans le cas d&rsquo;un Yagya sp\u00e9cifique, ce sont tout d\u2019abord les b\u00e9n\u00e9ficiaires qui en profitent. Dans l&rsquo;id\u00e9al, un donateur pourrait envisager un Yagya sp\u00e9cifique une \u00e0 deux fois par an, et contribuer \u00e0 un Yagya national chaque mois, en fonction de ses moyens.<\/p>\n<p>O\u00d9 VONT LES DONS ?<br \/>\nLes dons en faveur des Yagyas sp\u00e9cifiques sont vers\u00e9s \u00e0 la fondation Brahmananda Saraswati Yagya (BSYF), organisme \u00e0 but non lucratif conform\u00e9ment \u00e0 l\u2019article 501(c)(3) du code f\u00e9d\u00e9ral des imp\u00f4ts am\u00e9ricains (IRC).  Un don effectu\u00e9 pour un Yagya sp\u00e9cifique sert \u00e0 soutenir directement les pandits v\u00e9diques Maharishi.<\/p>\n<p>Les contribuables am\u00e9ricains b\u00e9n\u00e9ficient d\u2019une d\u00e9duction fiscale. Un re\u00e7u vous est adress\u00e9 pour chaque don.<\/p>\n<p>Pour les autres pays, veuillez vous renseigner aupr\u00e8s de votre fiscaliste. Pour toute autre question, votre Ambassadeur national se fera une joie de vous aider. Pour conna\u00eetre ses coordonn\u00e9es, cliquez sur Qui Sommes nous \/ Notre r\u00e9seau international d&rsquo;ambassadeurs.<\/p>\n<a href=\"#\" class=\"close\">Close Section<\/a><\/div><\/div>\n<\/div>\n","protected":false},"excerpt":{"rendered":"<p>Yagyas sp\u00e9cifiques Maharishi Les yagyas sp\u00e9cifiques sont tout d\u2019abord un moyen pour cr\u00e9er la paix et la prosp\u00e9rit\u00e9 dans notre famille mondiale. Ils c\u00e9l\u00e8brent les b\u00e9n\u00e9ficiaires du yagya ainsi que les donateurs qui l\u2019ont financ\u00e9. Chacun de ces yagyas importants anime la vie \u00e0 partir du niveau fondamental de la conscience pure et illimit\u00e9e. Un [&hellip;]<\/p>\n","protected":false},"author":3,"featured_media":75955,"parent":1433,"menu_order":2,"comment_status":"open","ping_status":"closed","template":"","meta":{"om_disable_all_campaigns":false,"_monsterinsights_skip_tracking":false,"_monsterinsights_sitenote_active":false,"_monsterinsights_sitenote_note":"","_monsterinsights_sitenote_category":0,"footnotes":""},"class_list":["post-1609","page","type-page","status-publish","has-post-thumbnail","hentry"],"_links":{"self":[{"href":"https:\/\/donation.vedicpandits.org\/fr\/wp-json\/wp\/v2\/pages\/1609","targetHints":{"allow":["GET"]}}],"collection":[{"href":"https:\/\/donation.vedicpandits.org\/fr\/wp-json\/wp\/v2\/pages"}],"about":[{"href":"https:\/\/donation.vedicpandits.org\/fr\/wp-json\/wp\/v2\/types\/page"}],"author":[{"embeddable":true,"href":"https:\/\/donation.vedicpandits.org\/fr\/wp-json\/wp\/v2\/users\/3"}],"replies":[{"embeddable":true,"href":"https:\/\/donation.vedicpandits.org\/fr\/wp-json\/wp\/v2\/comments?post=1609"}],"version-history":[{"count":75,"href":"https:\/\/donation.vedicpandits.org\/fr\/wp-json\/wp\/v2\/pages\/1609\/revisions"}],"predecessor-version":[{"id":76027,"href":"https:\/\/donation.vedicpandits.org\/fr\/wp-json\/wp\/v2\/pages\/1609\/revisions\/76027"}],"up":[{"embeddable":true,"href":"https:\/\/donation.vedicpandits.org\/fr\/wp-json\/wp\/v2\/pages\/1433"}],"wp:featuredmedia":[{"embeddable":true,"href":"https:\/\/donation.vedicpandits.org\/fr\/wp-json\/wp\/v2\/media\/75955"}],"wp:attachment":[{"href":"https:\/\/donation.vedicpandits.org\/fr\/wp-json\/wp\/v2\/media?parent=1609"}],"curies":[{"name":"wp","href":"https:\/\/api.w.org\/{rel}","templated":true}]}}